{"id":59,"date":"2017-06-02T13:21:03","date_gmt":"2017-06-02T16:21:03","guid":{"rendered":"https:\/\/www3.unicentro.br\/proplan\/?page_id=59"},"modified":"2023-09-05T17:01:07","modified_gmt":"2023-09-05T20:01:07","slug":"plano-de-expansao","status":"publish","type":"page","link":"https:\/\/www3.unicentro.br\/proplan\/desenvolvimento-estrategico-universitario\/plano-de-expansao\/","title":{"rendered":"Plano de Expans\u00e3o"},"content":{"rendered":"<div class=\"wpb-content-wrapper\"><p>[vc_row][vc_column][vc_single_image image=&#8221;2050&#8243; img_size=&#8221;full&#8221;][\/vc_column][vc_column width=&#8221;1\/2&#8243;][vc_tta_accordion c_align=&#8221;center&#8221; c_icon=&#8221;&#8221; active_section=&#8221;1&#8243;][vc_tta_section tab_id=&#8221;1534189740978-9e9f7a7a-39eb&#8221; title=&#8221;Sobre o Plano de Expans\u00e3o&#8221;][vc_column_text]<\/p>\n<p style=\"text-align: justify\">Aprovado pela <a href=\"https:\/\/www3.unicentro.br\/wp-content\/uploads\/sites\/17\/2017\/06\/Plano-de-Expans%C3%A3o.pdf\">Resolu\u00e7\u00e3o n\u00ba 96-COU\/UNICENTRO<\/a>, o Plano de Expans\u00e3o da Universidade se sustenta de maneira documentada em crit\u00e9rios t\u00e9cnicos e pol\u00edticos desde os objetivos e a miss\u00e3o institucional at\u00e9 as demandas espec\u00edficas das Pr\u00f3-Reitorias e Setores de Conhecimento.<\/p>\n<p style=\"text-align: justify\">O Plano de Expans\u00e3o Institucional objetiva manter a expans\u00e3o das a\u00e7\u00f5es acad\u00eamicas e do suporte universit\u00e1rio de maneira constante, especificamente no que diz respeito a oferta de cursos de gradua\u00e7\u00e3o e p\u00f3s-gradua\u00e7\u00e3o e, tamb\u00e9m, compreende discuss\u00f5es de maneira org\u00e2nica durante todo o processo com estabelecimento da implanta\u00e7\u00e3o de cursos que atendam \u00e0s demandas regionais e as possibilidades institucionais.<\/p>\n<p>[\/vc_column_text][\/vc_tta_section][\/vc_tta_accordion][\/vc_column][vc_column width=&#8221;1\/2&#8243;][vc_empty_space][vc_single_image image=&#8221;2119&#8243; img_size=&#8221;full&#8221; alignment=&#8221;center&#8221; style=&#8221;vc_box_shadow_border&#8221;][vc_btn title=&#8221;Resolu\u00e7\u00e3o sobre os Cursos de Implanta\u00e7\u00e3o Priorit\u00e1ria&#8221; style=&#8221;custom&#8221; custom_background=&#8221;#dd1a1a&#8221; custom_text=&#8221;#ffffff&#8221; align=&#8221;center&#8221; link=&#8221;url:https%3A%2F%2Fsgu.unicentro.br%2Fpcatooficiais%2Fimprimir%2F5D32CE86||target:%20_blank|&#8221;][\/vc_column][\/vc_row][vc_row][vc_column][vc_column_text]<span style=\"font-size: 14pt\">Confira o andamento das propostas de implanta\u00e7\u00e3o dos novos cursos de gradua\u00e7\u00e3o da Unicentro:<\/span>[\/vc_column_text][\/vc_column][vc_column width=&#8221;1\/3&#8243;][\/vc_column][vc_column width=&#8221;1\/3&#8243;][vc_tta_accordion style=&#8221;modern&#8221; color=&#8221;juicy-pink&#8221; c_align=&#8221;center&#8221; c_icon=&#8221;&#8221; active_section=&#8221;1&#8243;][vc_tta_section title=&#8221;Artes C\u00eanicas&#8221; tab_id=&#8221;1532976680500-4fc7f400-8de5&#8243;][vc_single_image image=&#8221;1803&#8243; img_size=&#8221;300&#215;200&#8243; alignment=&#8221;center&#8221;][\/vc_tta_section][vc_tta_section title=&#8221;Mais Informa\u00e7\u00f5es&#8221; tab_id=&#8221;1532976680502-736c12c7-7ae9&#8243;][vc_column_text]<\/p>\n<p style=\"text-align: justify\"><strong>Vagas:<\/strong> 40 anuais<br \/>\n<strong>Turno:<\/strong>\u00a0Integral<br \/>\n<strong>Integraliza\u00e7\u00e3o:<\/strong>\u00a04 a 7 anos<br \/>\n<strong>Campus:<\/strong> Irati<\/p>\n<p>[\/vc_column_text][vc_btn title=&#8221;Saiba Mais&#8221; style=&#8221;custom&#8221; custom_background=&#8221;#dd1a1a&#8221; custom_text=&#8221;#ffffff&#8221; align=&#8221;center&#8221; link=&#8221;url:https%3A%2F%2Fwww3.unicentro.br%2Fproplan%2Fdesenvolvimento-universitario%2Fartes-cenicas%2F|||&#8221;][\/vc_tta_section][\/vc_tta_accordion][\/vc_column][vc_column width=&#8221;1\/3&#8243;][vc_tta_accordion style=&#8221;modern&#8221; color=&#8221;juicy-pink&#8221; c_align=&#8221;center&#8221; c_icon=&#8221;&#8221; active_section=&#8221;1&#8243;][vc_tta_section title=&#8221;Ci\u00eancias Sociais&#8221; tab_id=&#8221;1532976964376-8acf8200-bf9a&#8221;][vc_single_image image=&#8221;1804&#8243; img_size=&#8221;300&#215;200&#8243; alignment=&#8221;center&#8221;][\/vc_tta_section][vc_tta_section title=&#8221;Mais Informa\u00e7\u00f5es&#8221; tab_id=&#8221;1532976964378-bd48d04a-4d0f&#8221;][vc_column_text]<\/p>\n<p style=\"text-align: justify\"><strong>Vagas:<\/strong> 40 anuais<br \/>\n<strong>Turno:<\/strong>\u00a0Noturno<br \/>\n<strong>Integraliza\u00e7\u00e3o:<\/strong>\u00a04 a 7 anos<br \/>\n<strong>Campus:<\/strong> Santa Cruz<\/p>\n<p>[\/vc_column_text][vc_btn title=&#8221;Saiba Mais&#8221; style=&#8221;custom&#8221; custom_background=&#8221;#dd1a1a&#8221; custom_text=&#8221;#ffffff&#8221; align=&#8221;center&#8221; link=&#8221;url:https%3A%2F%2Fwww3.unicentro.br%2Fproplan%2Fdesenvolvimento-universitario%2Fciencias-sociais%2F|||&#8221;][\/vc_tta_section][\/vc_tta_accordion][\/vc_column][\/vc_row][vc_row][vc_column width=&#8221;1\/3&#8243;][vc_tta_accordion style=&#8221;modern&#8221; color=&#8221;juicy-pink&#8221; c_align=&#8221;center&#8221; c_icon=&#8221;&#8221; active_section=&#8221;1&#8243;][vc_tta_section title=&#8221;Engenharia Civil&#8221; tab_id=&#8221;1532977365550-f2324e08-aa67&#8243;][vc_single_image image=&#8221;1805&#8243; img_size=&#8221;300&#215;200&#8243; alignment=&#8221;center&#8221;][\/vc_tta_section][vc_tta_section title=&#8221;Mais Informa\u00e7\u00f5es&#8221; tab_id=&#8221;1532977365551-50de6fa6-5885&#8243;][vc_column_text]<\/p>\n<p style=\"text-align: justify\"><strong>Vagas:<\/strong> 40 anuais<br \/>\n<strong>Turno:<\/strong>\u00a0Integral<br \/>\n<strong>Integraliza\u00e7\u00e3o:<\/strong>\u00a05 a 9 anos<br \/>\n<strong>Campus:<\/strong> Irati<\/p>\n<p>[\/vc_column_text][vc_btn title=&#8221;Saiba Mais&#8221; style=&#8221;custom&#8221; custom_background=&#8221;#dd1a1a&#8221; custom_text=&#8221;#ffffff&#8221; align=&#8221;center&#8221; link=&#8221;url:https%3A%2F%2Fwww3.unicentro.br%2Fproplan%2Fdesenvolvimento-universitario%2Fengenharia-civil%2F|||&#8221;][\/vc_tta_section][\/vc_tta_accordion][\/vc_column][vc_column width=&#8221;1\/3&#8243;][vc_tta_accordion style=&#8221;modern&#8221; color=&#8221;juicy-pink&#8221; c_align=&#8221;center&#8221; c_icon=&#8221;&#8221; active_section=&#8221;1&#8243;][vc_tta_section title=&#8221;Engenharia El\u00e9trica&#8221; tab_id=&#8221;1532977692696-e0321ba3-4568&#8243;][vc_single_image image=&#8221;1806&#8243; img_size=&#8221;300&#215;200&#8243; alignment=&#8221;right&#8221;][\/vc_tta_section][vc_tta_section title=&#8221;Mais Informa\u00e7\u00f5es&#8221; tab_id=&#8221;1532977692697-95e99ffe-a319&#8243;][vc_column_text]<strong>Vagas:<\/strong> 40 anuais<br \/>\n<strong>Turno:<\/strong>\u00a0Integral<br \/>\n<strong>Integraliza\u00e7\u00e3o:<\/strong>\u00a05 a 9 anos<br \/>\n<strong>Campus:<\/strong> Cedeteg[\/vc_column_text][vc_btn title=&#8221;Saiba Mais&#8221; style=&#8221;custom&#8221; custom_background=&#8221;#dd1a1a&#8221; custom_text=&#8221;#ffffff&#8221; align=&#8221;center&#8221; link=&#8221;url:https%3A%2F%2Fwww3.unicentro.br%2Fproplan%2Fdesenvolvimento-universitario%2Fengenharia-eletrica%2F|||&#8221;][\/vc_tta_section][\/vc_tta_accordion][\/vc_column][vc_column width=&#8221;1\/3&#8243;][\/vc_column][\/vc_row][vc_row][vc_column][vc_text_separator title=&#8221;Cursos com Projeto Pedag\u00f3gico em Elabora\u00e7\u00e3o&#8221; color=&#8221;juicy_pink&#8221; border_width=&#8221;2&#8243;][\/vc_column][\/vc_row][vc_row][vc_column width=&#8221;1\/3&#8243;][vc_tta_accordion style=&#8221;modern&#8221; color=&#8221;juicy-pink&#8221; c_align=&#8221;center&#8221; c_icon=&#8221;&#8221; active_section=&#8221;1&#8243;][vc_tta_section title=&#8221;Zootecnia&#8221; tab_id=&#8221;1532978718814-63999ff0-8fce&#8221;][vc_single_image image=&#8221;1808&#8243; img_size=&#8221;300&#215;200&#8243; alignment=&#8221;center&#8221;][\/vc_tta_section][vc_tta_section title=&#8221;Mais Informa\u00e7\u00f5es&#8221; tab_id=&#8221;1532978718815-b538bc14-8e1b&#8221;][vc_column_text]<strong>Situa\u00e7\u00e3o legal:<\/strong>\u00a0Projeto Pedag\u00f3gico em elabora\u00e7\u00e3o<\/p>\n<p><strong>Campus de funcionamento:<\/strong> Cedeteg[\/vc_column_text][\/vc_tta_section][\/vc_tta_accordion][\/vc_column][vc_column width=&#8221;1\/3&#8243;][vc_tta_accordion style=&#8221;modern&#8221; color=&#8221;juicy-pink&#8221; c_align=&#8221;center&#8221; c_icon=&#8221;&#8221; active_section=&#8221;1&#8243;][vc_tta_section title=&#8221;Engenharia de Produ\u00e7\u00e3o&#8221; tab_id=&#8221;1532978900251-face357e-82aa&#8221;][vc_single_image image=&#8221;1809&#8243; img_size=&#8221;300&#215;200&#8243; alignment=&#8221;center&#8221;][\/vc_tta_section][vc_tta_section title=&#8221;Mais Informa\u00e7\u00f5es&#8221; tab_id=&#8221;1532978900256-e69e5f9d-0693&#8243;][vc_column_text]<strong>Situa\u00e7\u00e3o legal:<\/strong>\u00a0Projeto Pedag\u00f3gico em elabora\u00e7\u00e3o<\/p>\n<p><strong>Campus de funcionamento:<\/strong> Irati[\/vc_column_text][\/vc_tta_section][\/vc_tta_accordion][\/vc_column][vc_column width=&#8221;1\/3&#8243;][vc_tta_accordion style=&#8221;modern&#8221; color=&#8221;juicy-pink&#8221; c_align=&#8221;center&#8221; c_icon=&#8221;&#8221; active_section=&#8221;1&#8243;][vc_tta_section title=&#8221;Agroneg\u00f3cio&#8221; tab_id=&#8221;1532979242983-cb68238d-f63e&#8221;][vc_single_image image=&#8221;1810&#8243; img_size=&#8221;300&#215;200&#8243; alignment=&#8221;center&#8221;][\/vc_tta_section][vc_tta_section title=&#8221;Mais Informa\u00e7\u00f5es&#8221; tab_id=&#8221;1532979242986-f55cb61e-8de6&#8243;][vc_column_text]<strong>Situa\u00e7\u00e3o legal:<\/strong>\u00a0Projeto Pedag\u00f3gico em elabora\u00e7\u00e3o<\/p>\n<p><strong>Campus de funcionamento:<\/strong> Santa Cruz[\/vc_column_text][\/vc_tta_section][\/vc_tta_accordion][\/vc_column][\/vc_row][vc_row][vc_column][vc_btn title=&#8221;Voltar&#8221; style=&#8221;custom&#8221; custom_background=&#8221;#dd1a1a&#8221; custom_text=&#8221;#ffffff&#8221; align=&#8221;center&#8221; i_icon_fontawesome=&#8221;fa fa-arrow-left&#8221; button_block=&#8221;true&#8221; add_icon=&#8221;true&#8221; link=&#8221;url:https%3A%2F%2Fwww3.unicentro.br%2Fproplan%2Fdesenvolvimento-universitario%2Fareas-de-atuacao%2F|||&#8221;][\/vc_column][\/vc_row]<\/p>\n<\/div>","protected":false},"excerpt":{"rendered":"<p>[vc_row][vc_column][vc_single_image image=&#8221;2050&#8243; img_size=&#8221;full&#8221;][\/vc_column][vc_column width=&#8221;1\/2&#8243;][vc_tta_accordion c_align=&#8221;center&#8221; c_icon=&#8221;&#8221; active_section=&#8221;1&#8243;][vc_tta_section tab_id=&#8221;1534189740978-9e9f7a7a-39eb&#8221; title=&#8221;Sobre o Plano de Expans\u00e3o&#8221;][vc_column_text] Aprovado pela Resolu\u00e7\u00e3o n\u00ba 96-COU\/UNICENTRO, o Plano de Expans\u00e3o da Universidade se sustenta de maneira documentada em crit\u00e9rios t\u00e9cnicos e pol\u00edticos desde os objetivos e a miss\u00e3o institucional at\u00e9 as demandas espec\u00edficas das Pr\u00f3-Reitorias e Setores de Conhecimento. O Plano de Expans\u00e3o [&hellip;]<\/p>\n","protected":false},"author":3,"featured_media":0,"parent":51,"menu_order":0,"comment_status":"closed","ping_status":"closed","template":"","meta":{"_exactmetrics_skip_tracking":false,"_exactmetrics_sitenote_active":false,"_exactmetrics_sitenote_note":"","_exactmetrics_sitenote_category":0,"footnotes":"","_links_to":"","_links_to_target":""},"class_list":["post-59","page","type-page","status-publish","hentry"],"publishpress_future_action":{"enabled":false,"date":"2026-04-16 05:27:00","action":"change-status","newStatus":"draft","terms":[],"taxonomy":"","extraData":[]},"publishpress_future_workflow_manual_trigger":{"enabledWorkflows":[]},"_links":{"self":[{"href":"https:\/\/www3.unicentro.br\/proplan\/wp-json\/wp\/v2\/pages\/59","targetHints":{"allow":["GET"]}}],"collection":[{"href":"https:\/\/www3.unicentro.br\/proplan\/wp-json\/wp\/v2\/pages"}],"about":[{"href":"https:\/\/www3.unicentro.br\/proplan\/wp-json\/wp\/v2\/types\/page"}],"author":[{"embeddable":true,"href":"https:\/\/www3.unicentro.br\/proplan\/wp-json\/wp\/v2\/users\/3"}],"replies":[{"embeddable":true,"href":"https:\/\/www3.unicentro.br\/proplan\/wp-json\/wp\/v2\/comments?post=59"}],"version-history":[{"count":2,"href":"https:\/\/www3.unicentro.br\/proplan\/wp-json\/wp\/v2\/pages\/59\/revisions"}],"predecessor-version":[{"id":3461,"href":"https:\/\/www3.unicentro.br\/proplan\/wp-json\/wp\/v2\/pages\/59\/revisions\/3461"}],"up":[{"embeddable":true,"href":"https:\/\/www3.unicentro.br\/proplan\/wp-json\/wp\/v2\/pages\/51"}],"wp:attachment":[{"href":"https:\/\/www3.unicentro.br\/proplan\/wp-json\/wp\/v2\/media?parent=59"}],"curies":[{"name":"wp","href":"https:\/\/api.w.org\/{rel}","templated":true}]}}