{"id":55,"date":"2017-06-02T13:20:19","date_gmt":"2017-06-02T16:20:19","guid":{"rendered":"https:\/\/www3.unicentro.br\/proplan\/?page_id=55"},"modified":"2023-09-05T17:06:45","modified_gmt":"2023-09-05T20:06:45","slug":"engenharia-e-arquitetura","status":"publish","type":"page","link":"https:\/\/www3.unicentro.br\/proplan\/engenharia-e-arquitetura\/","title":{"rendered":"Diretoria de Engenharia e Arquitetura"},"content":{"rendered":"<div class=\"wpb-content-wrapper\"><p>[vc_row][vc_column][vc_column_text]<\/p>\n<p style=\"text-align: justify\" align=\"JUSTIFY\"><span style=\"color: #333333;font-size: 18pt\">Sobre a Diretoria<\/span><\/p>\n<p style=\"text-align: justify\" align=\"JUSTIFY\"><span style=\"color: #333333\">A Diretoria de Engenharia e Arquitetura, DIREA, \u00e9 a unidade da Pr\u00f3-Reitoria de Planejamento, PROPLAN, respons\u00e1vel por coordenar, projetar e fiscalizar a execu\u00e7\u00e3o de constru\u00e7\u00e3o, adequa\u00e7\u00e3o, reforma e manuten\u00e7\u00e3o predial dos campi universit\u00e1rios, bem como assessorar estudos relacionados a infraestrutura f\u00edsica para fomento e qualifica\u00e7\u00e3o das atividades realizadas nos espa\u00e7os acad\u00eamicos.<\/span><\/p>\n<p style=\"text-align: justify\" align=\"JUSTIFY\"><span style=\"color: #333333;font-size: 18pt\">Miss\u00e3o<\/span><\/p>\n<p style=\"text-align: justify\" align=\"JUSTIFY\"><span style=\"color: #333333\">A DIREA tem como miss\u00e3o \u201cCoordenar estudos, projetos demandados pela institui\u00e7\u00e3o visando a viabiliza\u00e7\u00e3o de constru\u00e7\u00e3o, recupera\u00e7\u00e3o e manuten\u00e7\u00e3o da estrutura f\u00edsica dos campi da Unicentro, al\u00e9m da realiza\u00e7\u00e3o da fiscaliza\u00e7\u00e3o e acompanhamento do andamento das obras&#8221;.<\/span><\/p>\n<p style=\"text-align: justify\" align=\"JUSTIFY\"><span style=\"color: #333333;font-size: 18pt\">Atividades Espec\u00edficas<\/span><\/p>\n<ul style=\"text-align: justify\">\n<li>\n<p align=\"JUSTIFY\"><span style=\"color: #333333\">Elabora\u00e7\u00e3o de estudos e projetos para a realiza\u00e7\u00e3o de obras e reformas;<\/span><\/p>\n<\/li>\n<li>\n<p align=\"JUSTIFY\"><span style=\"color: #333333\">Fiscaliza\u00e7\u00e3o e acompanhamento da execu\u00e7\u00e3o de obras e reformas;<\/span><\/p>\n<\/li>\n<li>\n<p align=\"JUSTIFY\"><span style=\"color: #333333\">Apoio na reda\u00e7\u00e3o de projetos visando a capta\u00e7\u00e3o de recursos para a realiza\u00e7\u00e3o de obras e reformas, bem como na confec\u00e7\u00e3o de relat\u00f3rios e emiss\u00e3o de documentos visando a presta\u00e7\u00e3o de contas a \u00f3rg\u00e3os de fomento;<\/span><\/p>\n<\/li>\n<li>\n<p align=\"JUSTIFY\"><span style=\"color: #333333\">Representa\u00e7\u00e3o da Pr\u00f3-Reitoria e da Universidade em comiss\u00f5es e eventos internos e externos, correlatos \u00e0s atividades da Diretoria.<\/span><\/p>\n<\/li>\n<\/ul>\n<p style=\"text-align: justify\" align=\"JUSTIFY\"><strong><span style=\"color: #333333\">Entre em contato com a DIREA pelo:<\/span><\/strong><br \/>\n<span style=\"color: #333333\">e-mail: direa@unicentro.br<\/span><br \/>\n<span style=\"color: #333333\">Telefone: 3621-1054<\/span><\/p>\n<p>[\/vc_column_text][\/vc_column][\/vc_row]<\/p>\n<\/div>","protected":false},"excerpt":{"rendered":"<p>[vc_row][vc_column][vc_column_text] Sobre a Diretoria A Diretoria de Engenharia e Arquitetura, DIREA, \u00e9 a unidade da Pr\u00f3-Reitoria de Planejamento, PROPLAN, respons\u00e1vel por coordenar, projetar e fiscalizar a execu\u00e7\u00e3o de constru\u00e7\u00e3o, adequa\u00e7\u00e3o, reforma e manuten\u00e7\u00e3o predial dos campi universit\u00e1rios, bem como assessorar estudos relacionados a infraestrutura f\u00edsica para fomento e qualifica\u00e7\u00e3o das atividades realizadas nos espa\u00e7os acad\u00eamicos. [&hellip;]<\/p>\n","protected":false},"author":3,"featured_media":0,"parent":0,"menu_order":0,"comment_status":"closed","ping_status":"closed","template":"","meta":{"_exactmetrics_skip_tracking":false,"_exactmetrics_sitenote_active":false,"_exactmetrics_sitenote_note":"","_exactmetrics_sitenote_category":0,"footnotes":"","_links_to":"","_links_to_target":""},"class_list":["post-55","page","type-page","status-publish","hentry"],"publishpress_future_action":{"enabled":false,"date":"2026-04-16 12:49:05","action":"change-status","newStatus":"draft","terms":[],"taxonomy":"","extraData":[]},"publishpress_future_workflow_manual_trigger":{"enabledWorkflows":[]},"_links":{"self":[{"href":"https:\/\/www3.unicentro.br\/proplan\/wp-json\/wp\/v2\/pages\/55","targetHints":{"allow":["GET"]}}],"collection":[{"href":"https:\/\/www3.unicentro.br\/proplan\/wp-json\/wp\/v2\/pages"}],"about":[{"href":"https:\/\/www3.unicentro.br\/proplan\/wp-json\/wp\/v2\/types\/page"}],"author":[{"embeddable":true,"href":"https:\/\/www3.unicentro.br\/proplan\/wp-json\/wp\/v2\/users\/3"}],"replies":[{"embeddable":true,"href":"https:\/\/www3.unicentro.br\/proplan\/wp-json\/wp\/v2\/comments?post=55"}],"version-history":[{"count":2,"href":"https:\/\/www3.unicentro.br\/proplan\/wp-json\/wp\/v2\/pages\/55\/revisions"}],"predecessor-version":[{"id":3464,"href":"https:\/\/www3.unicentro.br\/proplan\/wp-json\/wp\/v2\/pages\/55\/revisions\/3464"}],"wp:attachment":[{"href":"https:\/\/www3.unicentro.br\/proplan\/wp-json\/wp\/v2\/media?parent=55"}],"curies":[{"name":"wp","href":"https:\/\/api.w.org\/{rel}","templated":true}]}}