{"id":53,"date":"2017-06-02T13:20:05","date_gmt":"2017-06-02T16:20:05","guid":{"rendered":"https:\/\/www3.unicentro.br\/proplan\/?page_id=53"},"modified":"2023-04-20T09:06:52","modified_gmt":"2023-04-20T12:06:52","slug":"avaliacao-institucional","status":"publish","type":"page","link":"https:\/\/www3.unicentro.br\/proplan\/avaliacao-institucional\/","title":{"rendered":"Diretoria de Avalia\u00e7\u00e3o Institucional"},"content":{"rendered":"<div class=\"wpb-content-wrapper\"><p>[vc_row][vc_column][vc_column_text]<\/p>\n<p align=\"JUSTIFY\"><span style=\"color: #333333;font-size: 18pt\">Sobre a Diretoria<\/span><\/p>\n<p align=\"JUSTIFY\"><span style=\"color: #333333\">A Diretoria de Avalia\u00e7\u00e3o Institucional, DIRAI, \u00e9 respons\u00e1vel pela condu\u00e7\u00e3o dos processos envolvendo a Avalia\u00e7\u00e3o Institucional. Busca, para tanto, a participa\u00e7\u00e3o efetiva da comunidade envolvida &#8211; egressos, discentes, docentes e agentes universit\u00e1rios, para que os resultados dos ciclos e processos avaliativos possam subsidiar o aperfei\u00e7oamento das atividades internas da Universidade. Atua ainda na coleta e tratamento de dados e informa\u00e7\u00f5es que qualifiquem a tomada de decis\u00f5es institucionais, contribuindo para a consolida\u00e7\u00e3o da Unicentro como uma universidade p\u00fablica e de refer\u00eancia nacional e internacional.<\/span><\/p>\n<p align=\"JUSTIFY\"><span style=\"color: #333333;font-size: 18pt\">Miss\u00e3o<\/span><\/p>\n<p align=\"JUSTIFY\"><span style=\"color: #333333\">A miss\u00e3o da DIRAI \u00e9 \u201cSubsidiar o planejamento estrat\u00e9gico da Unicentro, por meio de levantamento de dados, dos exerc\u00edcios auto avaliativos e das avalia\u00e7\u00f5es externas, com a finalidade de garantir a excel\u00eancia na qualidade do ensino, da pesquisa e da extens\u00e3o\u201d.<\/span><\/p>\n<p align=\"JUSTIFY\"><span style=\"color: #333333;font-size: 18pt\">Atividades Espec\u00edficas<\/span><\/p>\n<ul>\n<li>\n<p align=\"JUSTIFY\"><span style=\"color: #333333\">Condu\u00e7\u00e3o dos processos de Avalia\u00e7\u00e3o Institucional internos e externos, visando a excel\u00eancia em todas as \u00e1reas de atua\u00e7\u00e3o da Universidade;<\/span><\/p>\n<\/li>\n<li>\n<p align=\"JUSTIFY\"><span style=\"color: #333333\">Elabora\u00e7\u00e3o de indicadores que apoiem a avalia\u00e7\u00e3o, diagn\u00f3stico e planejamento efetivos, assessorando as atividades fundamentais da gest\u00e3o da Universidade;<\/span><\/p>\n<\/li>\n<li>\n<p align=\"JUSTIFY\"><span style=\"color: #333333\">Apoio na elabora\u00e7\u00e3o do Plano de Desenvolvimento Institucional, PDI;<\/span><\/p>\n<\/li>\n<li>\n<p align=\"JUSTIFY\"><span style=\"color: #333333\">Organiza\u00e7\u00e3o, planejamento e orienta\u00e7\u00e3o das Centrais de Informa\u00e7\u00f5es institucionais;<\/span><\/p>\n<\/li>\n<li>\n<p align=\"JUSTIFY\"><span style=\"color: #333333\">Representa\u00e7\u00e3o da Pr\u00f3-Reitoria e da Universidade em comiss\u00f5es e eventos internos e externos, correlatos \u00e0s atividades da Diretoria.<\/span><\/p>\n<\/li>\n<\/ul>\n<p align=\"JUSTIFY\"><strong><span style=\"color: #333333\">Entre em contato com a DIRAI pelo:<\/span><\/strong><br \/>\n<span style=\"color: #333333\">e-mail: proplan@unicentro.br<\/span><br \/>\n<span style=\"color: #333333\">Telefone: 3621-1050<\/span><\/p>\n<p>[\/vc_column_text][\/vc_column][\/vc_row]<\/p>\n<\/div>","protected":false},"excerpt":{"rendered":"<p>[vc_row][vc_column][vc_column_text] Sobre a Diretoria A Diretoria de Avalia\u00e7\u00e3o Institucional, DIRAI, \u00e9 respons\u00e1vel pela condu\u00e7\u00e3o dos processos envolvendo a Avalia\u00e7\u00e3o Institucional. Busca, para tanto, a participa\u00e7\u00e3o efetiva da comunidade envolvida &#8211; egressos, discentes, docentes e agentes universit\u00e1rios, para que os resultados dos ciclos e processos avaliativos possam subsidiar o aperfei\u00e7oamento das atividades internas da Universidade. Atua [&hellip;]<\/p>\n","protected":false},"author":3,"featured_media":0,"parent":0,"menu_order":0,"comment_status":"closed","ping_status":"closed","template":"","meta":{"_exactmetrics_skip_tracking":false,"_exactmetrics_sitenote_active":false,"_exactmetrics_sitenote_note":"","_exactmetrics_sitenote_category":0,"footnotes":"","_links_to":"","_links_to_target":""},"class_list":["post-53","page","type-page","status-publish","hentry"],"publishpress_future_action":{"enabled":false,"date":"2026-04-25 07:27:29","action":"change-status","newStatus":"draft","terms":[],"taxonomy":"","extraData":[]},"publishpress_future_workflow_manual_trigger":{"enabledWorkflows":[]},"_links":{"self":[{"href":"https:\/\/www3.unicentro.br\/proplan\/wp-json\/wp\/v2\/pages\/53","targetHints":{"allow":["GET"]}}],"collection":[{"href":"https:\/\/www3.unicentro.br\/proplan\/wp-json\/wp\/v2\/pages"}],"about":[{"href":"https:\/\/www3.unicentro.br\/proplan\/wp-json\/wp\/v2\/types\/page"}],"author":[{"embeddable":true,"href":"https:\/\/www3.unicentro.br\/proplan\/wp-json\/wp\/v2\/users\/3"}],"replies":[{"embeddable":true,"href":"https:\/\/www3.unicentro.br\/proplan\/wp-json\/wp\/v2\/comments?post=53"}],"version-history":[{"count":0,"href":"https:\/\/www3.unicentro.br\/proplan\/wp-json\/wp\/v2\/pages\/53\/revisions"}],"wp:attachment":[{"href":"https:\/\/www3.unicentro.br\/proplan\/wp-json\/wp\/v2\/media?parent=53"}],"curies":[{"name":"wp","href":"https:\/\/api.w.org\/{rel}","templated":true}]}}