{"id":51,"date":"2017-06-02T13:19:51","date_gmt":"2017-06-02T16:19:51","guid":{"rendered":"https:\/\/www3.unicentro.br\/proplan\/?page_id=51"},"modified":"2024-12-16T15:16:43","modified_gmt":"2024-12-16T18:16:43","slug":"desenvolvimento-estrategico-universitario","status":"publish","type":"page","link":"https:\/\/www3.unicentro.br\/proplan\/desenvolvimento-estrategico-universitario\/","title":{"rendered":"Diretoria de Desenvolvimento Estrat\u00e9gico Universit\u00e1rio"},"content":{"rendered":"<div class=\"wpb-content-wrapper\"><p>[vc_row][vc_column][vc_column_text]<\/p>\n<p style=\"text-align: justify\" align=\"JUSTIFY\"><span style=\"color: #333333;font-size: 18pt\">Sobre a Diretoria<\/span><\/p>\n<p style=\"text-align: justify\" align=\"JUSTIFY\">A Diretoria de Desenvolvimento Universit\u00e1rio, DIRDUN, em articula\u00e7\u00e3o com as demais diretorias da PROPLAN e unidades administrativas da universidade, subsidia, acompanha e assessora as a\u00e7\u00f5es relativas ao desenvolvimento universit\u00e1rio, elaborando estudos e proje\u00e7\u00f5es infra estruturais para viabiliza\u00e7\u00e3o da cria\u00e7\u00e3o dos novos cursos, campi, unidades administrativas, cargos ou servi\u00e7os dispon\u00edveis para a comunidade.<\/p>\n<p style=\"text-align: justify\" align=\"JUSTIFY\"><span style=\"color: #333333;font-size: 18pt\">Miss\u00e3o<\/span><\/p>\n<p style=\"text-align: justify\" align=\"JUSTIFY\">Subsidiar, acompanhar e assessorar, de acordo com princ\u00edpios pedag\u00f3gicos e administrativos, maior agilidade no tr\u00e2mite e aprecia\u00e7\u00e3o das propostas de cria\u00e7\u00e3o de novos cursos, campi, unidades administrativas, cargos ou servi\u00e7os na Universidade, considerando as condi\u00e7\u00f5es infra estruturais e o atendimento \u00e0s demandas existentes, facilitando a elabora\u00e7\u00e3o de projetos pedag\u00f3gicos e, principalmente, a montagem dos respectivos processos de sustentabilidade.<\/p>\n<p style=\"text-align: justify\" align=\"JUSTIFY\"><span style=\"color: #333333;font-size: 18pt\">Atividades Espec\u00edficas<\/span><\/p>\n<p align=\"JUSTIFY\">1. Realiza\u00e7\u00e3o de estudos e propostas de cria\u00e7\u00e3o de cursos, Campi, unidades administrativas ou de servi\u00e7os;<br \/>\n2. Elabora\u00e7\u00e3o e Revis\u00e3o do Plano de Expans\u00e3o Institucional;<br \/>\n3. Estudos sobre Estatuto e Regimento Geral da Unicentro;<br \/>\n4. Estudos sobre as demais regulamenta\u00e7\u00f5es do exerc\u00edcio institucional;<br \/>\n5. Apoio na elabora\u00e7\u00e3o e acompanhamento do Plano de Desenvolvimento estrat\u00e9gico Institucional;<br \/>\n6. Estudos sobre o desenvolvimento das meta-a\u00e7\u00f5es prospectadas em PDI;<br \/>\n7. Estudos sobre os poss\u00edveis impactos de cargas hor\u00e1rias nos cursos de gradua\u00e7\u00e3o e p\u00f3s-gradua\u00e7\u00e3o Stricto sensu;<br \/>\n8. Estudos a partir da metaavalia\u00e7\u00e3o realizada pelo Processo de auto avalia\u00e7\u00e3o institucional;<br \/>\n9. Estudos com base na rela\u00e7\u00e3o entre o processo de autoavalia\u00e7\u00e3o institucional e o planejamento e sustentabilidade.<br \/>\n10. Representa\u00e7\u00e3o da Pr\u00f3-Reitoria e da Universidade em comiss\u00f5es e eventos internos e externos, correlatos \u00e0s atividades da Diretoria.<\/p>\n<p align=\"JUSTIFY\">\n<p align=\"JUSTIFY\">Em rela\u00e7\u00e3o ao <strong>Plano de Desenvolvimento Institucional<\/strong>, a DIRDUN desempenha suas fun\u00e7\u00f5es articulando-se ao Eixo 2 \u2013 Expans\u00e3o das Atividades Universit\u00e1rias, contributiva \u00e0s pol\u00edticas referentes a:<br \/>\n\u2022 Executar esfor\u00e7os para a amplia\u00e7\u00e3o e consolida\u00e7\u00e3o da oferta de cursos de gradua\u00e7\u00e3o presenciais e a dist\u00e2ncia.<br \/>\n\u2022 Articular a oferta de cursos superiores de tecnologia (tecn\u00f3logos).<br \/>\n\u2022 Estimular a proposi\u00e7\u00e3o de novos cursos de especializa\u00e7\u00e3o, programas de aprimoramento, de resid\u00eancia profissional e resid\u00eancia t\u00e9cnica.<br \/>\n\u2022 Consolidar e ampliar a oferta de cursos de p\u00f3s-gradua\u00e7\u00e3o Stricto Sensu.<br \/>\n\u2022 Empregar esfor\u00e7os para ampliar os investimentos em infraestrutura f\u00edsica e pedag\u00f3gica, visando o atendimento pleno das atividades j\u00e1 instaladas e a expans\u00e3o da Universidade, nos c\u00e2mpus universit\u00e1rios, c\u00e2mpus avan\u00e7ados, programas e projetos espec\u00edficos, polos EaD, dentre outros espa\u00e7os.<br \/>\n\u2022 Refor\u00e7ar a\u00e7\u00f5es voltadas para a amplia\u00e7\u00e3o e inser\u00e7\u00e3o social de espa\u00e7os art\u00edsticos, cient\u00edficos e culturais.<br \/>\n\u2022 Incentivar o desenvolvimento de projetos e programas de extens\u00e3o.<br \/>\n\u2022 Fomentar o desenvolvimento de produtos, objetos cient\u00edficos, tecnologia e inova\u00e7\u00e3o, resultantes das atividades de pesquisa e extens\u00e3o.<br \/>\n\u2022 Ampliar o estabelecimento e consolida\u00e7\u00e3o das redes de coopera\u00e7\u00e3o, fortalecendo as atividades de pesquisa e os programas de p\u00f3s- gradua\u00e7\u00e3o envolvidos.<br \/>\n\u2022 Desenvolver a\u00e7\u00f5es para o fortalecimento da gest\u00e3o e da produ\u00e7\u00e3o editorial.<\/p>\n<p style=\"text-align: justify\" align=\"JUSTIFY\"><span style=\"color: #333333\"><strong>Entre em contato com a DIRDUN pelo:<\/strong><\/span><br \/>\n<span style=\"color: #333333\">e-mail: proplan@unicentro.br<\/span><br \/>\n<span style=\"color: #333333\">Telefone: (42) 3621-1303<\/span><\/p>\n<p>[\/vc_column_text][\/vc_column][\/vc_row]<\/p>\n<\/div>","protected":false},"excerpt":{"rendered":"<p>[vc_row][vc_column][vc_column_text] Sobre a Diretoria A Diretoria de Desenvolvimento Universit\u00e1rio, DIRDUN, em articula\u00e7\u00e3o com as demais diretorias da PROPLAN e unidades administrativas da universidade, subsidia, acompanha e assessora as a\u00e7\u00f5es relativas ao desenvolvimento universit\u00e1rio, elaborando estudos e proje\u00e7\u00f5es infra estruturais para viabiliza\u00e7\u00e3o da cria\u00e7\u00e3o dos novos cursos, campi, unidades administrativas, cargos ou servi\u00e7os dispon\u00edveis para a [&hellip;]<\/p>\n","protected":false},"author":3,"featured_media":0,"parent":0,"menu_order":0,"comment_status":"closed","ping_status":"closed","template":"","meta":{"_exactmetrics_skip_tracking":false,"_exactmetrics_sitenote_active":false,"_exactmetrics_sitenote_note":"","_exactmetrics_sitenote_category":0,"footnotes":"","_links_to":"","_links_to_target":""},"class_list":["post-51","page","type-page","status-publish","hentry"],"publishpress_future_action":{"enabled":false,"date":"2026-04-13 13:50:47","action":"change-status","newStatus":"draft","terms":[],"taxonomy":"","extraData":[]},"publishpress_future_workflow_manual_trigger":{"enabledWorkflows":[]},"_links":{"self":[{"href":"https:\/\/www3.unicentro.br\/proplan\/wp-json\/wp\/v2\/pages\/51","targetHints":{"allow":["GET"]}}],"collection":[{"href":"https:\/\/www3.unicentro.br\/proplan\/wp-json\/wp\/v2\/pages"}],"about":[{"href":"https:\/\/www3.unicentro.br\/proplan\/wp-json\/wp\/v2\/types\/page"}],"author":[{"embeddable":true,"href":"https:\/\/www3.unicentro.br\/proplan\/wp-json\/wp\/v2\/users\/3"}],"replies":[{"embeddable":true,"href":"https:\/\/www3.unicentro.br\/proplan\/wp-json\/wp\/v2\/comments?post=51"}],"version-history":[{"count":2,"href":"https:\/\/www3.unicentro.br\/proplan\/wp-json\/wp\/v2\/pages\/51\/revisions"}],"predecessor-version":[{"id":4094,"href":"https:\/\/www3.unicentro.br\/proplan\/wp-json\/wp\/v2\/pages\/51\/revisions\/4094"}],"wp:attachment":[{"href":"https:\/\/www3.unicentro.br\/proplan\/wp-json\/wp\/v2\/media?parent=51"}],"curies":[{"name":"wp","href":"https:\/\/api.w.org\/{rel}","templated":true}]}}