{"id":466,"date":"2017-06-13T09:40:56","date_gmt":"2017-06-13T12:40:56","guid":{"rendered":"https:\/\/www3.unicentro.br\/proplan\/?page_id=466"},"modified":"2024-08-20T11:25:47","modified_gmt":"2024-08-20T14:25:47","slug":"areas-de-atuacao","status":"publish","type":"page","link":"https:\/\/www3.unicentro.br\/proplan\/engenharia-e-arquitetura\/areas-de-atuacao\/","title":{"rendered":"\u00c1reas de Atua\u00e7\u00e3o"},"content":{"rendered":"<div class=\"wpb-content-wrapper\"><p>[vc_row][vc_column width=&#8221;1\/3&#8243;][vc_tta_accordion c_align=&#8221;center&#8221; c_icon=&#8221;&#8221; active_section=&#8221;1&#8243;][vc_tta_section title=&#8221;Reformas e Manuten\u00e7\u00e3o&#8221; tab_id=&#8221;1533150682754-c7e43d27-6c97&#8243;][vc_single_image image=&#8221;1913&#8243; img_size=&#8221;300&#215;200&#8243; alignment=&#8221;center&#8221; style=&#8221;vc_box_shadow_border&#8221;][vc_btn title=&#8221;Saiba Mais&#8221; style=&#8221;custom&#8221; custom_background=&#8221;#dd1a1a&#8221; custom_text=&#8221;#ffffff&#8221; align=&#8221;center&#8221; link=&#8221;url:https%3A%2F%2Fwww3.unicentro.br%2Fproplan%2Freformas-e-manutencao%2F|||&#8221;][\/vc_tta_section][\/vc_tta_accordion][\/vc_column][vc_column width=&#8221;1\/3&#8243;][vc_tta_accordion c_align=&#8221;center&#8221; c_icon=&#8221;&#8221; active_section=&#8221;1&#8243;][vc_tta_section title=&#8221;Projetos e Avalia\u00e7\u00f5es de Infraestrutura&#8221; tab_id=&#8221;1533150391662-0d6fe1f2-531b&#8221;][vc_single_image image=&#8221;1912&#8243; img_size=&#8221;300&#215;200&#8243; alignment=&#8221;center&#8221; style=&#8221;vc_box_shadow_border&#8221;][vc_btn title=&#8221;Saiba Mais&#8221; style=&#8221;custom&#8221; custom_background=&#8221;#dd1a1a&#8221; custom_text=&#8221;#ffffff&#8221; align=&#8221;center&#8221; link=&#8221;url:https%3A%2F%2Fwww3.unicentro.br%2Fproplan%2Fprojetos-e-avaliacoes-de-infraestrutura%2F|||&#8221;][\/vc_tta_section][\/vc_tta_accordion][\/vc_column][vc_column width=&#8221;1\/3&#8243;][vc_tta_accordion c_align=&#8221;center&#8221; c_icon=&#8221;&#8221; active_section=&#8221;1&#8243;][vc_tta_section title=&#8221;Obras&#8221; tab_id=&#8221;1533150741371-891ff6f8-9eda&#8221;][vc_single_image image=&#8221;3993&#8243; img_size=&#8221;300&#215;200&#8243; alignment=&#8221;center&#8221; style=&#8221;vc_box_shadow_border&#8221; css=&#8221;&#8221;][vc_btn title=&#8221;Saiba Mais&#8221; style=&#8221;custom&#8221; custom_background=&#8221;#dd1a1a&#8221; custom_text=&#8221;#ffffff&#8221; align=&#8221;center&#8221; link=&#8221;url:https%3A%2F%2Fwww3.unicentro.br%2Fproplan%2Fengenharia-e-arquitetura%2F2437-2%2F|||&#8221;][\/vc_tta_section][\/vc_tta_accordion][\/vc_column][\/vc_row]<\/p>\n<\/div>","protected":false},"excerpt":{"rendered":"<p>[vc_row][vc_column width=&#8221;1\/3&#8243;][vc_tta_accordion c_align=&#8221;center&#8221; c_icon=&#8221;&#8221; active_section=&#8221;1&#8243;][vc_tta_section title=&#8221;Reformas e Manuten\u00e7\u00e3o&#8221; tab_id=&#8221;1533150682754-c7e43d27-6c97&#8243;][vc_single_image image=&#8221;1913&#8243; img_size=&#8221;300&#215;200&#8243; alignment=&#8221;center&#8221; style=&#8221;vc_box_shadow_border&#8221;][vc_btn title=&#8221;Saiba Mais&#8221; style=&#8221;custom&#8221; custom_background=&#8221;#dd1a1a&#8221; custom_text=&#8221;#ffffff&#8221; align=&#8221;center&#8221; link=&#8221;url:https%3A%2F%2Fwww3.unicentro.br%2Fproplan%2Freformas-e-manutencao%2F|||&#8221;][\/vc_tta_section][\/vc_tta_accordion][\/vc_column][vc_column width=&#8221;1\/3&#8243;][vc_tta_accordion c_align=&#8221;center&#8221; c_icon=&#8221;&#8221; active_section=&#8221;1&#8243;][vc_tta_section title=&#8221;Projetos e Avalia\u00e7\u00f5es de Infraestrutura&#8221; tab_id=&#8221;1533150391662-0d6fe1f2-531b&#8221;][vc_single_image image=&#8221;1912&#8243; img_size=&#8221;300&#215;200&#8243; alignment=&#8221;center&#8221; style=&#8221;vc_box_shadow_border&#8221;][vc_btn title=&#8221;Saiba Mais&#8221; style=&#8221;custom&#8221; custom_background=&#8221;#dd1a1a&#8221; custom_text=&#8221;#ffffff&#8221; align=&#8221;center&#8221; link=&#8221;url:https%3A%2F%2Fwww3.unicentro.br%2Fproplan%2Fprojetos-e-avaliacoes-de-infraestrutura%2F|||&#8221;][\/vc_tta_section][\/vc_tta_accordion][\/vc_column][vc_column width=&#8221;1\/3&#8243;][vc_tta_accordion c_align=&#8221;center&#8221; c_icon=&#8221;&#8221; active_section=&#8221;1&#8243;][vc_tta_section title=&#8221;Obras&#8221; tab_id=&#8221;1533150741371-891ff6f8-9eda&#8221;][vc_single_image image=&#8221;3993&#8243; img_size=&#8221;300&#215;200&#8243; alignment=&#8221;center&#8221; style=&#8221;vc_box_shadow_border&#8221; css=&#8221;&#8221;][vc_btn title=&#8221;Saiba Mais&#8221; style=&#8221;custom&#8221; [&hellip;]<\/p>\n","protected":false},"author":3,"featured_media":0,"parent":55,"menu_order":0,"comment_status":"closed","ping_status":"closed","template":"","meta":{"_exactmetrics_skip_tracking":false,"_exactmetrics_sitenote_active":false,"_exactmetrics_sitenote_note":"","_exactmetrics_sitenote_category":0,"footnotes":"","_links_to":"","_links_to_target":""},"class_list":["post-466","page","type-page","status-publish","hentry"],"publishpress_future_action":{"enabled":false,"date":"2026-04-18 08:59:07","action":"change-status","newStatus":"draft","terms":[],"taxonomy":"","extraData":[]},"publishpress_future_workflow_manual_trigger":{"enabledWorkflows":[]},"_links":{"self":[{"href":"https:\/\/www3.unicentro.br\/proplan\/wp-json\/wp\/v2\/pages\/466","targetHints":{"allow":["GET"]}}],"collection":[{"href":"https:\/\/www3.unicentro.br\/proplan\/wp-json\/wp\/v2\/pages"}],"about":[{"href":"https:\/\/www3.unicentro.br\/proplan\/wp-json\/wp\/v2\/types\/page"}],"author":[{"embeddable":true,"href":"https:\/\/www3.unicentro.br\/proplan\/wp-json\/wp\/v2\/users\/3"}],"replies":[{"embeddable":true,"href":"https:\/\/www3.unicentro.br\/proplan\/wp-json\/wp\/v2\/comments?post=466"}],"version-history":[{"count":2,"href":"https:\/\/www3.unicentro.br\/proplan\/wp-json\/wp\/v2\/pages\/466\/revisions"}],"predecessor-version":[{"id":3994,"href":"https:\/\/www3.unicentro.br\/proplan\/wp-json\/wp\/v2\/pages\/466\/revisions\/3994"}],"up":[{"embeddable":true,"href":"https:\/\/www3.unicentro.br\/proplan\/wp-json\/wp\/v2\/pages\/55"}],"wp:attachment":[{"href":"https:\/\/www3.unicentro.br\/proplan\/wp-json\/wp\/v2\/media?parent=466"}],"curies":[{"name":"wp","href":"https:\/\/api.w.org\/{rel}","templated":true}]}}