{"id":450,"date":"2017-06-13T09:38:16","date_gmt":"2017-06-13T12:38:16","guid":{"rendered":"https:\/\/www3.unicentro.br\/proplan\/?page_id=450"},"modified":"2025-03-24T14:08:20","modified_gmt":"2025-03-24T17:08:20","slug":"areas-de-atuacao","status":"publish","type":"page","link":"https:\/\/www3.unicentro.br\/proplan\/avaliacao-institucional\/areas-de-atuacao\/","title":{"rendered":"\u00c1reas de Atua\u00e7\u00e3o"},"content":{"rendered":"<div class=\"wpb-content-wrapper\"><p>[vc_row][vc_column width=&#8221;1\/3&#8243;][vc_tta_accordion c_align=&#8221;center&#8221; c_icon=&#8221;&#8221; active_section=&#8221;1&#8243;][vc_tta_section title=&#8221;Alunado&#8221; tab_id=&#8221;1533144007743-75d316c6-2758&#8243;][vc_single_image image=&#8221;1872&#8243; img_size=&#8221;300&#215;200&#8243; alignment=&#8221;center&#8221; style=&#8221;vc_box_shadow_border&#8221;][vc_btn title=&#8221;Saiba Mais&#8221; style=&#8221;custom&#8221; custom_background=&#8221;#dd1a1a&#8221; custom_text=&#8221;#ffffff&#8221; align=&#8221;center&#8221; link=&#8221;url:https%3A%2F%2Fwww3.unicentro.br%2Fproplan%2Falunado%2F|||&#8221;][\/vc_tta_section][\/vc_tta_accordion][\/vc_column][vc_column width=&#8221;1\/3&#8243;][vc_tta_accordion c_align=&#8221;center&#8221; c_icon=&#8221;&#8221; active_section=&#8221;1&#8243;][vc_tta_section title=&#8221;Unicentro em N\u00fameros&#8221; tab_id=&#8221;1533145737660-2b832d9d-cbcf&#8221;][vc_single_image image=&#8221;1915&#8243; img_size=&#8221;300&#215;200&#8243; alignment=&#8221;center&#8221; style=&#8221;vc_box_shadow_border&#8221;][vc_btn title=&#8221;Saiba Mais&#8221; style=&#8221;custom&#8221; custom_background=&#8221;#dd1a1a&#8221; custom_text=&#8221;#ffffff&#8221; align=&#8221;center&#8221; link=&#8221;url:https%3A%2F%2Fwww3.unicentro.br%2Fproplan%2Favaliacao-institucional%2Funicentro-em-numeros%2F|||&#8221;][\/vc_tta_section][\/vc_tta_accordion][\/vc_column][vc_column width=&#8221;1\/3&#8243;][vc_tta_accordion c_align=&#8221;center&#8221; c_icon=&#8221;&#8221; active_section=&#8221;1&#8243;][vc_tta_section title=&#8221;Acompanhamento de Egressos&#8221; tab_id=&#8221;1533145222657-26d550e7-d11e&#8221;][vc_single_image image=&#8221;1876&#8243; img_size=&#8221;300&#215;200&#8243; alignment=&#8221;center&#8221; style=&#8221;vc_box_shadow_border&#8221;][vc_btn title=&#8221;Saiba Mais&#8221; style=&#8221;custom&#8221; custom_background=&#8221;#dd1a1a&#8221; custom_text=&#8221;#ffffff&#8221; align=&#8221;center&#8221; link=&#8221;url:https%3A%2F%2Fwww3.unicentro.br%2Fproplan%2Favaliacao-institucional%2Fareas-de-atuacao%2Frelatorios-de-acompanhamento-de-egressos-2016%2F|||&#8221;][\/vc_tta_section][\/vc_tta_accordion][\/vc_column][\/vc_row][vc_row][vc_column width=&#8221;1\/3&#8243;][vc_tta_accordion c_align=&#8221;center&#8221; c_icon=&#8221;&#8221; active_section=&#8221;1&#8243;][vc_tta_section title=&#8221;Anu\u00e1rio Estat\u00edstico&#8221; tab_id=&#8221;1533147269122-0bc8da84-dd0c&#8221;][vc_single_image image=&#8221;1895&#8243; img_size=&#8221;300&#215;200&#8243; alignment=&#8221;center&#8221; style=&#8221;vc_box_shadow_border&#8221;][vc_btn title=&#8221;Saiba Mais&#8221; style=&#8221;custom&#8221; custom_background=&#8221;#dd1a1a&#8221; custom_text=&#8221;#ffffff&#8221; align=&#8221;center&#8221; link=&#8221;url:https%3A%2F%2Fwww3.unicentro.br%2Fproplan%2Favaliacao-institucional%2Fanuarios-estatiticos%2F&#8221;][\/vc_tta_section][\/vc_tta_accordion][\/vc_column][vc_column width=&#8221;1\/3&#8243;][vc_tta_accordion c_align=&#8221;center&#8221; c_icon=&#8221;&#8221; active_section=&#8221;1&#8243;][vc_tta_section title=&#8221;Avalia\u00e7\u00e3o Perceptiva&#8221; tab_id=&#8221;1537881948347-c68b77e6-00ef&#8221;][vc_single_image image=&#8221;1911&#8243; img_size=&#8221;300&#215;200&#8243; alignment=&#8221;center&#8221; style=&#8221;vc_box_shadow_border&#8221;][vc_btn title=&#8221;Saiba Mais&#8221; style=&#8221;custom&#8221; custom_background=&#8221;#dd1a1a&#8221; custom_text=&#8221;#ffffff&#8221; align=&#8221;center&#8221; link=&#8221;url:https%3A%2F%2Fwww3.unicentro.br%2Fproplan%2Frelatorio-de-avaliacao-perceptiva%2F|||&#8221;][\/vc_tta_section][\/vc_tta_accordion][\/vc_column][vc_column width=&#8221;1\/3&#8243;][vc_tta_accordion c_align=&#8221;center&#8221; c_icon=&#8221;&#8221; active_section=&#8221;1&#8243;][vc_tta_section title=&#8221;Hist\u00f3rico de Concluintes&#8221; tab_id=&#8221;1637776104328-3a522886-00cb&#8221;][vc_single_image image=&#8221;2556&#8243; img_size=&#8221;300&#215;200&#8243; alignment=&#8221;center&#8221; style=&#8221;vc_box_shadow_border&#8221;][vc_btn title=&#8221;Saiba Mais&#8221; style=&#8221;custom&#8221; custom_background=&#8221;#dd1a1a&#8221; custom_text=&#8221;#ffffff&#8221; align=&#8221;center&#8221; link=&#8221;url:https%3A%2F%2Fwww3.unicentro.br%2Fproplan%2Fconcluintes%2F|||&#8221;][\/vc_tta_section][\/vc_tta_accordion][\/vc_column][\/vc_row][vc_row][vc_column width=&#8221;1\/3&#8243;][\/vc_column][vc_column width=&#8221;1\/3&#8243;][vc_tta_accordion c_align=&#8221;center&#8221; c_icon=&#8221;&#8221; active_section=&#8221;1&#8243;][vc_tta_section title=&#8221;Indicadores de Qualidade&#8221; tab_id=&#8221;1742327549368-77f36e99-ede7&#8243;][vc_single_image image=&#8221;4215&#8243; img_size=&#8221;300&#215;200&#8243; alignment=&#8221;center&#8221; style=&#8221;vc_box_shadow_border&#8221; css=&#8221;&#8221;][vc_btn title=&#8221;Saiba Mais&#8221; style=&#8221;custom&#8221; custom_background=&#8221;#dd1a1a&#8221; custom_text=&#8221;#ffffff&#8221; align=&#8221;center&#8221; css=&#8221;&#8221; link=&#8221;url:%20https%3A%2F%2Fwww3.unicentro.br%2Fproplan%2Findicadores-de-qualidade%2F&#8221;][\/vc_tta_section][\/vc_tta_accordion][\/vc_column][vc_column width=&#8221;1\/3&#8243;][\/vc_column][\/vc_row][vc_row][vc_column width=&#8221;1\/3&#8243;][\/vc_column][vc_column width=&#8221;1\/3&#8243;][\/vc_column][vc_column width=&#8221;1\/3&#8243;][\/vc_column][\/vc_row]<\/p>\n<\/div>","protected":false},"excerpt":{"rendered":"<p>[vc_row][vc_column width=&#8221;1\/3&#8243;][vc_tta_accordion c_align=&#8221;center&#8221; c_icon=&#8221;&#8221; active_section=&#8221;1&#8243;][vc_tta_section title=&#8221;Alunado&#8221; tab_id=&#8221;1533144007743-75d316c6-2758&#8243;][vc_single_image image=&#8221;1872&#8243; img_size=&#8221;300&#215;200&#8243; alignment=&#8221;center&#8221; style=&#8221;vc_box_shadow_border&#8221;][vc_btn title=&#8221;Saiba Mais&#8221; style=&#8221;custom&#8221; custom_background=&#8221;#dd1a1a&#8221; custom_text=&#8221;#ffffff&#8221; align=&#8221;center&#8221; link=&#8221;url:https%3A%2F%2Fwww3.unicentro.br%2Fproplan%2Falunado%2F|||&#8221;][\/vc_tta_section][\/vc_tta_accordion][\/vc_column][vc_column width=&#8221;1\/3&#8243;][vc_tta_accordion c_align=&#8221;center&#8221; c_icon=&#8221;&#8221; active_section=&#8221;1&#8243;][vc_tta_section title=&#8221;Unicentro em N\u00fameros&#8221; tab_id=&#8221;1533145737660-2b832d9d-cbcf&#8221;][vc_single_image image=&#8221;1915&#8243; img_size=&#8221;300&#215;200&#8243; alignment=&#8221;center&#8221; style=&#8221;vc_box_shadow_border&#8221;][vc_btn title=&#8221;Saiba Mais&#8221; style=&#8221;custom&#8221; custom_background=&#8221;#dd1a1a&#8221; custom_text=&#8221;#ffffff&#8221; align=&#8221;center&#8221; link=&#8221;url:https%3A%2F%2Fwww3.unicentro.br%2Fproplan%2Favaliacao-institucional%2Funicentro-em-numeros%2F|||&#8221;][\/vc_tta_section][\/vc_tta_accordion][\/vc_column][vc_column width=&#8221;1\/3&#8243;][vc_tta_accordion c_align=&#8221;center&#8221; c_icon=&#8221;&#8221; active_section=&#8221;1&#8243;][vc_tta_section title=&#8221;Acompanhamento de Egressos&#8221; tab_id=&#8221;1533145222657-26d550e7-d11e&#8221;][vc_single_image image=&#8221;1876&#8243; img_size=&#8221;300&#215;200&#8243; alignment=&#8221;center&#8221; style=&#8221;vc_box_shadow_border&#8221;][vc_btn title=&#8221;Saiba Mais&#8221; style=&#8221;custom&#8221; custom_background=&#8221;#dd1a1a&#8221; custom_text=&#8221;#ffffff&#8221; align=&#8221;center&#8221; [&hellip;]<\/p>\n","protected":false},"author":3,"featured_media":0,"parent":53,"menu_order":0,"comment_status":"closed","ping_status":"closed","template":"","meta":{"_exactmetrics_skip_tracking":false,"_exactmetrics_sitenote_active":false,"_exactmetrics_sitenote_note":"","_exactmetrics_sitenote_category":0,"footnotes":"","_links_to":"","_links_to_target":""},"class_list":["post-450","page","type-page","status-publish","hentry"],"publishpress_future_action":{"enabled":false,"date":"2026-05-11 17:26:57","action":"change-status","newStatus":"draft","terms":[],"taxonomy":"","extraData":[]},"publishpress_future_workflow_manual_trigger":{"enabledWorkflows":[]},"_links":{"self":[{"href":"https:\/\/www3.unicentro.br\/proplan\/wp-json\/wp\/v2\/pages\/450","targetHints":{"allow":["GET"]}}],"collection":[{"href":"https:\/\/www3.unicentro.br\/proplan\/wp-json\/wp\/v2\/pages"}],"about":[{"href":"https:\/\/www3.unicentro.br\/proplan\/wp-json\/wp\/v2\/types\/page"}],"author":[{"embeddable":true,"href":"https:\/\/www3.unicentro.br\/proplan\/wp-json\/wp\/v2\/users\/3"}],"replies":[{"embeddable":true,"href":"https:\/\/www3.unicentro.br\/proplan\/wp-json\/wp\/v2\/comments?post=450"}],"version-history":[{"count":2,"href":"https:\/\/www3.unicentro.br\/proplan\/wp-json\/wp\/v2\/pages\/450\/revisions"}],"predecessor-version":[{"id":4196,"href":"https:\/\/www3.unicentro.br\/proplan\/wp-json\/wp\/v2\/pages\/450\/revisions\/4196"}],"up":[{"embeddable":true,"href":"https:\/\/www3.unicentro.br\/proplan\/wp-json\/wp\/v2\/pages\/53"}],"wp:attachment":[{"href":"https:\/\/www3.unicentro.br\/proplan\/wp-json\/wp\/v2\/media?parent=450"}],"curies":[{"name":"wp","href":"https:\/\/api.w.org\/{rel}","templated":true}]}}