{"id":442,"date":"2017-06-13T09:36:47","date_gmt":"2017-06-13T12:36:47","guid":{"rendered":"https:\/\/www3.unicentro.br\/proplan\/?page_id=442"},"modified":"2025-10-22T16:51:21","modified_gmt":"2025-10-22T19:51:21","slug":"area-de-atuacao","status":"publish","type":"page","link":"https:\/\/www3.unicentro.br\/proplan\/planejamento-sustentabilidade\/area-de-atuacao\/","title":{"rendered":"\u00c1reas de Atua\u00e7\u00e3o"},"content":{"rendered":"<div class=\"wpb-content-wrapper\"><p>[vc_row][vc_column width=&#8221;1\/4&#8243;][vc_tta_accordion c_align=&#8221;center&#8221; c_icon=&#8221;&#8221; active_section=&#8221;1&#8243;][vc_tta_section title=&#8221;Plano e Projetos de Capta\u00e7\u00e3o de Recursos&#8221; tab_id=&#8221;1533148526274-16743cde-6562&#8243;][vc_single_image image=&#8221;1898&#8243; img_size=&#8221;300&#215;200&#8243; alignment=&#8221;center&#8221; style=&#8221;vc_box_shadow_border&#8221;][vc_btn title=&#8221;Saiba Mais&#8221; style=&#8221;custom&#8221; custom_background=&#8221;#dd1a1a&#8221; custom_text=&#8221;#ffffff&#8221; align=&#8221;center&#8221; link=&#8221;url:https%3A%2F%2Fwww3.unicentro.br%2Fproplan%2Fplanejamento%2Fcaptacao-de-recursos%2F|||&#8221;][\/vc_tta_section][\/vc_tta_accordion][\/vc_column][vc_column width=&#8221;1\/4&#8243;][vc_tta_accordion c_align=&#8221;center&#8221; c_icon=&#8221;&#8221; active_section=&#8221;1&#8243;][vc_tta_section title=&#8221;Plano de Desenvolvimento Institucional&#8221; tab_id=&#8221;1533147636393-7ff20b98-9211&#8243;][vc_single_image image=&#8221;1891&#8243; img_size=&#8221;300&#215;200&#8243; alignment=&#8221;center&#8221; style=&#8221;vc_box_shadow_border&#8221;][vc_btn title=&#8221;Saiba Mais&#8221; style=&#8221;custom&#8221; custom_background=&#8221;#dd1a1a&#8221; custom_text=&#8221;#ffffff&#8221; align=&#8221;center&#8221; link=&#8221;url:https%3A%2F%2Fwww3.unicentro.br%2Fproplan%2Fpdi%2F|||&#8221;][\/vc_tta_section][\/vc_tta_accordion][\/vc_column][vc_column width=&#8221;1\/4&#8243;][vc_tta_accordion c_align=&#8221;center&#8221; c_icon=&#8221;&#8221; active_section=&#8221;1&#8243;][vc_tta_section title=&#8221;Planejamento da Gest\u00e3o 2023 -2027&#8243; tab_id=&#8221;1605880981836-ea213e00-8b04&#8243;][vc_single_image image=&#8221;3338&#8243; img_size=&#8221;300&#215;200&#8243; alignment=&#8221;center&#8221; style=&#8221;vc_box_shadow_border&#8221;][vc_btn title=&#8221;Saiba Mais&#8221; style=&#8221;custom&#8221; custom_background=&#8221;#dd1a1a&#8221; custom_text=&#8221;#ffffff&#8221; align=&#8221;center&#8221; link=&#8221;url:%20https%3A%2F%2Fwww3.unicentro.br%2Fproplan%2Fplanejamento%2Farea-de-atuacao%2Fplano-de-metas-institucional%2F%20&#8243;][\/vc_tta_section][\/vc_tta_accordion][\/vc_column][vc_column width=&#8221;1\/4&#8243;][vc_tta_accordion c_align=&#8221;center&#8221; c_icon=&#8221;&#8221; active_section=&#8221;1&#8243;][vc_tta_section title=&#8221;\u24d8nformativo de Promo\u00e7\u00e3o dos Objetivos de Desenvolvimento Sustent\u00e1vel da Unicentro (IODS-U)&#8221; tab_id=&#8221;1761162076723-48af39a7-5704&#8243;][vc_single_image image=&#8221;4305&#8243; img_size=&#8221;300&#215;200&#8243; alignment=&#8221;center&#8221; style=&#8221;vc_box_shadow_border&#8221; css=&#8221;&#8221;][vc_btn title=&#8221;Saiba Mais&#8221; style=&#8221;custom&#8221; custom_background=&#8221;#dd1a1a&#8221; custom_text=&#8221;#ffffff&#8221; align=&#8221;center&#8221; css=&#8221;&#8221; link=&#8221;url:https%3A%2F%2Fwww3.unicentro.br%2Fproplan%2Fods-info%2F&#8221;][\/vc_tta_section][\/vc_tta_accordion][\/vc_column][\/vc_row]<\/p>\n<\/div>","protected":false},"excerpt":{"rendered":"<p>[vc_row][vc_column width=&#8221;1\/4&#8243;][vc_tta_accordion c_align=&#8221;center&#8221; c_icon=&#8221;&#8221; active_section=&#8221;1&#8243;][vc_tta_section title=&#8221;Plano e Projetos de Capta\u00e7\u00e3o de Recursos&#8221; tab_id=&#8221;1533148526274-16743cde-6562&#8243;][vc_single_image image=&#8221;1898&#8243; img_size=&#8221;300&#215;200&#8243; alignment=&#8221;center&#8221; style=&#8221;vc_box_shadow_border&#8221;][vc_btn title=&#8221;Saiba Mais&#8221; style=&#8221;custom&#8221; custom_background=&#8221;#dd1a1a&#8221; custom_text=&#8221;#ffffff&#8221; align=&#8221;center&#8221; link=&#8221;url:https%3A%2F%2Fwww3.unicentro.br%2Fproplan%2Fplanejamento%2Fcaptacao-de-recursos%2F|||&#8221;][\/vc_tta_section][\/vc_tta_accordion][\/vc_column][vc_column width=&#8221;1\/4&#8243;][vc_tta_accordion c_align=&#8221;center&#8221; c_icon=&#8221;&#8221; active_section=&#8221;1&#8243;][vc_tta_section title=&#8221;Plano de Desenvolvimento Institucional&#8221; tab_id=&#8221;1533147636393-7ff20b98-9211&#8243;][vc_single_image image=&#8221;1891&#8243; img_size=&#8221;300&#215;200&#8243; alignment=&#8221;center&#8221; style=&#8221;vc_box_shadow_border&#8221;][vc_btn title=&#8221;Saiba Mais&#8221; style=&#8221;custom&#8221; custom_background=&#8221;#dd1a1a&#8221; custom_text=&#8221;#ffffff&#8221; align=&#8221;center&#8221; link=&#8221;url:https%3A%2F%2Fwww3.unicentro.br%2Fproplan%2Fpdi%2F|||&#8221;][\/vc_tta_section][\/vc_tta_accordion][\/vc_column][vc_column width=&#8221;1\/4&#8243;][vc_tta_accordion c_align=&#8221;center&#8221; c_icon=&#8221;&#8221; active_section=&#8221;1&#8243;][vc_tta_section title=&#8221;Planejamento da Gest\u00e3o 2023 -2027&#8243; tab_id=&#8221;1605880981836-ea213e00-8b04&#8243;][vc_single_image image=&#8221;3338&#8243; [&hellip;]<\/p>\n","protected":false},"author":3,"featured_media":0,"parent":48,"menu_order":0,"comment_status":"closed","ping_status":"closed","template":"","meta":{"_exactmetrics_skip_tracking":false,"_exactmetrics_sitenote_active":false,"_exactmetrics_sitenote_note":"","_exactmetrics_sitenote_category":0,"footnotes":"","_links_to":"","_links_to_target":""},"class_list":["post-442","page","type-page","status-publish","hentry"],"publishpress_future_action":{"enabled":false,"date":"2026-04-11 17:46:50","action":"change-status","newStatus":"draft","terms":[],"taxonomy":"","extraData":[]},"publishpress_future_workflow_manual_trigger":{"enabledWorkflows":[]},"_links":{"self":[{"href":"https:\/\/www3.unicentro.br\/proplan\/wp-json\/wp\/v2\/pages\/442","targetHints":{"allow":["GET"]}}],"collection":[{"href":"https:\/\/www3.unicentro.br\/proplan\/wp-json\/wp\/v2\/pages"}],"about":[{"href":"https:\/\/www3.unicentro.br\/proplan\/wp-json\/wp\/v2\/types\/page"}],"author":[{"embeddable":true,"href":"https:\/\/www3.unicentro.br\/proplan\/wp-json\/wp\/v2\/users\/3"}],"replies":[{"embeddable":true,"href":"https:\/\/www3.unicentro.br\/proplan\/wp-json\/wp\/v2\/comments?post=442"}],"version-history":[{"count":2,"href":"https:\/\/www3.unicentro.br\/proplan\/wp-json\/wp\/v2\/pages\/442\/revisions"}],"predecessor-version":[{"id":4308,"href":"https:\/\/www3.unicentro.br\/proplan\/wp-json\/wp\/v2\/pages\/442\/revisions\/4308"}],"up":[{"embeddable":true,"href":"https:\/\/www3.unicentro.br\/proplan\/wp-json\/wp\/v2\/pages\/48"}],"wp:attachment":[{"href":"https:\/\/www3.unicentro.br\/proplan\/wp-json\/wp\/v2\/media?parent=442"}],"curies":[{"name":"wp","href":"https:\/\/api.w.org\/{rel}","templated":true}]}}