{"id":4262,"date":"2025-06-18T09:29:10","date_gmt":"2025-06-18T12:29:10","guid":{"rendered":"https:\/\/www3.unicentro.br\/proplan\/?page_id=4262"},"modified":"2025-06-18T09:45:21","modified_gmt":"2025-06-18T12:45:21","slug":"normas-para-publicacao","status":"publish","type":"page","link":"https:\/\/www3.unicentro.br\/proplan\/ods-info\/normas-para-publicacao\/","title":{"rendered":"Normas para publica\u00e7\u00e3o"},"content":{"rendered":"<div class=\"wpb-content-wrapper\"><p>[vc_row][vc_column][vc_single_image image=&#8221;4275&#8243; img_size=&#8221;full&#8221; alignment=&#8221;center&#8221; css=&#8221;&#8221;][vc_column_text]Os textos devem ser originais, descrevendo a articula\u00e7\u00e3o da a\u00e7\u00e3o (extens\u00e3o, pesquisa, ensino, inova\u00e7\u00e3o e presta\u00e7\u00e3o de servi\u00e7os) no conjunto das \u00e1reas de conhecimentos cient\u00edficos e tecnol\u00f3gicos da institui\u00e7\u00e3o, de maneira clara e objetiva. Deve-se evitar o uso de adjetivos, focar no tema e nos objetivos, cujo interesse resulta em a\u00e7\u00f5es efetivas e alinhadas aos Objetivos de Desenvolvimento Sustent\u00e1vel (ODS) para a comunidade em geral. Atentam-se para as quest\u00f5es indicadas, utilizando linguagem impessoal, apontando para as a\u00e7\u00f5es e com destaque para os objetivos e resultados.<\/p>\n<p>Seguindo as normas ortogr\u00e1ficas oficiais da l\u00edngua portuguesa e da ABNT, o texto deve conter: coordena\u00e7\u00e3o; filia\u00e7\u00e3o institucional (Departamento e\/ou Programa de P\u00f3s-Gradua\u00e7\u00e3o, Unidade Administrativa, C\u00e2mpus); t\u00edtulo da a\u00e7\u00e3o vinculada aos ODS; per\u00edodo de vig\u00eancia; links onde as a\u00e7\u00f5es estejam divulgadas e materiais similares (fotos, publica\u00e7\u00f5es, not\u00edcias, entre outros); parcerias e\/ou conv\u00eanios; bem como a indica\u00e7\u00e3o dos ODS relacionados.<\/p>\n<p>Os manuscritos devem ser digitados utilizando o editor de texto Microsoft Word for Windows (vers\u00e3o 6.0 ou superior), no formato A4 (21,0 x 29,7 cm). O t\u00edtulo deve ser centralizado, na fonte Arial 30, escrito em negrito, com a primeira letra mai\u00fascula, sem utiliza\u00e7\u00e3o de abreviaturas.<\/p>\n<p>O conte\u00fado dever\u00e1 ser apresentado no m\u00e1ximo com 1.000 caracteres com espa\u00e7os, fonte Arial, tamanho 15; notas de rodap\u00e9 em tamanho 14; espa\u00e7amento de 1,5 linha; digitado em uma \u00fanica face da folha; com margens laterais e margens superior e inferior de 2,5 cm. Poder\u00e1 conter fotos, tabelas, quadros, figuras e logotipos (extens\u00e3o png ou jpeg), que dever\u00e3o ser enumeradas em algarismo ar\u00e1bico e dever\u00e3o ser destacadas no texto, como: Figura 1, Tabela 1, Quadro 1 (&#8230;) e enviados em arquivos separados para o email pdi2023-2027@unicentro.br, com resolu\u00e7\u00e3o m\u00ednima de 300 dpi.<\/p>\n<p>A identifica\u00e7\u00e3o da coordena\u00e7\u00e3o e da equipe deve aparecer abaixo do conte\u00fado, citar titula\u00e7\u00e3o, filia\u00e7\u00e3o (institui\u00e7\u00e3o) e email do autor principal.<\/p>\n<p>No texto, poder\u00e3o ser utilizadas abreviaturas consagradas. Caso haja cita\u00e7\u00f5es, estas dever\u00e3o ser apresentadas no sistema de chamada por nota de rodap\u00e9, conforme as normas da ABNT (NBR 10520\/2002).[\/vc_column_text][\/vc_column][\/vc_row]<\/p>\n<\/div>","protected":false},"excerpt":{"rendered":"<p>[vc_row][vc_column][vc_single_image image=&#8221;4275&#8243; img_size=&#8221;full&#8221; alignment=&#8221;center&#8221; css=&#8221;&#8221;][vc_column_text]Os textos devem ser originais, descrevendo a articula\u00e7\u00e3o da a\u00e7\u00e3o (extens\u00e3o, pesquisa, ensino, inova\u00e7\u00e3o e presta\u00e7\u00e3o de servi\u00e7os) no conjunto das \u00e1reas de conhecimentos cient\u00edficos e tecnol\u00f3gicos da institui\u00e7\u00e3o, de maneira clara e objetiva. Deve-se evitar o uso de adjetivos, focar no tema e nos objetivos, cujo interesse resulta em a\u00e7\u00f5es [&hellip;]<\/p>\n","protected":false},"author":3,"featured_media":0,"parent":4243,"menu_order":0,"comment_status":"closed","ping_status":"closed","template":"","meta":{"_exactmetrics_skip_tracking":false,"_exactmetrics_sitenote_active":false,"_exactmetrics_sitenote_note":"","_exactmetrics_sitenote_category":0,"footnotes":"","_links_to":"","_links_to_target":""},"class_list":["post-4262","page","type-page","status-publish","hentry"],"publishpress_future_action":{"enabled":false,"date":"2026-04-14 14:45:30","action":"change-status","newStatus":"draft","terms":[],"taxonomy":"","extraData":[]},"publishpress_future_workflow_manual_trigger":{"enabledWorkflows":[]},"_links":{"self":[{"href":"https:\/\/www3.unicentro.br\/proplan\/wp-json\/wp\/v2\/pages\/4262","targetHints":{"allow":["GET"]}}],"collection":[{"href":"https:\/\/www3.unicentro.br\/proplan\/wp-json\/wp\/v2\/pages"}],"about":[{"href":"https:\/\/www3.unicentro.br\/proplan\/wp-json\/wp\/v2\/types\/page"}],"author":[{"embeddable":true,"href":"https:\/\/www3.unicentro.br\/proplan\/wp-json\/wp\/v2\/users\/3"}],"replies":[{"embeddable":true,"href":"https:\/\/www3.unicentro.br\/proplan\/wp-json\/wp\/v2\/comments?post=4262"}],"version-history":[{"count":1,"href":"https:\/\/www3.unicentro.br\/proplan\/wp-json\/wp\/v2\/pages\/4262\/revisions"}],"predecessor-version":[{"id":4281,"href":"https:\/\/www3.unicentro.br\/proplan\/wp-json\/wp\/v2\/pages\/4262\/revisions\/4281"}],"up":[{"embeddable":true,"href":"https:\/\/www3.unicentro.br\/proplan\/wp-json\/wp\/v2\/pages\/4243"}],"wp:attachment":[{"href":"https:\/\/www3.unicentro.br\/proplan\/wp-json\/wp\/v2\/media?parent=4262"}],"curies":[{"name":"wp","href":"https:\/\/api.w.org\/{rel}","templated":true}]}}