{"id":3448,"date":"2023-09-04T10:50:54","date_gmt":"2023-09-04T13:50:54","guid":{"rendered":"https:\/\/www3.unicentro.br\/proplan\/?page_id=3448"},"modified":"2023-09-04T11:05:58","modified_gmt":"2023-09-04T14:05:58","slug":"pdi-2023-2027","status":"publish","type":"page","link":"https:\/\/www3.unicentro.br\/proplan\/planejamento-sustentabilidade\/pdi-2023-2027\/","title":{"rendered":"PDI 2023-2027"},"content":{"rendered":"<div class=\"wpb-content-wrapper\"><p>[vc_row][vc_column][vc_single_image image=&#8221;3452&#8243; img_size=&#8221;full&#8221; alignment=&#8221;center&#8221;][\/vc_column][\/vc_row][vc_row][vc_column width=&#8221;1\/2&#8243;][vc_tta_accordion c_align=&#8221;center&#8221; c_icon=&#8221;&#8221; active_section=&#8221;1&#8243;][vc_tta_section title=&#8221;Sobre o PDI 2023-2027&#8243; tab_id=&#8221;1534795386616-34a7f4ef-9994&#8243;][vc_column_text]<\/p>\n<p style=\"text-align: justify\">O Plano de Desenvolvimento Institucional \u2013 PDI, \u00e9 elaborado para um per\u00edodo de 5 (cinco) anos. Ele \u00e9 o documento que identifica a Institui\u00e7\u00e3o de Ensino Superior (IES), no que diz respeito a filosofia de trabalho, \u00e0 miss\u00e3o que a Universidade se prop\u00f5e, suas diretrizes pedag\u00f3gicas e acad\u00eamicas, e a sua estrutura organizacional laboral, no que diz respeito a gest\u00e3o Institucional.<\/p>\n<p style=\"text-align: justify\">Em conformidade com a DELIBERA\u00c7\u00c3O CEE\/CP N \u00ba 06\/2020, aprovada em 09\/11\/2020, que fixa normas para as Institui\u00e7\u00f5es de Educa\u00e7\u00e3o Superior, mantidas pelo Poder P\u00fablico Estadual e Municipal do Estado do Paran\u00e1, sobre o exerc\u00edcio das fun\u00e7\u00f5es de regula\u00e7\u00e3o, supervis\u00e3o e avalia\u00e7\u00e3o das institui\u00e7\u00f5es e de seus cursos, no Artigo 12, est\u00e1 expresso que \u201co Plano de Desenvolvimento Institucional (PDI), \u00e9 o documento de planejamento global da institui\u00e7\u00e3o\u201d. O Artigo 13, ressalta que o \u201cPDI deve integrar o pedido de credenciamento e de recredenciamento, e constitui-se no compromisso de planejamento e de a\u00e7\u00f5es das Institui\u00e7\u00f5es de Educa\u00e7\u00e3o Superior\u201d.<\/p>\n<p style=\"text-align: justify\">Dessa forma, a elabora\u00e7\u00e3o do PDI contempla as diferentes dimens\u00f5es institucionais, identifica o seu perfil e o significado de sua atua\u00e7\u00e3o, atividades, cursos, programas, projetos e setores. Portanto, a participa\u00e7\u00e3o colaborativa foi fundamental para a elabora\u00e7\u00e3o do PDI 2023-2027!<\/p>\n<p>[\/vc_column_text][\/vc_tta_section][\/vc_tta_accordion][\/vc_column][vc_column width=&#8221;1\/2&#8243;][vc_single_image image=&#8221;3445&#8243; img_size=&#8221;full&#8221; alignment=&#8221;center&#8221; style=&#8221;vc_box_shadow_border&#8221;][vc_btn title=&#8221;Acesse o PDI 2023 &#8211; 2027&#8243; style=&#8221;custom&#8221; custom_background=&#8221;#dd1a1a&#8221; custom_text=&#8221;#ffffff&#8221; align=&#8221;center&#8221; link=&#8221;url:https%3A%2F%2Fwww3.unicentro.br%2Fproplan%2Fwp-content%2Fuploads%2Fsites%2F17%2F2023%2F09%2FPDI_01_de_setembro_com_resolu_o_6_64f22a45503ed.pdf|target:_blank&#8221;][\/vc_column][\/vc_row][vc_row][vc_column][vc_btn title=&#8221;<b>Voltar<\/b>&#8221; style=&#8221;custom&#8221; custom_background=&#8221;#dd1a1a&#8221; custom_text=&#8221;#ffffff&#8221; align=&#8221;center&#8221; i_icon_fontawesome=&#8221;fa fa-arrow-left&#8221; button_block=&#8221;true&#8221; add_icon=&#8221;true&#8221; link=&#8221;url:https%3A%2F%2Fwww3.unicentro.br%2Fproplan%2Fplanejamento%2Fpdi%2F|||&#8221;][\/vc_column][\/vc_row]<\/p>\n<\/div>","protected":false},"excerpt":{"rendered":"<p>[vc_row][vc_column][vc_single_image image=&#8221;3452&#8243; img_size=&#8221;full&#8221; alignment=&#8221;center&#8221;][\/vc_column][\/vc_row][vc_row][vc_column width=&#8221;1\/2&#8243;][vc_tta_accordion c_align=&#8221;center&#8221; c_icon=&#8221;&#8221; active_section=&#8221;1&#8243;][vc_tta_section title=&#8221;Sobre o PDI 2023-2027&#8243; tab_id=&#8221;1534795386616-34a7f4ef-9994&#8243;][vc_column_text] O Plano de Desenvolvimento Institucional \u2013 PDI, \u00e9 elaborado para um per\u00edodo de 5 (cinco) anos. Ele \u00e9 o documento que identifica a Institui\u00e7\u00e3o de Ensino Superior (IES), no que diz respeito a filosofia de trabalho, \u00e0 miss\u00e3o que a Universidade se [&hellip;]<\/p>\n","protected":false},"author":6,"featured_media":0,"parent":48,"menu_order":0,"comment_status":"closed","ping_status":"closed","template":"","meta":{"_exactmetrics_skip_tracking":false,"_exactmetrics_sitenote_active":false,"_exactmetrics_sitenote_note":"","_exactmetrics_sitenote_category":0,"footnotes":"","_links_to":"","_links_to_target":""},"class_list":["post-3448","page","type-page","status-publish","hentry"],"publishpress_future_action":{"enabled":false,"date":"2026-04-12 20:45:10","action":"change-status","newStatus":"draft","terms":[],"taxonomy":"","extraData":[]},"publishpress_future_workflow_manual_trigger":{"enabledWorkflows":[]},"_links":{"self":[{"href":"https:\/\/www3.unicentro.br\/proplan\/wp-json\/wp\/v2\/pages\/3448","targetHints":{"allow":["GET"]}}],"collection":[{"href":"https:\/\/www3.unicentro.br\/proplan\/wp-json\/wp\/v2\/pages"}],"about":[{"href":"https:\/\/www3.unicentro.br\/proplan\/wp-json\/wp\/v2\/types\/page"}],"author":[{"embeddable":true,"href":"https:\/\/www3.unicentro.br\/proplan\/wp-json\/wp\/v2\/users\/6"}],"replies":[{"embeddable":true,"href":"https:\/\/www3.unicentro.br\/proplan\/wp-json\/wp\/v2\/comments?post=3448"}],"version-history":[{"count":1,"href":"https:\/\/www3.unicentro.br\/proplan\/wp-json\/wp\/v2\/pages\/3448\/revisions"}],"predecessor-version":[{"id":3454,"href":"https:\/\/www3.unicentro.br\/proplan\/wp-json\/wp\/v2\/pages\/3448\/revisions\/3454"}],"up":[{"embeddable":true,"href":"https:\/\/www3.unicentro.br\/proplan\/wp-json\/wp\/v2\/pages\/48"}],"wp:attachment":[{"href":"https:\/\/www3.unicentro.br\/proplan\/wp-json\/wp\/v2\/media?parent=3448"}],"curies":[{"name":"wp","href":"https:\/\/api.w.org\/{rel}","templated":true}]}}