{"id":3293,"date":"2020-11-20T11:01:43","date_gmt":"2020-11-20T14:01:43","guid":{"rendered":"https:\/\/www3.unicentro.br\/proplan\/?page_id=3293"},"modified":"2023-09-05T16:57:48","modified_gmt":"2023-09-05T19:57:48","slug":"plano-de-metas-institucional","status":"publish","type":"page","link":"https:\/\/www3.unicentro.br\/proplan\/planejamento-sustentabilidade\/area-de-atuacao\/plano-de-metas-institucional\/","title":{"rendered":"Plano de Metas Institucional"},"content":{"rendered":"<div class=\"wpb-content-wrapper\"><p>[vc_row][vc_column][vc_single_image image=&#8221;3297&#8243; img_size=&#8221;full&#8221; alignment=&#8221;center&#8221;][\/vc_column][\/vc_row][vc_row][vc_column][vc_tta_accordion autoplay=&#8221;1&#8243; c_icon=&#8221;&#8221; active_section=&#8221;1&#8243;][vc_tta_section tab_id=&#8221;1605875294032-61d0994c-d139&#8243; title=&#8221;Planejamento da Gest\u00e3o 2023 &#8211; 2027&#8243;][vc_row_inner][vc_column_inner width=&#8221;1\/2&#8243;][vc_column_text]<\/p>\n<p style=\"text-align: justify\"><span style=\"font-size: 11.0pt;line-height: 150%;color: black\">Este trecho do Plano de Desenvolvimento Institucional (PDI), para o quinqu\u00eanio 2023-2027, <\/span><span style=\"color: black;font-size: 11pt;text-indent: 1cm\">da Unicentro cont\u00e9m as perspectivas de crescimento da Universidade, norteadas pelo Plano de Expans\u00e3o.<\/span><\/p>\n<p>[\/vc_column_text][\/vc_column_inner][vc_column_inner width=&#8221;1\/2&#8243;][vc_empty_space][vc_btn title=&#8221;Plano de Metas (PDF)&#8221; style=&#8221;custom&#8221; custom_background=&#8221;#dd1a1a&#8221; custom_text=&#8221;#ffffff&#8221; align=&#8221;center&#8221; link=&#8221;url:https%3A%2F%2Fwww3.unicentro.br%2Fproplan%2Fwp-content%2Fuploads%2Fsites%2F17%2F2023%2F09%2FPlano-de-expansao.pdf&#8221;][\/vc_column_inner][\/vc_row_inner][\/vc_tta_section][\/vc_tta_accordion][\/vc_column][\/vc_row]<\/p>\n<\/div>","protected":false},"excerpt":{"rendered":"<p>[vc_row][vc_column][vc_single_image image=&#8221;3297&#8243; img_size=&#8221;full&#8221; alignment=&#8221;center&#8221;][\/vc_column][\/vc_row][vc_row][vc_column][vc_tta_accordion autoplay=&#8221;1&#8243; c_icon=&#8221;&#8221; active_section=&#8221;1&#8243;][vc_tta_section tab_id=&#8221;1605875294032-61d0994c-d139&#8243; title=&#8221;Planejamento da Gest\u00e3o 2023 &#8211; 2027&#8243;][vc_row_inner][vc_column_inner width=&#8221;1\/2&#8243;][vc_column_text] Este trecho do Plano de Desenvolvimento Institucional (PDI), para o quinqu\u00eanio 2023-2027, da Unicentro cont\u00e9m as perspectivas de crescimento da Universidade, norteadas pelo Plano de Expans\u00e3o. [\/vc_column_text][\/vc_column_inner][vc_column_inner width=&#8221;1\/2&#8243;][vc_empty_space][vc_btn title=&#8221;Plano de Metas (PDF)&#8221; style=&#8221;custom&#8221; custom_background=&#8221;#dd1a1a&#8221; custom_text=&#8221;#ffffff&#8221; align=&#8221;center&#8221; link=&#8221;url:https%3A%2F%2Fwww3.unicentro.br%2Fproplan%2Fwp-content%2Fuploads%2Fsites%2F17%2F2023%2F09%2FPlano-de-expansao.pdf&#8221;][\/vc_column_inner][\/vc_row_inner][\/vc_tta_section][\/vc_tta_accordion][\/vc_column][\/vc_row]<\/p>\n","protected":false},"author":12,"featured_media":0,"parent":442,"menu_order":0,"comment_status":"closed","ping_status":"closed","template":"","meta":{"_exactmetrics_skip_tracking":false,"_exactmetrics_sitenote_active":false,"_exactmetrics_sitenote_note":"","_exactmetrics_sitenote_category":0,"footnotes":"","_links_to":"","_links_to_target":""},"class_list":["post-3293","page","type-page","status-publish","hentry"],"publishpress_future_action":{"enabled":false,"date":"2026-04-11 22:22:05","action":"change-status","newStatus":"draft","terms":[],"taxonomy":"","extraData":[]},"publishpress_future_workflow_manual_trigger":{"enabledWorkflows":[]},"_links":{"self":[{"href":"https:\/\/www3.unicentro.br\/proplan\/wp-json\/wp\/v2\/pages\/3293","targetHints":{"allow":["GET"]}}],"collection":[{"href":"https:\/\/www3.unicentro.br\/proplan\/wp-json\/wp\/v2\/pages"}],"about":[{"href":"https:\/\/www3.unicentro.br\/proplan\/wp-json\/wp\/v2\/types\/page"}],"author":[{"embeddable":true,"href":"https:\/\/www3.unicentro.br\/proplan\/wp-json\/wp\/v2\/users\/12"}],"replies":[{"embeddable":true,"href":"https:\/\/www3.unicentro.br\/proplan\/wp-json\/wp\/v2\/comments?post=3293"}],"version-history":[{"count":2,"href":"https:\/\/www3.unicentro.br\/proplan\/wp-json\/wp\/v2\/pages\/3293\/revisions"}],"predecessor-version":[{"id":3457,"href":"https:\/\/www3.unicentro.br\/proplan\/wp-json\/wp\/v2\/pages\/3293\/revisions\/3457"}],"up":[{"embeddable":true,"href":"https:\/\/www3.unicentro.br\/proplan\/wp-json\/wp\/v2\/pages\/442"}],"wp:attachment":[{"href":"https:\/\/www3.unicentro.br\/proplan\/wp-json\/wp\/v2\/media?parent=3293"}],"curies":[{"name":"wp","href":"https:\/\/api.w.org\/{rel}","templated":true}]}}