{"id":2729,"date":"2019-02-26T10:13:08","date_gmt":"2019-02-26T13:13:08","guid":{"rendered":"https:\/\/www3.unicentro.br\/proplan\/?page_id=2729"},"modified":"2019-02-26T13:15:39","modified_gmt":"2019-02-26T16:15:39","slug":"acompanhamento-de-egressos-da-unicentro-2017","status":"publish","type":"page","link":"https:\/\/www3.unicentro.br\/proplan\/acompanhamento-de-egressos-da-unicentro-2017\/","title":{"rendered":"Acompanhamento de Egressos da Unicentro &#8211; 2017"},"content":{"rendered":"<div class=\"wpb-content-wrapper\"><p>[vc_row][vc_column][vc_single_image image=&#8221;2731&#8243; img_size=&#8221;full&#8221;][vc_text_separator title=&#8221;Confira os Relat\u00f3rios de Acompanhamento de Egressos de 2017&#8243; color=&#8221;custom&#8221; border_width=&#8221;2&#8243; accent_color=&#8221;#dd1a1a&#8221;][\/vc_column][\/vc_row][vc_row][vc_column width=&#8221;1\/4&#8243;][vc_single_image image=&#8221;2735&#8243; img_size=&#8221;large&#8221; alignment=&#8221;center&#8221; style=&#8221;vc_box_shadow_border&#8221; onclick=&#8221;custom_link&#8221; img_link_target=&#8221;_blank&#8221; link=&#8221;https:\/\/www3.unicentro.br\/proplan\/wp-content\/uploads\/sites\/17\/2019\/02\/Arte-Licenciatura-SC-min.pdf&#8221;][vc_single_image image=&#8221;2751&#8243; img_size=&#8221;large&#8221; alignment=&#8221;center&#8221; style=&#8221;vc_box_shadow_border&#8221; onclick=&#8221;custom_link&#8221; img_link_target=&#8221;_blank&#8221; link=&#8221;https:\/\/www3.unicentro.br\/proplan\/wp-content\/uploads\/sites\/17\/2019\/02\/Engenharia-Ambiental-Bacharelado-Irati-min.pdf&#8221;][vc_single_image image=&#8221;2765&#8243; img_size=&#8221;large&#8221; alignment=&#8221;center&#8221; style=&#8221;vc_box_shadow_border&#8221; onclick=&#8221;custom_link&#8221; img_link_target=&#8221;_blank&#8221; link=&#8221;https:\/\/www3.unicentro.br\/proplan\/wp-content\/uploads\/sites\/17\/2019\/02\/F\u00edsica-Licenciatura-Cedeteg-min.pdf&#8221;][vc_single_image image=&#8221;2783&#8243; img_size=&#8221;large&#8221; alignment=&#8221;center&#8221; style=&#8221;vc_box_shadow_border&#8221; onclick=&#8221;custom_link&#8221; img_link_target=&#8221;_blank&#8221; link=&#8221;https:\/\/www3.unicentro.br\/proplan\/wp-content\/uploads\/sites\/17\/2019\/02\/Hist\u00f3ria-Licenciatura-Santa-Cruz-min.pdf&#8221;][vc_single_image image=&#8221;2793&#8243; img_size=&#8221;large&#8221; alignment=&#8221;center&#8221; style=&#8221;vc_box_shadow_border&#8221; onclick=&#8221;custom_link&#8221; img_link_target=&#8221;_blank&#8221; link=&#8221;https:\/\/www3.unicentro.br\/proplan\/wp-content\/uploads\/sites\/17\/2019\/02\/Letras-Ingles-e-Literaturas-Santa-Cruz-min.pdf&#8221;][vc_single_image image=&#8221;2803&#8243; img_size=&#8221;large&#8221; alignment=&#8221;center&#8221; style=&#8221;vc_box_shadow_border&#8221; onclick=&#8221;custom_link&#8221; img_link_target=&#8221;_blank&#8221; link=&#8221;https:\/\/www3.unicentro.br\/proplan\/wp-content\/uploads\/sites\/17\/2019\/02\/Matem\u00e1tica-Licenciatura-Cedeteg-min.pdf&#8221;][vc_single_image image=&#8221;2817&#8243; img_size=&#8221;large&#8221; alignment=&#8221;center&#8221; style=&#8221;vc_box_shadow_border&#8221; onclick=&#8221;custom_link&#8221; img_link_target=&#8221;_blank&#8221; link=&#8221;https:\/\/www3.unicentro.br\/proplan\/wp-content\/uploads\/sites\/17\/2019\/02\/Pedagogia-Doc\u00eancia-e-Gest\u00e3o-Educacional-Laranjeiras-min.pdf&#8221;][vc_single_image image=&#8221;2830&#8243; img_size=&#8221;large&#8221; alignment=&#8221;center&#8221; style=&#8221;vc_box_shadow_border&#8221; onclick=&#8221;custom_link&#8221; img_link_target=&#8221;_blank&#8221; link=&#8221;https:\/\/www3.unicentro.br\/proplan\/wp-content\/uploads\/sites\/17\/2019\/02\/Qu\u00edmica-Licenciatura-Cedeteg-min.pdf&#8221;][\/vc_column][vc_column width=&#8221;1\/4&#8243;][vc_single_image image=&#8221;2743&#8243; img_size=&#8221;large&#8221; alignment=&#8221;center&#8221; style=&#8221;vc_box_shadow_border&#8221; onclick=&#8221;custom_link&#8221; img_link_target=&#8221;_blank&#8221; link=&#8221;https:\/\/www3.unicentro.br\/proplan\/wp-content\/uploads\/sites\/17\/2019\/02\/Ci\u00eancia-da-Computa\u00e7\u00e3o-Bacharelado-Cedeteg-min.pdf&#8221;][vc_single_image image=&#8221;2756&#8243; img_size=&#8221;large&#8221; alignment=&#8221;center&#8221; style=&#8221;vc_box_shadow_border&#8221; onclick=&#8221;custom_link&#8221; img_link_target=&#8221;_blank&#8221; link=&#8221;https:\/\/www3.unicentro.br\/proplan\/wp-content\/uploads\/sites\/17\/2019\/02\/Engenharia-de-Alimentos-Bacharelado-Irati-min.pdf&#8221;][vc_single_image image=&#8221;2775&#8243; img_size=&#8221;large&#8221; alignment=&#8221;center&#8221; style=&#8221;vc_box_shadow_border&#8221; onclick=&#8221;custom_link&#8221; img_link_target=&#8221;_blank&#8221; link=&#8221;https:\/\/www3.unicentro.br\/proplan\/wp-content\/uploads\/sites\/17\/2019\/02\/Geografia-Licenciatura-Irati-min.pdf&#8221;][vc_single_image image=&#8221;2777&#8243; img_size=&#8221;large&#8221; alignment=&#8221;center&#8221; style=&#8221;vc_box_shadow_border&#8221; onclick=&#8221;custom_link&#8221; img_link_target=&#8221;_blank&#8221; link=&#8221;https:\/\/www3.unicentro.br\/proplan\/wp-content\/uploads\/sites\/17\/2019\/02\/Hist\u00f3ria-Licenciatura-Coronel-Vivida-min.pdf&#8221;][vc_single_image image=&#8221;2787&#8243; img_size=&#8221;large&#8221; alignment=&#8221;center&#8221; style=&#8221;vc_box_shadow_border&#8221; onclick=&#8221;custom_link&#8221; img_link_target=&#8221;_blank&#8221; link=&#8221;https:\/\/www3.unicentro.br\/proplan\/wp-content\/uploads\/sites\/17\/2019\/02\/Letras-Espanhol-Licenciatura-Irati-min.pdf&#8221;][vc_single_image image=&#8221;2805&#8243; img_size=&#8221;large&#8221; alignment=&#8221;center&#8221; style=&#8221;vc_box_shadow_border&#8221; onclick=&#8221;custom_link&#8221; img_link_target=&#8221;_blank&#8221; link=&#8221;https:\/\/www3.unicentro.br\/proplan\/wp-content\/uploads\/sites\/17\/2019\/02\/Matem\u00e1tica-Licenciatura-Irati-min.pdf&#8221;][vc_single_image image=&#8221;2808&#8243; img_size=&#8221;large&#8221; alignment=&#8221;center&#8221; style=&#8221;vc_box_shadow_border&#8221; onclick=&#8221;custom_link&#8221; img_link_target=&#8221;_blank&#8221; link=&#8221;https:\/\/www3.unicentro.br\/proplan\/wp-content\/uploads\/sites\/17\/2019\/02\/Pedagogia-Irati-min.pdf&#8221;][vc_single_image image=&#8221;2827&#8243; img_size=&#8221;large&#8221; alignment=&#8221;center&#8221; style=&#8221;vc_box_shadow_border&#8221; onclick=&#8221;custom_link&#8221; img_link_target=&#8221;_blank&#8221; link=&#8221;https:\/\/www3.unicentro.br\/proplan\/wp-content\/uploads\/sites\/17\/2019\/02\/Qu\u00edmica-Bacharelado-Cedeteg-min.pdf&#8221;][\/vc_column][vc_column width=&#8221;1\/4&#8243;][vc_single_image image=&#8221;2746&#8243; img_size=&#8221;large&#8221; alignment=&#8221;center&#8221; style=&#8221;vc_box_shadow_border&#8221; onclick=&#8221;custom_link&#8221; img_link_target=&#8221;_blank&#8221; link=&#8221;https:\/\/www3.unicentro.br\/proplan\/wp-content\/uploads\/sites\/17\/2019\/02\/Ci\u00eancias-Biol\u00f3gicas-Licenciatura-Cedeteg-min.pdf&#8221;][vc_single_image image=&#8221;2760&#8243; img_size=&#8221;large&#8221; alignment=&#8221;center&#8221; style=&#8221;vc_box_shadow_border&#8221; onclick=&#8221;custom_link&#8221; img_link_target=&#8221;_blank&#8221; link=&#8221;https:\/\/www3.unicentro.br\/proplan\/wp-content\/uploads\/sites\/17\/2019\/02\/Engenharia-Florestal-Bacharelado-Irati-min.pdf&#8221;][vc_single_image image=&#8221;2768&#8243; img_size=&#8221;large&#8221; alignment=&#8221;center&#8221; style=&#8221;vc_box_shadow_border&#8221; onclick=&#8221;custom_link&#8221; img_link_target=&#8221;_blank&#8221; link=&#8221;https:\/\/www3.unicentro.br\/proplan\/wp-content\/uploads\/sites\/17\/2019\/02\/Geografia-Bacharelado-Cedeteg-min.pdf&#8221;][vc_single_image image=&#8221;2781&#8243; img_size=&#8221;large&#8221; alignment=&#8221;center&#8221; style=&#8221;vc_box_shadow_border&#8221; onclick=&#8221;custom_link&#8221; img_link_target=&#8221;_blank&#8221; link=&#8221;https:\/\/www3.unicentro.br\/proplan\/wp-content\/uploads\/sites\/17\/2019\/02\/Hist\u00f3ria-Licenciatura-Irati-min.pdf&#8221;][vc_single_image image=&#8221;2799&#8243; img_size=&#8221;large&#8221; alignment=&#8221;center&#8221; style=&#8221;vc_box_shadow_border&#8221; onclick=&#8221;custom_link&#8221; img_link_target=&#8221;_blank&#8221; link=&#8221;https:\/\/www3.unicentro.br\/proplan\/wp-content\/uploads\/sites\/17\/2019\/02\/Letras-Portugu\u00eas-e-Literaturas-Santa-Cruz-min.pdf&#8221;][vc_single_image image=&#8221;2812&#8243; img_size=&#8221;large&#8221; alignment=&#8221;center&#8221; style=&#8221;vc_box_shadow_border&#8221; onclick=&#8221;custom_link&#8221; img_link_target=&#8221;_blank&#8221; link=&#8221;https:\/\/www3.unicentro.br\/proplan\/wp-content\/uploads\/sites\/17\/2019\/02\/Pedagogia-Prudent\u00f3polis-min.pdf&#8221;][vc_single_image image=&#8221;2824&#8243; img_size=&#8221;large&#8221; alignment=&#8221;center&#8221; style=&#8221;vc_box_shadow_border&#8221; onclick=&#8221;custom_link&#8221; img_link_target=&#8221;_blank&#8221; link=&#8221;https:\/\/www3.unicentro.br\/proplan\/wp-content\/uploads\/sites\/17\/2019\/02\/Pedagogia-Doc\u00eancia-e-Gest\u00e3o-Educacional-Santa-Cruz-min.pdf&#8221;][\/vc_column][vc_column width=&#8221;1\/4&#8243;][vc_single_image image=&#8221;2749&#8243; img_size=&#8221;large&#8221; alignment=&#8221;center&#8221; style=&#8221;vc_box_shadow_border&#8221; onclick=&#8221;custom_link&#8221; img_link_target=&#8221;_blank&#8221; link=&#8221;https:\/\/www3.unicentro.br\/proplan\/wp-content\/uploads\/sites\/17\/2019\/02\/Educa\u00e7\u00e3o-F\u00edsica-Licenciatura-Irati-min.pdf&#8221;][vc_single_image image=&#8221;2762&#8243; img_size=&#8221;large&#8221; alignment=&#8221;center&#8221; style=&#8221;vc_box_shadow_border&#8221; onclick=&#8221;custom_link&#8221; img_link_target=&#8221;_blank&#8221; link=&#8221;https:\/\/www3.unicentro.br\/proplan\/wp-content\/uploads\/sites\/17\/2019\/02\/Filosofia-Licenciatura-Santa-Cruz-min.pdf&#8221;][vc_single_image image=&#8221;2771&#8243; img_size=&#8221;large&#8221; alignment=&#8221;center&#8221; style=&#8221;vc_box_shadow_border&#8221; onclick=&#8221;custom_link&#8221; img_link_target=&#8221;_blank&#8221; link=&#8221;https:\/\/www3.unicentro.br\/proplan\/wp-content\/uploads\/sites\/17\/2019\/02\/Geografia-Licenciatura-Cedeteg-min.pdf&#8221;][vc_single_image image=&#8221;2789&#8243; img_size=&#8221;large&#8221; alignment=&#8221;center&#8221; style=&#8221;vc_box_shadow_border&#8221; onclick=&#8221;custom_link&#8221; img_link_target=&#8221;_blank&#8221; link=&#8221;https:\/\/www3.unicentro.br\/proplan\/wp-content\/uploads\/sites\/17\/2019\/02\/Letras-Ingl\u00eas-Irati-min.pdf&#8221;][vc_single_image image=&#8221;2796&#8243; img_size=&#8221;large&#8221; alignment=&#8221;center&#8221; style=&#8221;vc_box_shadow_border&#8221; onclick=&#8221;custom_link&#8221; img_link_target=&#8221;_blank&#8221; link=&#8221;https:\/\/www3.unicentro.br\/proplan\/wp-content\/uploads\/sites\/17\/2019\/02\/Letras-Portugu\u00eas-Irati-min.pdf&#8221;][vc_single_image image=&#8221;2814&#8243; img_size=&#8221;large&#8221; alignment=&#8221;center&#8221; style=&#8221;vc_box_shadow_border&#8221; onclick=&#8221;custom_link&#8221; img_link_target=&#8221;_blank&#8221; link=&#8221;https:\/\/www3.unicentro.br\/proplan\/wp-content\/uploads\/sites\/17\/2019\/02\/Pedagogia-Doc\u00eancia-e-Gest\u00e3o-Educacional-Chopinzinho-min.pdf&#8221;][vc_single_image image=&#8221;2821&#8243; img_size=&#8221;large&#8221; alignment=&#8221;center&#8221; style=&#8221;vc_box_shadow_border&#8221; onclick=&#8221;custom_link&#8221; img_link_target=&#8221;_blank&#8221; link=&#8221;https:\/\/www3.unicentro.br\/proplan\/wp-content\/uploads\/sites\/17\/2019\/02\/Pedagogia-Doc\u00eancia-e-Gest\u00e3o-Educacional-Pitanga-min.pdf&#8221;][\/vc_column][\/vc_row][vc_row][vc_column][vc_btn title=&#8221;Voltar&#8221; style=&#8221;custom&#8221; custom_background=&#8221;#dd1a1a&#8221; custom_text=&#8221;#ffffff&#8221; align=&#8221;center&#8221; i_icon_fontawesome=&#8221;fa fa-arrow-left&#8221; button_block=&#8221;true&#8221; add_icon=&#8221;true&#8221; link=&#8221;url:https%3A%2F%2Fwww3.unicentro.br%2Fproplan%2Favaliacao-institucional%2Fareas-de-atuacao%2F|||&#8221;][\/vc_column][\/vc_row]<\/p>\n<\/div>","protected":false},"excerpt":{"rendered":"<p>[vc_row][vc_column][vc_single_image image=&#8221;2731&#8243; img_size=&#8221;full&#8221;][vc_text_separator title=&#8221;Confira os Relat\u00f3rios de Acompanhamento de Egressos de 2017&#8243; color=&#8221;custom&#8221; border_width=&#8221;2&#8243; accent_color=&#8221;#dd1a1a&#8221;][\/vc_column][\/vc_row][vc_row][vc_column width=&#8221;1\/4&#8243;][vc_single_image image=&#8221;2735&#8243; img_size=&#8221;large&#8221; alignment=&#8221;center&#8221; style=&#8221;vc_box_shadow_border&#8221; onclick=&#8221;custom_link&#8221; img_link_target=&#8221;_blank&#8221; link=&#8221;https:\/\/www3.unicentro.br\/proplan\/wp-content\/uploads\/sites\/17\/2019\/02\/Arte-Licenciatura-SC-min.pdf&#8221;][vc_single_image image=&#8221;2751&#8243; img_size=&#8221;large&#8221; alignment=&#8221;center&#8221; style=&#8221;vc_box_shadow_border&#8221; onclick=&#8221;custom_link&#8221; img_link_target=&#8221;_blank&#8221; link=&#8221;https:\/\/www3.unicentro.br\/proplan\/wp-content\/uploads\/sites\/17\/2019\/02\/Engenharia-Ambiental-Bacharelado-Irati-min.pdf&#8221;][vc_single_image image=&#8221;2765&#8243; img_size=&#8221;large&#8221; alignment=&#8221;center&#8221; style=&#8221;vc_box_shadow_border&#8221; onclick=&#8221;custom_link&#8221; img_link_target=&#8221;_blank&#8221; link=&#8221;https:\/\/www3.unicentro.br\/proplan\/wp-content\/uploads\/sites\/17\/2019\/02\/F\u00edsica-Licenciatura-Cedeteg-min.pdf&#8221;][vc_single_image image=&#8221;2783&#8243; img_size=&#8221;large&#8221; alignment=&#8221;center&#8221; style=&#8221;vc_box_shadow_border&#8221; onclick=&#8221;custom_link&#8221; img_link_target=&#8221;_blank&#8221; link=&#8221;https:\/\/www3.unicentro.br\/proplan\/wp-content\/uploads\/sites\/17\/2019\/02\/Hist\u00f3ria-Licenciatura-Santa-Cruz-min.pdf&#8221;][vc_single_image image=&#8221;2793&#8243; img_size=&#8221;large&#8221; alignment=&#8221;center&#8221; style=&#8221;vc_box_shadow_border&#8221; onclick=&#8221;custom_link&#8221; img_link_target=&#8221;_blank&#8221; link=&#8221;https:\/\/www3.unicentro.br\/proplan\/wp-content\/uploads\/sites\/17\/2019\/02\/Letras-Ingles-e-Literaturas-Santa-Cruz-min.pdf&#8221;][vc_single_image image=&#8221;2803&#8243; img_size=&#8221;large&#8221; alignment=&#8221;center&#8221; style=&#8221;vc_box_shadow_border&#8221; [&hellip;]<\/p>\n","protected":false},"author":12,"featured_media":0,"parent":0,"menu_order":0,"comment_status":"closed","ping_status":"closed","template":"","meta":{"_exactmetrics_skip_tracking":false,"_exactmetrics_sitenote_active":false,"_exactmetrics_sitenote_note":"","_exactmetrics_sitenote_category":0,"footnotes":"","_links_to":"","_links_to_target":""},"class_list":["post-2729","page","type-page","status-publish","hentry"],"publishpress_future_action":{"enabled":false,"date":"2026-04-25 06:31:10","action":"change-status","newStatus":"draft","terms":[],"taxonomy":"","extraData":[]},"publishpress_future_workflow_manual_trigger":{"enabledWorkflows":[]},"_links":{"self":[{"href":"https:\/\/www3.unicentro.br\/proplan\/wp-json\/wp\/v2\/pages\/2729","targetHints":{"allow":["GET"]}}],"collection":[{"href":"https:\/\/www3.unicentro.br\/proplan\/wp-json\/wp\/v2\/pages"}],"about":[{"href":"https:\/\/www3.unicentro.br\/proplan\/wp-json\/wp\/v2\/types\/page"}],"author":[{"embeddable":true,"href":"https:\/\/www3.unicentro.br\/proplan\/wp-json\/wp\/v2\/users\/12"}],"replies":[{"embeddable":true,"href":"https:\/\/www3.unicentro.br\/proplan\/wp-json\/wp\/v2\/comments?post=2729"}],"version-history":[{"count":0,"href":"https:\/\/www3.unicentro.br\/proplan\/wp-json\/wp\/v2\/pages\/2729\/revisions"}],"wp:attachment":[{"href":"https:\/\/www3.unicentro.br\/proplan\/wp-json\/wp\/v2\/media?parent=2729"}],"curies":[{"name":"wp","href":"https:\/\/api.w.org\/{rel}","templated":true}]}}