{"id":2570,"date":"2018-09-26T17:00:49","date_gmt":"2018-09-26T20:00:49","guid":{"rendered":"https:\/\/www3.unicentro.br\/proplan\/?page_id=2570"},"modified":"2018-09-26T17:01:51","modified_gmt":"2018-09-26T20:01:51","slug":"captacao-de-recursos","status":"publish","type":"page","link":"https:\/\/www3.unicentro.br\/proplan\/planejamento-sustentabilidade\/captacao-de-recursos\/","title":{"rendered":"Planos e Projetos de Capta\u00e7\u00e3o de Recursos"},"content":{"rendered":"<div class=\"wpb-content-wrapper\"><p>[vc_row][vc_column][vc_single_image image=&#8221;2571&#8243; img_size=&#8221;full&#8221; alignment=&#8221;center&#8221;][\/vc_column][\/vc_row][vc_row][vc_column width=&#8221;1\/2&#8243;][vc_tta_accordion c_align=&#8221;center&#8221; c_icon=&#8221;&#8221; active_section=&#8221;1&#8243;][vc_tta_section title=&#8221;Sobre a Capta\u00e7\u00e3o de Recursos&#8221; tab_id=&#8221;1537991753646-91a744f2-53ea&#8221;][vc_column_text]<\/p>\n<p style=\"text-align: justify\">A Unicentro mant\u00e9m parcerias com \u00f3rg\u00e3os e ag\u00eancias de fomentos, p\u00fablicos e privados, visando a capta\u00e7\u00e3o de recursos destinados \u00e0 manuten\u00e7\u00e3o e \u00e0 expans\u00e3o de suas atividades de ensino, pesquisa e extens\u00e3o. Para tanto, elabora planos e projetos de capta\u00e7\u00e3o e presta contas de suas atividades continuamente aos \u00f3rg\u00e3os fiscalizadores e de fomento.<\/p>\n<p style=\"text-align: justify\">A Diretoria de Planejamento participa da elabora\u00e7\u00e3o e gest\u00e3o dos planos e projetos destinados \u00e0 capta\u00e7\u00e3o de recursos, por meio da articula\u00e7\u00e3o das diversas inst\u00e2ncias da Unicentro, escuta das demandas da comunidade acad\u00eamica e elabora\u00e7\u00e3o de planos de aplica\u00e7\u00e3o e termos de refer\u00eancia que atendam a essas demandas. Adicionalmente, colabora com a reda\u00e7\u00e3o de relat\u00f3rios de atividades do acompanhamento dos termos de conv\u00eanio e de coopera\u00e7\u00e3o sob a gest\u00e3o da Proplan.<\/p>\n<div style=\"text-align: justify\"><\/div>\n<p>[\/vc_column_text][\/vc_tta_section][\/vc_tta_accordion][\/vc_column][vc_column width=&#8221;1\/2&#8243;][vc_single_image image=&#8221;2579&#8243; img_size=&#8221;400&#215;495&#8243; alignment=&#8221;center&#8221; style=&#8221;vc_box_shadow_border&#8221;][\/vc_column][\/vc_row][vc_row][vc_column][vc_btn title=&#8221;Voltar&#8221; style=&#8221;custom&#8221; custom_background=&#8221;#dd1a1a&#8221; custom_text=&#8221;#ffffff&#8221; align=&#8221;center&#8221; i_icon_fontawesome=&#8221;fa fa-arrow-left&#8221; button_block=&#8221;true&#8221; add_icon=&#8221;true&#8221; link=&#8221;url:https%3A%2F%2Fwww3.unicentro.br%2Fproplan%2Fplanejamento%2Farea-de-atuacao%2F|||&#8221;][\/vc_column][\/vc_row]<\/p>\n<\/div>","protected":false},"excerpt":{"rendered":"<p>[vc_row][vc_column][vc_single_image image=&#8221;2571&#8243; img_size=&#8221;full&#8221; alignment=&#8221;center&#8221;][\/vc_column][\/vc_row][vc_row][vc_column width=&#8221;1\/2&#8243;][vc_tta_accordion c_align=&#8221;center&#8221; c_icon=&#8221;&#8221; active_section=&#8221;1&#8243;][vc_tta_section title=&#8221;Sobre a Capta\u00e7\u00e3o de Recursos&#8221; tab_id=&#8221;1537991753646-91a744f2-53ea&#8221;][vc_column_text] A Unicentro mant\u00e9m parcerias com \u00f3rg\u00e3os e ag\u00eancias de fomentos, p\u00fablicos e privados, visando a capta\u00e7\u00e3o de recursos destinados \u00e0 manuten\u00e7\u00e3o e \u00e0 expans\u00e3o de suas atividades de ensino, pesquisa e extens\u00e3o. Para tanto, elabora planos e projetos de capta\u00e7\u00e3o e [&hellip;]<\/p>\n","protected":false},"author":12,"featured_media":0,"parent":48,"menu_order":0,"comment_status":"closed","ping_status":"closed","template":"","meta":{"_exactmetrics_skip_tracking":false,"_exactmetrics_sitenote_active":false,"_exactmetrics_sitenote_note":"","_exactmetrics_sitenote_category":0,"footnotes":"","_links_to":"","_links_to_target":""},"class_list":["post-2570","page","type-page","status-publish","hentry"],"publishpress_future_action":{"enabled":false,"date":"2026-04-11 22:22:04","action":"change-status","newStatus":"draft","terms":[],"taxonomy":"","extraData":[]},"publishpress_future_workflow_manual_trigger":{"enabledWorkflows":[]},"_links":{"self":[{"href":"https:\/\/www3.unicentro.br\/proplan\/wp-json\/wp\/v2\/pages\/2570","targetHints":{"allow":["GET"]}}],"collection":[{"href":"https:\/\/www3.unicentro.br\/proplan\/wp-json\/wp\/v2\/pages"}],"about":[{"href":"https:\/\/www3.unicentro.br\/proplan\/wp-json\/wp\/v2\/types\/page"}],"author":[{"embeddable":true,"href":"https:\/\/www3.unicentro.br\/proplan\/wp-json\/wp\/v2\/users\/12"}],"replies":[{"embeddable":true,"href":"https:\/\/www3.unicentro.br\/proplan\/wp-json\/wp\/v2\/comments?post=2570"}],"version-history":[{"count":0,"href":"https:\/\/www3.unicentro.br\/proplan\/wp-json\/wp\/v2\/pages\/2570\/revisions"}],"up":[{"embeddable":true,"href":"https:\/\/www3.unicentro.br\/proplan\/wp-json\/wp\/v2\/pages\/48"}],"wp:attachment":[{"href":"https:\/\/www3.unicentro.br\/proplan\/wp-json\/wp\/v2\/media?parent=2570"}],"curies":[{"name":"wp","href":"https:\/\/api.w.org\/{rel}","templated":true}]}}