{"id":2421,"date":"2018-08-24T16:22:30","date_gmt":"2018-08-24T19:22:30","guid":{"rendered":"https:\/\/www3.unicentro.br\/proplan\/?page_id=2421"},"modified":"2018-09-26T16:53:09","modified_gmt":"2018-09-26T19:53:09","slug":"engenharia-eletrica","status":"publish","type":"page","link":"https:\/\/www3.unicentro.br\/proplan\/desenvolvimento-estrategico-universitario\/engenharia-eletrica\/","title":{"rendered":"Engenharia El\u00e9trica"},"content":{"rendered":"<div class=\"wpb-content-wrapper\"><p>[vc_row][vc_column][vc_single_image image=&#8221;2423&#8243; img_size=&#8221;full&#8221; alignment=&#8221;center&#8221;][\/vc_column][\/vc_row][vc_row][vc_column width=&#8221;1\/2&#8243;][vc_tta_accordion c_align=&#8221;center&#8221; c_icon=&#8221;&#8221; active_section=&#8221;1&#8243;][vc_tta_section title=&#8221;Sobre o Curso&#8221; tab_id=&#8221;1535138756281-7e0e6441-67f6&#8243;][vc_column_text]<\/p>\n<p style=\"text-align: justify\" align=\"JUSTIFY\">O curso de Engenharia El\u00e9trica &#8211; Bacharelado, aguarda a autoriza\u00e7\u00e3o do Governo do Estado para ser implantado no <em>Campus<\/em> Cedeteg. Ser\u00e3o oferecidas 40 vagas anuais no per\u00edodo integral, com a integraliza\u00e7\u00e3o min\u00edma de cinco anos e m\u00e1xima de nove anos. O objetivo do curso visa formar Engenheiros Eletricistas aptos a atuar no desenvolvimento tecnol\u00f3gico, participantes no desenvolvimento socioecon\u00f4mico e ambiental da sociedade, direcionando ao planejamento, desenvolvimento e viabiliza\u00e7\u00e3o da execu\u00e7\u00e3o de projetos em sistemas de automa\u00e7\u00e3o industrial; gerenciamento e coordena\u00e7\u00e3o de instala\u00e7\u00f5es el\u00e9tricas industriais; avaliar o impacto dos projetos desenvolvidos em \u00e2mbito social, ambiental e \u00e9tico; propor e desenvolver novas fontes alternativas de energia; e buscar melhorias na efici\u00eancia energ\u00e9tica de instala\u00e7\u00f5es, equipamentos ou h\u00e1bitos de consumo de energia el\u00e9trica.<\/p>\n<p>[\/vc_column_text][\/vc_tta_section][\/vc_tta_accordion][\/vc_column][vc_column width=&#8221;1\/2&#8243;][vc_empty_space height=&#8221;70px&#8221;][vc_single_image image=&#8221;2424&#8243; img_size=&#8221;large&#8221; alignment=&#8221;center&#8221; style=&#8221;vc_box_shadow_border&#8221;][\/vc_column][\/vc_row][vc_row][vc_column][vc_btn title=&#8221;Voltar&#8221; style=&#8221;custom&#8221; custom_background=&#8221;#dd1a1a&#8221; custom_text=&#8221;#ffffff&#8221; align=&#8221;center&#8221; i_icon_fontawesome=&#8221;fa fa-arrow-left&#8221; button_block=&#8221;true&#8221; add_icon=&#8221;true&#8221; link=&#8221;url:https%3A%2F%2Fwww3.unicentro.br%2Fproplan%2Fdesenvolvimento-universitario%2Fplano-de-expansao%2F|||&#8221;][\/vc_column][\/vc_row]<\/p>\n<\/div>","protected":false},"excerpt":{"rendered":"<p>[vc_row][vc_column][vc_single_image image=&#8221;2423&#8243; img_size=&#8221;full&#8221; alignment=&#8221;center&#8221;][\/vc_column][\/vc_row][vc_row][vc_column width=&#8221;1\/2&#8243;][vc_tta_accordion c_align=&#8221;center&#8221; c_icon=&#8221;&#8221; active_section=&#8221;1&#8243;][vc_tta_section title=&#8221;Sobre o Curso&#8221; tab_id=&#8221;1535138756281-7e0e6441-67f6&#8243;][vc_column_text] O curso de Engenharia El\u00e9trica &#8211; Bacharelado, aguarda a autoriza\u00e7\u00e3o do Governo do Estado para ser implantado no Campus Cedeteg. Ser\u00e3o oferecidas 40 vagas anuais no per\u00edodo integral, com a integraliza\u00e7\u00e3o min\u00edma de cinco anos e m\u00e1xima de nove anos. O objetivo do [&hellip;]<\/p>\n","protected":false},"author":12,"featured_media":0,"parent":51,"menu_order":0,"comment_status":"closed","ping_status":"closed","template":"","meta":{"_exactmetrics_skip_tracking":false,"_exactmetrics_sitenote_active":false,"_exactmetrics_sitenote_note":"","_exactmetrics_sitenote_category":0,"footnotes":"","_links_to":"","_links_to_target":""},"class_list":["post-2421","page","type-page","status-publish","hentry"],"publishpress_future_action":{"enabled":false,"date":"2026-04-18 11:49:14","action":"change-status","newStatus":"draft","terms":[],"taxonomy":"","extraData":[]},"publishpress_future_workflow_manual_trigger":{"enabledWorkflows":[]},"_links":{"self":[{"href":"https:\/\/www3.unicentro.br\/proplan\/wp-json\/wp\/v2\/pages\/2421","targetHints":{"allow":["GET"]}}],"collection":[{"href":"https:\/\/www3.unicentro.br\/proplan\/wp-json\/wp\/v2\/pages"}],"about":[{"href":"https:\/\/www3.unicentro.br\/proplan\/wp-json\/wp\/v2\/types\/page"}],"author":[{"embeddable":true,"href":"https:\/\/www3.unicentro.br\/proplan\/wp-json\/wp\/v2\/users\/12"}],"replies":[{"embeddable":true,"href":"https:\/\/www3.unicentro.br\/proplan\/wp-json\/wp\/v2\/comments?post=2421"}],"version-history":[{"count":0,"href":"https:\/\/www3.unicentro.br\/proplan\/wp-json\/wp\/v2\/pages\/2421\/revisions"}],"up":[{"embeddable":true,"href":"https:\/\/www3.unicentro.br\/proplan\/wp-json\/wp\/v2\/pages\/51"}],"wp:attachment":[{"href":"https:\/\/www3.unicentro.br\/proplan\/wp-json\/wp\/v2\/media?parent=2421"}],"curies":[{"name":"wp","href":"https:\/\/api.w.org\/{rel}","templated":true}]}}