{"id":2365,"date":"2018-08-24T13:26:17","date_gmt":"2018-08-24T16:26:17","guid":{"rendered":"https:\/\/www3.unicentro.br\/proplan\/?page_id=2365"},"modified":"2018-08-24T14:29:32","modified_gmt":"2018-08-24T17:29:32","slug":"ciencias-sociais","status":"publish","type":"page","link":"https:\/\/www3.unicentro.br\/proplan\/desenvolvimento-estrategico-universitario\/ciencias-sociais\/","title":{"rendered":"Ci\u00eancias Sociais"},"content":{"rendered":"<div class=\"wpb-content-wrapper\"><p>[vc_row][vc_column][vc_single_image image=&#8221;2369&#8243; img_size=&#8221;full&#8221; alignment=&#8221;center&#8221;][\/vc_column][\/vc_row][vc_row][vc_column width=&#8221;1\/2&#8243;][vc_tta_accordion c_align=&#8221;center&#8221; c_icon=&#8221;&#8221; active_section=&#8221;1&#8243;][vc_tta_section title=&#8221;Sobre o Curso&#8221; tab_id=&#8221;1535128990725-43637209-6f2a&#8221;][vc_column_text]<\/p>\n<p align=\"JUSTIFY\">O curso de Ci\u00eancias Sociais Licenciatura aguarda a autoriza\u00e7\u00e3o do Governo do Estado para ser implantado no <em>Campus<\/em> Santa Cruz. Ser\u00e3o cerca de 40 vagas anuais, as aulas acontecer\u00e3o no per\u00edodo noturno, com integraliza\u00e7\u00e3o m\u00ednima de quatro anos e m\u00e1xima de sete anos. Dentre os objetivos do curso pauta-se a miss\u00e3o geral de propiciar aos estudantes uma forma\u00e7\u00e3o te\u00f3rico-metodol\u00f3gica em torno dos eixos que formam a identidade do curso \u2013 Antropologia, Ci\u00eancia Pol\u00edtica e Sociologia \u2013 e fornecer instrumentos para estabelecer rela\u00e7\u00f5es com a pesquisa e a pr\u00e1tica social. As informa\u00e7\u00f5es do Projeto Pedag\u00f3gico do Curso est\u00e3o contidas no protocolo n\u00ba 14.928\/2012.<\/p>\n<p>[\/vc_column_text][\/vc_tta_section][\/vc_tta_accordion][\/vc_column][vc_column width=&#8221;1\/2&#8243;][vc_empty_space height=&#8221;40px&#8221;][vc_single_image image=&#8221;2379&#8243; img_size=&#8221;large&#8221; alignment=&#8221;center&#8221; style=&#8221;vc_box_shadow_border&#8221;][\/vc_column][\/vc_row][vc_row][vc_column][vc_btn title=&#8221;Voltar&#8221; style=&#8221;custom&#8221; custom_background=&#8221;#dd1a1a&#8221; custom_text=&#8221;#ffffff&#8221; align=&#8221;center&#8221; i_icon_fontawesome=&#8221;fa fa-arrow-left&#8221; button_block=&#8221;true&#8221; add_icon=&#8221;true&#8221; link=&#8221;url:https%3A%2F%2Fwww3.unicentro.br%2Fproplan%2Fdesenvolvimento-universitario%2Fplano-de-expansao%2F|||&#8221;][\/vc_column][\/vc_row]<\/p>\n<\/div>","protected":false},"excerpt":{"rendered":"<p>[vc_row][vc_column][vc_single_image image=&#8221;2369&#8243; img_size=&#8221;full&#8221; alignment=&#8221;center&#8221;][\/vc_column][\/vc_row][vc_row][vc_column width=&#8221;1\/2&#8243;][vc_tta_accordion c_align=&#8221;center&#8221; c_icon=&#8221;&#8221; active_section=&#8221;1&#8243;][vc_tta_section title=&#8221;Sobre o Curso&#8221; tab_id=&#8221;1535128990725-43637209-6f2a&#8221;][vc_column_text] O curso de Ci\u00eancias Sociais Licenciatura aguarda a autoriza\u00e7\u00e3o do Governo do Estado para ser implantado no Campus Santa Cruz. Ser\u00e3o cerca de 40 vagas anuais, as aulas acontecer\u00e3o no per\u00edodo noturno, com integraliza\u00e7\u00e3o m\u00ednima de quatro anos e m\u00e1xima de sete anos. [&hellip;]<\/p>\n","protected":false},"author":12,"featured_media":0,"parent":51,"menu_order":0,"comment_status":"closed","ping_status":"closed","template":"","meta":{"_exactmetrics_skip_tracking":false,"_exactmetrics_sitenote_active":false,"_exactmetrics_sitenote_note":"","_exactmetrics_sitenote_category":0,"footnotes":"","_links_to":"","_links_to_target":""},"class_list":["post-2365","page","type-page","status-publish","hentry"],"publishpress_future_action":{"enabled":false,"date":"2026-04-18 13:32:35","action":"change-status","newStatus":"draft","terms":[],"taxonomy":"","extraData":[]},"publishpress_future_workflow_manual_trigger":{"enabledWorkflows":[]},"_links":{"self":[{"href":"https:\/\/www3.unicentro.br\/proplan\/wp-json\/wp\/v2\/pages\/2365","targetHints":{"allow":["GET"]}}],"collection":[{"href":"https:\/\/www3.unicentro.br\/proplan\/wp-json\/wp\/v2\/pages"}],"about":[{"href":"https:\/\/www3.unicentro.br\/proplan\/wp-json\/wp\/v2\/types\/page"}],"author":[{"embeddable":true,"href":"https:\/\/www3.unicentro.br\/proplan\/wp-json\/wp\/v2\/users\/12"}],"replies":[{"embeddable":true,"href":"https:\/\/www3.unicentro.br\/proplan\/wp-json\/wp\/v2\/comments?post=2365"}],"version-history":[{"count":0,"href":"https:\/\/www3.unicentro.br\/proplan\/wp-json\/wp\/v2\/pages\/2365\/revisions"}],"up":[{"embeddable":true,"href":"https:\/\/www3.unicentro.br\/proplan\/wp-json\/wp\/v2\/pages\/51"}],"wp:attachment":[{"href":"https:\/\/www3.unicentro.br\/proplan\/wp-json\/wp\/v2\/media?parent=2365"}],"curies":[{"name":"wp","href":"https:\/\/api.w.org\/{rel}","templated":true}]}}