{"id":2355,"date":"2018-08-24T11:33:39","date_gmt":"2018-08-24T14:33:39","guid":{"rendered":"https:\/\/www3.unicentro.br\/proplan\/?page_id=2355"},"modified":"2018-08-24T11:54:22","modified_gmt":"2018-08-24T14:54:22","slug":"artes-cenicas","status":"publish","type":"page","link":"https:\/\/www3.unicentro.br\/proplan\/desenvolvimento-estrategico-universitario\/artes-cenicas\/","title":{"rendered":"Artes C\u00eanicas"},"content":{"rendered":"<div class=\"wpb-content-wrapper\"><p>[vc_row][vc_column][vc_single_image image=&#8221;2357&#8243; img_size=&#8221;full&#8221; alignment=&#8221;center&#8221;][\/vc_column][\/vc_row][vc_row][vc_column width=&#8221;1\/2&#8243;][vc_tta_accordion c_align=&#8221;center&#8221; c_icon=&#8221;&#8221; active_section=&#8221;1&#8243;][vc_tta_section title=&#8221;Sobre o Curso&#8221; tab_id=&#8221;1535122126366-ad5d32d9-87cc&#8221;][vc_column_text]<\/p>\n<p style=\"text-align: justify\" align=\"JUSTIFY\">Aguardando a autoriza\u00e7\u00e3o do Governo do Estado para ser implantado, o curso de Artes C\u00eanicas &#8211; Bacharelado contar\u00e1 com 40 vagas anuais no per\u00edodo integral no <em>Campus<\/em> de Irati, com a integraliza\u00e7\u00e3o m\u00ednima de quatro anos e m\u00e1xima de sete anos. Os objetivos do curso reitera o desenvolvimento de profissionais aptos para as profiss\u00f5es de ator\/atriz e\/ou performer, pesquisador no campo das Artes C\u00eanicas; a amplia\u00e7\u00e3o do repert\u00f3rio cultural, social, \u00e9tico e pol\u00edtico por meio de viv\u00eancia com as Artes C\u00eanicas; Oferecimento dos aportes te\u00f3ricos, pr\u00e1tico e cr\u00edtico para que o aluno\/artista considere seu papel global de agente cultural, art\u00edstico, social e pol\u00edtico. As informa\u00e7\u00f5es do Projeto Pedag\u00f3gico do Curso est\u00e3o contidas no protocolo n\u00ba 11.568\/2010.<\/p>\n<p>[\/vc_column_text][\/vc_tta_section][\/vc_tta_accordion][\/vc_column][vc_column width=&#8221;1\/2&#8243;][vc_empty_space height=&#8221;50px&#8221;][vc_single_image image=&#8221;2358&#8243; img_size=&#8221;large&#8221; alignment=&#8221;center&#8221; style=&#8221;vc_box_shadow_border&#8221;][\/vc_column][\/vc_row][vc_row][vc_column][vc_btn title=&#8221;Voltar&#8221; style=&#8221;custom&#8221; custom_background=&#8221;#dd1a1a&#8221; custom_text=&#8221;#ffffff&#8221; align=&#8221;center&#8221; i_icon_fontawesome=&#8221;fa fa-arrow-left&#8221; button_block=&#8221;true&#8221; add_icon=&#8221;true&#8221; link=&#8221;url:https%3A%2F%2Fwww3.unicentro.br%2Fproplan%2Fdesenvolvimento-universitario%2Fplano-de-expansao%2F|||&#8221;][\/vc_column][\/vc_row]<\/p>\n<\/div>","protected":false},"excerpt":{"rendered":"<p>[vc_row][vc_column][vc_single_image image=&#8221;2357&#8243; img_size=&#8221;full&#8221; alignment=&#8221;center&#8221;][\/vc_column][\/vc_row][vc_row][vc_column width=&#8221;1\/2&#8243;][vc_tta_accordion c_align=&#8221;center&#8221; c_icon=&#8221;&#8221; active_section=&#8221;1&#8243;][vc_tta_section title=&#8221;Sobre o Curso&#8221; tab_id=&#8221;1535122126366-ad5d32d9-87cc&#8221;][vc_column_text] Aguardando a autoriza\u00e7\u00e3o do Governo do Estado para ser implantado, o curso de Artes C\u00eanicas &#8211; Bacharelado contar\u00e1 com 40 vagas anuais no per\u00edodo integral no Campus de Irati, com a integraliza\u00e7\u00e3o m\u00ednima de quatro anos e m\u00e1xima de sete anos. Os objetivos [&hellip;]<\/p>\n","protected":false},"author":12,"featured_media":0,"parent":51,"menu_order":0,"comment_status":"closed","ping_status":"closed","template":"","meta":{"_exactmetrics_skip_tracking":false,"_exactmetrics_sitenote_active":false,"_exactmetrics_sitenote_note":"","_exactmetrics_sitenote_category":0,"footnotes":"","_links_to":"","_links_to_target":""},"class_list":["post-2355","page","type-page","status-publish","hentry"],"publishpress_future_action":{"enabled":false,"date":"2026-04-20 10:36:52","action":"change-status","newStatus":"draft","terms":[],"taxonomy":"","extraData":[]},"publishpress_future_workflow_manual_trigger":{"enabledWorkflows":[]},"_links":{"self":[{"href":"https:\/\/www3.unicentro.br\/proplan\/wp-json\/wp\/v2\/pages\/2355","targetHints":{"allow":["GET"]}}],"collection":[{"href":"https:\/\/www3.unicentro.br\/proplan\/wp-json\/wp\/v2\/pages"}],"about":[{"href":"https:\/\/www3.unicentro.br\/proplan\/wp-json\/wp\/v2\/types\/page"}],"author":[{"embeddable":true,"href":"https:\/\/www3.unicentro.br\/proplan\/wp-json\/wp\/v2\/users\/12"}],"replies":[{"embeddable":true,"href":"https:\/\/www3.unicentro.br\/proplan\/wp-json\/wp\/v2\/comments?post=2355"}],"version-history":[{"count":0,"href":"https:\/\/www3.unicentro.br\/proplan\/wp-json\/wp\/v2\/pages\/2355\/revisions"}],"up":[{"embeddable":true,"href":"https:\/\/www3.unicentro.br\/proplan\/wp-json\/wp\/v2\/pages\/51"}],"wp:attachment":[{"href":"https:\/\/www3.unicentro.br\/proplan\/wp-json\/wp\/v2\/media?parent=2355"}],"curies":[{"name":"wp","href":"https:\/\/api.w.org\/{rel}","templated":true}]}}