{"id":2309,"date":"2018-08-20T17:21:16","date_gmt":"2018-08-20T20:21:16","guid":{"rendered":"https:\/\/www3.unicentro.br\/proplan\/?page_id=2309"},"modified":"2018-08-31T10:28:09","modified_gmt":"2018-08-31T13:28:09","slug":"pdi-2009-2013","status":"publish","type":"page","link":"https:\/\/www3.unicentro.br\/proplan\/planejamento-sustentabilidade\/pdi-2009-2013\/","title":{"rendered":"PDI 2009-2013"},"content":{"rendered":"<div class=\"wpb-content-wrapper\"><p>[vc_row][vc_column][vc_single_image image=&#8221;2464&#8243; img_size=&#8221;full&#8221; alignment=&#8221;center&#8221;][\/vc_column][\/vc_row][vc_row][vc_column width=&#8221;1\/2&#8243;][vc_empty_space height=&#8221;27px&#8221;][vc_tta_accordion c_align=&#8221;center&#8221; c_icon=&#8221;&#8221; active_section=&#8221;1&#8243;][vc_tta_section title=&#8221;Sobre o PDI 2009-2013&#8243; tab_id=&#8221;1534796707263-9bccd4e6-bd77&#8243;][vc_column_text]<\/p>\n<p style=\"text-align: justify\">O processo de elabora\u00e7\u00e3o do Plano de Desenvolvimento Institucional, PDI, para o quinqu\u00eanio 2009-2013 foi confiado \u00e0 Pr\u00f3-Reitoria de Planejamento, PROPLAN, que, a partir de 2007, iniciou os trabalhos de ausculta e envolvimento de toda a comunidade universit\u00e1ria na constru\u00e7\u00e3o do documento.<\/p>\n<p style=\"text-align: justify\">Ao longo de 2008, a Comiss\u00e3o para Estudos e Elabora\u00e7\u00e3o do PDI, composta de representantes das Pr\u00f3-Reitorias, Setores de Conhecimento, Dire\u00e7\u00f5es de C<em>ampi<\/em>,\u00a0Agentes Universit\u00e1rios e membros dos Diret\u00f3rios Centrais de Estudantes, estudou e prop\u00f4s, em conjunto com a comunidade acad\u00eamica, prospec\u00e7\u00f5es para o quinqu\u00eanio 2009-2013, que se materializaram em pol\u00edticas, diretrizes e a\u00e7\u00f5es para as \u00e1reas de ensino, pesquisa, extens\u00e3o e gest\u00e3o da Unicentro.<\/p>\n<p>[\/vc_column_text][\/vc_tta_section][\/vc_tta_accordion][\/vc_column][vc_column width=&#8221;1\/2&#8243;][vc_single_image image=&#8221;2237&#8243; img_size=&#8221;300&#215;400&#8243; alignment=&#8221;center&#8221;][vc_btn title=&#8221;Acesse o PDI 2009-2013&#8243; style=&#8221;custom&#8221; custom_background=&#8221;#dd1a1a&#8221; custom_text=&#8221;#ffffff&#8221; align=&#8221;center&#8221; link=&#8221;url:https%3A%2F%2Fwww3.unicentro.br%2Fproplan%2Fwp-content%2Fuploads%2Fsites%2F17%2F2017%2F06%2FPDI-2009-2013.pdf||target:%20_blank|&#8221;][\/vc_column][\/vc_row][vc_row][vc_column][vc_btn title=&#8221;<b>Voltar<\/b>&#8221; style=&#8221;custom&#8221; custom_background=&#8221;#dd1a1a&#8221; custom_text=&#8221;#ffffff&#8221; align=&#8221;center&#8221; i_icon_fontawesome=&#8221;fa fa-arrow-left&#8221; button_block=&#8221;true&#8221; add_icon=&#8221;true&#8221; link=&#8221;url:https%3A%2F%2Fwww3.unicentro.br%2Fproplan%2Fplanejamento%2Fpdi%2F|||&#8221;][\/vc_column][\/vc_row]<\/p>\n<\/div>","protected":false},"excerpt":{"rendered":"<p>[vc_row][vc_column][vc_single_image image=&#8221;2464&#8243; img_size=&#8221;full&#8221; alignment=&#8221;center&#8221;][\/vc_column][\/vc_row][vc_row][vc_column width=&#8221;1\/2&#8243;][vc_empty_space height=&#8221;27px&#8221;][vc_tta_accordion c_align=&#8221;center&#8221; c_icon=&#8221;&#8221; active_section=&#8221;1&#8243;][vc_tta_section title=&#8221;Sobre o PDI 2009-2013&#8243; tab_id=&#8221;1534796707263-9bccd4e6-bd77&#8243;][vc_column_text] O processo de elabora\u00e7\u00e3o do Plano de Desenvolvimento Institucional, PDI, para o quinqu\u00eanio 2009-2013 foi confiado \u00e0 Pr\u00f3-Reitoria de Planejamento, PROPLAN, que, a partir de 2007, iniciou os trabalhos de ausculta e envolvimento de toda a comunidade universit\u00e1ria na constru\u00e7\u00e3o do [&hellip;]<\/p>\n","protected":false},"author":12,"featured_media":0,"parent":48,"menu_order":0,"comment_status":"closed","ping_status":"closed","template":"","meta":{"_exactmetrics_skip_tracking":false,"_exactmetrics_sitenote_active":false,"_exactmetrics_sitenote_note":"","_exactmetrics_sitenote_category":0,"footnotes":"","_links_to":"","_links_to_target":""},"class_list":["post-2309","page","type-page","status-publish","hentry"],"publishpress_future_action":{"enabled":false,"date":"2026-04-12 05:44:54","action":"change-status","newStatus":"draft","terms":[],"taxonomy":"","extraData":[]},"publishpress_future_workflow_manual_trigger":{"enabledWorkflows":[]},"_links":{"self":[{"href":"https:\/\/www3.unicentro.br\/proplan\/wp-json\/wp\/v2\/pages\/2309","targetHints":{"allow":["GET"]}}],"collection":[{"href":"https:\/\/www3.unicentro.br\/proplan\/wp-json\/wp\/v2\/pages"}],"about":[{"href":"https:\/\/www3.unicentro.br\/proplan\/wp-json\/wp\/v2\/types\/page"}],"author":[{"embeddable":true,"href":"https:\/\/www3.unicentro.br\/proplan\/wp-json\/wp\/v2\/users\/12"}],"replies":[{"embeddable":true,"href":"https:\/\/www3.unicentro.br\/proplan\/wp-json\/wp\/v2\/comments?post=2309"}],"version-history":[{"count":0,"href":"https:\/\/www3.unicentro.br\/proplan\/wp-json\/wp\/v2\/pages\/2309\/revisions"}],"up":[{"embeddable":true,"href":"https:\/\/www3.unicentro.br\/proplan\/wp-json\/wp\/v2\/pages\/48"}],"wp:attachment":[{"href":"https:\/\/www3.unicentro.br\/proplan\/wp-json\/wp\/v2\/media?parent=2309"}],"curies":[{"name":"wp","href":"https:\/\/api.w.org\/{rel}","templated":true}]}}