{"id":2303,"date":"2018-08-20T17:13:40","date_gmt":"2018-08-20T20:13:40","guid":{"rendered":"https:\/\/www3.unicentro.br\/proplan\/?page_id=2303"},"modified":"2018-09-11T11:30:02","modified_gmt":"2018-09-11T14:30:02","slug":"pdi-2013-2017","status":"publish","type":"page","link":"https:\/\/www3.unicentro.br\/proplan\/planejamento-sustentabilidade\/pdi-2013-2017\/","title":{"rendered":"PDI 2013-2017"},"content":{"rendered":"<div class=\"wpb-content-wrapper\"><p>[vc_row][vc_column][vc_single_image image=&#8221;2298&#8243; img_size=&#8221;full&#8221; alignment=&#8221;center&#8221;][\/vc_column][\/vc_row][vc_row][vc_column width=&#8221;1\/2&#8243;][vc_tta_accordion c_align=&#8221;center&#8221; c_icon=&#8221;&#8221; active_section=&#8221;1&#8243;][vc_tta_section title=&#8221;Sobre o PDI&#8221; tab_id=&#8221;1534796158378-2fdbbb5a-8ca1&#8243;][vc_empty_space][vc_column_text]<\/p>\n<p style=\"text-align: justify;\">O Plano de Desenvolvimento Institucional,\u00a0PDI, \u00e9 o documento que contempla as condi\u00e7\u00f5es atuais de funcionamento e orienta o conjunto de a\u00e7\u00f5es que visam \u00e0 promo\u00e7\u00e3o e \u00e0 indu\u00e7\u00e3o do desenvolvimento da Universidade nos \u00e2mbitos local, regional, nacional e internacional.<\/p>\n<p style=\"text-align: justify;\">Para a elabora\u00e7\u00e3o do\u00a0PDI\u00a02013-2017, a Unicentro contou com o trabalho de uma comiss\u00e3o mista, composta de membros de todas as esferas institucionais, que, conduzidos pela Pr\u00f3-Reitoria de Planejamento, Proplan, constru\u00edram o diagn\u00f3stico da Universidade bem como suas proje\u00e7\u00f5es para o quinqu\u00eanio 2013 \u2013 2017. Assim, o\u00a0PDI\u00a02013-2017 cont\u00e9m os seguintes eixos tem\u00e1ticos: I \u2013 Perfil Institucional; II \u2013 Projeto Pedag\u00f3gico; III \u2013 Cronograma de Implanta\u00e7\u00e3o e Desenvolvimento; IV \u2013 Organiza\u00e7\u00e3o Did\u00e1tico-Pedag\u00f3gica; V \u2013 Perfil do Corpo Docente; VI \u2013 Perfil do Corpo T\u00e9cnico-Administrativo; VII \u2013 Organiza\u00e7\u00e3o Administrativa; VIII \u2013 Infraestrutura Universit\u00e1ria; IX \u2013 Autoavalia\u00e7\u00e3o Institucional, e X \u2013 Aspectos Financeiros e Or\u00e7ament\u00e1rios.<\/p>\n<p>[\/vc_column_text][vc_empty_space][\/vc_tta_section][\/vc_tta_accordion][\/vc_column][vc_column width=&#8221;1\/2&#8243;][vc_single_image image=&#8221;2238&#8243; img_size=&#8221;full&#8221; alignment=&#8221;center&#8221; style=&#8221;vc_box_shadow_border&#8221;][vc_btn title=&#8221;Acesse o PDI 2013-2017&#8243; style=&#8221;custom&#8221; custom_background=&#8221;#dd1a1a&#8221; custom_text=&#8221;#ffffff&#8221; align=&#8221;center&#8221; link=&#8221;url:https%3A%2F%2Fwww3.unicentro.br%2Fproplan%2Fwp-content%2Fuploads%2Fsites%2F17%2F2017%2F06%2FAcesso-o-Plano-de-Desenvolvimento-Institucional-2013-2017.pdf||target:%20_blank|&#8221;][\/vc_column][\/vc_row][vc_row][vc_column][vc_btn title=&#8221;<b>Voltar<\/b>&#8221; style=&#8221;custom&#8221; custom_background=&#8221;#dd1a1a&#8221; custom_text=&#8221;#ffffff&#8221; align=&#8221;center&#8221; i_icon_fontawesome=&#8221;fa fa-arrow-left&#8221; button_block=&#8221;true&#8221; add_icon=&#8221;true&#8221; link=&#8221;url:https%3A%2F%2Fwww3.unicentro.br%2Fproplan%2Fplanejamento%2Fpdi%2F|||&#8221;][\/vc_column][\/vc_row]<\/p>\n<\/div>","protected":false},"excerpt":{"rendered":"<p>[vc_row][vc_column][vc_single_image image=&#8221;2298&#8243; img_size=&#8221;full&#8221; alignment=&#8221;center&#8221;][\/vc_column][\/vc_row][vc_row][vc_column width=&#8221;1\/2&#8243;][vc_tta_accordion c_align=&#8221;center&#8221; c_icon=&#8221;&#8221; active_section=&#8221;1&#8243;][vc_tta_section title=&#8221;Sobre o PDI&#8221; tab_id=&#8221;1534796158378-2fdbbb5a-8ca1&#8243;][vc_empty_space][vc_column_text] O Plano de Desenvolvimento Institucional,\u00a0PDI, \u00e9 o documento que contempla as condi\u00e7\u00f5es atuais de funcionamento e orienta o conjunto de a\u00e7\u00f5es que visam \u00e0 promo\u00e7\u00e3o e \u00e0 indu\u00e7\u00e3o do desenvolvimento da Universidade nos \u00e2mbitos local, regional, nacional e internacional. Para a elabora\u00e7\u00e3o do\u00a0PDI\u00a02013-2017, [&hellip;]<\/p>\n","protected":false},"author":12,"featured_media":0,"parent":48,"menu_order":0,"comment_status":"closed","ping_status":"closed","template":"","meta":{"_exactmetrics_skip_tracking":false,"_exactmetrics_sitenote_active":false,"_exactmetrics_sitenote_note":"","_exactmetrics_sitenote_category":0,"footnotes":"","_links_to":"","_links_to_target":""},"class_list":["post-2303","page","type-page","status-publish","hentry"],"publishpress_future_action":{"enabled":false,"date":"2026-04-12 11:22:17","action":"change-status","newStatus":"draft","terms":[],"taxonomy":"","extraData":[]},"publishpress_future_workflow_manual_trigger":{"enabledWorkflows":[]},"_links":{"self":[{"href":"https:\/\/www3.unicentro.br\/proplan\/wp-json\/wp\/v2\/pages\/2303","targetHints":{"allow":["GET"]}}],"collection":[{"href":"https:\/\/www3.unicentro.br\/proplan\/wp-json\/wp\/v2\/pages"}],"about":[{"href":"https:\/\/www3.unicentro.br\/proplan\/wp-json\/wp\/v2\/types\/page"}],"author":[{"embeddable":true,"href":"https:\/\/www3.unicentro.br\/proplan\/wp-json\/wp\/v2\/users\/12"}],"replies":[{"embeddable":true,"href":"https:\/\/www3.unicentro.br\/proplan\/wp-json\/wp\/v2\/comments?post=2303"}],"version-history":[{"count":0,"href":"https:\/\/www3.unicentro.br\/proplan\/wp-json\/wp\/v2\/pages\/2303\/revisions"}],"up":[{"embeddable":true,"href":"https:\/\/www3.unicentro.br\/proplan\/wp-json\/wp\/v2\/pages\/48"}],"wp:attachment":[{"href":"https:\/\/www3.unicentro.br\/proplan\/wp-json\/wp\/v2\/media?parent=2303"}],"curies":[{"name":"wp","href":"https:\/\/api.w.org\/{rel}","templated":true}]}}