{"id":2294,"date":"2018-08-20T16:54:50","date_gmt":"2018-08-20T19:54:50","guid":{"rendered":"https:\/\/www3.unicentro.br\/proplan\/?page_id=2294"},"modified":"2019-08-12T08:35:38","modified_gmt":"2019-08-12T11:35:38","slug":"pdi-2018-2022","status":"publish","type":"page","link":"https:\/\/www3.unicentro.br\/proplan\/planejamento-sustentabilidade\/pdi-2018-2022\/","title":{"rendered":"PDI 2018-2022"},"content":{"rendered":"<div class=\"wpb-content-wrapper\"><p>[vc_row][vc_column][vc_single_image image=&#8221;2296&#8243; img_size=&#8221;full&#8221; alignment=&#8221;center&#8221;][\/vc_column][\/vc_row][vc_row][vc_column width=&#8221;1\/2&#8243;][vc_tta_accordion c_align=&#8221;center&#8221; c_icon=&#8221;&#8221; active_section=&#8221;1&#8243;][vc_tta_section title=&#8221;Sobre o PDI 2018-2022&#8243; tab_id=&#8221;1534795386616-34a7f4ef-9994&#8243;][vc_column_text]<\/p>\n<p style=\"text-align: justify\">Aprovado pela <a href=\"https:\/\/sgu.unicentro.br\/pcatooficiais\/imprimir\/C7D67D4A\">Resolu\u00e7\u00e3o n\u00ba 3-COU\/UNICENTRO<\/a>, de 11 de setembro de 2018, e Aditado pela <a href=\"https:\/\/sgu.unicentro.br\/pcatooficiais\/imprimir\/877098C5\">Resolu\u00e7\u00e3o n\u00ba 209-GR\/UNICENTRO<\/a>, de 07 de agosto de 2019, o Plano de Desenvolvimento Institucional,\u00a0PDI, para o quinqu\u00eanio de 2018 a 2022, atende as normas estabelecidas na legisla\u00e7\u00e3o vigente. Trata-se de importante instrumento de planejamento da Universidade, que visa tornar leg\u00edtimos sua miss\u00e3o e seus compromissos sociais.<\/p>\n<p style=\"text-align: justify\">O planejamento universit\u00e1rio define os planos e as a\u00e7\u00f5es institucionais, sendo o\u00a0PDI\u00a0o instrumento de consolida\u00e7\u00e3o dos eixos tem\u00e1ticos e das a\u00e7\u00f5es relacionadas, elaborados pelos conselhos departamentais, setoriais, diretorias, dire\u00e7\u00f5es de <em>campi<\/em>, pr\u00f3-reitorias e conselhos superiores da Unicentro para o quinqu\u00eanio 2018-2022.<\/p>\n<p style=\"text-align: justify\">O\u00a0PDI\u00a02018-2022 apresenta o diagn\u00f3stico atual da Universidade, bem como as proje\u00e7\u00f5es de todas as suas inst\u00e2ncias e atividades, em oito eixos tem\u00e1ticos, a saber: 1. Perfil Institucional; 2. Projeto Pedag\u00f3gico Institucional; 3. Gest\u00e3o de Pessoal; 4. Infraestrutura F\u00edsica e Instala\u00e7\u00f5es Acad\u00eamicas; 5. Autoavalia\u00e7\u00e3o Institucional; 6. Planejamento da Gest\u00e3o 2018-2022; 7. Aspectos Financeiros e Or\u00e7ament\u00e1rios; e 8. Meta Avalia\u00e7\u00e3o.<\/p>\n<p>[\/vc_column_text][\/vc_tta_section][\/vc_tta_accordion][\/vc_column][vc_column width=&#8221;1\/2&#8243;][vc_single_image image=&#8221;1021&#8243; img_size=&#8221;full&#8221; alignment=&#8221;center&#8221; style=&#8221;vc_box_shadow_border&#8221;][vc_btn title=&#8221;Acesse o PDI 2018 &#8211; 2022&#8243; style=&#8221;custom&#8221; custom_background=&#8221;#dd1a1a&#8221; custom_text=&#8221;#ffffff&#8221; align=&#8221;center&#8221; link=&#8221;url:http%3A%2F%2Fwww3.unicentro.br%2Fproplan%2Fwp-content%2Fuploads%2Fsites%2F17%2F2019%2F08%2FPDI-Completo-com-Resolu%C3%A7%C3%A3o-08-08-19.pdf||target:%20_blank|&#8221;][\/vc_column][\/vc_row][vc_row][vc_column][vc_btn title=&#8221;<b>Voltar<\/b>&#8221; style=&#8221;custom&#8221; custom_background=&#8221;#dd1a1a&#8221; custom_text=&#8221;#ffffff&#8221; align=&#8221;center&#8221; i_icon_fontawesome=&#8221;fa fa-arrow-left&#8221; button_block=&#8221;true&#8221; add_icon=&#8221;true&#8221; link=&#8221;url:https%3A%2F%2Fwww3.unicentro.br%2Fproplan%2Fplanejamento%2Fpdi%2F|||&#8221;][\/vc_column][\/vc_row]<\/p>\n<\/div>","protected":false},"excerpt":{"rendered":"<p>[vc_row][vc_column][vc_single_image image=&#8221;2296&#8243; img_size=&#8221;full&#8221; alignment=&#8221;center&#8221;][\/vc_column][\/vc_row][vc_row][vc_column width=&#8221;1\/2&#8243;][vc_tta_accordion c_align=&#8221;center&#8221; c_icon=&#8221;&#8221; active_section=&#8221;1&#8243;][vc_tta_section title=&#8221;Sobre o PDI 2018-2022&#8243; tab_id=&#8221;1534795386616-34a7f4ef-9994&#8243;][vc_column_text] Aprovado pela Resolu\u00e7\u00e3o n\u00ba 3-COU\/UNICENTRO, de 11 de setembro de 2018, e Aditado pela Resolu\u00e7\u00e3o n\u00ba 209-GR\/UNICENTRO, de 07 de agosto de 2019, o Plano de Desenvolvimento Institucional,\u00a0PDI, para o quinqu\u00eanio de 2018 a 2022, atende as normas estabelecidas na legisla\u00e7\u00e3o vigente. [&hellip;]<\/p>\n","protected":false},"author":12,"featured_media":0,"parent":48,"menu_order":0,"comment_status":"closed","ping_status":"closed","template":"","meta":{"_exactmetrics_skip_tracking":false,"_exactmetrics_sitenote_active":false,"_exactmetrics_sitenote_note":"","_exactmetrics_sitenote_category":0,"footnotes":"","_links_to":"","_links_to_target":""},"class_list":["post-2294","page","type-page","status-publish","hentry"],"publishpress_future_action":{"enabled":false,"date":"2026-04-12 05:42:59","action":"change-status","newStatus":"draft","terms":[],"taxonomy":"","extraData":[]},"publishpress_future_workflow_manual_trigger":{"enabledWorkflows":[]},"_links":{"self":[{"href":"https:\/\/www3.unicentro.br\/proplan\/wp-json\/wp\/v2\/pages\/2294","targetHints":{"allow":["GET"]}}],"collection":[{"href":"https:\/\/www3.unicentro.br\/proplan\/wp-json\/wp\/v2\/pages"}],"about":[{"href":"https:\/\/www3.unicentro.br\/proplan\/wp-json\/wp\/v2\/types\/page"}],"author":[{"embeddable":true,"href":"https:\/\/www3.unicentro.br\/proplan\/wp-json\/wp\/v2\/users\/12"}],"replies":[{"embeddable":true,"href":"https:\/\/www3.unicentro.br\/proplan\/wp-json\/wp\/v2\/comments?post=2294"}],"version-history":[{"count":1,"href":"https:\/\/www3.unicentro.br\/proplan\/wp-json\/wp\/v2\/pages\/2294\/revisions"}],"predecessor-version":[{"id":3447,"href":"https:\/\/www3.unicentro.br\/proplan\/wp-json\/wp\/v2\/pages\/2294\/revisions\/3447"}],"up":[{"embeddable":true,"href":"https:\/\/www3.unicentro.br\/proplan\/wp-json\/wp\/v2\/pages\/48"}],"wp:attachment":[{"href":"https:\/\/www3.unicentro.br\/proplan\/wp-json\/wp\/v2\/media?parent=2294"}],"curies":[{"name":"wp","href":"https:\/\/api.w.org\/{rel}","templated":true}]}}