{"id":99,"date":"2021-01-21T16:18:30","date_gmt":"2021-01-21T19:18:30","guid":{"rendered":"https:\/\/www3.unicentro.br\/propesp\/?page_id=99"},"modified":"2024-03-20T11:06:06","modified_gmt":"2024-03-20T14:06:06","slug":"formularios","status":"publish","type":"page","link":"https:\/\/www3.unicentro.br\/propesp\/ic\/programas\/formularios\/","title":{"rendered":"Formul\u00e1rios"},"content":{"rendered":"<ul>\n<li><strong>Proiti<\/strong>\n<ul>\n<li><a href=\"https:\/\/www3.unicentro.br\/propesp\/wp-content\/uploads\/sites\/99\/2024\/03\/Formul_rios_Edital_005_2024_Abertura_PROITI_65fae3d906c9f.docx\">ANEXO II, DO EDITAL N\u00ba 005\/2024 \u2013 DIRPES-IC\/UNICENTRO \u2013 ABERTURA DE INSCRI\u00c7\u00d5ES PARA O PROGRAMA INSTITUCIONAL DE INICIA\u00c7\u00c3O EM DESENVOLVIMENTO TECNOL\u00d3GICO E INOVA\u00c7\u00c3O \u2013 PROITI [.doc]<\/a><\/li>\n<\/ul>\n<\/li>\n<li><strong>Proic<\/strong>\n<ul>\n<li><a href=\"https:\/\/www3.unicentro.br\/propesp\/wp-content\/uploads\/sites\/99\/2024\/03\/Formul_rios_Edital_003_2024_Abertura_PROIC_65fae3da1a4c0.docx\">ANEXO II, DO EDITAL N\u00ba 003\/2024 \u2013 DIRPES-IC\/UNICENTRO &#8211; ABERTURA DE INSCRI\u00c7\u00d5ES PARA BOLSAS PIBIC\/CNPQ, PIBIC\/FUNDA\u00c7\u00c3O ARAUC\u00c1RIA, PIBIC\/UNICENTRO E IC-VOLUNT\u00c1RIA [.doc]<\/a><\/li>\n<\/ul>\n<\/li>\n<li><strong>Pibis<\/strong>\n<ul>\n<li><a href=\"https:\/\/www3.unicentro.br\/propesp\/wp-content\/uploads\/sites\/99\/2024\/03\/Formul_rios_Edital_004_2024_Abertura_do_PIBIS_65fae3db2c7ce.docx\">ANEXO II, DO EDITAL N\u00ba 004\/2024 \u2013 DIRPES-IC\/UNICENTRO \u2013 ABERTURA DE INSCRI\u00c7\u00d5ES PARA BOLSAS PIBIS-FUNDA\u00c7\u00c3O ARAUC\u00c1RIA E PIBIC-AF\/CNPQ [.doc]<\/a><\/li>\n<\/ul>\n<\/li>\n<li><strong>Pibic-EM<\/strong>\n<ul>\n<li><a href=\"https:\/\/www3.unicentro.br\/propesp\/wp-content\/uploads\/sites\/99\/2024\/03\/Formul_rios_Edital_008_2024_Abertura_do_PIBIC_EM_65fae4553bab5.docx\">ANEXO I, DO EDITAL N\u00ba 008\/2024\u2013 DIRPES\/UNICENTRO \u2013 ABERTURA DE INSCRI\u00c7\u00d5ES PARA O PROGRAMA INSTITUCIONAL DE BOLSAS DE INICIA\u00c7\u00c3O CIENT\u00cdFICA PARA O ENSINO M\u00c9DIO\u2013PIBIC-EM (CNPQ), VIG\u00caNCIA 2024-2025 [.doc]<\/a><\/li>\n<\/ul>\n<\/li>\n<\/ul>\n","protected":false},"excerpt":{"rendered":"<p>Proiti ANEXO II, DO EDITAL N\u00ba 005\/2024 \u2013 DIRPES-IC\/UNICENTRO \u2013 ABERTURA DE INSCRI\u00c7\u00d5ES PARA O PROGRAMA INSTITUCIONAL DE INICIA\u00c7\u00c3O EM DESENVOLVIMENTO TECNOL\u00d3GICO E INOVA\u00c7\u00c3O \u2013 PROITI [.doc] Proic ANEXO II, DO EDITAL N\u00ba 003\/2024 \u2013 DIRPES-IC\/UNICENTRO &#8211; ABERTURA DE INSCRI\u00c7\u00d5ES PARA BOLSAS PIBIC\/CNPQ, PIBIC\/FUNDA\u00c7\u00c3O ARAUC\u00c1RIA, PIBIC\/UNICENTRO E IC-VOLUNT\u00c1RIA [.doc] Pibis ANEXO II, DO EDITAL N\u00ba [&hellip;]<\/p>\n","protected":false},"author":3,"featured_media":0,"parent":93,"menu_order":0,"comment_status":"closed","ping_status":"closed","template":"","meta":{"_exactmetrics_skip_tracking":false,"_exactmetrics_sitenote_active":false,"_exactmetrics_sitenote_note":"","_exactmetrics_sitenote_category":0,"footnotes":"","_links_to":"","_links_to_target":""},"class_list":["post-99","page","type-page","status-publish","hentry"],"publishpress_future_action":{"enabled":false,"date":"2026-05-09 05:53:51","action":"change-status","newStatus":"draft","terms":[],"taxonomy":"","extraData":[]},"publishpress_future_workflow_manual_trigger":{"enabledWorkflows":[]},"_links":{"self":[{"href":"https:\/\/www3.unicentro.br\/propesp\/wp-json\/wp\/v2\/pages\/99","targetHints":{"allow":["GET"]}}],"collection":[{"href":"https:\/\/www3.unicentro.br\/propesp\/wp-json\/wp\/v2\/pages"}],"about":[{"href":"https:\/\/www3.unicentro.br\/propesp\/wp-json\/wp\/v2\/types\/page"}],"author":[{"embeddable":true,"href":"https:\/\/www3.unicentro.br\/propesp\/wp-json\/wp\/v2\/users\/3"}],"replies":[{"embeddable":true,"href":"https:\/\/www3.unicentro.br\/propesp\/wp-json\/wp\/v2\/comments?post=99"}],"version-history":[{"count":2,"href":"https:\/\/www3.unicentro.br\/propesp\/wp-json\/wp\/v2\/pages\/99\/revisions"}],"predecessor-version":[{"id":3138,"href":"https:\/\/www3.unicentro.br\/propesp\/wp-json\/wp\/v2\/pages\/99\/revisions\/3138"}],"up":[{"embeddable":true,"href":"https:\/\/www3.unicentro.br\/propesp\/wp-json\/wp\/v2\/pages\/93"}],"wp:attachment":[{"href":"https:\/\/www3.unicentro.br\/propesp\/wp-json\/wp\/v2\/media?parent=99"}],"curies":[{"name":"wp","href":"https:\/\/api.w.org\/{rel}","templated":true}]}}