{"id":95,"date":"2021-01-21T16:17:50","date_gmt":"2021-01-21T19:17:50","guid":{"rendered":"https:\/\/www3.unicentro.br\/propesp\/?page_id=95"},"modified":"2026-03-23T09:35:36","modified_gmt":"2026-03-23T12:35:36","slug":"legislacao","status":"publish","type":"page","link":"https:\/\/www3.unicentro.br\/propesp\/ic\/programas\/legislacao\/","title":{"rendered":"Legisla\u00e7\u00e3o"},"content":{"rendered":"<div class=\"wpb-content-wrapper\"><p>[vc_row][vc_column][vc_column_text css=&#8221;&#8221;]<\/p>\n<ul>\n<li><a href=\"https:\/\/sgu.unicentro.br\/pcatooficiais\/imprimir\/27A45CDA\"><strong>Resolu\u00e7\u00e3o n\u00ba 01\/2026-Cepe\/Unicentro, de 2 de mar\u00e7o 2026:<\/strong> Altera dispositivos do Regulamento do Programa Institucional de Inicia\u00e7\u00e3o Cient\u00edfica (Proic), da Unicentro, aprovado pela Resolu\u00e7\u00e3o n\u00ba 32-CEPE\/UNICENTRO, de 20 de dezembro de 2018<\/a><\/li>\n<li><a href=\"https:\/\/www3.unicentro.br\/propesp\/wp-content\/uploads\/sites\/99\/2024\/03\/Regulamento_PROITI_2024_65eb4d78c93a6.pdf\"><strong>Resolu\u00e7\u00e3o n\u00ba 02\/2024-Cepe\/Unicentro, de 26 de fevereiro 2024:<\/strong> Aprova o Regulamento do Programa Institucional de Inicia\u00e7\u00e3o em Desenvolvimento Tecnol\u00f3gico e Inova\u00e7\u00e3o, Proiti, da Unicentro<\/a><\/li>\n<li><a href=\"https:\/\/www3.unicentro.br\/propesp\/wp-content\/uploads\/sites\/99\/2022\/03\/IN_01_22_PROPESP_Normas_para_pagamento_de_bolsas_IC_e_IT_6229f12c64f60.pdf\"><strong>Instru\u00e7\u00e3o Normativa n\u00ba 01\/2022-Propesp\/Unicentro, de 9 de mar\u00e7o de 2022:<\/strong> Estabelece normas visando disciplinar o pagamento de bolsas do Programa de Inicia\u00e7\u00e3o Cient\u00edfica, PROIC, e do Programa de Inicia\u00e7\u00e3o Tecnol\u00f3gica, Proiti, da Unicentro<\/a><\/li>\n<li class=\"p1\"><a href=\"https:\/\/www2.unicentro.br\/iniciacaocientifica\/files\/2019\/03\/Regulamento_IC_2018_5c82a1b6ad874.pdf?x63988\"><strong>Resolu\u00e7\u00e3o n\u00ba 32-Cepe\/Unicentro, de 20 de dezembro de 2018:<\/strong> Aprova o Regulamento do Programa Institucional de Inicia\u00e7\u00e3o Cient\u00edfica, Proic, da Unicentro<\/a><\/li>\n<\/ul>\n<p>[\/vc_column_text][\/vc_column][\/vc_row]<\/p>\n<\/div>","protected":false},"excerpt":{"rendered":"<p>[vc_row][vc_column][vc_column_text css=&#8221;&#8221;] Resolu\u00e7\u00e3o n\u00ba 01\/2026-Cepe\/Unicentro, de 2 de mar\u00e7o 2026: Altera dispositivos do Regulamento do Programa Institucional de Inicia\u00e7\u00e3o Cient\u00edfica (Proic), da Unicentro, aprovado pela Resolu\u00e7\u00e3o n\u00ba 32-CEPE\/UNICENTRO, de 20 de dezembro de 2018 Resolu\u00e7\u00e3o n\u00ba 02\/2024-Cepe\/Unicentro, de 26 de fevereiro 2024: Aprova o Regulamento do Programa Institucional de Inicia\u00e7\u00e3o em Desenvolvimento Tecnol\u00f3gico e Inova\u00e7\u00e3o, [&hellip;]<\/p>\n","protected":false},"author":3,"featured_media":0,"parent":93,"menu_order":0,"comment_status":"closed","ping_status":"closed","template":"","meta":{"_exactmetrics_skip_tracking":false,"_exactmetrics_sitenote_active":false,"_exactmetrics_sitenote_note":"","_exactmetrics_sitenote_category":0,"footnotes":"","_links_to":"","_links_to_target":""},"class_list":["post-95","page","type-page","status-publish","hentry"],"publishpress_future_action":{"enabled":false,"date":"2026-04-27 21:14:44","action":"change-status","newStatus":"draft","terms":[],"taxonomy":"","extraData":[]},"publishpress_future_workflow_manual_trigger":{"enabledWorkflows":[]},"_links":{"self":[{"href":"https:\/\/www3.unicentro.br\/propesp\/wp-json\/wp\/v2\/pages\/95","targetHints":{"allow":["GET"]}}],"collection":[{"href":"https:\/\/www3.unicentro.br\/propesp\/wp-json\/wp\/v2\/pages"}],"about":[{"href":"https:\/\/www3.unicentro.br\/propesp\/wp-json\/wp\/v2\/types\/page"}],"author":[{"embeddable":true,"href":"https:\/\/www3.unicentro.br\/propesp\/wp-json\/wp\/v2\/users\/3"}],"replies":[{"embeddable":true,"href":"https:\/\/www3.unicentro.br\/propesp\/wp-json\/wp\/v2\/comments?post=95"}],"version-history":[{"count":2,"href":"https:\/\/www3.unicentro.br\/propesp\/wp-json\/wp\/v2\/pages\/95\/revisions"}],"predecessor-version":[{"id":6564,"href":"https:\/\/www3.unicentro.br\/propesp\/wp-json\/wp\/v2\/pages\/95\/revisions\/6564"}],"up":[{"embeddable":true,"href":"https:\/\/www3.unicentro.br\/propesp\/wp-json\/wp\/v2\/pages\/93"}],"wp:attachment":[{"href":"https:\/\/www3.unicentro.br\/propesp\/wp-json\/wp\/v2\/media?parent=95"}],"curies":[{"name":"wp","href":"https:\/\/api.w.org\/{rel}","templated":true}]}}