{"id":76,"date":"2020-11-13T10:26:38","date_gmt":"2020-11-13T13:26:38","guid":{"rendered":"https:\/\/www3.unicentro.br\/propesp\/?page_id=76"},"modified":"2021-01-28T14:44:25","modified_gmt":"2021-01-28T17:44:25","slug":"comites-de-etica","status":"publish","type":"page","link":"https:\/\/www3.unicentro.br\/propesp\/pesquisa\/comites-de-etica\/","title":{"rendered":"Comit\u00eas de \u00c9tica"},"content":{"rendered":"<div class=\"wpb-content-wrapper\"><p>[vc_row][vc_column][vc_column_text]<\/p>\n<p class=\"p1\">Com vistas a avaliar e acompanhar aspectos \u00e9ticos de pesquisas, a Unicentro possui dois \u00f3rg\u00e3os colegiados\u00a0interdicisplinares e independente, de natureza consultiva, deliberativa e educativa. Um \u00e9 destinado aos estudos com seres humanos (Comep), e outro para os estudos com animais (Ceua).<\/p>\n<p>[\/vc_column_text][vc_row_inner][vc_column_inner width=&#8221;1\/4&#8243;][\/vc_column_inner][vc_column_inner width=&#8221;1\/4&#8243;][vc_btn title=&#8221;Comep&#8221; style=&#8221;flat&#8221; shape=&#8221;square&#8221; color=&#8221;danger&#8221; align=&#8221;center&#8221; css_animation=&#8221;fadeIn&#8221; button_block=&#8221;true&#8221; link=&#8221;url:https%3A%2F%2Fwww3.unicentro.br%2Fcomep%2F&#8221;][\/vc_column_inner][vc_column_inner width=&#8221;1\/4&#8243;][vc_btn title=&#8221;Ceua&#8221; style=&#8221;flat&#8221; shape=&#8221;square&#8221; color=&#8221;danger&#8221; align=&#8221;center&#8221; css_animation=&#8221;fadeIn&#8221; button_block=&#8221;true&#8221; link=&#8221;url:https%3A%2F%2Fwww2.unicentro.br%2Fceua%2F&#8221;][\/vc_column_inner][vc_column_inner width=&#8221;1\/4&#8243;][\/vc_column_inner][\/vc_row_inner][\/vc_column][\/vc_row]<\/p>\n<\/div>","protected":false},"excerpt":{"rendered":"<p>[vc_row][vc_column][vc_column_text] Com vistas a avaliar e acompanhar aspectos \u00e9ticos de pesquisas, a Unicentro possui dois \u00f3rg\u00e3os colegiados\u00a0interdicisplinares e independente, de natureza consultiva, deliberativa e educativa. Um \u00e9 destinado aos estudos com seres humanos (Comep), e outro para os estudos com animais (Ceua). [\/vc_column_text][vc_row_inner][vc_column_inner width=&#8221;1\/4&#8243;][\/vc_column_inner][vc_column_inner width=&#8221;1\/4&#8243;][vc_btn title=&#8221;Comep&#8221; style=&#8221;flat&#8221; shape=&#8221;square&#8221; color=&#8221;danger&#8221; align=&#8221;center&#8221; css_animation=&#8221;fadeIn&#8221; button_block=&#8221;true&#8221; link=&#8221;url:https%3A%2F%2Fwww3.unicentro.br%2Fcomep%2F&#8221;][\/vc_column_inner][vc_column_inner width=&#8221;1\/4&#8243;][vc_btn title=&#8221;Ceua&#8221; [&hellip;]<\/p>\n","protected":false},"author":3,"featured_media":0,"parent":38,"menu_order":0,"comment_status":"closed","ping_status":"closed","template":"","meta":{"_exactmetrics_skip_tracking":false,"_exactmetrics_sitenote_active":false,"_exactmetrics_sitenote_note":"","_exactmetrics_sitenote_category":0,"footnotes":"","_links_to":"","_links_to_target":""},"class_list":["post-76","page","type-page","status-publish","hentry"],"publishpress_future_action":{"enabled":false,"date":"2026-04-28 23:52:49","action":"change-status","newStatus":"draft","terms":[],"taxonomy":"","extraData":[]},"publishpress_future_workflow_manual_trigger":{"enabledWorkflows":[]},"_links":{"self":[{"href":"https:\/\/www3.unicentro.br\/propesp\/wp-json\/wp\/v2\/pages\/76","targetHints":{"allow":["GET"]}}],"collection":[{"href":"https:\/\/www3.unicentro.br\/propesp\/wp-json\/wp\/v2\/pages"}],"about":[{"href":"https:\/\/www3.unicentro.br\/propesp\/wp-json\/wp\/v2\/types\/page"}],"author":[{"embeddable":true,"href":"https:\/\/www3.unicentro.br\/propesp\/wp-json\/wp\/v2\/users\/3"}],"replies":[{"embeddable":true,"href":"https:\/\/www3.unicentro.br\/propesp\/wp-json\/wp\/v2\/comments?post=76"}],"version-history":[{"count":0,"href":"https:\/\/www3.unicentro.br\/propesp\/wp-json\/wp\/v2\/pages\/76\/revisions"}],"up":[{"embeddable":true,"href":"https:\/\/www3.unicentro.br\/propesp\/wp-json\/wp\/v2\/pages\/38"}],"wp:attachment":[{"href":"https:\/\/www3.unicentro.br\/propesp\/wp-json\/wp\/v2\/media?parent=76"}],"curies":[{"name":"wp","href":"https:\/\/api.w.org\/{rel}","templated":true}]}}