{"id":70,"date":"2020-11-13T10:23:58","date_gmt":"2020-11-13T13:23:58","guid":{"rendered":"https:\/\/www3.unicentro.br\/propesp\/?page_id=70"},"modified":"2026-03-27T16:32:41","modified_gmt":"2026-03-27T19:32:41","slug":"infraestrutura-de-pesquisa","status":"publish","type":"page","link":"https:\/\/www3.unicentro.br\/propesp\/pesquisa\/infraestrutura-de-pesquisa\/","title":{"rendered":"Infraestrutura Multiusu\u00e1ria de Pesquisa"},"content":{"rendered":"<div class=\"wpb-content-wrapper\"><p>[vc_row][vc_column][vc_column_text css=&#8221;&#8221;]A <strong>Infraestrutura Multiusu\u00e1ria de Pesquisa da Unicentro (IMP)<\/strong> \u00e9 constitu\u00edda por tr\u00eas (03) Centros Multiusu\u00e1rio de Pesquisa e diversos laborat\u00f3rios, constru\u00eddos e equipados com financiamento governamental, por meio de chamadas da Financiadora de Estudos e Projetos (FINEP), da Coordena\u00e7\u00e3o de Aperfei\u00e7oamento de Pessoal de N\u00edvel Superior (CAPES), Conselho Nacional de Desenvolvimento Cient\u00edfico e Tecnol\u00f3gico (CNPq) e da Funda\u00e7\u00e3o Arauc\u00e1ria de Apoio ao Desenvolvimento Cient\u00edfico e Tecnol\u00f3gico do Estado do Paran\u00e1 (Funda\u00e7\u00e3o Arauc\u00e1ria).<\/p>\n<p>Os Centros Multiusu\u00e1rios s\u00e3o:<\/p>\n<ul>\n<li>Centro de Pesquisas Avan\u00e7adas Ambientais, Bioenerg\u00e9ticas e Biotecnol\u00f3gicas, <a href=\"https:\/\/www3.unicentro.br\/propesp\/pesquisa\/infraestrutura-de-pesquisa\/centros-multiusuarios\/ambiotec\/\"><strong>AMBIOTEC<\/strong><\/a>, no C\u00e2mpus Cedeteg.<\/li>\n<li>Centro de Ci\u00eancias Moleculares e Nanotecnologia, <a href=\"https:\/\/www3.unicentro.br\/ccmn\/\"><strong>CCMN<\/strong><\/a>, no C\u00e2mpus Cedeteg.<\/li>\n<li>Centro Integrado de Pesquisas de Biomassa, Biotecnologia e Bioenergia &#8211; <a href=\"https:\/\/www3.unicentro.br\/propesp\/pesquisa\/infraestrutura-de-pesquisa\/centros-multiusuarios\/bio-3\/\"><strong>BIO-3<\/strong><\/a>, no C\u00e2mpus de Irati.<\/li>\n<\/ul>\n<p>O funcionamento dos Centros Multiusu\u00e1rio \u00e9 regulamentado pela <a href=\"https:\/\/sgu.unicentro.br\/pcatooficiais\/imprimir\/5BE132E0\" target=\"_blank\" rel=\"noopener noreferrer\">Resolu\u00e7\u00e3o no 4-CEPE\/UNICENTRO, de 21 de mar\u00e7o de 2018<\/a>, alterada pela <a href=\"https:\/\/sgu.unicentro.br\/pcatooficiais\/imprimir\/20FBB6CA\" target=\"_blank\" rel=\"noopener\">Resolu\u00e7\u00e3o n\u00ba 23-CEPE\/UNICENTRO, de 27 de junho de 202<\/a>3, e para sua gest\u00e3o h\u00e1 um <a href=\"https:\/\/sgu.unicentro.br\/pcatooficiais\/imprimir\/B2C7B651\">Comit\u00ea Gestor<\/a>, apoiado por <a href=\"https:\/\/www3.unicentro.br\/propesp\/pesquisa\/infraestrutura-depesquisa\/gestao-do-imp\/\">Subcomit\u00ea Gestores<\/a>\u00a0e um<a href=\"https:\/\/www3.unicentro.br\/propesp\/pesquisa\/infraestrutura-de-pesquisa\/comu\/\"> Comit\u00ea de Usu\u00e1rios (COMU)<\/a>.[\/vc_column_text][\/vc_column][\/vc_row]<\/p>\n<\/div>","protected":false},"excerpt":{"rendered":"<p>[vc_row][vc_column][vc_column_text css=&#8221;&#8221;]A Infraestrutura Multiusu\u00e1ria de Pesquisa da Unicentro (IMP) \u00e9 constitu\u00edda por tr\u00eas (03) Centros Multiusu\u00e1rio de Pesquisa e diversos laborat\u00f3rios, constru\u00eddos e equipados com financiamento governamental, por meio de chamadas da Financiadora de Estudos e Projetos (FINEP), da Coordena\u00e7\u00e3o de Aperfei\u00e7oamento de Pessoal de N\u00edvel Superior (CAPES), Conselho Nacional de Desenvolvimento Cient\u00edfico e Tecnol\u00f3gico [&hellip;]<\/p>\n","protected":false},"author":3,"featured_media":0,"parent":38,"menu_order":0,"comment_status":"closed","ping_status":"closed","template":"","meta":{"_exactmetrics_skip_tracking":false,"_exactmetrics_sitenote_active":false,"_exactmetrics_sitenote_note":"","_exactmetrics_sitenote_category":0,"footnotes":"","_links_to":"","_links_to_target":""},"class_list":["post-70","page","type-page","status-publish","hentry"],"publishpress_future_action":{"enabled":false,"date":"2026-04-27 12:34:09","action":"change-status","newStatus":"draft","terms":[],"taxonomy":"","extraData":[]},"publishpress_future_workflow_manual_trigger":{"enabledWorkflows":[]},"_links":{"self":[{"href":"https:\/\/www3.unicentro.br\/propesp\/wp-json\/wp\/v2\/pages\/70","targetHints":{"allow":["GET"]}}],"collection":[{"href":"https:\/\/www3.unicentro.br\/propesp\/wp-json\/wp\/v2\/pages"}],"about":[{"href":"https:\/\/www3.unicentro.br\/propesp\/wp-json\/wp\/v2\/types\/page"}],"author":[{"embeddable":true,"href":"https:\/\/www3.unicentro.br\/propesp\/wp-json\/wp\/v2\/users\/3"}],"replies":[{"embeddable":true,"href":"https:\/\/www3.unicentro.br\/propesp\/wp-json\/wp\/v2\/comments?post=70"}],"version-history":[{"count":3,"href":"https:\/\/www3.unicentro.br\/propesp\/wp-json\/wp\/v2\/pages\/70\/revisions"}],"predecessor-version":[{"id":6599,"href":"https:\/\/www3.unicentro.br\/propesp\/wp-json\/wp\/v2\/pages\/70\/revisions\/6599"}],"up":[{"embeddable":true,"href":"https:\/\/www3.unicentro.br\/propesp\/wp-json\/wp\/v2\/pages\/38"}],"wp:attachment":[{"href":"https:\/\/www3.unicentro.br\/propesp\/wp-json\/wp\/v2\/media?parent=70"}],"curies":[{"name":"wp","href":"https:\/\/api.w.org\/{rel}","templated":true}]}}