{"id":66,"date":"2020-11-13T10:21:48","date_gmt":"2020-11-13T13:21:48","guid":{"rendered":"https:\/\/www3.unicentro.br\/propesp\/?page_id=66"},"modified":"2025-08-26T15:12:16","modified_gmt":"2025-08-26T18:12:16","slug":"como-cadastrar","status":"publish","type":"page","link":"https:\/\/www3.unicentro.br\/propesp\/pesquisa\/grupos-de-pesquisa\/como-cadastrar\/","title":{"rendered":"Como cadastrar"},"content":{"rendered":"<div class=\"wpb-content-wrapper\"><p>[vc_row][vc_column][vc_column_text css=&#8221;&#8221;]Os Grupos de Pesquisa certificados pela UNICENTRO s\u00e3o liderados por pesquisadores com v\u00ednculo efetivo com a Institui\u00e7\u00e3o.<\/p>\n<p>Para cadastrar o grupo de pesquisa, o pesquisador deve seguir os seguintes passos:<\/p>\n<ol>\n<li>Solicitar ao Pr\u00f3-Reitor de Pesquisa e P\u00f3s-gradua\u00e7\u00e3o (<a href=\"mailto:prsilva@unicentro.br\"><em>prsilva@unicentro.br<\/em><\/a>) seu cadastro como l\u00edder de grupo.<br \/>\nPara tanto, deve informar apenas o nome completo.<\/li>\n<li>\u00a0Ap\u00f3s ter seu status de l\u00edder, o pesquisador pode cadastrar os dados do grupo no Diret\u00f3rio de Grupos do CNPq, localizado no menu \u201cPlataforma Lattes\u201d (<a href=\"http:\/\/dgp.cnpq.br\/diretorioc\/\"><em>http:\/\/dgp.cnpq.br\/diretorioc\/<\/em><\/a>).<br \/>\nRecomenda-se n\u00e3o incluir a express\u00e3o \u201cGrupo de Pesquisa\u201d no nome do grupo e incluir um m\u00ednimo de 3 (tr\u00eas) pesquisadores e 3 (tr\u00eas) estudantes vinculados na plataforma.<\/li>\n<li>Para concluir, deve clicar em \u201cEnviar ao CNPq\u201d.<\/li>\n<li>O Pr\u00f3-Reitor de Pesquisa e P\u00f3s-gradua\u00e7\u00e3o certifica o grupo no Diret\u00f3rio de Grupos do CNPq.<\/li>\n<li>O grupo de pesquisa deve ser atualizado ao menos uma vez ao ano.<\/li>\n<\/ol>\n<p>[\/vc_column_text][\/vc_column][\/vc_row]<\/p>\n<\/div>","protected":false},"excerpt":{"rendered":"<p>[vc_row][vc_column][vc_column_text css=&#8221;&#8221;]Os Grupos de Pesquisa certificados pela UNICENTRO s\u00e3o liderados por pesquisadores com v\u00ednculo efetivo com a Institui\u00e7\u00e3o. Para cadastrar o grupo de pesquisa, o pesquisador deve seguir os seguintes passos: Solicitar ao Pr\u00f3-Reitor de Pesquisa e P\u00f3s-gradua\u00e7\u00e3o (prsilva@unicentro.br) seu cadastro como l\u00edder de grupo. Para tanto, deve informar apenas o nome completo. \u00a0Ap\u00f3s ter [&hellip;]<\/p>\n","protected":false},"author":3,"featured_media":0,"parent":62,"menu_order":0,"comment_status":"closed","ping_status":"closed","template":"","meta":{"_exactmetrics_skip_tracking":false,"_exactmetrics_sitenote_active":false,"_exactmetrics_sitenote_note":"","_exactmetrics_sitenote_category":0,"footnotes":"","_links_to":"","_links_to_target":""},"class_list":["post-66","page","type-page","status-publish","hentry"],"publishpress_future_action":{"enabled":false,"date":"2026-04-14 08:34:40","action":"change-status","newStatus":"draft","terms":[],"taxonomy":"","extraData":[]},"publishpress_future_workflow_manual_trigger":{"enabledWorkflows":[]},"_links":{"self":[{"href":"https:\/\/www3.unicentro.br\/propesp\/wp-json\/wp\/v2\/pages\/66","targetHints":{"allow":["GET"]}}],"collection":[{"href":"https:\/\/www3.unicentro.br\/propesp\/wp-json\/wp\/v2\/pages"}],"about":[{"href":"https:\/\/www3.unicentro.br\/propesp\/wp-json\/wp\/v2\/types\/page"}],"author":[{"embeddable":true,"href":"https:\/\/www3.unicentro.br\/propesp\/wp-json\/wp\/v2\/users\/3"}],"replies":[{"embeddable":true,"href":"https:\/\/www3.unicentro.br\/propesp\/wp-json\/wp\/v2\/comments?post=66"}],"version-history":[{"count":1,"href":"https:\/\/www3.unicentro.br\/propesp\/wp-json\/wp\/v2\/pages\/66\/revisions"}],"predecessor-version":[{"id":5472,"href":"https:\/\/www3.unicentro.br\/propesp\/wp-json\/wp\/v2\/pages\/66\/revisions\/5472"}],"up":[{"embeddable":true,"href":"https:\/\/www3.unicentro.br\/propesp\/wp-json\/wp\/v2\/pages\/62"}],"wp:attachment":[{"href":"https:\/\/www3.unicentro.br\/propesp\/wp-json\/wp\/v2\/media?parent=66"}],"curies":[{"name":"wp","href":"https:\/\/api.w.org\/{rel}","templated":true}]}}