{"id":6594,"date":"2026-03-27T16:31:08","date_gmt":"2026-03-27T19:31:08","guid":{"rendered":"https:\/\/www3.unicentro.br\/propesp\/?page_id=6594"},"modified":"2026-03-27T16:32:20","modified_gmt":"2026-03-27T19:32:20","slug":"comu","status":"publish","type":"page","link":"https:\/\/www3.unicentro.br\/propesp\/pesquisa\/infraestrutura-de-pesquisa\/comu\/","title":{"rendered":"COMU &#8211; Comit\u00ea de Usu\u00e1rios"},"content":{"rendered":"<p>O<em><strong><a href=\"https:\/\/sgu.unicentro.br\/pcatooficiais\/imprimir\/9F746CB8\"> Comit\u00ea de Usu\u00e1rios (COMU)<\/a><\/strong><\/em>, vinculado \u00e0 Infraestrtutura Multius\u00e1ria de Pesquisa (IMP), da Universidade Estadual do Centro-Oeste (UNICENTRO), compreende os <em><strong><a href=\"https:\/\/sgu.unicentro.br\/pcatooficiais\/imprimir\/39CF07E1\">representantes<\/a><\/strong><\/em> de usu\u00e1rios da IMP.<\/p>\n","protected":false},"excerpt":{"rendered":"<p>O Comit\u00ea de Usu\u00e1rios (COMU), vinculado \u00e0 Infraestrtutura Multius\u00e1ria de Pesquisa (IMP), da Universidade Estadual do Centro-Oeste (UNICENTRO), compreende os representantes de usu\u00e1rios da IMP.<\/p>\n","protected":false},"author":6,"featured_media":0,"parent":70,"menu_order":0,"comment_status":"closed","ping_status":"closed","template":"","meta":{"_exactmetrics_skip_tracking":false,"_exactmetrics_sitenote_active":false,"_exactmetrics_sitenote_note":"","_exactmetrics_sitenote_category":0,"footnotes":"","_links_to":"","_links_to_target":""},"class_list":["post-6594","page","type-page","status-publish","hentry"],"publishpress_future_action":{"enabled":false,"date":"2026-04-27 21:17:01","action":"change-status","newStatus":"draft","terms":[],"taxonomy":"","extraData":[]},"publishpress_future_workflow_manual_trigger":{"enabledWorkflows":[]},"_links":{"self":[{"href":"https:\/\/www3.unicentro.br\/propesp\/wp-json\/wp\/v2\/pages\/6594","targetHints":{"allow":["GET"]}}],"collection":[{"href":"https:\/\/www3.unicentro.br\/propesp\/wp-json\/wp\/v2\/pages"}],"about":[{"href":"https:\/\/www3.unicentro.br\/propesp\/wp-json\/wp\/v2\/types\/page"}],"author":[{"embeddable":true,"href":"https:\/\/www3.unicentro.br\/propesp\/wp-json\/wp\/v2\/users\/6"}],"replies":[{"embeddable":true,"href":"https:\/\/www3.unicentro.br\/propesp\/wp-json\/wp\/v2\/comments?post=6594"}],"version-history":[{"count":3,"href":"https:\/\/www3.unicentro.br\/propesp\/wp-json\/wp\/v2\/pages\/6594\/revisions"}],"predecessor-version":[{"id":6597,"href":"https:\/\/www3.unicentro.br\/propesp\/wp-json\/wp\/v2\/pages\/6594\/revisions\/6597"}],"up":[{"embeddable":true,"href":"https:\/\/www3.unicentro.br\/propesp\/wp-json\/wp\/v2\/pages\/70"}],"wp:attachment":[{"href":"https:\/\/www3.unicentro.br\/propesp\/wp-json\/wp\/v2\/media?parent=6594"}],"curies":[{"name":"wp","href":"https:\/\/api.w.org\/{rel}","templated":true}]}}