{"id":62,"date":"2020-11-13T10:20:30","date_gmt":"2020-11-13T13:20:30","guid":{"rendered":"https:\/\/www3.unicentro.br\/propesp\/?page_id=62"},"modified":"2021-01-22T17:44:54","modified_gmt":"2021-01-22T20:44:54","slug":"grupos-de-pesquisa","status":"publish","type":"page","link":"https:\/\/www3.unicentro.br\/propesp\/pesquisa\/grupos-de-pesquisa\/","title":{"rendered":"Grupos de Pesquisa"},"content":{"rendered":"<p class=\"p1\">Atualmente, h\u00e1 188 Grupos de Pesquisas certificados pela Unicentro, nas seguintes \u00e1reas: Administra\u00e7\u00e3o, Agronomia, Artes, Bot\u00e2nica, Gen\u00e9tica Vegetal, Ci\u00eancia Gen\u00e9tica de Insetos, Bioqu\u00edmica, Qu\u00edmica, Sa\u00fade Coletiva, Ci\u00eancia da Computa\u00e7\u00e3o, Comunica\u00e7\u00e3o, Biologia Evolutiva, Ecologia, Economia, Educa\u00e7\u00e3o, Educa\u00e7\u00e3o Ambiental, Ci\u00eancia e Tecnologia de Alimentos, Recursos Florestais e Engenharia Florestal, Gen\u00e9tica, Geografia, Geoci\u00eancias, Ci\u00eancia da Informa\u00e7\u00e3o, Hist\u00f3ria, Direito, Letras, Lingu\u0308.stica, Matem\u00e1tica, Microbiologia, Nutri\u00e7\u00e3o, Engenharia de Produ\u00e7\u00e3o, Engenharia Sanit\u00e1ria, Farmacologia,\u00a0Farm\u00e1cia, Filosofia, Educa\u00e7\u00e3o F\u00edsica, F\u00edsica, Fisioterapia e Terapia Ocupacional, Medicina, Enfermagem, Fonoaudiologia, Psicologia, Sociologia, Turismo, Servi\u00e7o Social, Veterin\u00e1ria e Zoologia.<\/p>\n","protected":false},"excerpt":{"rendered":"<p>Atualmente, h\u00e1 188 Grupos de Pesquisas certificados pela Unicentro, nas seguintes \u00e1reas: Administra\u00e7\u00e3o, Agronomia, Artes, Bot\u00e2nica, Gen\u00e9tica Vegetal, Ci\u00eancia Gen\u00e9tica de Insetos, Bioqu\u00edmica, Qu\u00edmica, Sa\u00fade Coletiva, Ci\u00eancia da Computa\u00e7\u00e3o, Comunica\u00e7\u00e3o, Biologia Evolutiva, Ecologia, Economia, Educa\u00e7\u00e3o, Educa\u00e7\u00e3o Ambiental, Ci\u00eancia e Tecnologia de Alimentos, Recursos Florestais e Engenharia Florestal, Gen\u00e9tica, Geografia, Geoci\u00eancias, Ci\u00eancia da Informa\u00e7\u00e3o, Hist\u00f3ria, Direito, [&hellip;]<\/p>\n","protected":false},"author":3,"featured_media":0,"parent":38,"menu_order":0,"comment_status":"closed","ping_status":"closed","template":"","meta":{"_exactmetrics_skip_tracking":false,"_exactmetrics_sitenote_active":false,"_exactmetrics_sitenote_note":"","_exactmetrics_sitenote_category":0,"footnotes":"","_links_to":"","_links_to_target":""},"class_list":["post-62","page","type-page","status-publish","hentry"],"publishpress_future_action":{"enabled":false,"date":"2026-04-21 09:06:11","action":"change-status","newStatus":"draft","terms":[],"taxonomy":"","extraData":[]},"publishpress_future_workflow_manual_trigger":{"enabledWorkflows":[]},"_links":{"self":[{"href":"https:\/\/www3.unicentro.br\/propesp\/wp-json\/wp\/v2\/pages\/62","targetHints":{"allow":["GET"]}}],"collection":[{"href":"https:\/\/www3.unicentro.br\/propesp\/wp-json\/wp\/v2\/pages"}],"about":[{"href":"https:\/\/www3.unicentro.br\/propesp\/wp-json\/wp\/v2\/types\/page"}],"author":[{"embeddable":true,"href":"https:\/\/www3.unicentro.br\/propesp\/wp-json\/wp\/v2\/users\/3"}],"replies":[{"embeddable":true,"href":"https:\/\/www3.unicentro.br\/propesp\/wp-json\/wp\/v2\/comments?post=62"}],"version-history":[{"count":0,"href":"https:\/\/www3.unicentro.br\/propesp\/wp-json\/wp\/v2\/pages\/62\/revisions"}],"up":[{"embeddable":true,"href":"https:\/\/www3.unicentro.br\/propesp\/wp-json\/wp\/v2\/pages\/38"}],"wp:attachment":[{"href":"https:\/\/www3.unicentro.br\/propesp\/wp-json\/wp\/v2\/media?parent=62"}],"curies":[{"name":"wp","href":"https:\/\/api.w.org\/{rel}","templated":true}]}}