{"id":60,"date":"2020-11-13T10:19:18","date_gmt":"2020-11-13T13:19:18","guid":{"rendered":"https:\/\/www3.unicentro.br\/propesp\/?page_id=60"},"modified":"2023-02-17T14:56:06","modified_gmt":"2023-02-17T17:56:06","slug":"formularios","status":"publish","type":"page","link":"https:\/\/www3.unicentro.br\/propesp\/pesquisa\/legislacao-institucional\/formularios\/","title":{"rendered":"Formul\u00e1rios"},"content":{"rendered":"<div class=\"wpb-content-wrapper\"><p>[vc_row][vc_column][vc_column_text]<\/p>\n<ul>\n<li class=\"p1\"><a href=\"https:\/\/www3.unicentro.br\/propesp\/wp-content\/uploads\/sites\/99\/2023\/02\/RESOLU_O_1_CEPE_UNICENTRO_Altera_Anexos_I_e_III_63efb6e1dd3ef.pdf\">Resolu\u00e7\u00e3o n\u00ba 1-Cepe\/Unicentro, de 14 de fevereiro de 2023 &#8211; Altera os anexos II e III, do Regulamento de Pesquisa da Unicentro, aprovado pela Resolu\u00e7\u00e3o n\u00ba 59-Cepe\/Unicentro, de 16 de setembro de 2011<\/a><\/li>\n<li class=\"p1\"><a href=\"https:\/\/www3.unicentro.br\/propesp\/wp-content\/uploads\/sites\/99\/2023\/02\/Formul_rios_PqC_2_Anexos_I_II_e_III_Resol_59_2011_e_Resol_1_2023_63efb6e238ba5.doc\">ANEXOS I e II da Resolu\u00e7\u00e3o n\u00ba 1-Cepe\/Unicentro &#8211; Formul\u00e1rio para solicita\u00e7\u00e3o de credenciamento de docente pesquisador na modalidade Pesquisa Continuada, PqC e Formul\u00e3rio indicador da Produ\u00e7\u00e3o Cient\u00edfica, Tecnol\u00f3gica e Art\u00edstico-Cultural do pesquisador para efeito de caracteriza\u00e7\u00e3o do Perfil do Pesquisador, PqC [.doc]<\/a><\/li>\n<li class=\"p1\"><a href=\"https:\/\/www2.unicentro.br\/pesquisa\/files\/2012\/10\/form-pqi.doc?x75905\">Formul\u00e1rio PqI e PqE: Anexos V e VI da Resolu\u00e7\u00e3o n\u00ba 59-CEPE\/UNICENTRO, de 16 de setembro de 2011<\/a><\/li>\n<li><a href=\"https:\/\/www2.unicentro.br\/pesquisa\/files\/2012\/10\/modelo-decl-cancelamento.doc?x75905\">Modelo de Declara\u00e7\u00e3o para Cancelamento de PqC: conforme Resolu\u00e7\u00e3o n\u00ba 59-CEPE\/UNICENTRO, de 16 de setembro de 2011<\/a><\/li>\n<li><a href=\"https:\/\/www2.unicentro.br\/pesquisa\/files\/2012\/10\/modelo-relatorio-final.doc?x75905\">Modelo de Relat\u00f3rio T\u00e9cnico Final: Anexo VIII da Resolu\u00e7\u00e3o n\u00ba 59-CEPE\/UNICENTRO, de 16 de setembro de 2011<\/a><\/li>\n<li><a href=\"https:\/\/www2.unicentro.br\/pesquisa\/files\/2020\/03\/Modelo_Parecer_CONDEP_RTF_de_PqE_e_PqI_5e6681e9a4ff2.doc?x75905\">Modelo de Parecer CONDEP: RTF de PqI e PqE, conforme Resolu\u00e7\u00e3o n\u00ba 59-CEPE\/UNICENTRO, de 16 de setembro de 2011<\/a><\/li>\n<li><a href=\"https:\/\/www2.unicentro.br\/pesquisa\/files\/2020\/03\/Modelo_parecer_CONDEP_an_lise_PqC_ANEXO_IV_5e6681c69fc8c.doc?x75905\">Modelo de Parecer CONDEP: An\u00e1lise de PqC \u2013 Anexo IV da Resolu\u00e7\u00e3o n\u00ba 59-CEPE\/UNICENTRO, de 16 de setembro de 2011<\/a><\/li>\n<li><a href=\"https:\/\/www2.unicentro.br\/pesquisa\/files\/2020\/03\/Modelo_parecer_CONDEP_an_lise_PqI_e_PqE_ANEXO_VII_Res_59_2011_5e6681dc6de38.doc?x75905\">Modelo de Parecer CONDEP: An\u00e1lise de PqI e PqE \u2013 Anexo VII da Resolu\u00e7\u00e3o n\u00ba 59-CEPE\/UNICENTRO, de 16 de setembro de 2011<\/a><\/li>\n<\/ul>\n<p>[\/vc_column_text][\/vc_column][\/vc_row]<\/p>\n<\/div>","protected":false},"excerpt":{"rendered":"<p>[vc_row][vc_column][vc_column_text] Resolu\u00e7\u00e3o n\u00ba 1-Cepe\/Unicentro, de 14 de fevereiro de 2023 &#8211; Altera os anexos II e III, do Regulamento de Pesquisa da Unicentro, aprovado pela Resolu\u00e7\u00e3o n\u00ba 59-Cepe\/Unicentro, de 16 de setembro de 2011 ANEXOS I e II da Resolu\u00e7\u00e3o n\u00ba 1-Cepe\/Unicentro &#8211; Formul\u00e1rio para solicita\u00e7\u00e3o de credenciamento de docente pesquisador na modalidade Pesquisa Continuada, [&hellip;]<\/p>\n","protected":false},"author":3,"featured_media":0,"parent":56,"menu_order":0,"comment_status":"closed","ping_status":"closed","template":"","meta":{"_exactmetrics_skip_tracking":false,"_exactmetrics_sitenote_active":false,"_exactmetrics_sitenote_note":"","_exactmetrics_sitenote_category":0,"footnotes":"","_links_to":"","_links_to_target":""},"class_list":["post-60","page","type-page","status-publish","hentry"],"publishpress_future_action":{"enabled":false,"date":"2026-04-12 06:30:07","action":"change-status","newStatus":"draft","terms":[],"taxonomy":"","extraData":[]},"publishpress_future_workflow_manual_trigger":{"enabledWorkflows":[]},"_links":{"self":[{"href":"https:\/\/www3.unicentro.br\/propesp\/wp-json\/wp\/v2\/pages\/60","targetHints":{"allow":["GET"]}}],"collection":[{"href":"https:\/\/www3.unicentro.br\/propesp\/wp-json\/wp\/v2\/pages"}],"about":[{"href":"https:\/\/www3.unicentro.br\/propesp\/wp-json\/wp\/v2\/types\/page"}],"author":[{"embeddable":true,"href":"https:\/\/www3.unicentro.br\/propesp\/wp-json\/wp\/v2\/users\/3"}],"replies":[{"embeddable":true,"href":"https:\/\/www3.unicentro.br\/propesp\/wp-json\/wp\/v2\/comments?post=60"}],"version-history":[{"count":0,"href":"https:\/\/www3.unicentro.br\/propesp\/wp-json\/wp\/v2\/pages\/60\/revisions"}],"up":[{"embeddable":true,"href":"https:\/\/www3.unicentro.br\/propesp\/wp-json\/wp\/v2\/pages\/56"}],"wp:attachment":[{"href":"https:\/\/www3.unicentro.br\/propesp\/wp-json\/wp\/v2\/media?parent=60"}],"curies":[{"name":"wp","href":"https:\/\/api.w.org\/{rel}","templated":true}]}}