{"id":5315,"date":"2025-07-17T17:08:13","date_gmt":"2025-07-17T20:08:13","guid":{"rendered":"https:\/\/www3.unicentro.br\/propesp\/?page_id=5315"},"modified":"2025-09-03T16:29:43","modified_gmt":"2025-09-03T19:29:43","slug":"diretrizes","status":"publish","type":"page","link":"https:\/\/www3.unicentro.br\/propesp\/pesquisa\/legislacao-institucional\/diretrizes\/","title":{"rendered":"Diretrizes e Tutoriais"},"content":{"rendered":"<ul>\n<li><a href=\"https:\/\/www3.unicentro.br\/propesp\/wp-content\/uploads\/sites\/99\/2025\/09\/DIRETRIZES-IAG-PESQUISA.pdf\">Diretrizes para uso de intelig\u00eancia artificial generativa em pesquisa na Unicentro<\/a><\/li>\n<li><a href=\"https:\/\/www3.unicentro.br\/propesp\/wp-content\/uploads\/sites\/99\/2024\/07\/TutorialLattes_669e6445e0303.pdf\">Tutorial para cadastro e atualiza\u00e7\u00e3o do curr\u00edculo Lattes<\/a><\/li>\n<li><a href=\"https:\/\/www3.unicentro.br\/propesp\/wp-content\/uploads\/sites\/99\/2024\/07\/TutorialGoogleAcad_mico_668eeeeab8e55.pdf\">Tutorial sobre o Google Acad\u00eamico<\/a><\/li>\n<li><a href=\"https:\/\/www3.unicentro.br\/propesp\/wp-content\/uploads\/sites\/99\/2024\/06\/TutorialORCID_66796cdaa45a7.pdf\">Tutorial sobre cria\u00e7\u00e3o de ORCID<\/a><\/li>\n<\/ul>\n","protected":false},"excerpt":{"rendered":"<p>Diretrizes para uso de intelig\u00eancia artificial generativa em pesquisa na Unicentro Tutorial para cadastro e atualiza\u00e7\u00e3o do curr\u00edculo Lattes Tutorial sobre o Google Acad\u00eamico Tutorial sobre cria\u00e7\u00e3o de ORCID<\/p>\n","protected":false},"author":3,"featured_media":0,"parent":56,"menu_order":0,"comment_status":"closed","ping_status":"closed","template":"","meta":{"_exactmetrics_skip_tracking":false,"_exactmetrics_sitenote_active":false,"_exactmetrics_sitenote_note":"","_exactmetrics_sitenote_category":0,"footnotes":"","_links_to":"","_links_to_target":""},"class_list":["post-5315","page","type-page","status-publish","hentry"],"publishpress_future_action":{"enabled":false,"date":"2026-04-29 06:31:40","action":"change-status","newStatus":"draft","terms":[],"taxonomy":"","extraData":[]},"publishpress_future_workflow_manual_trigger":{"enabledWorkflows":[]},"_links":{"self":[{"href":"https:\/\/www3.unicentro.br\/propesp\/wp-json\/wp\/v2\/pages\/5315","targetHints":{"allow":["GET"]}}],"collection":[{"href":"https:\/\/www3.unicentro.br\/propesp\/wp-json\/wp\/v2\/pages"}],"about":[{"href":"https:\/\/www3.unicentro.br\/propesp\/wp-json\/wp\/v2\/types\/page"}],"author":[{"embeddable":true,"href":"https:\/\/www3.unicentro.br\/propesp\/wp-json\/wp\/v2\/users\/3"}],"replies":[{"embeddable":true,"href":"https:\/\/www3.unicentro.br\/propesp\/wp-json\/wp\/v2\/comments?post=5315"}],"version-history":[{"count":4,"href":"https:\/\/www3.unicentro.br\/propesp\/wp-json\/wp\/v2\/pages\/5315\/revisions"}],"predecessor-version":[{"id":5557,"href":"https:\/\/www3.unicentro.br\/propesp\/wp-json\/wp\/v2\/pages\/5315\/revisions\/5557"}],"up":[{"embeddable":true,"href":"https:\/\/www3.unicentro.br\/propesp\/wp-json\/wp\/v2\/pages\/56"}],"wp:attachment":[{"href":"https:\/\/www3.unicentro.br\/propesp\/wp-json\/wp\/v2\/media?parent=5315"}],"curies":[{"name":"wp","href":"https:\/\/api.w.org\/{rel}","templated":true}]}}