{"id":4809,"date":"2025-03-17T10:22:19","date_gmt":"2025-03-17T13:22:19","guid":{"rendered":"https:\/\/www3.unicentro.br\/propesp\/?page_id=4809"},"modified":"2025-03-17T11:03:49","modified_gmt":"2025-03-17T14:03:49","slug":"planejamento-estrategico-e-autoavaliacao","status":"publish","type":"page","link":"https:\/\/www3.unicentro.br\/propesp\/destaques\/planejamento-estrategico-e-autoavaliacao\/","title":{"rendered":"Autoavalia\u00e7\u00e3o e Planejamento Estrat\u00e9gico"},"content":{"rendered":"<p style=\"text-align: center\"><strong>PLANEJAMENTO ESTRAT\u00c9GICO DA PROPESP &#8211; UNICENTRO, PEP<\/strong><\/p>\n<p style=\"text-align: center\"><strong>P\u00d3S-GRADUA\u00c7\u00c3O<\/strong><\/p>\n<p style=\"text-align: center\"><strong>Miss\u00e3o<\/strong><\/p>\n<p>Promover a qualifica\u00e7\u00e3o de profissionais de alto n\u00edvel que possam contribuir para a transforma\u00e7\u00e3o da sociedade, especialmente no \u00e2mbito regional, por meio da produ\u00e7\u00e3o e dissemina\u00e7\u00e3o do conhecimento t\u00e9cnico e cient\u00edfico, da inova\u00e7\u00e3o, da tecnologia, da arte e da cultura.<\/p>\n<p style=\"text-align: center\"><strong>Vis\u00e3o<\/strong><\/p>\n<p>Ser refer\u00eancia na qualifica\u00e7\u00e3o profissional e na produ\u00e7\u00e3o e dissemina\u00e7\u00e3o de conhecimento t\u00e9cnico e cient\u00edfico, da inova\u00e7\u00e3o, da tecnologia, da arte e da cultura, visando contribuir para o desenvolvimento socioecon\u00f4mico regional e nacional.<\/p>\n<p style=\"text-align: center\"><strong>Objetivos<\/strong><\/p>\n<ol style=\"list-style-type: upper-roman\">\n<li>promover a continuidade das atividades de ensino, pesquisa e extens\u00e3o dos Programas estabelecidos, com vistas a melhoria cont\u00ednua da qualidade na qualifica\u00e7\u00e3o profissional e na produ\u00e7\u00e3o e dissemina\u00e7\u00e3o do conhecimento, da inova\u00e7\u00e3o, da tecnologia, da arte e da cultura;<\/li>\n<li>ampliar as atividades de ensino, pesquisa e extens\u00e3o dos Programas existentes de acordo com as diretrizes institucionais e da P\u00f3s-Gradua\u00e7\u00e3o;<\/li>\n<li>promover a oferta de novos Programas alinhados com as diretrizes institucionais e da P\u00f3s-Gradua\u00e7\u00e3o;<\/li>\n<li>promover a interface entre o ensino de gradua\u00e7\u00e3o e p\u00f3s-gradua\u00e7\u00e3o, contribuindo para a forma\u00e7\u00e3o\/qualifica\u00e7\u00e3o de qualidade nesses n\u00edveis de ensino.<\/li>\n<\/ol>\n<p style=\"text-align: center\"><strong>Diretrizes Estrat\u00e9gicas<\/strong><\/p>\n<ol style=\"list-style-type: upper-roman\">\n<li>desenvolver a\u00e7\u00f5es para melhoria nos aspectos considerados nas avalia\u00e7\u00f5es junto aos \u00f3rg\u00e3os de avalia\u00e7\u00e3o da P\u00f3s-Gradua\u00e7\u00e3o;<\/li>\n<li>desenvolver um conjunto pr\u00f3prio de indicadores de avalia\u00e7\u00e3o da P\u00f3s-Gradua\u00e7\u00e3o e de seus Programas, de acordo com o contexto institucional;<\/li>\n<li>desenvolver um programa de acompanhamento de egressos dos Programas da Unicentro;<\/li>\n<li>fomentar a expans\u00e3o das atividades de ensino, pesquisa e extens\u00e3o dos Programas alinhada aos objetivos e linhas de pesquisa dos mesmos;<\/li>\n<li>fomentar a cria\u00e7\u00e3o de novos programas que venham a suprir demandas da sociedade, que sejam relevantes e impactem positivamente nesta sociedade e que venham a suprir lacunas na P\u00f3s-Gradua\u00e7\u00e3o n\u00e3o supridas por outros programas da institui\u00e7\u00e3o ou de outras institui\u00e7\u00f5es na regi\u00e3o;<\/li>\n<li>apoiar iniciativas de integra\u00e7\u00e3o da P\u00f3s-Gradua\u00e7\u00e3o com a Gradua\u00e7\u00e3o, especialmente no \u00e2mbito da pesquisa;<\/li>\n<li>desenvolver a\u00e7\u00f5es de fortalecimento dos Grupos de Pesquisa;<\/li>\n<li>ampliar as a\u00e7\u00f5es de promo\u00e7\u00e3o e dissemina\u00e7\u00e3o da pesquisa na Unicentro;<\/li>\n<li>promover a\u00e7\u00f5es de produ\u00e7\u00e3o e dissemina\u00e7\u00e3o da inova\u00e7\u00e3o, da tecnologia, da arte e da cultura;<\/li>\n<li>buscar parcerias com outras IES, Institui\u00e7\u00f5es, Organiza\u00e7\u00f5es e Grupos de Pesquisa;<\/li>\n<li>buscar recursos junto \u00e0 Unicentro ou em outras institui\u00e7\u00f5es para a melhoria da infraestrutura da P\u00f3s-Gradua\u00e7\u00e3o, priorizando a perspectiva multiusu\u00e1ria;<\/li>\n<li>atuar junto a Reitoria para amplia\u00e7\u00e3o do quadro t\u00e9cnico administrativo, para atender as demandas dos programas;<\/li>\n<li>\u00a0promover a\u00e7\u00f5es que busquem a inser\u00e7\u00e3o de docentes e discentes na utiliza\u00e7\u00e3o da l\u00edngua inglesa em atividades de ensino, pesquisa e extens\u00e3o;<\/li>\n<li>desenvolver a\u00e7\u00f5es com foco na internacionaliza\u00e7\u00e3o dos Programas que tenham esta perspectiva em seus objetivos;<\/li>\n<li>promover a\u00e7\u00f5es que busquem a maior integra\u00e7\u00e3o entre os Programas e a Sociedade, buscando, preferencialmente, a resolu\u00e7\u00e3o de problemas locais e regionais.<\/li>\n<\/ol>\n","protected":false},"excerpt":{"rendered":"<p>PLANEJAMENTO ESTRAT\u00c9GICO DA PROPESP &#8211; UNICENTRO, PEP P\u00d3S-GRADUA\u00c7\u00c3O Miss\u00e3o Promover a qualifica\u00e7\u00e3o de profissionais de alto n\u00edvel que possam contribuir para a transforma\u00e7\u00e3o da sociedade, especialmente no \u00e2mbito regional, por meio da produ\u00e7\u00e3o e dissemina\u00e7\u00e3o do conhecimento t\u00e9cnico e cient\u00edfico, da inova\u00e7\u00e3o, da tecnologia, da arte e da cultura. Vis\u00e3o Ser refer\u00eancia na qualifica\u00e7\u00e3o profissional [&hellip;]<\/p>\n","protected":false},"author":6,"featured_media":0,"parent":158,"menu_order":0,"comment_status":"closed","ping_status":"closed","template":"","meta":{"_exactmetrics_skip_tracking":false,"_exactmetrics_sitenote_active":false,"_exactmetrics_sitenote_note":"","_exactmetrics_sitenote_category":0,"footnotes":"","_links_to":"","_links_to_target":""},"class_list":["post-4809","page","type-page","status-publish","hentry"],"publishpress_future_action":{"enabled":false,"date":"2026-04-27 21:17:01","action":"change-status","newStatus":"draft","terms":[],"taxonomy":"","extraData":[]},"publishpress_future_workflow_manual_trigger":{"enabledWorkflows":[]},"_links":{"self":[{"href":"https:\/\/www3.unicentro.br\/propesp\/wp-json\/wp\/v2\/pages\/4809","targetHints":{"allow":["GET"]}}],"collection":[{"href":"https:\/\/www3.unicentro.br\/propesp\/wp-json\/wp\/v2\/pages"}],"about":[{"href":"https:\/\/www3.unicentro.br\/propesp\/wp-json\/wp\/v2\/types\/page"}],"author":[{"embeddable":true,"href":"https:\/\/www3.unicentro.br\/propesp\/wp-json\/wp\/v2\/users\/6"}],"replies":[{"embeddable":true,"href":"https:\/\/www3.unicentro.br\/propesp\/wp-json\/wp\/v2\/comments?post=4809"}],"version-history":[{"count":1,"href":"https:\/\/www3.unicentro.br\/propesp\/wp-json\/wp\/v2\/pages\/4809\/revisions"}],"predecessor-version":[{"id":4814,"href":"https:\/\/www3.unicentro.br\/propesp\/wp-json\/wp\/v2\/pages\/4809\/revisions\/4814"}],"up":[{"embeddable":true,"href":"https:\/\/www3.unicentro.br\/propesp\/wp-json\/wp\/v2\/pages\/158"}],"wp:attachment":[{"href":"https:\/\/www3.unicentro.br\/propesp\/wp-json\/wp\/v2\/media?parent=4809"}],"curies":[{"name":"wp","href":"https:\/\/api.w.org\/{rel}","templated":true}]}}