{"id":4114,"date":"2024-10-25T16:46:53","date_gmt":"2024-10-25T19:46:53","guid":{"rendered":"https:\/\/www3.unicentro.br\/propesp\/?page_id=4114"},"modified":"2024-10-28T13:43:15","modified_gmt":"2024-10-28T16:43:15","slug":"pdse-2022","status":"publish","type":"page","link":"https:\/\/www3.unicentro.br\/propesp\/pos-graduacao\/stricto-sensu\/pdse-2022\/","title":{"rendered":"PDSE 2022"},"content":{"rendered":"<p><strong>PDSE 2022<\/strong><\/p>\n<ul>\n<li><strong>Processo Seletivo da CAPES:<\/strong>\n<ul>\n<li><a href=\"https:\/\/www.gov.br\/capes\/pt-br\/centrais-de-conteudo\/editais\/16022022_Edital10.22PDSE.pdf\" target=\"_blank\" rel=\"noopener\"><strong>Edital n\u00ba 10\/2022-PDSE\/CAPES<\/strong><\/a><\/li>\n<\/ul>\n<\/li>\n<\/ul>\n<p>&nbsp;<\/p>\n<ul>\n<li><strong>Processo Seletivo Interno da UNICENTRO:<\/strong>\n<ul>\n<li><a href=\"https:\/\/www3.unicentro.br\/propesp\/wp-content\/uploads\/sites\/99\/2022\/03\/Edital_13_2022_PROPESP_Resultado_Final_Sele_o_Interna_PDSE_62445deb246fd.pdf\"><strong>Edital n\u00ba 13\/2022-PROPESP\/UNICENTRO:<\/strong> resultado final do processo seletivo interno<\/a><\/li>\n<li><a href=\"https:\/\/www3.unicentro.br\/propesp\/wp-content\/uploads\/sites\/99\/2022\/03\/Edital_12_2022_PROPESP_Recursos_Resultado_Preliminar_PDSE_62445deacfd54.pdf\"><strong>Edital n\u00ba 12\/2022-PROPESP\/UNICENTRO:<\/strong> recursos em rela\u00e7\u00e3o \u00e0 classifica\u00e7\u00e3o preliminar<\/a><\/li>\n<li><a href=\"https:\/\/www3.unicentro.br\/propesp\/wp-content\/uploads\/sites\/99\/2022\/03\/Edital_10_2022_PROPESP_Resultado_Preliminar_Sele_o_Interna_PDSE_623da085e736a.pdf\"><strong>Edital n\u00ba 10\/2022-PROPESP\/UNICENTRO:<\/strong> classifica\u00e7\u00e3o<\/a><\/li>\n<li><a href=\"https:\/\/www3.unicentro.br\/propesp\/wp-content\/uploads\/sites\/99\/2022\/03\/Edital_09_2022_PROPESP_Bancas_e_Convoca_o_PDSE_6239b7968fbcc.pdf\"><strong>Edital n\u00ba 09\/2022-PROPESP\/UNICENTRO:<\/strong> divulga\u00e7\u00e3o das bancas e convoca\u00e7\u00e3o de inscritos<\/a><\/li>\n<li><a href=\"https:\/\/www3.unicentro.br\/propesp\/wp-content\/uploads\/sites\/99\/2022\/03\/Edital_08_2022_PROPESP_Recursos_Inscri_es_PDSE_6239b79639df5.pdf\"><strong>Edital n\u00ba 08\/2022-PROPESP\/UNICENTRO:<\/strong> recursos em rela\u00e7\u00e3o ao edital de homologa\u00e7\u00e3o de inscri\u00e7\u00f5es<\/a><\/li>\n<li><a href=\"https:\/\/www3.unicentro.br\/propesp\/wp-content\/uploads\/sites\/99\/2022\/03\/Edital_07_2022_PROPESP_Homologa_o_de_Inscri_es_PDSE_6234b64c8fc45.pdf\"><strong>Edital n\u00ba 07\/2022-PROPESP\/UNICENTRO:<\/strong> homologa\u00e7\u00e3o de inscri\u00e7\u00f5es<\/a><\/li>\n<li><a href=\"https:\/\/www3.unicentro.br\/propesp\/wp-content\/uploads\/sites\/99\/2022\/03\/Edital_02_22_Inscri_oes_PDSE_vers_o_final_62210ec3764fa.pdf\"><strong>Edital n\u00ba 02\/2022-PROPESP\/UNICENTRO:<\/strong> abertura de inscri\u00e7\u00f5es<\/a>\n<ul>\n<li><a href=\"https:\/\/www3.unicentro.br\/propesp\/wp-content\/uploads\/sites\/99\/2022\/03\/Edital_03_22_Inscri_oes_PDSE_complemento_PPGA_6222533fcc55a.pdf\"><strong>Edital n\u00ba 03\/2022-PROPESP\/UNICENTRO:<\/strong> informa\u00e7\u00f5es complementares do Edital n\u00ba 02\/2022-PROPESP\/UNICENTRO<\/a><\/li>\n<li><a href=\"https:\/\/www3.unicentro.br\/propesp\/wp-content\/uploads\/sites\/99\/2022\/03\/Edital_04_2022_PROPESP_Altera_o_de_cronograma_622f93827f562.pdf\"><strong>Edital n\u00ba 04\/2022-PROPESP\/UNICENTRO:<\/strong> altera\u00e7\u00e3o do Edital n\u00ba 02\/2022- PROPESP\/UNICENTRO<\/a><\/li>\n<li><a href=\"https:\/\/www3.unicentro.br\/propesp\/wp-content\/uploads\/sites\/99\/2022\/03\/Edital_11_2022_PROPESP_Altera_o_Prazo_Profici_ncia_62420e21d69e7.pdf\"><strong>Edital n\u00ba 11\/2022-PROPESP\/UNICENTRO:<\/strong> altera\u00e7\u00e3o de prazo para comprova\u00e7\u00e3o da profici\u00eancia em l\u00edngua estrangeira<\/a><\/li>\n<\/ul>\n<\/li>\n<\/ul>\n<\/li>\n<\/ul>\n","protected":false},"excerpt":{"rendered":"<p>PDSE 2022 Processo Seletivo da CAPES: Edital n\u00ba 10\/2022-PDSE\/CAPES &nbsp; Processo Seletivo Interno da UNICENTRO: Edital n\u00ba 13\/2022-PROPESP\/UNICENTRO: resultado final do processo seletivo interno Edital n\u00ba 12\/2022-PROPESP\/UNICENTRO: recursos em rela\u00e7\u00e3o \u00e0 classifica\u00e7\u00e3o preliminar Edital n\u00ba 10\/2022-PROPESP\/UNICENTRO: classifica\u00e7\u00e3o Edital n\u00ba 09\/2022-PROPESP\/UNICENTRO: divulga\u00e7\u00e3o das bancas e convoca\u00e7\u00e3o de inscritos Edital n\u00ba 08\/2022-PROPESP\/UNICENTRO: recursos em rela\u00e7\u00e3o ao edital [&hellip;]<\/p>\n","protected":false},"author":6,"featured_media":0,"parent":125,"menu_order":0,"comment_status":"closed","ping_status":"closed","template":"","meta":{"_exactmetrics_skip_tracking":false,"_exactmetrics_sitenote_active":false,"_exactmetrics_sitenote_note":"","_exactmetrics_sitenote_category":0,"footnotes":"","_links_to":"","_links_to_target":""},"class_list":["post-4114","page","type-page","status-publish","hentry"],"publishpress_future_action":{"enabled":false,"date":"2026-04-23 14:51:36","action":"change-status","newStatus":"draft","terms":[],"taxonomy":"","extraData":[]},"publishpress_future_workflow_manual_trigger":{"enabledWorkflows":[]},"_links":{"self":[{"href":"https:\/\/www3.unicentro.br\/propesp\/wp-json\/wp\/v2\/pages\/4114","targetHints":{"allow":["GET"]}}],"collection":[{"href":"https:\/\/www3.unicentro.br\/propesp\/wp-json\/wp\/v2\/pages"}],"about":[{"href":"https:\/\/www3.unicentro.br\/propesp\/wp-json\/wp\/v2\/types\/page"}],"author":[{"embeddable":true,"href":"https:\/\/www3.unicentro.br\/propesp\/wp-json\/wp\/v2\/users\/6"}],"replies":[{"embeddable":true,"href":"https:\/\/www3.unicentro.br\/propesp\/wp-json\/wp\/v2\/comments?post=4114"}],"version-history":[{"count":2,"href":"https:\/\/www3.unicentro.br\/propesp\/wp-json\/wp\/v2\/pages\/4114\/revisions"}],"predecessor-version":[{"id":4133,"href":"https:\/\/www3.unicentro.br\/propesp\/wp-json\/wp\/v2\/pages\/4114\/revisions\/4133"}],"up":[{"embeddable":true,"href":"https:\/\/www3.unicentro.br\/propesp\/wp-json\/wp\/v2\/pages\/125"}],"wp:attachment":[{"href":"https:\/\/www3.unicentro.br\/propesp\/wp-json\/wp\/v2\/media?parent=4114"}],"curies":[{"name":"wp","href":"https:\/\/api.w.org\/{rel}","templated":true}]}}