{"id":4111,"date":"2024-10-25T16:46:10","date_gmt":"2024-10-25T19:46:10","guid":{"rendered":"https:\/\/www3.unicentro.br\/propesp\/?page_id=4111"},"modified":"2024-10-28T13:33:04","modified_gmt":"2024-10-28T16:33:04","slug":"pdse-2023","status":"publish","type":"page","link":"https:\/\/www3.unicentro.br\/propesp\/pos-graduacao\/stricto-sensu\/pdse-2023\/","title":{"rendered":"PDSE 2023"},"content":{"rendered":"<p><strong>PDSE 2023<\/strong><\/p>\n<ul>\n<li><strong>Processo Seletivo da CAPES:<\/strong>\n<ul>\n<li><a href=\"https:\/\/www.gov.br\/capes\/pt-br\/centrais-de-conteudo\/editais\/22122022_Edital_1882688_Edital_44_2022.pdf\"><strong>Edital n\u00ba 44\/2022-PDSE\/CAPES<\/strong><\/a>\n<ul>\n<li><a href=\"https:\/\/www.gov.br\/capes\/pt-br\/centrais-de-conteudo\/editais\/18042023_Edital_1956775_Edital_44_2022_alteracao.pdf\"><strong>1\u00aa Altera\u00e7\u00e3o do Edital n\u00ba 44\/2022-PDSE\/CAPES<\/strong><\/a><\/li>\n<li><a href=\"https:\/\/www.gov.br\/capes\/pt-br\/centrais-de-conteudo\/editais\/23052023_Edital_1981709_Edital_44_2023.pdf\"><strong>2\u00aa Altera\u00e7\u00e3o do Edital n\u00ba 44\/2022-PDSE\/CAPES<\/strong><\/a><\/li>\n<\/ul>\n<\/li>\n<\/ul>\n<\/li>\n<\/ul>\n<p>&nbsp;<\/p>\n<ul>\n<li><strong>Processo Seletivo Interno da UNICENTRO:<\/strong>\n<ul>\n<li><a href=\"https:\/\/www3.unicentro.br\/propesp\/wp-content\/uploads\/sites\/99\/2023\/05\/Edital_43_2023_PROPESP_ResultadoFinal_ProcessoSeletivo_VagasRemanescentes_PDSE_64773120b1148.pdf\"><strong>Edital n\u00ba 43\/2023-PROPESP\/UNICENTRO:<\/strong> resultado final do processo seletivo interno<\/a><\/li>\n<li><a href=\"https:\/\/www3.unicentro.br\/propesp\/wp-content\/uploads\/sites\/99\/2023\/05\/Edital_40_2023_PROPESP_Homologa_o_Inscri_es_VagasRemanescentes_PDSE_6475fc5b4533e.pdf\"><strong>Edital n\u00ba 40\/2023-PROPESP\/UNICENTRO:<\/strong> homologa\u00e7\u00e3o de inscri\u00e7\u00f5es para preenchimento de vagas remanescentes<\/a><\/li>\n<li><a href=\"https:\/\/www3.unicentro.br\/propesp\/wp-content\/uploads\/sites\/99\/2023\/03\/Edital_10_2023_PROPESP_Resultado_Final_PDSE_640b1f490690a.pdf\"><strong>Edital n\u00ba 10\/2023-PROPESP\/UNICENTRO:<\/strong> resultado final do processo seletivo interno<\/a><\/li>\n<li><a href=\"https:\/\/www3.unicentro.br\/propesp\/wp-content\/uploads\/sites\/99\/2023\/03\/Edital_09_2023_PROPESP_Recursos_ResultadoPreliminar_PDSE_640b1f48a7215.pdf\"><strong>Edital n\u00ba 09\/2023-PROPESP\/UNICENTRO:<\/strong> recursos em rela\u00e7\u00e3o \u00e0 classifica\u00e7\u00e3o preliminar<\/a><\/li>\n<li><a href=\"https:\/\/www3.unicentro.br\/propesp\/wp-content\/uploads\/sites\/99\/2023\/03\/Edital_08_2023_PROPESP_Homologa_o_Inscri_es_Edital_Complementar_PDSE_64071f9d74d6b.pdf\"><strong>Edital n\u00ba 08\/2023-PROPESP\/UNICENTRO:<\/strong> homologa\u00e7\u00e3o de inscri\u00e7\u00f5es para preenchimento de vagas remanescentes<\/a><\/li>\n<li><a href=\"https:\/\/www3.unicentro.br\/propesp\/wp-content\/uploads\/sites\/99\/2023\/03\/Edital_07_2023_PROPESP_Resultado_Preliminar_Sele_o_Interna_PDSE_64062ab706f30.pdf\"><strong>Edital n\u00ba 07\/2023-PROPESP\/UNICENTRO:<\/strong> classifica\u00e7\u00e3o<\/a><\/li>\n<li><a href=\"https:\/\/www3.unicentro.br\/propesp\/wp-content\/uploads\/sites\/99\/2023\/03\/Edital_05_2023_PROPESP_Bancas_e_Convoca_o_PDSE_63ff98179ae54.pdf\"><strong>Edital n\u00ba 05\/2023-PROPESP\/UNICENTRO:<\/strong> divulga\u00e7\u00e3o das bancas e convoca\u00e7\u00e3o de inscritos<\/a><\/li>\n<li><a href=\"https:\/\/www3.unicentro.br\/propesp\/wp-content\/uploads\/sites\/99\/2023\/02\/Edital_04_2023_PROPESP_Recursos_Homologa_o_Inscri_es_PDSE_63fe52a898306.pdf\"><strong>Edital n\u00ba 04\/2023-PROPESP\/UNICENTRO:<\/strong> recursos em rela\u00e7\u00e3o ao edital de homologa\u00e7\u00e3o de inscri\u00e7\u00f5es<\/a><\/li>\n<li><a href=\"https:\/\/www3.unicentro.br\/propesp\/wp-content\/uploads\/sites\/99\/2023\/02\/Edital_02_2023_PROPESP_Homologa_o_Inscri_es_PDSE_63f8b7b0cfe0c.pdf\"><strong>Edital n\u00ba 02\/2023-PROPESP\/UNICENTRO:<\/strong> homologa\u00e7\u00e3o de inscri\u00e7\u00f5es<\/a><\/li>\n<li><a href=\"https:\/\/www3.unicentro.br\/propesp\/wp-content\/uploads\/sites\/99\/2023\/02\/Edital_01_2023_PROPESP_Inscri_es_PDSE_63e2978a3faa0.pdf\"><strong>Edital n\u00ba 01\/2023-PROPESP\/UNICENTRO:<\/strong> abertura de inscri\u00e7\u00f5es<\/a>\n<ul>\n<li><a href=\"https:\/\/www3.unicentro.br\/propesp\/wp-content\/uploads\/sites\/99\/2023\/02\/Edital_03_2023_PROPESP_Altera_o_Prazo_Profici_ncia_PDSE_63fcac25b8ec4.pdf\"><strong>Edital n\u00ba 03\/2023-PROPESP\/UNICENTRO:<\/strong> altera\u00e7\u00e3o de prazo para comprova\u00e7\u00e3o da profici\u00eancia em l\u00edngua estrangeira<\/a><\/li>\n<li><a href=\"https:\/\/www3.unicentro.br\/propesp\/wp-content\/uploads\/sites\/99\/2023\/03\/Edital_06_2023_PROPESP_Preenchimento_Vagas_Remanescentes_PDSE_64022bb298d18.pdf\"><strong>Edital n\u00ba 06\/2023-PROPESP\/UNICENTRO:<\/strong> reabertura para inscri\u00e7\u00f5es<\/a><\/li>\n<\/ul>\n<\/li>\n<\/ul>\n<\/li>\n<\/ul>\n","protected":false},"excerpt":{"rendered":"<p>PDSE 2023 Processo Seletivo da CAPES: Edital n\u00ba 44\/2022-PDSE\/CAPES 1\u00aa Altera\u00e7\u00e3o do Edital n\u00ba 44\/2022-PDSE\/CAPES 2\u00aa Altera\u00e7\u00e3o do Edital n\u00ba 44\/2022-PDSE\/CAPES &nbsp; Processo Seletivo Interno da UNICENTRO: Edital n\u00ba 43\/2023-PROPESP\/UNICENTRO: resultado final do processo seletivo interno Edital n\u00ba 40\/2023-PROPESP\/UNICENTRO: homologa\u00e7\u00e3o de inscri\u00e7\u00f5es para preenchimento de vagas remanescentes Edital n\u00ba 10\/2023-PROPESP\/UNICENTRO: resultado final do processo seletivo [&hellip;]<\/p>\n","protected":false},"author":6,"featured_media":0,"parent":125,"menu_order":0,"comment_status":"closed","ping_status":"closed","template":"","meta":{"_exactmetrics_skip_tracking":false,"_exactmetrics_sitenote_active":false,"_exactmetrics_sitenote_note":"","_exactmetrics_sitenote_category":0,"footnotes":"","_links_to":"","_links_to_target":""},"class_list":["post-4111","page","type-page","status-publish","hentry"],"publishpress_future_action":{"enabled":false,"date":"2026-04-23 16:20:11","action":"change-status","newStatus":"draft","terms":[],"taxonomy":"","extraData":[]},"publishpress_future_workflow_manual_trigger":{"enabledWorkflows":[]},"_links":{"self":[{"href":"https:\/\/www3.unicentro.br\/propesp\/wp-json\/wp\/v2\/pages\/4111","targetHints":{"allow":["GET"]}}],"collection":[{"href":"https:\/\/www3.unicentro.br\/propesp\/wp-json\/wp\/v2\/pages"}],"about":[{"href":"https:\/\/www3.unicentro.br\/propesp\/wp-json\/wp\/v2\/types\/page"}],"author":[{"embeddable":true,"href":"https:\/\/www3.unicentro.br\/propesp\/wp-json\/wp\/v2\/users\/6"}],"replies":[{"embeddable":true,"href":"https:\/\/www3.unicentro.br\/propesp\/wp-json\/wp\/v2\/comments?post=4111"}],"version-history":[{"count":2,"href":"https:\/\/www3.unicentro.br\/propesp\/wp-json\/wp\/v2\/pages\/4111\/revisions"}],"predecessor-version":[{"id":4130,"href":"https:\/\/www3.unicentro.br\/propesp\/wp-json\/wp\/v2\/pages\/4111\/revisions\/4130"}],"up":[{"embeddable":true,"href":"https:\/\/www3.unicentro.br\/propesp\/wp-json\/wp\/v2\/pages\/125"}],"wp:attachment":[{"href":"https:\/\/www3.unicentro.br\/propesp\/wp-json\/wp\/v2\/media?parent=4111"}],"curies":[{"name":"wp","href":"https:\/\/api.w.org\/{rel}","templated":true}]}}