{"id":4108,"date":"2024-10-25T16:45:09","date_gmt":"2024-10-25T19:45:09","guid":{"rendered":"https:\/\/www3.unicentro.br\/propesp\/?page_id=4108"},"modified":"2024-10-28T13:23:38","modified_gmt":"2024-10-28T16:23:38","slug":"pdse-2024","status":"publish","type":"page","link":"https:\/\/www3.unicentro.br\/propesp\/pos-graduacao\/stricto-sensu\/pdse-2024\/","title":{"rendered":"PDSE 2024"},"content":{"rendered":"<p><strong>PDSE 2024<\/strong><\/p>\n<ul>\n<li><strong>Processo Seletivo da CAPES:<\/strong>\n<ul>\n<li><strong><a href=\"https:\/\/www.gov.br\/capes\/pt-br\/centrais-de-conteudo\/editais\/21032024_Edital_2344636_SEI_2343579_Edital_6_2024.pdf\" target=\"_blank\" rel=\"noopener\">Edital n\u00ba 06\/2024-PDSE\/CAPES<\/a><\/strong>\n<ul>\n<li><strong><a href=\"https:\/\/www.gov.br\/capes\/pt-br\/centrais-de-conteudo\/editais\/10052024_Edital_2376323_SEI_2375557_Edital_6_2024.pdf\" target=\"_blank\" rel=\"noopener\">Prorroga\u00e7\u00e3o do Edital n\u00ba 06\/2024-PDSE\/CAPES<\/a><\/strong><\/li>\n<\/ul>\n<\/li>\n<li><a href=\"https:\/\/www.gov.br\/capes\/pt-br\/centrais-de-conteudo\/editais\/06112023_Edital_2263037_SEI_2261948_Edital_30_2023.pdf\" target=\"_blank\" rel=\"noopener\"><strong>Edital n\u00ba 30\/2023-PDSE\/CAPES<\/strong><\/a><\/li>\n<\/ul>\n<\/li>\n<\/ul>\n<p>&nbsp;<\/p>\n<ul>\n<li><strong>Processo Seletivo Interno da Unicentro \u2013 Edital n\u00ba 06\/2024-PDSE\/CAPES:<\/strong>\n<ul>\n<li><a href=\"https:\/\/www3.unicentro.br\/propesp\/wp-content\/uploads\/sites\/99\/2024\/04\/Edital_11_2024_PROPESP_Resultado_Final_PDSE_2024_662fcca8d6b75.pdf\"><strong>Edital n\u00ba 11\/2024-PROPESP\/UNICENTRO:<\/strong> resultado final do processo seletivo interno<\/a><\/li>\n<li><a href=\"https:\/\/www3.unicentro.br\/propesp\/wp-content\/uploads\/sites\/99\/2024\/04\/Edital_10_2024_PROPESP_Resultado_Preliminar_Sele_o_Interna_PDSE_2024_662a8082624fe.pdf\"><strong>Edital n\u00ba 10\/2024-PROPESP\/UNICENTRO:<\/strong> classifica\u00e7\u00e3o preliminar<\/a><\/li>\n<li><a href=\"https:\/\/www3.unicentro.br\/propesp\/wp-content\/uploads\/sites\/99\/2024\/04\/Edital_09_2024_PROPESP_Bancas_e_Convoca_o_PDSE_2024_6622ac3a74814.pdf\"><strong>Edital n\u00ba 09\/2024-PROPESP\/UNICENTRO:<\/strong> divulga\u00e7\u00e3o das bancas e convoca\u00e7\u00e3o de inscritos<\/a><\/li>\n<li><a href=\"https:\/\/www3.unicentro.br\/propesp\/wp-content\/uploads\/sites\/99\/2024\/04\/Edital_08_2024_PROPESP_Homologa_o_Inscri_es_PDSE_2024_661fcd29c72d3.pdf\"><strong>Edital n\u00ba 08\/2024-PROPESP\/UNICENTRO:<\/strong> homologa\u00e7\u00e3o de inscri\u00e7\u00f5es<\/a><\/li>\n<li><a href=\"https:\/\/www3.unicentro.br\/propesp\/wp-content\/uploads\/sites\/99\/2024\/04\/Edital_04_2024_PROPESP_Inscri_es_PDSE_2024_660479f338d53.pdf\"><strong>Edital n\u00ba 04\/2024-PROPESP\/UNICENTRO:<\/strong> abertura de inscri\u00e7\u00f5es<\/a><\/li>\n<\/ul>\n<\/li>\n<\/ul>\n<p>&nbsp;<\/p>\n<ul>\n<li><strong>Processo Seletivo Interno da UNICENTRO \u2013 Edital n\u00ba 30\/2023-PDSE\/CAPES:<\/strong>\n<ul>\n<li><a href=\"https:\/\/www3.unicentro.br\/propesp\/wp-content\/uploads\/sites\/99\/2023\/12\/Edital_90_2023_PROPESP_Resultado_Final_PDSE_2023_24_656f232abfd9c.pdf\"><strong>Edital n\u00ba 90\/2023-PROPESP\/UNICENTRO:<\/strong> resultado final do processo seletivo interno<\/a><\/li>\n<li><a href=\"https:\/\/www3.unicentro.br\/propesp\/wp-content\/uploads\/sites\/99\/2023\/12\/Edital_89_2023_PROPESP_Recursos_ResultadoPreliminar_PDSE_2023_24_656f2329b7844.pdf\"><strong>Edital n\u00ba 89\/2023-PROPESP\/UNICENTRO:<\/strong> recursos em rela\u00e7\u00e3o \u00e0 classifica\u00e7\u00e3o preliminar<\/a><\/li>\n<li><a href=\"https:\/\/www3.unicentro.br\/propesp\/wp-content\/uploads\/sites\/99\/2023\/12\/Edital_85_2023_PROPESP_Resultado_Preliminar_Sele_o_Interna_PDSE_2023_24_656a14c122777.pdf\"><strong>Edital n\u00ba 85\/2024-PROPESP\/UNICENTRO:<\/strong> classifica\u00e7\u00e3o preliminar<\/a><\/li>\n<li><a href=\"https:\/\/www3.unicentro.br\/propesp\/wp-content\/uploads\/sites\/99\/2023\/11\/Edital_83_2023_PROPESP_Bancas_e_Convoca_o_PDSE_2023_24_6565f4ee1b346.pdf\"><strong>Edital n\u00ba 83\/2023-PROPESP\/UNICENTRO:<\/strong> divulga\u00e7\u00e3o das bancas e convoca\u00e7\u00e3o de inscritos<\/a><\/li>\n<li><a href=\"https:\/\/sguweb.unicentro.br\/arquivos\/osarquivo\/cnm_arquivo\/Atualiza_o_em_25_10_24_671bd1cb46e5d.pdf\"><strong>Edital n\u00ba 81\/2023-PROPESP\/UNICENTRO:<\/strong> recursos em rela\u00e7\u00e3o ao edital de homologa\u00e7\u00e3o de inscri\u00e7\u00f5es<\/a><\/li>\n<li><a href=\"https:\/\/www3.unicentro.br\/propesp\/wp-content\/uploads\/sites\/99\/2023\/11\/Edital_79_2023_PROPESP_Homologa_o_Inscri_es_PDSE_2023_24_6560a6acd2883.pdf\"><strong>Edital n\u00ba 79\/2023-PROPESP\/UNICENTRO:<\/strong> homologa\u00e7\u00e3o de inscri\u00e7\u00f5es<\/a><\/li>\n<li><a href=\"https:\/\/www3.unicentro.br\/propesp\/wp-content\/uploads\/sites\/99\/2023\/11\/Edital_75_2023_PROPESP_Inscri_es_PDSE_23_24_654e3ca9c4af3.pdf\"><strong>Edital n\u00ba 75\/2023-PROPESP\/UNICENTRO:<\/strong> abertura de inscri\u00e7\u00f5es<\/a>\n<ul>\n<li><a href=\"https:\/\/www3.unicentro.br\/propesp\/wp-content\/uploads\/sites\/99\/2023\/11\/Edital_78_2023_PROPESP_Altera_o_Anexo_V_Edital_75_2023_PDSE_655e3bb85c568.pdf\"><strong>Edital n\u00ba 78\/2023-PROPESP\/UNICENTRO:<\/strong> retifica\u00e7\u00e3o do Edital n\u00ba 75\/2023-PROPESP\/UNICENTRO<\/a><\/li>\n<\/ul>\n<\/li>\n<\/ul>\n<\/li>\n<\/ul>\n","protected":false},"excerpt":{"rendered":"<p>PDSE 2024 Processo Seletivo da CAPES: Edital n\u00ba 06\/2024-PDSE\/CAPES Prorroga\u00e7\u00e3o do Edital n\u00ba 06\/2024-PDSE\/CAPES Edital n\u00ba 30\/2023-PDSE\/CAPES &nbsp; Processo Seletivo Interno da Unicentro \u2013 Edital n\u00ba 06\/2024-PDSE\/CAPES: Edital n\u00ba 11\/2024-PROPESP\/UNICENTRO: resultado final do processo seletivo interno Edital n\u00ba 10\/2024-PROPESP\/UNICENTRO: classifica\u00e7\u00e3o preliminar Edital n\u00ba 09\/2024-PROPESP\/UNICENTRO: divulga\u00e7\u00e3o das bancas e convoca\u00e7\u00e3o de inscritos Edital n\u00ba 08\/2024-PROPESP\/UNICENTRO: homologa\u00e7\u00e3o [&hellip;]<\/p>\n","protected":false},"author":6,"featured_media":0,"parent":125,"menu_order":0,"comment_status":"closed","ping_status":"closed","template":"","meta":{"_exactmetrics_skip_tracking":false,"_exactmetrics_sitenote_active":false,"_exactmetrics_sitenote_note":"","_exactmetrics_sitenote_category":0,"footnotes":"","_links_to":"","_links_to_target":""},"class_list":["post-4108","page","type-page","status-publish","hentry"],"publishpress_future_action":{"enabled":false,"date":"2026-04-23 16:19:48","action":"change-status","newStatus":"draft","terms":[],"taxonomy":"","extraData":[]},"publishpress_future_workflow_manual_trigger":{"enabledWorkflows":[]},"_links":{"self":[{"href":"https:\/\/www3.unicentro.br\/propesp\/wp-json\/wp\/v2\/pages\/4108","targetHints":{"allow":["GET"]}}],"collection":[{"href":"https:\/\/www3.unicentro.br\/propesp\/wp-json\/wp\/v2\/pages"}],"about":[{"href":"https:\/\/www3.unicentro.br\/propesp\/wp-json\/wp\/v2\/types\/page"}],"author":[{"embeddable":true,"href":"https:\/\/www3.unicentro.br\/propesp\/wp-json\/wp\/v2\/users\/6"}],"replies":[{"embeddable":true,"href":"https:\/\/www3.unicentro.br\/propesp\/wp-json\/wp\/v2\/comments?post=4108"}],"version-history":[{"count":2,"href":"https:\/\/www3.unicentro.br\/propesp\/wp-json\/wp\/v2\/pages\/4108\/revisions"}],"predecessor-version":[{"id":4128,"href":"https:\/\/www3.unicentro.br\/propesp\/wp-json\/wp\/v2\/pages\/4108\/revisions\/4128"}],"up":[{"embeddable":true,"href":"https:\/\/www3.unicentro.br\/propesp\/wp-json\/wp\/v2\/pages\/125"}],"wp:attachment":[{"href":"https:\/\/www3.unicentro.br\/propesp\/wp-json\/wp\/v2\/media?parent=4108"}],"curies":[{"name":"wp","href":"https:\/\/api.w.org\/{rel}","templated":true}]}}