{"id":3881,"date":"2024-08-28T13:27:43","date_gmt":"2024-08-28T16:27:43","guid":{"rendered":"https:\/\/www3.unicentro.br\/propesp\/?page_id=3881"},"modified":"2024-08-28T13:31:55","modified_gmt":"2024-08-28T16:31:55","slug":"modelos-de-relatorios-finais","status":"publish","type":"page","link":"https:\/\/www3.unicentro.br\/propesp\/ic\/programas\/modelos-de-relatorios-finais\/","title":{"rendered":"Modelos de Relat\u00f3rios Finais"},"content":{"rendered":"<ul>\n<li><a href=\"https:\/\/www3.unicentro.br\/propesp\/wp-content\/uploads\/sites\/99\/2024\/08\/Modelo_de_Relat_rio_Parcial_e_Final_INICIA_O_CIENT_FICA_PROIC_PIBIS_66cf39b4b6966.doc\">RELAT\u00d3RIO FINAL\/PARCIAL* DE INICIA\u00c7\u00c3O CIENT\u00cdFICA &#8211; PROGRAMA INSTITUCIONAL DE INICIA\u00c7\u00c3O CIENT\u00cdFICA \u2013 <strong>PROIC<\/strong>, DA UNICENTRO<\/a><\/li>\n<li><a href=\"https:\/\/www3.unicentro.br\/propesp\/wp-content\/uploads\/sites\/99\/2024\/08\/Modelo_de_Relat_rio_Parcial_e_Final_INICIA_O_TECNOL_GICA_PROITI_66cf39b9c717c.doc\">MODELO DE RELAT\u00d3RIO FINAL\/PARCIAL* DE INICIA\u00c7\u00c3O EM DESENVOLVIMENTO TECNOL\u00d3GICO E INOVA\u00c7\u00c3O &#8211; PROGRAMA INSTITUCIONAL DE INICIA\u00c7\u00c3O EM DESENVOLVIMENTO TECNOL\u00d3GICO E INOVA\u00c7\u00c3O &#8211; <strong>PROITI<\/strong>, DA UNICENTRO<\/a><\/li>\n<li><a href=\"https:\/\/www3.unicentro.br\/propesp\/wp-content\/uploads\/sites\/99\/2024\/08\/Modelo_de_Relat_rio_Parcial_e_Final_ENSINO_M_DIO_PIBIC_EM_66cf39bedb88f.docx\">MODELO DE RELAT\u00d3RIO T\u00c9CNICO FINAL\/PARCIAL &#8211; PROGRAMA INSTITUCIONAL DE BOLSAS DE INICIA\u00c7\u00c3O CIENT\u00cdFICA NO ENSINO M\u00c9DIO &#8211; <strong>PIBIC-EM<\/strong><\/a><\/li>\n<\/ul>\n","protected":false},"excerpt":{"rendered":"<p>RELAT\u00d3RIO FINAL\/PARCIAL* DE INICIA\u00c7\u00c3O CIENT\u00cdFICA &#8211; PROGRAMA INSTITUCIONAL DE INICIA\u00c7\u00c3O CIENT\u00cdFICA \u2013 PROIC, DA UNICENTRO MODELO DE RELAT\u00d3RIO FINAL\/PARCIAL* DE INICIA\u00c7\u00c3O EM DESENVOLVIMENTO TECNOL\u00d3GICO E INOVA\u00c7\u00c3O &#8211; PROGRAMA INSTITUCIONAL DE INICIA\u00c7\u00c3O EM DESENVOLVIMENTO TECNOL\u00d3GICO E INOVA\u00c7\u00c3O &#8211; PROITI, DA UNICENTRO MODELO DE RELAT\u00d3RIO T\u00c9CNICO FINAL\/PARCIAL &#8211; PROGRAMA INSTITUCIONAL DE BOLSAS DE INICIA\u00c7\u00c3O CIENT\u00cdFICA NO ENSINO [&hellip;]<\/p>\n","protected":false},"author":6,"featured_media":0,"parent":93,"menu_order":0,"comment_status":"closed","ping_status":"closed","template":"","meta":{"_exactmetrics_skip_tracking":false,"_exactmetrics_sitenote_active":false,"_exactmetrics_sitenote_note":"","_exactmetrics_sitenote_category":0,"footnotes":"","_links_to":"","_links_to_target":""},"class_list":["post-3881","page","type-page","status-publish","hentry"],"publishpress_future_action":{"enabled":false,"date":"2026-04-12 18:23:23","action":"change-status","newStatus":"draft","terms":[],"taxonomy":"","extraData":[]},"publishpress_future_workflow_manual_trigger":{"enabledWorkflows":[]},"_links":{"self":[{"href":"https:\/\/www3.unicentro.br\/propesp\/wp-json\/wp\/v2\/pages\/3881","targetHints":{"allow":["GET"]}}],"collection":[{"href":"https:\/\/www3.unicentro.br\/propesp\/wp-json\/wp\/v2\/pages"}],"about":[{"href":"https:\/\/www3.unicentro.br\/propesp\/wp-json\/wp\/v2\/types\/page"}],"author":[{"embeddable":true,"href":"https:\/\/www3.unicentro.br\/propesp\/wp-json\/wp\/v2\/users\/6"}],"replies":[{"embeddable":true,"href":"https:\/\/www3.unicentro.br\/propesp\/wp-json\/wp\/v2\/comments?post=3881"}],"version-history":[{"count":2,"href":"https:\/\/www3.unicentro.br\/propesp\/wp-json\/wp\/v2\/pages\/3881\/revisions"}],"predecessor-version":[{"id":3888,"href":"https:\/\/www3.unicentro.br\/propesp\/wp-json\/wp\/v2\/pages\/3881\/revisions\/3888"}],"up":[{"embeddable":true,"href":"https:\/\/www3.unicentro.br\/propesp\/wp-json\/wp\/v2\/pages\/93"}],"wp:attachment":[{"href":"https:\/\/www3.unicentro.br\/propesp\/wp-json\/wp\/v2\/media?parent=3881"}],"curies":[{"name":"wp","href":"https:\/\/api.w.org\/{rel}","templated":true}]}}