{"id":36,"date":"2020-10-26T11:11:14","date_gmt":"2020-10-26T14:11:14","guid":{"rendered":"https:\/\/www3.unicentro.br\/propesp\/?page_id=36"},"modified":"2024-04-05T10:53:09","modified_gmt":"2024-04-05T13:53:09","slug":"campus-cedeteg","status":"publish","type":"page","link":"https:\/\/www3.unicentro.br\/propesp\/sobre-nos\/equipe-e-contatos\/campus-cedeteg\/","title":{"rendered":"Campus Cedeteg"},"content":{"rendered":"<p>A equipe da Pr\u00f3-Reitoria de Pesquisa e P\u00f3s-Gradua\u00e7\u00e3o que presta suporte \u00e0s atividades no Campus Cedeteg, \u00e9 constitu\u00edda por:<\/p>\n<p><strong>Prof. Dr. Marcos Ventura Faria<\/strong><br \/>\nCoordenador da Divis\u00e3o de Projetos<br \/>\nE-mail: <a href=\"mailto:ventura_faria@yahoo.com.br\">ventura_faria@yahoo.com.br<\/a><\/p>\n<p><strong>Prof. Dr. Giancarlo Di Vaccari Botteselle<\/strong><br \/>\nChefe da Divis\u00e3o Administrativa da Infraestrutura Multiusu\u00e1ria de Pesquisa<br \/>\nE-mail: <a href=\"mailto:giancarlo@unicentro.br\">giancarlo@unicentro.br<\/a><\/p>\n<p><strong>Prof. Dr. Rafael Augusto Gregati<\/strong><br \/>\n<em>Chefe da Divis\u00e3o de Comit\u00ea de \u00c9tica em Pesquisa com Animais<\/em><br \/>\nE-mail: <a href=\"mailto:rgregati@unicentro.br\">rgregati@unicentro.br<\/a><br \/>\nFone: 3629-8194<\/p>\n<p><strong>Carolina Silva<\/strong><br \/>\n<em>Coordenadora de Apoio a Programas de Resid\u00eancias e Aprimoramentos<\/em><br \/>\nE-mail: <a href=\"mailto:carolinasilva@unicentro.br\">carolinasilva@unicentro.br<\/a><br \/>\nFone: 3629-8105<\/p>\n<p><strong>Ver\u00f4nica Dziurza<\/strong><br \/>\n<em>Chefe da Divis\u00e3o de Comit\u00ea de \u00c9tica em Pesquisa de Guarapuava<\/em><br \/>\nE-mail: <a href=\"mailto:veronica@unicentro.br\">veronica@unicentro.br<\/a><br \/>\nFone: 3629-8177<\/p>\n","protected":false},"excerpt":{"rendered":"<p>A equipe da Pr\u00f3-Reitoria de Pesquisa e P\u00f3s-Gradua\u00e7\u00e3o que presta suporte \u00e0s atividades no Campus Cedeteg, \u00e9 constitu\u00edda por: Prof. Dr. Marcos Ventura Faria Coordenador da Divis\u00e3o de Projetos E-mail: ventura_faria@yahoo.com.br Prof. Dr. Giancarlo Di Vaccari Botteselle Chefe da Divis\u00e3o Administrativa da Infraestrutura Multiusu\u00e1ria de Pesquisa E-mail: giancarlo@unicentro.br Prof. Dr. Rafael Augusto Gregati Chefe da [&hellip;]<\/p>\n","protected":false},"author":3,"featured_media":0,"parent":24,"menu_order":0,"comment_status":"closed","ping_status":"closed","template":"","meta":{"_exactmetrics_skip_tracking":false,"_exactmetrics_sitenote_active":false,"_exactmetrics_sitenote_note":"","_exactmetrics_sitenote_category":0,"footnotes":"","_links_to":"","_links_to_target":""},"class_list":["post-36","page","type-page","status-publish","hentry"],"publishpress_future_action":{"enabled":false,"date":"2026-04-17 13:19:10","action":"change-status","newStatus":"draft","terms":[],"taxonomy":"","extraData":[]},"publishpress_future_workflow_manual_trigger":{"enabledWorkflows":[]},"_links":{"self":[{"href":"https:\/\/www3.unicentro.br\/propesp\/wp-json\/wp\/v2\/pages\/36","targetHints":{"allow":["GET"]}}],"collection":[{"href":"https:\/\/www3.unicentro.br\/propesp\/wp-json\/wp\/v2\/pages"}],"about":[{"href":"https:\/\/www3.unicentro.br\/propesp\/wp-json\/wp\/v2\/types\/page"}],"author":[{"embeddable":true,"href":"https:\/\/www3.unicentro.br\/propesp\/wp-json\/wp\/v2\/users\/3"}],"replies":[{"embeddable":true,"href":"https:\/\/www3.unicentro.br\/propesp\/wp-json\/wp\/v2\/comments?post=36"}],"version-history":[{"count":2,"href":"https:\/\/www3.unicentro.br\/propesp\/wp-json\/wp\/v2\/pages\/36\/revisions"}],"predecessor-version":[{"id":3209,"href":"https:\/\/www3.unicentro.br\/propesp\/wp-json\/wp\/v2\/pages\/36\/revisions\/3209"}],"up":[{"embeddable":true,"href":"https:\/\/www3.unicentro.br\/propesp\/wp-json\/wp\/v2\/pages\/24"}],"wp:attachment":[{"href":"https:\/\/www3.unicentro.br\/propesp\/wp-json\/wp\/v2\/media?parent=36"}],"curies":[{"name":"wp","href":"https:\/\/api.w.org\/{rel}","templated":true}]}}