{"id":34,"date":"2020-10-26T11:10:44","date_gmt":"2020-10-26T14:10:44","guid":{"rendered":"https:\/\/www3.unicentro.br\/propesp\/?page_id=34"},"modified":"2024-04-05T10:54:43","modified_gmt":"2024-04-05T13:54:43","slug":"campus-de-irati","status":"publish","type":"page","link":"https:\/\/www3.unicentro.br\/propesp\/sobre-nos\/equipe-e-contatos\/campus-de-irati\/","title":{"rendered":"Campus de Irati"},"content":{"rendered":"<p>A Divis\u00e3o de Pesquisa e P\u00f3s-Gradua\u00e7\u00e3o do Campus de Irati (Dipesp\/I) atua como suporte \u00e0s atividades no campus, e \u00e9 constitu\u00edda por:<\/p>\n<p><strong>Diego Lu\u00eds Ven\u00e2ncio<\/strong><br \/>\n<em>Chefe da Divis\u00e3o de Pesquisa e P\u00f3s-Gradua\u00e7\u00e3o<\/em><br \/>\nE-mail: <a href=\"mailto:dlvenancio@unicentro.br\">dlvenancio@unicentro.br<\/a><br \/>\nFone: 3421-3051<\/p>\n","protected":false},"excerpt":{"rendered":"<p>A Divis\u00e3o de Pesquisa e P\u00f3s-Gradua\u00e7\u00e3o do Campus de Irati (Dipesp\/I) atua como suporte \u00e0s atividades no campus, e \u00e9 constitu\u00edda por: Diego Lu\u00eds Ven\u00e2ncio Chefe da Divis\u00e3o de Pesquisa e P\u00f3s-Gradua\u00e7\u00e3o E-mail: dlvenancio@unicentro.br Fone: 3421-3051<\/p>\n","protected":false},"author":3,"featured_media":0,"parent":24,"menu_order":0,"comment_status":"closed","ping_status":"closed","template":"","meta":{"_exactmetrics_skip_tracking":false,"_exactmetrics_sitenote_active":false,"_exactmetrics_sitenote_note":"","_exactmetrics_sitenote_category":0,"footnotes":"","_links_to":"","_links_to_target":""},"class_list":["post-34","page","type-page","status-publish","hentry"],"publishpress_future_action":{"enabled":false,"date":"2026-04-15 07:20:49","action":"change-status","newStatus":"draft","terms":[],"taxonomy":"","extraData":[]},"publishpress_future_workflow_manual_trigger":{"enabledWorkflows":[]},"_links":{"self":[{"href":"https:\/\/www3.unicentro.br\/propesp\/wp-json\/wp\/v2\/pages\/34","targetHints":{"allow":["GET"]}}],"collection":[{"href":"https:\/\/www3.unicentro.br\/propesp\/wp-json\/wp\/v2\/pages"}],"about":[{"href":"https:\/\/www3.unicentro.br\/propesp\/wp-json\/wp\/v2\/types\/page"}],"author":[{"embeddable":true,"href":"https:\/\/www3.unicentro.br\/propesp\/wp-json\/wp\/v2\/users\/3"}],"replies":[{"embeddable":true,"href":"https:\/\/www3.unicentro.br\/propesp\/wp-json\/wp\/v2\/comments?post=34"}],"version-history":[{"count":2,"href":"https:\/\/www3.unicentro.br\/propesp\/wp-json\/wp\/v2\/pages\/34\/revisions"}],"predecessor-version":[{"id":3211,"href":"https:\/\/www3.unicentro.br\/propesp\/wp-json\/wp\/v2\/pages\/34\/revisions\/3211"}],"up":[{"embeddable":true,"href":"https:\/\/www3.unicentro.br\/propesp\/wp-json\/wp\/v2\/pages\/24"}],"wp:attachment":[{"href":"https:\/\/www3.unicentro.br\/propesp\/wp-json\/wp\/v2\/media?parent=34"}],"curies":[{"name":"wp","href":"https:\/\/api.w.org\/{rel}","templated":true}]}}