{"id":32,"date":"2020-10-26T11:10:16","date_gmt":"2020-10-26T14:10:16","guid":{"rendered":"https:\/\/www3.unicentro.br\/propesp\/?page_id=32"},"modified":"2025-12-16T11:04:56","modified_gmt":"2025-12-16T14:04:56","slug":"nupg","status":"publish","type":"page","link":"https:\/\/www3.unicentro.br\/propesp\/sobre-nos\/equipe-e-contatos\/nupg\/","title":{"rendered":"N\u00facleo de P\u00f3s-Gradua\u00e7\u00e3o (Especializa\u00e7\u00e3o)"},"content":{"rendered":"<div class=\"wpb-content-wrapper\"><p>[vc_row u_row_style=&#8221;0&#8243; u_row_paralax=&#8221;0&#8243; u_row_scheme=&#8221;0&#8243;][vc_column][vc_column_text css=&#8221;&#8221;]O N\u00facleo de P\u00f3s-Gradua\u00e7\u00e3o (NUPG) \u00e9 vinculado \u00e0 Diretoria de P\u00f3s-Gradua\u00e7\u00e3o (Dirpg), e atua como inst\u00e2ncia de apoio a cria\u00e7\u00e3o e operacionaliza\u00e7\u00e3o de Cursos de P\u00f3s-Gradua\u00e7\u00e3o Lato Sensu e de Programas de Resid\u00eancia Profissional.<\/p>\n<p>Em funcionamento na Sala 308, Bloco A, 2\u00ba Piso, no Campus Santa Cruz, o hor\u00e1rio de atendimento ao p\u00fablico \u00e9 de segunda a sexta, no per\u00edodo das 8h30 \u00e0s 11h30 e das 14 \u00e0s 17 horas.<\/p>\n<p><strong>Equipe:<\/strong><\/p>\n<p style=\"text-align: center\"><strong>Coordenador do N\u00facleo de P\u00f3s-Gradua\u00e7\u00e3o Lato Sensu<\/strong><br \/>\n<em>Prof. Dr. Luciano Farinha Watzlawick<\/em><br \/>\n<a href=\"mailto:farinha@unicentro.br\">farinha@unicentro.br<\/a><br \/>\nContato (42) 3621-1316<\/p>\n<p style=\"text-align: center\"><strong>Cadastro e Documenta\u00e7\u00e3o de Alunos<\/strong><br \/>\n<em>Thiago Cardoso Marcelino<\/em><br \/>\n<a href=\"mailto:tcmarcelino@unicentro.br\">tcmarcelino@unicentro.br<\/a><br \/>\nContato (42) 3621-1342<\/p>\n<p style=\"text-align: center\">Rosana Kaminski<br \/>\n<a href=\"mailto:rosanakaminski@unicentro.br\"><em>rosanakaminski@unicentro.br<\/em><\/a><br \/>\nContato (42) 3621-1036<br \/>\nWhatsapp (42) 3621-1036<\/p>\n<p style=\"text-align: center\"><strong>Sess\u00e3o de Expedi\u00e7\u00e3o de Certificados<\/strong><br \/>\n<em>Laisy Terezinha Vicentin<\/em><br \/>\n<a href=\"mailto:laisy@unicentro.br\">laisy@unicentro.br<\/a><br \/>\nContato (42) 3621-1475<\/p>\n<p style=\"text-align: center\"><strong>Setor Financeiro<\/strong><br \/>\n<em>Maycon Andr\u00e9 Zanin<\/em><br \/>\n<a href=\"mailto:mzanin@unicentro.br\">mzanin@unicentro.br<\/a><br \/>\nContato (42) 3621-1342<\/p>\n<p style=\"text-align: center\"><strong>Trabalho de Conclus\u00e3o de Curso, TCC<\/strong><br \/>\n<em>Luciane Franciolli da Silva Acosta<\/em><br \/>\n<a href=\"mailto:lsilva@unicentro.br\">lsilva@unicentro.br<\/a><br \/>\nContato (42) 3621-1475<\/p>\n<p style=\"text-align: center\"><strong>Resid\u00eancias e Aprimoramento em Medicina Veterin\u00e1ria<\/strong><br \/>\n<em>Carolina Silva<\/em><br \/>\n<a href=\"mailto:carolinasilva@unicentro.br\">carolinasilva@unicentro.br<\/a><br \/>\nContato (42) 3629-8105<\/p>\n<p style=\"text-align: center\"><strong>Divis\u00e3o de Pesquisa e P\u00f3s-Gradua\u00e7\u00e3o Irati<\/strong><br \/>\n<em>Diego Luis Venancio<\/em><br \/>\n<a href=\"mailto:dlvenancio@unicentro.br\">dlvenancio@unicentro.br<\/a><br \/>\nContato (42) 3421-3051<\/p>\n<p>[\/vc_column_text][\/vc_column][\/vc_row]<\/p>\n<\/div>","protected":false},"excerpt":{"rendered":"<p>[vc_row u_row_style=&#8221;0&#8243; u_row_paralax=&#8221;0&#8243; u_row_scheme=&#8221;0&#8243;][vc_column][vc_column_text css=&#8221;&#8221;]O N\u00facleo de P\u00f3s-Gradua\u00e7\u00e3o (NUPG) \u00e9 vinculado \u00e0 Diretoria de P\u00f3s-Gradua\u00e7\u00e3o (Dirpg), e atua como inst\u00e2ncia de apoio a cria\u00e7\u00e3o e operacionaliza\u00e7\u00e3o de Cursos de P\u00f3s-Gradua\u00e7\u00e3o Lato Sensu e de Programas de Resid\u00eancia Profissional. Em funcionamento na Sala 308, Bloco A, 2\u00ba Piso, no Campus Santa Cruz, o hor\u00e1rio de atendimento [&hellip;]<\/p>\n","protected":false},"author":3,"featured_media":0,"parent":24,"menu_order":0,"comment_status":"closed","ping_status":"closed","template":"","meta":{"_exactmetrics_skip_tracking":false,"_exactmetrics_sitenote_active":false,"_exactmetrics_sitenote_note":"","_exactmetrics_sitenote_category":0,"footnotes":"","_links_to":"","_links_to_target":""},"class_list":["post-32","page","type-page","status-publish","hentry"],"publishpress_future_action":{"enabled":false,"date":"2026-04-15 07:19:36","action":"change-status","newStatus":"draft","terms":[],"taxonomy":"","extraData":[]},"publishpress_future_workflow_manual_trigger":{"enabledWorkflows":[]},"_links":{"self":[{"href":"https:\/\/www3.unicentro.br\/propesp\/wp-json\/wp\/v2\/pages\/32","targetHints":{"allow":["GET"]}}],"collection":[{"href":"https:\/\/www3.unicentro.br\/propesp\/wp-json\/wp\/v2\/pages"}],"about":[{"href":"https:\/\/www3.unicentro.br\/propesp\/wp-json\/wp\/v2\/types\/page"}],"author":[{"embeddable":true,"href":"https:\/\/www3.unicentro.br\/propesp\/wp-json\/wp\/v2\/users\/3"}],"replies":[{"embeddable":true,"href":"https:\/\/www3.unicentro.br\/propesp\/wp-json\/wp\/v2\/comments?post=32"}],"version-history":[{"count":2,"href":"https:\/\/www3.unicentro.br\/propesp\/wp-json\/wp\/v2\/pages\/32\/revisions"}],"predecessor-version":[{"id":6164,"href":"https:\/\/www3.unicentro.br\/propesp\/wp-json\/wp\/v2\/pages\/32\/revisions\/6164"}],"up":[{"embeddable":true,"href":"https:\/\/www3.unicentro.br\/propesp\/wp-json\/wp\/v2\/pages\/24"}],"wp:attachment":[{"href":"https:\/\/www3.unicentro.br\/propesp\/wp-json\/wp\/v2\/media?parent=32"}],"curies":[{"name":"wp","href":"https:\/\/api.w.org\/{rel}","templated":true}]}}