{"id":30,"date":"2020-10-26T11:09:31","date_gmt":"2020-10-26T14:09:31","guid":{"rendered":"https:\/\/www3.unicentro.br\/propesp\/?page_id=30"},"modified":"2026-02-24T14:11:25","modified_gmt":"2026-02-24T17:11:25","slug":"dirpg","status":"publish","type":"page","link":"https:\/\/www3.unicentro.br\/propesp\/sobre-nos\/equipe-e-contatos\/dirpg\/","title":{"rendered":"Diretoria de P\u00f3s-Gradua\u00e7\u00e3o"},"content":{"rendered":"<div class=\"wpb-content-wrapper\"><p>[vc_row][vc_column][vc_column_text css=&#8221;&#8221;]A Diretoria de P\u00f3s-Gradua\u00e7\u00e3o (Dirpg) presta suporte aos Programas de P\u00f3s-Gradua\u00e7\u00e3o Stricto Sensu, sendo o contato direto entre a institui\u00e7\u00e3o e os \u00f3rg\u00e3os governamentais de financiamento e controle da P\u00f3s-Gradua\u00e7\u00e3o no Brasil. A Dirpg tamb\u00e9m atua no gerenciamento das bolsas de estudos concedidas aos Programas, bem como realiza o acompanhamento os processos de qualifica\u00e7\u00e3o docente e t\u00e9cnica na institui\u00e7\u00e3o, e operacionaliza os processos institucionais para reconhecimento de diplomas de P\u00f3s-Gradua\u00e7\u00e3o obtidos no exterior.<\/p>\n<p>Em funcionamento no Bloco A, 2\u00ba Piso, no Campus Santa Cruz, o hor\u00e1rio de atendimento ao p\u00fablico \u00e9 de segunda a sexta, no per\u00edodo das 8h30 \u00e0s 11h30 e das 13h \u00e0s 17h.<\/p>\n<p>&nbsp;<\/p>\n<p><strong>Equipe:<\/strong><\/p>\n<p>&nbsp;<\/p>\n<p><em><strong>Prof. Dr. Jackson Kawakami<\/strong><\/em><br \/>\nDiretor de P\u00f3s-Gradua\u00e7\u00e3o<br \/>\nE-mail: <a href=\"mailto:jkawakami@unicentro.br\">jkawakami@unicentro.br<\/a><br \/>\nFone: 3621-1378<\/p>\n<p><em><strong>Andrea Hiert Rech<\/strong><\/em><br \/>\nCoordenadora da Divis\u00e3o de Programas Stricto Sensu<br \/>\nE-mail: <a href=\"mailto:andrearech@unicentro.br\">andrearech@unicentro.br<\/a><br \/>\nFone: 3621-1378<\/p>\n<p><strong><em>Carmem L\u00facia Mello de Oliveira<\/em><\/strong><br \/>\nCoordenadora da Divis\u00e3o de Qualifica\u00e7\u00e3o Docente<br \/>\nE-mail: <a href=\"mailto:coliveira@unicentro.br\">coliveira@unicentro.br<\/a><br \/>\nFone: 3621-1037<\/p>\n<p><em><strong>Rafaelle Lima Martins<\/strong><\/em><br \/>\nAgente Universit\u00e1ria \u2013 Lyceum<br \/>\nE-mail: <a href=\"mailto:rafaellemartins@unicentro.br\">rafaellemartins@unicentro.br<\/a><br \/>\nFone: (42) 3621-1234[\/vc_column_text][\/vc_column][\/vc_row]<\/p>\n<\/div>","protected":false},"excerpt":{"rendered":"<p>[vc_row][vc_column][vc_column_text css=&#8221;&#8221;]A Diretoria de P\u00f3s-Gradua\u00e7\u00e3o (Dirpg) presta suporte aos Programas de P\u00f3s-Gradua\u00e7\u00e3o Stricto Sensu, sendo o contato direto entre a institui\u00e7\u00e3o e os \u00f3rg\u00e3os governamentais de financiamento e controle da P\u00f3s-Gradua\u00e7\u00e3o no Brasil. A Dirpg tamb\u00e9m atua no gerenciamento das bolsas de estudos concedidas aos Programas, bem como realiza o acompanhamento os processos de qualifica\u00e7\u00e3o [&hellip;]<\/p>\n","protected":false},"author":3,"featured_media":0,"parent":24,"menu_order":0,"comment_status":"closed","ping_status":"closed","template":"","meta":{"_exactmetrics_skip_tracking":false,"_exactmetrics_sitenote_active":false,"_exactmetrics_sitenote_note":"","_exactmetrics_sitenote_category":0,"footnotes":"","_links_to":"","_links_to_target":""},"class_list":["post-30","page","type-page","status-publish","hentry"],"publishpress_future_action":{"enabled":false,"date":"2026-04-28 01:08:36","action":"change-status","newStatus":"draft","terms":[],"taxonomy":"","extraData":[]},"publishpress_future_workflow_manual_trigger":{"enabledWorkflows":[]},"_links":{"self":[{"href":"https:\/\/www3.unicentro.br\/propesp\/wp-json\/wp\/v2\/pages\/30","targetHints":{"allow":["GET"]}}],"collection":[{"href":"https:\/\/www3.unicentro.br\/propesp\/wp-json\/wp\/v2\/pages"}],"about":[{"href":"https:\/\/www3.unicentro.br\/propesp\/wp-json\/wp\/v2\/types\/page"}],"author":[{"embeddable":true,"href":"https:\/\/www3.unicentro.br\/propesp\/wp-json\/wp\/v2\/users\/3"}],"replies":[{"embeddable":true,"href":"https:\/\/www3.unicentro.br\/propesp\/wp-json\/wp\/v2\/comments?post=30"}],"version-history":[{"count":2,"href":"https:\/\/www3.unicentro.br\/propesp\/wp-json\/wp\/v2\/pages\/30\/revisions"}],"predecessor-version":[{"id":6326,"href":"https:\/\/www3.unicentro.br\/propesp\/wp-json\/wp\/v2\/pages\/30\/revisions\/6326"}],"up":[{"embeddable":true,"href":"https:\/\/www3.unicentro.br\/propesp\/wp-json\/wp\/v2\/pages\/24"}],"wp:attachment":[{"href":"https:\/\/www3.unicentro.br\/propesp\/wp-json\/wp\/v2\/media?parent=30"}],"curies":[{"name":"wp","href":"https:\/\/api.w.org\/{rel}","templated":true}]}}