{"id":28,"date":"2020-10-26T11:08:55","date_gmt":"2020-10-26T14:08:55","guid":{"rendered":"https:\/\/www3.unicentro.br\/propesp\/?page_id=28"},"modified":"2026-04-16T11:12:15","modified_gmt":"2026-04-16T14:12:15","slug":"dirpes","status":"publish","type":"page","link":"https:\/\/www3.unicentro.br\/propesp\/sobre-nos\/equipe-e-contatos\/dirpes\/","title":{"rendered":"Diretoria de Pesquisa"},"content":{"rendered":"<div class=\"wpb-content-wrapper\"><p>[vc_row][vc_column][vc_column_text css=&#8221;&#8221;]<\/p>\n<p class=\"p1\">A Diretoria de Pesquisa (Dirpes) \u00e9 respons\u00e1vel <span class=\"s1\">pelo acompanhamento das atividades de <\/span>pesquisa<span class=\"s2\">, pelos Grupos de Pesquisa <\/span>Institucionais cadastrados no CNPq<span class=\"s2\">, <\/span>por auxiliar os Comit\u00eas <span class=\"s1\">de \u00c9tica da Institui\u00e7\u00e3o<\/span>, bem como pelo gerenciamento de Programas <span class=\"s1\">e Eventos <\/span>de Inicia\u00e7\u00e3o <span class=\"s2\">Cient\u00edfica, <\/span>de Tecnologia e Inova\u00e7\u00e3o<span class=\"s2\">.<\/span><\/p>\n<p class=\"p1\">Em funcionamento no Bloco D, 3\u00ba Piso, Propesp, no Campus Santa Cruz, o hor\u00e1rio de atendimento ao p\u00fablico \u00e9 de segunda a sexta, no per\u00edodo das 8h30 \u00e0s <span class=\"s1\">11h30<\/span>\u00a0e das 13h30 \u00e0s 17h.<\/p>\n<p><strong>Equipe:<\/strong><\/p>\n<p><em><strong>Prof\u00aa. Dra. Sandra Mara Guse Sc\u00f3s Venske<\/strong><\/em><br \/>\nDiretora de Pesquisa<br \/>\nE-mail:\u00a0<a href=\"mailto:ssvenske@unicentro.br\">ssvenske@unicentro.br<\/a><br \/>\nFone: 3621-1473<\/p>\n<p><em><strong>Claudia Maria Rosa da Silva<\/strong><\/em><br \/>\nCoordenadora da Divis\u00e3o de Pesquisa<br \/>\nE-mail:\u00a0<a href=\"mailto:claudiamaria@unicentro.br\">claudiamaria@unicentro.br<\/a><br \/>\nFone: 3621-1903<\/p>\n<p><em><strong>Maria Eloize Varge de Oliveira<\/strong><\/em><br \/>\nEstagi\u00e1ria da Divis\u00e3o de Pesquisa<br \/>\nE-mail:\u00a0<a href=\"mailto:eloizevarge@unicentro.br\">eloizevarge@unicentro.br<\/a><br \/>\nFone: 3621-1903<\/p>\n<p><em><strong>Viviane de F\u00e1tima Mendes<\/strong><\/em><br \/>\nAssessora Executiva para Inicia\u00e7\u00e3o Cient\u00edfica<br \/>\nE-mail: <a href=\"mailto:vfatima@unicentro.br\">vfatima@unicentro.br<\/a><br \/>\nFone: 3621-1471<\/p>\n<p><em><strong>Rodrigo D\u00fcrr Concei\u00e7\u00e3o<\/strong><\/em><br \/>\nAgente Universit\u00e1rio<br \/>\nE-mail:\u00a0<a href=\"mailto:rodrigodurr@unicentro.br\">rodrigodurr@unicentro.br<\/a><br \/>\nFone: 3621-1038<\/p>\n<p><em><strong>Thiago Motta de Andrade<\/strong><\/em><br \/>\nEstagi\u00e1rio da Inicia\u00e7\u00e3o Cient\u00edfica<br \/>\nE-mail: <a href=\"mailto:thiagao1999@gmail.com\">thiagao1999@gmail.com<\/a><br \/>\nTelefone: (42) 99128-2025[\/vc_column_text][\/vc_column][\/vc_row]<\/p>\n<\/div>","protected":false},"excerpt":{"rendered":"<p>[vc_row][vc_column][vc_column_text css=&#8221;&#8221;] A Diretoria de Pesquisa (Dirpes) \u00e9 respons\u00e1vel pelo acompanhamento das atividades de pesquisa, pelos Grupos de Pesquisa Institucionais cadastrados no CNPq, por auxiliar os Comit\u00eas de \u00c9tica da Institui\u00e7\u00e3o, bem como pelo gerenciamento de Programas e Eventos de Inicia\u00e7\u00e3o Cient\u00edfica, de Tecnologia e Inova\u00e7\u00e3o. Em funcionamento no Bloco D, 3\u00ba Piso, Propesp, no [&hellip;]<\/p>\n","protected":false},"author":3,"featured_media":0,"parent":24,"menu_order":0,"comment_status":"closed","ping_status":"closed","template":"","meta":{"_exactmetrics_skip_tracking":false,"_exactmetrics_sitenote_active":false,"_exactmetrics_sitenote_note":"","_exactmetrics_sitenote_category":0,"footnotes":"","_links_to":"","_links_to_target":""},"class_list":["post-28","page","type-page","status-publish","hentry"],"publishpress_future_action":{"enabled":false,"date":"2026-04-27 19:31:38","action":"change-status","newStatus":"draft","terms":[],"taxonomy":"","extraData":[]},"publishpress_future_workflow_manual_trigger":{"enabledWorkflows":[]},"_links":{"self":[{"href":"https:\/\/www3.unicentro.br\/propesp\/wp-json\/wp\/v2\/pages\/28","targetHints":{"allow":["GET"]}}],"collection":[{"href":"https:\/\/www3.unicentro.br\/propesp\/wp-json\/wp\/v2\/pages"}],"about":[{"href":"https:\/\/www3.unicentro.br\/propesp\/wp-json\/wp\/v2\/types\/page"}],"author":[{"embeddable":true,"href":"https:\/\/www3.unicentro.br\/propesp\/wp-json\/wp\/v2\/users\/3"}],"replies":[{"embeddable":true,"href":"https:\/\/www3.unicentro.br\/propesp\/wp-json\/wp\/v2\/comments?post=28"}],"version-history":[{"count":3,"href":"https:\/\/www3.unicentro.br\/propesp\/wp-json\/wp\/v2\/pages\/28\/revisions"}],"predecessor-version":[{"id":6688,"href":"https:\/\/www3.unicentro.br\/propesp\/wp-json\/wp\/v2\/pages\/28\/revisions\/6688"}],"up":[{"embeddable":true,"href":"https:\/\/www3.unicentro.br\/propesp\/wp-json\/wp\/v2\/pages\/24"}],"wp:attachment":[{"href":"https:\/\/www3.unicentro.br\/propesp\/wp-json\/wp\/v2\/media?parent=28"}],"curies":[{"name":"wp","href":"https:\/\/api.w.org\/{rel}","templated":true}]}}