{"id":235,"date":"2021-01-22T11:21:24","date_gmt":"2021-01-22T14:21:24","guid":{"rendered":"https:\/\/www3.unicentro.br\/propesp\/?page_id=235"},"modified":"2021-02-09T16:49:52","modified_gmt":"2021-02-09T19:49:52","slug":"bio-3","status":"publish","type":"page","link":"https:\/\/www3.unicentro.br\/propesp\/pesquisa\/infraestrutura-de-pesquisa\/centros-multiusuarios\/bio-3\/","title":{"rendered":"Bio-3"},"content":{"rendered":"<p>O Centro Integrado de Pesquisas de Biomassa, Biotecnologia e Bioenergia, BIO-3, do Campus de Irati, \u00e9 constitu\u00eddo por laborat\u00f3rios e equipamentos que permitem a realiza\u00e7\u00e3o de pesquisas de docentes e discentes vinculados aos Programas de P\u00f3sGradua\u00e7\u00e3o Stricto Sensu em Ci\u00eancias Florestais (PPGF) e Engenharia Sanit\u00e1ria e Ambiental (PPGESA).<\/p>\n","protected":false},"excerpt":{"rendered":"<p>O Centro Integrado de Pesquisas de Biomassa, Biotecnologia e Bioenergia, BIO-3, do Campus de Irati, \u00e9 constitu\u00eddo por laborat\u00f3rios e equipamentos que permitem a realiza\u00e7\u00e3o de pesquisas de docentes e discentes vinculados aos Programas de P\u00f3sGradua\u00e7\u00e3o Stricto Sensu em Ci\u00eancias Florestais (PPGF) e Engenharia Sanit\u00e1ria e Ambiental (PPGESA).<\/p>\n","protected":false},"author":3,"featured_media":0,"parent":72,"menu_order":0,"comment_status":"closed","ping_status":"closed","template":"","meta":{"_exactmetrics_skip_tracking":false,"_exactmetrics_sitenote_active":false,"_exactmetrics_sitenote_note":"","_exactmetrics_sitenote_category":0,"footnotes":"","_links_to":"","_links_to_target":""},"class_list":["post-235","page","type-page","status-publish","hentry"],"publishpress_future_action":{"enabled":false,"date":"2026-04-28 23:54:07","action":"change-status","newStatus":"draft","terms":[],"taxonomy":"","extraData":[]},"publishpress_future_workflow_manual_trigger":{"enabledWorkflows":[]},"_links":{"self":[{"href":"https:\/\/www3.unicentro.br\/propesp\/wp-json\/wp\/v2\/pages\/235","targetHints":{"allow":["GET"]}}],"collection":[{"href":"https:\/\/www3.unicentro.br\/propesp\/wp-json\/wp\/v2\/pages"}],"about":[{"href":"https:\/\/www3.unicentro.br\/propesp\/wp-json\/wp\/v2\/types\/page"}],"author":[{"embeddable":true,"href":"https:\/\/www3.unicentro.br\/propesp\/wp-json\/wp\/v2\/users\/3"}],"replies":[{"embeddable":true,"href":"https:\/\/www3.unicentro.br\/propesp\/wp-json\/wp\/v2\/comments?post=235"}],"version-history":[{"count":0,"href":"https:\/\/www3.unicentro.br\/propesp\/wp-json\/wp\/v2\/pages\/235\/revisions"}],"up":[{"embeddable":true,"href":"https:\/\/www3.unicentro.br\/propesp\/wp-json\/wp\/v2\/pages\/72"}],"wp:attachment":[{"href":"https:\/\/www3.unicentro.br\/propesp\/wp-json\/wp\/v2\/media?parent=235"}],"curies":[{"name":"wp","href":"https:\/\/api.w.org\/{rel}","templated":true}]}}