{"id":231,"date":"2021-01-22T11:20:09","date_gmt":"2021-01-22T14:20:09","guid":{"rendered":"https:\/\/www3.unicentro.br\/propesp\/?page_id=231"},"modified":"2021-02-09T16:45:10","modified_gmt":"2021-02-09T19:45:10","slug":"ambiotec","status":"publish","type":"page","link":"https:\/\/www3.unicentro.br\/propesp\/pesquisa\/infraestrutura-de-pesquisa\/centros-multiusuarios\/ambiotec\/","title":{"rendered":"Ambiotec"},"content":{"rendered":"<p>O Centro de Pesquisas Avan\u00e7adas Ambientais, Bioenerg\u00e9ticas e Biotecnol\u00f3gicas, Ambiotec, do<em>\u00a0Campus<\/em>\u00a0Cedeteg, \u00e9 constitu\u00eddo por laborat\u00f3rios e equipamentos que permitem a realiza\u00e7\u00e3o de pesquisas de docentes e discentes vinculados aos Programas de P\u00f3s-Gradua\u00e7\u00e3o\u00a0<em>Stricto Sensu<\/em>\u00a0em Agronomia (PPGA), Bioenergia (PPGB), Biologia Evolutiva (PPGBE) e Geografia (PPGG).<\/p>\n","protected":false},"excerpt":{"rendered":"<p>O Centro de Pesquisas Avan\u00e7adas Ambientais, Bioenerg\u00e9ticas e Biotecnol\u00f3gicas, Ambiotec, do\u00a0Campus\u00a0Cedeteg, \u00e9 constitu\u00eddo por laborat\u00f3rios e equipamentos que permitem a realiza\u00e7\u00e3o de pesquisas de docentes e discentes vinculados aos Programas de P\u00f3s-Gradua\u00e7\u00e3o\u00a0Stricto Sensu\u00a0em Agronomia (PPGA), Bioenergia (PPGB), Biologia Evolutiva (PPGBE) e Geografia (PPGG).<\/p>\n","protected":false},"author":3,"featured_media":0,"parent":72,"menu_order":0,"comment_status":"closed","ping_status":"closed","template":"","meta":{"_exactmetrics_skip_tracking":false,"_exactmetrics_sitenote_active":false,"_exactmetrics_sitenote_note":"","_exactmetrics_sitenote_category":0,"footnotes":"","_links_to":"","_links_to_target":""},"class_list":["post-231","page","type-page","status-publish","hentry"],"publishpress_future_action":{"enabled":false,"date":"2026-04-16 12:10:35","action":"change-status","newStatus":"draft","terms":[],"taxonomy":"","extraData":[]},"publishpress_future_workflow_manual_trigger":{"enabledWorkflows":[]},"_links":{"self":[{"href":"https:\/\/www3.unicentro.br\/propesp\/wp-json\/wp\/v2\/pages\/231","targetHints":{"allow":["GET"]}}],"collection":[{"href":"https:\/\/www3.unicentro.br\/propesp\/wp-json\/wp\/v2\/pages"}],"about":[{"href":"https:\/\/www3.unicentro.br\/propesp\/wp-json\/wp\/v2\/types\/page"}],"author":[{"embeddable":true,"href":"https:\/\/www3.unicentro.br\/propesp\/wp-json\/wp\/v2\/users\/3"}],"replies":[{"embeddable":true,"href":"https:\/\/www3.unicentro.br\/propesp\/wp-json\/wp\/v2\/comments?post=231"}],"version-history":[{"count":0,"href":"https:\/\/www3.unicentro.br\/propesp\/wp-json\/wp\/v2\/pages\/231\/revisions"}],"up":[{"embeddable":true,"href":"https:\/\/www3.unicentro.br\/propesp\/wp-json\/wp\/v2\/pages\/72"}],"wp:attachment":[{"href":"https:\/\/www3.unicentro.br\/propesp\/wp-json\/wp\/v2\/media?parent=231"}],"curies":[{"name":"wp","href":"https:\/\/api.w.org\/{rel}","templated":true}]}}