{"id":1998,"date":"2022-10-18T21:17:41","date_gmt":"2022-10-19T00:17:41","guid":{"rendered":"https:\/\/www3.unicentro.br\/propesp\/?page_id=1998"},"modified":"2024-10-24T15:15:47","modified_gmt":"2024-10-24T18:15:47","slug":"pos-doutorado","status":"publish","type":"page","link":"https:\/\/www3.unicentro.br\/propesp\/pos-graduacao\/stricto-sensu\/pos-doutorado\/","title":{"rendered":"P\u00f3s-Doutorado"},"content":{"rendered":"<p><strong>PROGRAMA INSTITUCIONAL DE APOIO \u00c0 FIXA\u00c7\u00c3O DE JOVENS DOUTORES<\/strong><\/p>\n<p>O Programa Institucional de Apoio \u00e0 Fixa\u00e7\u00e3o de Jovens Doutores \u00e9 financiado com recursos daFunda\u00e7\u00e3o Arauc\u00e1ria de Apoio ao Desenvolvimento Cient\u00edfico e Tecnol\u00f3gico do Paran\u00e1 (FA) em parceria com o Conselho Nacional de Desenvolvimento Cient\u00edfico e Tecnol\u00f3gico (CNPq), por meio da Chamada P\u00fablica n\u00ba 19\/2022 \u2013 Programa Institucional de Apoio \u00e0 Fixa\u00e7\u00e3o de Jovens Doutores, dispon\u00edvel em <a href=\"https:\/\/www.fappr.pr.gov.br\/sites\/fundacao-araucaria\/arquivos_restritos\/files\/documento\/2022-09\/cp_19-2022_jovens_drs_cnpq.pdf\"><em>https:\/\/www.fappr.pr.gov.br\/sites\/fundacao-araucaria\/arquivos_restritos\/files\/documento\/2022-09\/cp_19-2022_jovens_drs_cnpq.pdf<\/em><\/a> .<\/p>\n<p>O processo seletivo na Unicentro para submiss\u00e3o de proposta institucional para obten\u00e7\u00e3o de financiamento de at\u00e9 05 (cinco) projetos est\u00e1 sendo desenvolvido, conforme segue:<\/p>\n<p><strong>Processo seletivo institucional de projetos<\/strong><\/p>\n<ul>\n<li><a href=\"https:\/\/www3.unicentro.br\/propesp\/wp-content\/uploads\/sites\/99\/2022\/11\/Edital_n_07_2022_CPFJD_Divulga_o_de_Projetos_aptos_para_a_2_Etapa_637e4e5fde8fa.pdf\">Edital n\u00ba 07\/2022-CPFJD\/Unicentro: convoca\u00e7\u00e3o de coordenadores com projetos aprovados para a 2\u00aa Etapa do Programa Institucional de Apoio \u00e0 Fixa\u00e7\u00e3o de Jovens Doutores, da Funda\u00e7\u00e3o Arauc\u00e1ria e CNPq<\/a><\/li>\n<li><a href=\"https:\/\/www3.unicentro.br\/propesp\/wp-content\/uploads\/sites\/99\/2022\/11\/Edital_n_06_2022_CPFJD_Resultado_Final_636964413f89e.pdf\">Edital n\u00ba 06\/2022-CPFJD\/Unicentro: divulga\u00e7\u00e3o do resultado final do Processo Seletivo do Programa Institucional de Apoio \u00e0 Fixa\u00e7\u00e3o de Jovens Doutores da Unicentro<\/a><\/li>\n<li><a href=\"https:\/\/www3.unicentro.br\/propesp\/wp-content\/uploads\/sites\/99\/2022\/11\/Edital_n_05_2022_CPFJD_Divulga_o_do_Resultado_Preliminar_da_2_Etapa_636573ea33b64.pdf\">Edital n\u00ba 05\/2022-CPFJD\/Unicentro: divulga\u00e7\u00e3o da classifica\u00e7\u00e3o preliminar do Processo Seletivo do Programa Institucional de Apoio \u00e0 Fixa\u00e7\u00e3o de Jovens Doutores da Unicentro<\/a><\/li>\n<li><a href=\"https:\/\/www3.unicentro.br\/propesp\/wp-content\/uploads\/sites\/99\/2022\/10\/Edital_n_04_2022_CPFJD_UNICENTRO_Homologa_o_de_Inscri_es_e_Classificados_2_Etapa_635fa6aa80f32.pdf\">Edital n\u00ba 04\/2022-CPFJD\/Unicentro: homologa\u00e7\u00e3o de inscri\u00e7\u00f5es e classifica\u00e7\u00e3o de inscritos para a 2\u00aa Etapa do Processo Seletivo do Programa Institucional de Apoio \u00e0 Fixa\u00e7\u00e3o de Jovens Doutores da Unicentro<\/a><\/li>\n<li><a href=\"https:\/\/www3.unicentro.br\/propesp\/wp-content\/uploads\/sites\/99\/2022\/10\/Edital_n_03_2022_CPFJD_UNICENTRO_Retifica_o_do_Edital_n_01_2022_CPFJD_UNICENTRO_6359dc23e3c96.pdf\">Edital n\u00ba 03\/2022-CPFJD\/Unicentro: retifica\u00e7\u00e3o do cronograma do Edital n\u00ba 01\/2022<\/a><\/li>\n<li><a href=\"https:\/\/www3.unicentro.br\/propesp\/wp-content\/uploads\/sites\/99\/2022\/10\/Edital_n_02_2022_CPFJD_Retifica_o_do_Edital_n_01_2022_CPFJD_6352f3380a5d0.pdf\">Edital n\u00ba 02\/2022-CPFJD\/Unicentro: retifica\u00e7\u00e3o do Edital n\u00ba 01\/2022-CPFJD\/Unicentro<\/a><\/li>\n<li><a href=\"https:\/\/www3.unicentro.br\/propesp\/wp-content\/uploads\/sites\/99\/2022\/10\/Edital_n_01_2022_CPFJD_Abertura_de_Inscri_es_634ed8024540e.pdf\">Edital n\u00ba 01\/2022-CPFJD\/Unicentro: abertura de inscri\u00e7\u00f5es para o Programa Institucional de Apoio \u00e0 Fixa\u00e7\u00e3o de Jovens Doutores da Unicentro<\/a>\n<ul>\n<li><a href=\"https:\/\/www3.unicentro.br\/propesp\/wp-content\/uploads\/sites\/99\/2022\/10\/Anexos_do_Edital_n_01_2022_CPFJD_634ed8029a734.doc\">Anexos do Edital n\u00ba 01\/2022-CPFJD\/Unicentro: arquivos edit\u00e1veis para download<\/a><\/li>\n<\/ul>\n<\/li>\n<\/ul>\n<p><strong>Comiss\u00e3o de Avalia\u00e7\u00e3o Institucional do Programa de Apoio \u00e0 Fixa\u00e7\u00e3o de Jovens Doutores, CPFJD\/Unicentro<\/strong><\/p>\n<ul>\n<li><a href=\"https:\/\/sgu.unicentro.br\/pcatooficiais\/imprimir\/FCC930B2\"><em>Comiss\u00e3o designada pela Portaria n\u00ba 24-Propesp\/Unicentro, de 14 de outubro de 2022<\/em><\/a><\/li>\n<\/ul>\n<hr \/>\n<p><strong>Contato<\/strong><\/p>\n<p><a href=\"mailto:propesp@unicentro.br\"><em>propesp@unicentro.br<\/em><\/a><\/p>\n","protected":false},"excerpt":{"rendered":"<p>PROGRAMA INSTITUCIONAL DE APOIO \u00c0 FIXA\u00c7\u00c3O DE JOVENS DOUTORES O Programa Institucional de Apoio \u00e0 Fixa\u00e7\u00e3o de Jovens Doutores \u00e9 financiado com recursos daFunda\u00e7\u00e3o Arauc\u00e1ria de Apoio ao Desenvolvimento Cient\u00edfico e Tecnol\u00f3gico do Paran\u00e1 (FA) em parceria com o Conselho Nacional de Desenvolvimento Cient\u00edfico e Tecnol\u00f3gico (CNPq), por meio da Chamada P\u00fablica n\u00ba 19\/2022 \u2013 [&hellip;]<\/p>\n","protected":false},"author":6,"featured_media":0,"parent":125,"menu_order":0,"comment_status":"closed","ping_status":"closed","template":"","meta":{"_exactmetrics_skip_tracking":false,"_exactmetrics_sitenote_active":false,"_exactmetrics_sitenote_note":"","_exactmetrics_sitenote_category":0,"footnotes":"","_links_to":"","_links_to_target":""},"class_list":["post-1998","page","type-page","status-publish","hentry"],"publishpress_future_action":{"enabled":false,"date":"2026-04-27 21:20:39","action":"change-status","newStatus":"draft","terms":[],"taxonomy":"","extraData":[]},"publishpress_future_workflow_manual_trigger":{"enabledWorkflows":[]},"_links":{"self":[{"href":"https:\/\/www3.unicentro.br\/propesp\/wp-json\/wp\/v2\/pages\/1998","targetHints":{"allow":["GET"]}}],"collection":[{"href":"https:\/\/www3.unicentro.br\/propesp\/wp-json\/wp\/v2\/pages"}],"about":[{"href":"https:\/\/www3.unicentro.br\/propesp\/wp-json\/wp\/v2\/types\/page"}],"author":[{"embeddable":true,"href":"https:\/\/www3.unicentro.br\/propesp\/wp-json\/wp\/v2\/users\/6"}],"replies":[{"embeddable":true,"href":"https:\/\/www3.unicentro.br\/propesp\/wp-json\/wp\/v2\/comments?post=1998"}],"version-history":[{"count":1,"href":"https:\/\/www3.unicentro.br\/propesp\/wp-json\/wp\/v2\/pages\/1998\/revisions"}],"predecessor-version":[{"id":4068,"href":"https:\/\/www3.unicentro.br\/propesp\/wp-json\/wp\/v2\/pages\/1998\/revisions\/4068"}],"up":[{"embeddable":true,"href":"https:\/\/www3.unicentro.br\/propesp\/wp-json\/wp\/v2\/pages\/125"}],"wp:attachment":[{"href":"https:\/\/www3.unicentro.br\/propesp\/wp-json\/wp\/v2\/media?parent=1998"}],"curies":[{"name":"wp","href":"https:\/\/api.w.org\/{rel}","templated":true}]}}