{"id":1995,"date":"2022-10-18T21:13:20","date_gmt":"2022-10-19T00:13:20","guid":{"rendered":"https:\/\/www3.unicentro.br\/propesp\/?page_id=1995"},"modified":"2024-11-11T10:01:28","modified_gmt":"2024-11-11T13:01:28","slug":"programa-institucional-de-apoio-a-pesquisa-basica-e-aplicada-2021","status":"publish","type":"page","link":"https:\/\/www3.unicentro.br\/propesp\/pesquisa\/pesquisa-basica-e-aplicada\/programa-institucional-de-apoio-a-pesquisa-basica-e-aplicada-2021\/","title":{"rendered":"Programa Institucional de Apoio \u00e0 Pesquisa B\u00e1sica e Aplicada 2021"},"content":{"rendered":"<p><strong>PROGRAMA INSTITUCIONAL DE APOIO \u00c0 PESQUISA B\u00c1SICA E APLICADA DA UNICENTRO<\/strong><\/p>\n<p>O Programa Institucional de Apoio \u00e0 Pesquisa B\u00e1sica e Aplicada da Unicentro \u00e9 apoiado com recursos financeiros da Funda\u00e7\u00e3o Arauc\u00e1ria, conforme projeto aprovado na Chamada P\u00fablica n\u00ba 09\/2021 \u2013 Programa Pesquisa B\u00e1sica e Aplicada, e com recursos pr\u00f3prios da institui\u00e7\u00e3o.<\/p>\n<hr \/>\n<p><strong>Processo seletivo institucional de projetos<\/strong><\/p>\n<ul>\n<li><a href=\"https:\/\/www3.unicentro.br\/propesp\/wp-content\/uploads\/sites\/99\/2022\/01\/Edital_Resultado_Final-P1eP2.pdf\"><strong>Edital n<span style=\"font-size: 13.3333px\">\u00ba<\/span> 02\/2022-CPBA\/Unicentro<\/strong> &#8211; Resultado Final do Programa Institucional de Apoio \u00e0 Pesquisa B\u00e1sica e Aplicada da Unicentro<\/a><\/li>\n<li><a href=\"https:\/\/www3.unicentro.br\/propesp\/wp-content\/uploads\/sites\/99\/2022\/01\/Edital_Classifica_o_final_P1eP2_61e720b0a6479.pdf\"><strong>Edital n\u00ba 01\/2022-CPBA\/Propesp: <\/strong>classifica\u00e7\u00e3o preliminar (P1) e cadastro de reserva (P2) do Processo de Sele\u00e7\u00e3o do Programa Institucional de Apoio \u00e0 Pesquisa B\u00e1sica e Aplicada da Unicentro<\/a><\/li>\n<li><a href=\"https:\/\/www3.unicentro.br\/propesp\/wp-content\/uploads\/sites\/99\/2021\/12\/Edital_05_2021_CPBA_Pesquisa_B_sica_Aplicada_61ae17b8a030c.pdf\"><strong>Edital n\u00ba 05\/2021-CPBA\/Propesp<\/strong>: retifica\u00e7\u00e3o do Edital n\u00ba 04\/2021-CPBA\/Unicentro e prorroga\u00e7\u00e3o do prazo para a apresenta\u00e7\u00e3o de projeto (e formul\u00e1rio de submiss\u00e3o) referente \u00e0 2\u00aa Etapa<\/a><\/li>\n<li><a href=\"https:\/\/www3.unicentro.br\/propesp\/wp-content\/uploads\/sites\/99\/2021\/12\/Edital_04_2021_CPBA_Pesquisa_B_sica_Aplicada_2021_61a7b398c202c.pdf\"><strong>Edital n\u00ba 04\/2021-CPBA\/Propesp<\/strong>: divulga\u00e7\u00e3o do resultado da 1\u00aa Etapa do Processo de Sele\u00e7\u00e3o do Programa Institucional de Apoio \u00e0 Pesquisa B\u00e1sica e Aplicada da Unicentro, e convoca\u00e7\u00e3o dos(as) classificados(as) para a 2\u00aa Etapa<\/a><\/li>\n<li><a href=\"https:\/\/www3.unicentro.br\/propesp\/wp-content\/uploads\/sites\/99\/2021\/11\/Edital_03_2021_CPBA_Pesquisa_B_sica_Aplicada_2021_619e39063c0b9.pdf\"><strong>Edital n\u00ba 03\/2021-CPBA\/Unicentro:<\/strong>\u00a0prorroga\u00e7\u00e3o do per\u00edodo de inscri\u00e7\u00f5es para a primeira etapa e a consequente altera\u00e7\u00e3o de prazo de etapas seguintes do Edital n\u00ba 01\/2021-CPBA\/Unicetro<\/a><\/li>\n<li><a href=\"https:\/\/www3.unicentro.br\/propesp\/wp-content\/uploads\/sites\/99\/2021\/11\/Edital_02_2021_CPBA_Pesquisa_B_sica_Aplicada_2021_6196986711ef0.pdf\"><strong>Edital n\u00ba 02\/2021-CPBA\/Unicentro:<\/strong> Retifica\u00e7\u00e3o de itens financi\u00e1veis do Edital n\u00ba 01\/2021-CPBA\/Unicentro<\/a><\/li>\n<li><a href=\"https:\/\/www3.unicentro.br\/propesp\/wp-content\/uploads\/sites\/99\/2021\/11\/Edital_01_2021_CPBA_Pesquisa_B_sica_Aplicada_2021_vers_o_revisada_618d5f5c5bf55.pdf\"><strong>Edital n\u00ba 01\/2021-CPBA\/Unicentro:<\/strong> Edital de abertura de inscri\u00e7\u00f5es para o Programa Institucional de Apoio \u00e0 Pesquisa B\u00e1sica e Aplicada da Unicentro<\/a>\n<ul>\n<li><a href=\"https:\/\/www3.unicentro.br\/propesp\/wp-content\/uploads\/sites\/99\/2021\/11\/Anexos_I_a_VI_Edital_01_2021_CPBA_Pesquisa_B_sica_Aplicada_2021_618d5f7487a7f.doc\"><strong>Anexos I a VI<\/strong> [.doc]<\/a><\/li>\n<\/ul>\n<\/li>\n<\/ul>\n<hr \/>\n<p><strong>Comiss\u00e3o de Avalia\u00e7\u00e3o Institucional do Programa de Pesquisa B\u00e1sica e Aplicada, CPBA\/Unicentro<\/strong><\/p>\n<p>Comiss\u00e3o designada pela <strong><a href=\"https:\/\/sgu.unicentro.br\/pcatooficiais\/imprimir\/F4E99DFA\">Portaria n\u00ba 746-GR\/Unicentro, de 25 de outubro de 2021<\/a><\/strong> , e alterada pela <strong><a href=\"https:\/\/sgu.unicentro.br\/pcatooficiais\/imprimir\/7B2918E6\">Portaria n\u00ba 801-GR\/Unicentro, de 9 de novembro de 2021<\/a><\/strong><\/p>\n<hr \/>\n<p><strong>Contato:<\/strong><\/p>\n<p><a href=\"mailto:cpba@unicentro.br\">cpba@unicentro.br<\/a><\/p>\n","protected":false},"excerpt":{"rendered":"<p>PROGRAMA INSTITUCIONAL DE APOIO \u00c0 PESQUISA B\u00c1SICA E APLICADA DA UNICENTRO O Programa Institucional de Apoio \u00e0 Pesquisa B\u00e1sica e Aplicada da Unicentro \u00e9 apoiado com recursos financeiros da Funda\u00e7\u00e3o Arauc\u00e1ria, conforme projeto aprovado na Chamada P\u00fablica n\u00ba 09\/2021 \u2013 Programa Pesquisa B\u00e1sica e Aplicada, e com recursos pr\u00f3prios da institui\u00e7\u00e3o. Processo seletivo institucional de [&hellip;]<\/p>\n","protected":false},"author":6,"featured_media":0,"parent":4074,"menu_order":0,"comment_status":"closed","ping_status":"closed","template":"","meta":{"_exactmetrics_skip_tracking":false,"_exactmetrics_sitenote_active":false,"_exactmetrics_sitenote_note":"","_exactmetrics_sitenote_category":0,"footnotes":"","_links_to":"","_links_to_target":""},"class_list":["post-1995","page","type-page","status-publish","hentry"],"publishpress_future_action":{"enabled":false,"date":"2026-04-12 17:47:56","action":"change-status","newStatus":"draft","terms":[],"taxonomy":"","extraData":[]},"publishpress_future_workflow_manual_trigger":{"enabledWorkflows":[]},"_links":{"self":[{"href":"https:\/\/www3.unicentro.br\/propesp\/wp-json\/wp\/v2\/pages\/1995","targetHints":{"allow":["GET"]}}],"collection":[{"href":"https:\/\/www3.unicentro.br\/propesp\/wp-json\/wp\/v2\/pages"}],"about":[{"href":"https:\/\/www3.unicentro.br\/propesp\/wp-json\/wp\/v2\/types\/page"}],"author":[{"embeddable":true,"href":"https:\/\/www3.unicentro.br\/propesp\/wp-json\/wp\/v2\/users\/6"}],"replies":[{"embeddable":true,"href":"https:\/\/www3.unicentro.br\/propesp\/wp-json\/wp\/v2\/comments?post=1995"}],"version-history":[{"count":1,"href":"https:\/\/www3.unicentro.br\/propesp\/wp-json\/wp\/v2\/pages\/1995\/revisions"}],"predecessor-version":[{"id":4167,"href":"https:\/\/www3.unicentro.br\/propesp\/wp-json\/wp\/v2\/pages\/1995\/revisions\/4167"}],"up":[{"embeddable":true,"href":"https:\/\/www3.unicentro.br\/propesp\/wp-json\/wp\/v2\/pages\/4074"}],"wp:attachment":[{"href":"https:\/\/www3.unicentro.br\/propesp\/wp-json\/wp\/v2\/media?parent=1995"}],"curies":[{"name":"wp","href":"https:\/\/api.w.org\/{rel}","templated":true}]}}