{"id":18,"date":"2020-10-26T11:00:58","date_gmt":"2020-10-26T14:00:58","guid":{"rendered":"https:\/\/www3.unicentro.br\/propesp\/?page_id=18"},"modified":"2020-11-13T09:12:37","modified_gmt":"2020-11-13T12:12:37","slug":"sobre-nos","status":"publish","type":"page","link":"https:\/\/www3.unicentro.br\/propesp\/sobre-nos\/","title":{"rendered":"Sobre n\u00f3s"},"content":{"rendered":"<p>A Pr\u00f3-Reitoria de Pesquisa e P\u00f3s-Gradua\u00e7\u00e3o foi institu\u00edda pela Resolu\u00e7\u00e3o n\u00ba 004\/1997-COU\/UNICENTRO, e implantada com as seguintes caracter\u00edsticas:<\/p>\n<p><strong>Miss\u00e3o<\/strong><br \/>\nAssegurar condi\u00e7\u00f5es para o fortalecimento da pesquisa e p\u00f3s-gradua\u00e7\u00e3o com qualidade e relev\u00e2ncia para o desenvolvimento sustent\u00e1vel da Ci\u00eancia, Tecnologia e Inova\u00e7\u00e3o.<\/p>\n<p><strong>Vis\u00e3o de Futuro<\/strong><br \/>\nContribuir para a constitui\u00e7\u00e3o da UNICENTRO como centro de excel\u00eancia em pesquisa e inova\u00e7\u00e3o tecnol\u00f3gica.<\/p>\n<p><strong>Objetivos<\/strong><\/p>\n<ul>\n<li>Aperfei\u00e7oar a qualidade da forma\u00e7\u00e3o de pessoal em n\u00edvel superior e de p\u00f3s-gradua\u00e7\u00e3o, potencializando assim a sua valoriza\u00e7\u00e3o profissional.<\/li>\n<li>Contribuir para o desenvolvimento socioecon\u00f4mico sustent\u00e1vel da regi\u00e3o de abrang\u00eancia da UNICENTRO e do pa\u00eds.<\/li>\n<li>Colaborar para a internacionaliza\u00e7\u00e3o da UNICENTRO.<\/li>\n<\/ul>\n<p><strong>Metas<\/strong><\/p>\n<ul>\n<li>Melhorar as condi\u00e7\u00f5es de pesquisa na UNICENTRO.<\/li>\n<li>Ampliar a Inicia\u00e7\u00e3o Cient\u00edfica e Tecnol\u00f3gica na Institui\u00e7\u00e3o.<\/li>\n<li>Expandir a coopera\u00e7\u00e3o cient\u00edfica comoutras Universidades e Institutos de pesquisa.<\/li>\n<li>Criar novos cursos de p\u00f3s-gradua\u00e7\u00e3o.<\/li>\n<li>Consolidar grupos de pesquisa e programas de p\u00f3s-gradua\u00e7\u00e3o.<\/li>\n<\/ul>\n<p><strong>Estrat\u00e9gias<\/strong><\/p>\n<p>Para atingir os objetivos, alcan\u00e7ar as metas e cumprir sua miss\u00e3o, a Pr\u00f3-Reitoria de Pesquisa e P\u00f3s-Gradua\u00e7\u00e3o orienta o trabalho de toda sua equipe baseado na elabora\u00e7\u00e3o e execu\u00e7\u00e3o de planejamento de curto (ano em curso) e m\u00e9dio (pr\u00f3ximos 4 anos) prazos, comas seguintes principais estrat\u00e9gias:<\/p>\n<ul>\n<li>Diagn\u00f3stico de prioridades e indica\u00e7\u00e3o de procedimentos para pesquisa e p\u00f3s-gradua\u00e7\u00e3o.<\/li>\n<li>Identifica\u00e7\u00e3o de oportunidades de capta\u00e7\u00e3o de recursos e implementa\u00e7\u00e3o de a\u00e7\u00f5es para melhoria da capacidade dos pesquisadores na elabora\u00e7\u00e3o de projetos.<\/li>\n<li>Fomento \u00e0 cria\u00e7\u00e3o de novos cursos de p\u00f3s-gradua\u00e7\u00e3o, identificando e apoiando grupos potenciais.<\/li>\n<li>Est\u00edmulo \u00e0 capacita\u00e7\u00e3o docente, por meio de divulga\u00e7\u00e3o de oportunidades e de celebra\u00e7\u00e3o de conv\u00eanios para Doutorados Interinstitucionais.<\/li>\n<li>Gest\u00e3o junto a ag\u00eancias de fomento para obten\u00e7\u00e3o de novas bolsas para inicia\u00e7\u00e3o cient\u00edfica e p\u00f3s-gradua\u00e7\u00e3o, pesquisa e capacita\u00e7\u00e3o docente.<\/li>\n<li>Solicita\u00e7\u00e3o de financiamento para infraestrutura institucional multiusu\u00e1ria de pesquisa e p\u00f3s-gradua\u00e7\u00e3o.<\/li>\n<li>Orienta\u00e7\u00e3o na reestrutura\u00e7\u00e3o de grupos de pesquisa a fimde melhorar a produtividade cient\u00edfica.<\/li>\n<li>Atualiza\u00e7\u00e3o de legisla\u00e7\u00e3o interna pautada na desburocratiza\u00e7\u00e3o e valoriza\u00e7\u00e3o de crit\u00e9rios meritocr\u00e1ticos.<\/li>\n<\/ul>\n","protected":false},"excerpt":{"rendered":"<p>A Pr\u00f3-Reitoria de Pesquisa e P\u00f3s-Gradua\u00e7\u00e3o foi institu\u00edda pela Resolu\u00e7\u00e3o n\u00ba 004\/1997-COU\/UNICENTRO, e implantada com as seguintes caracter\u00edsticas: Miss\u00e3o Assegurar condi\u00e7\u00f5es para o fortalecimento da pesquisa e p\u00f3s-gradua\u00e7\u00e3o com qualidade e relev\u00e2ncia para o desenvolvimento sustent\u00e1vel da Ci\u00eancia, Tecnologia e Inova\u00e7\u00e3o. Vis\u00e3o de Futuro Contribuir para a constitui\u00e7\u00e3o da UNICENTRO como centro de excel\u00eancia em [&hellip;]<\/p>\n","protected":false},"author":3,"featured_media":0,"parent":0,"menu_order":0,"comment_status":"closed","ping_status":"closed","template":"","meta":{"_exactmetrics_skip_tracking":false,"_exactmetrics_sitenote_active":false,"_exactmetrics_sitenote_note":"","_exactmetrics_sitenote_category":0,"footnotes":"","_links_to":"","_links_to_target":""},"class_list":["post-18","page","type-page","status-publish","hentry"],"publishpress_future_action":{"enabled":false,"date":"2026-04-12 15:48:22","action":"change-status","newStatus":"draft","terms":[],"taxonomy":"","extraData":[]},"publishpress_future_workflow_manual_trigger":{"enabledWorkflows":[]},"_links":{"self":[{"href":"https:\/\/www3.unicentro.br\/propesp\/wp-json\/wp\/v2\/pages\/18","targetHints":{"allow":["GET"]}}],"collection":[{"href":"https:\/\/www3.unicentro.br\/propesp\/wp-json\/wp\/v2\/pages"}],"about":[{"href":"https:\/\/www3.unicentro.br\/propesp\/wp-json\/wp\/v2\/types\/page"}],"author":[{"embeddable":true,"href":"https:\/\/www3.unicentro.br\/propesp\/wp-json\/wp\/v2\/users\/3"}],"replies":[{"embeddable":true,"href":"https:\/\/www3.unicentro.br\/propesp\/wp-json\/wp\/v2\/comments?post=18"}],"version-history":[{"count":0,"href":"https:\/\/www3.unicentro.br\/propesp\/wp-json\/wp\/v2\/pages\/18\/revisions"}],"wp:attachment":[{"href":"https:\/\/www3.unicentro.br\/propesp\/wp-json\/wp\/v2\/media?parent=18"}],"curies":[{"name":"wp","href":"https:\/\/api.w.org\/{rel}","templated":true}]}}