{"id":1720,"date":"2022-06-28T15:33:44","date_gmt":"2022-06-28T18:33:44","guid":{"rendered":"https:\/\/www3.unicentro.br\/propesp\/?page_id=1720"},"modified":"2022-08-15T16:17:56","modified_gmt":"2022-08-15T19:17:56","slug":"temas-estrategicos-demanda-social-capes","status":"publish","type":"page","link":"https:\/\/www3.unicentro.br\/propesp\/pos-graduacao\/stricto-sensu\/temas-estrategicos-demanda-social-capes\/","title":{"rendered":"Temas Estrat\u00e9gicos-Demanda Social (Capes)"},"content":{"rendered":"<p><strong>PROGRAMA DE DEMANDA SOCIAL (DS)<\/strong><\/p>\n<p>O Programa de Demanda Social (DS), da Coordenadoria de Aperfei\u00e7oamento de Pessoal de N\u00edvel Superior (Capes), tem por finalidade apoiar discentes de programas de p\u00f3s-gradua\u00e7\u00e3o stricto sensu oferecidos por Institui\u00e7\u00f5es de Ensino Superior (IES) p\u00fablicas, por meio da concess\u00e3o de bolsas de estudo, nos n\u00edveis de mestrado e doutorado (<a href=\"https:\/\/www.gov.br\/capes\/pt-br\/acesso-a-informacao\/acoes-e-programas\/bolsas\/bolsas-no-pais\/programa-de-demanda-social-ds\" target=\"_blank\" rel=\"noopener\"><em>https:\/\/www.gov.br\/capes\/pt-br\/acesso-a-informacao\/acoes-e-programas\/bolsas\/bolsas-no-pais\/programa-de-demanda-social-ds<\/em><\/a>).<\/p>\n<p>Na Unicentro, a concess\u00e3o das bolsas de estudos vinculadas ao Programa de Demanda Social est\u00e1 alinhada \u00e0s \u00e1reas priorit\u00e1rias definidas pelo governo do Estado do Paran\u00e1 e que foram identificadas pelo Conselho Paranaense de Ci\u00eancia e Tecnologia, em 17 de novembro de 2020 (<a href=\"http:\/\/www.seti.pr.gov.br\/ugf\/politicasediretrizes#\" target=\"_blank\" rel=\"noopener\"><em>http:\/\/www.seti.pr.gov.br\/ugf\/politicasediretrizes#<\/em><\/a>).<\/p>\n<p>&nbsp;<\/p>\n<p><img loading=\"lazy\" decoding=\"async\" class=\"alignnone size-full wp-image-1731\" src=\"https:\/\/www3.unicentro.br\/propesp\/wp-content\/uploads\/sites\/99\/2022\/07\/reas_Priorit_rias_62c4413f41f6a.png\" alt=\"\" width=\"942\" height=\"304\" srcset=\"https:\/\/www3.unicentro.br\/propesp\/wp-content\/uploads\/sites\/99\/2022\/07\/reas_Priorit_rias_62c4413f41f6a.png 942w, https:\/\/www3.unicentro.br\/propesp\/wp-content\/uploads\/sites\/99\/2022\/07\/reas_Priorit_rias_62c4413f41f6a-300x97.png 300w, https:\/\/www3.unicentro.br\/propesp\/wp-content\/uploads\/sites\/99\/2022\/07\/reas_Priorit_rias_62c4413f41f6a-768x248.png 768w, https:\/\/www3.unicentro.br\/propesp\/wp-content\/uploads\/sites\/99\/2022\/07\/reas_Priorit_rias_62c4413f41f6a-255x82.png 255w\" sizes=\"auto, (max-width: 942px) 100vw, 942px\" \/><\/p>\n<p>&nbsp;<\/p>\n<p>Considerando as \u00e1reas priorit\u00e1rias e o fato da institui\u00e7\u00e3o ofertar seus cursos em munic\u00edpios enquadrados na mesma faixa do \u00cdndice de Desenvolvimento Humano Municipal (IDHM), a Pr\u00f3-Reitoria de Pesquisa e P\u00f3s-Gradua\u00e7\u00e3o (Propesp) procedeu a distribui\u00e7\u00e3o das bolsas entre os Programas de P\u00f3s-Gradua\u00e7\u00e3o (PPG) da institui\u00e7\u00e3o com base nos seguintes crit\u00e9rios adicionais, em ordem de prioridade:<\/p>\n<p style=\"padding-left: 40px\">1\u00ba) PPGs com baixa cobertura de bolsas.<\/p>\n<p style=\"padding-left: 40px\">2\u00ba) Cursos mais novos.<\/p>\n<p>Com isso, a cota de bolsas da Propesp, constitu\u00edda por 8 bolsas para Mestrado e 8 bolsas para Doutorado, foi distribu\u00edda da seguinte forma:<\/p>\n<p>&nbsp;<\/p>\n<table width=\"100%\" cellspacing=\"0\" cellpadding=\"4\">\n<tbody>\n<tr valign=\"top\">\n<td colspan=\"2\" bgcolor=\"#eeeeee\" width=\"50%\">\n<p align=\"center\"><span style=\"font-family: Calibri, sans-serif\"><span style=\"font-size: medium\"><b>MESTRADO<\/b><\/span><\/span><\/p>\n<\/td>\n<td colspan=\"2\" bgcolor=\"#eeeeee\" width=\"50%\">\n<p align=\"center\"><span style=\"font-family: Calibri, sans-serif\"><span style=\"font-size: medium\"><b>DOUTORADO<\/b><\/span><\/span><\/p>\n<\/td>\n<\/tr>\n<tr valign=\"top\">\n<td bgcolor=\"#eeeeee\" width=\"34%\">\n<p align=\"center\"><span style=\"font-family: Calibri, sans-serif\"><span style=\"font-size: medium\"><b>PPG<\/b><\/span><\/span><\/p>\n<\/td>\n<td bgcolor=\"#eeeeee\" width=\"16%\">\n<p align=\"center\"><span style=\"font-family: Calibri, sans-serif\"><span style=\"font-size: medium\"><b>Quantidade<\/b><\/span><\/span><\/p>\n<\/td>\n<td bgcolor=\"#eeeeee\" width=\"35%\">\n<p align=\"center\"><span style=\"font-family: Calibri, sans-serif\"><span style=\"font-size: medium\"><b>PPG<\/b><\/span><\/span><\/p>\n<\/td>\n<td bgcolor=\"#eeeeee\" width=\"15%\">\n<p align=\"center\"><span style=\"font-family: Calibri, sans-serif\"><span style=\"font-size: medium\"><b>Quantidade<\/b><\/span><\/span><\/p>\n<\/td>\n<\/tr>\n<tr valign=\"top\">\n<td width=\"34%\">\n<p align=\"center\"><span style=\"font-family: Calibri, sans-serif\"><span style=\"font-size: medium\">Bioenergia (PPGB)<\/span><\/span><\/p>\n<\/td>\n<td width=\"16%\">\n<p align=\"center\"><span style=\"font-family: Calibri, sans-serif\"><span style=\"font-size: medium\">1<\/span><\/span><\/p>\n<\/td>\n<td width=\"35%\">\n<p align=\"center\"><span style=\"font-family: Calibri, sans-serif\"><span style=\"font-size: medium\">Agronomia (PPGA)<\/span><\/span><\/p>\n<\/td>\n<td width=\"15%\">\n<p align=\"center\"><span style=\"font-family: Calibri, sans-serif\"><span style=\"font-size: medium\">2<\/span><\/span><\/p>\n<\/td>\n<\/tr>\n<tr valign=\"top\">\n<td width=\"34%\">\n<p align=\"center\"><span style=\"font-family: Calibri, sans-serif\"><span style=\"font-size: medium\">Ci\u00eancias Veterin\u00e1rias (PPGCV)<\/span><\/span><\/p>\n<\/td>\n<td width=\"16%\">\n<p align=\"center\"><span style=\"font-family: Calibri, sans-serif\"><span style=\"font-size: medium\">2<\/span><\/span><\/p>\n<\/td>\n<td width=\"35%\">\n<p align=\"center\"><span style=\"font-family: Calibri, sans-serif\"><span style=\"font-size: medium\">Ci\u00eancias Farmac\u00eauticas (PPGCF)<\/span><\/span><\/p>\n<\/td>\n<td width=\"15%\">\n<p align=\"center\"><span style=\"font-family: Calibri, sans-serif\"><span style=\"font-size: medium\">2<\/span><\/span><\/p>\n<\/td>\n<\/tr>\n<tr valign=\"top\">\n<td width=\"34%\">\n<p align=\"center\"><span style=\"font-family: Calibri, sans-serif\"><span style=\"font-size: medium\">Engenharia Sanit\u00e1ria e Ambiental (PPGESA)<\/span><\/span><\/p>\n<\/td>\n<td width=\"16%\">\n<p align=\"center\"><span style=\"font-family: Calibri, sans-serif\"><span style=\"font-size: medium\">2<\/span><\/span><\/p>\n<\/td>\n<td width=\"35%\">\n<p align=\"center\"><span style=\"font-family: Calibri, sans-serif\"><span style=\"font-size: medium\">Desenvolvimento Comunit\u00e1rio (PPGDC)<\/span><\/span><\/p>\n<\/td>\n<td width=\"15%\">\n<p align=\"center\"><span style=\"font-family: Calibri, sans-serif\"><span style=\"font-size: medium\">2<\/span><\/span><\/p>\n<\/td>\n<\/tr>\n<tr valign=\"top\">\n<td width=\"34%\">\n<p align=\"center\"><span style=\"font-family: Calibri, sans-serif\"><span style=\"font-size: medium\">Hist\u00f3ria (PPGH)<\/span><\/span><\/p>\n<\/td>\n<td width=\"16%\">\n<p align=\"center\"><span style=\"font-family: Calibri, sans-serif\"><span style=\"font-size: medium\">1<\/span><\/span><\/p>\n<\/td>\n<td width=\"35%\">\n<p align=\"center\"><span style=\"font-family: Calibri, sans-serif\"><span style=\"font-size: medium\">Letras (PPGL)<\/span><\/span><\/p>\n<\/td>\n<td width=\"15%\">\n<p align=\"center\"><span style=\"font-family: Calibri, sans-serif\"><span style=\"font-size: medium\">1<\/span><\/span><\/p>\n<\/td>\n<\/tr>\n<tr valign=\"top\">\n<td width=\"34%\">\n<p align=\"center\"><span style=\"font-family: Calibri, sans-serif\"><span style=\"font-size: medium\">Nanoci\u00eancias e Bioci\u00eancias (PPGNB)<\/span><\/span><\/p>\n<\/td>\n<td width=\"16%\">\n<p align=\"center\"><span style=\"font-family: Calibri, sans-serif\"><span style=\"font-size: medium\">2<\/span><\/span><\/p>\n<\/td>\n<td width=\"35%\">\n<p align=\"center\"><span style=\"font-family: Calibri, sans-serif\"><span style=\"font-size: medium\">Qu\u00edmica Aplicada (PPGQA)<\/span><\/span><\/p>\n<\/td>\n<td width=\"15%\">\n<p align=\"center\"><span style=\"font-family: Calibri, sans-serif\"><span style=\"font-size: medium\">1<\/span><\/span><\/p>\n<\/td>\n<\/tr>\n<tr valign=\"top\">\n<td bgcolor=\"#eeeeee\" width=\"34%\">\n<p align=\"center\"><span style=\"font-family: Calibri, sans-serif\"><span style=\"font-size: medium\"><b>Total<\/b><\/span><\/span><\/p>\n<\/td>\n<td bgcolor=\"#eeeeee\" width=\"16%\">\n<p align=\"center\"><span style=\"font-family: Calibri, sans-serif\"><span style=\"font-size: medium\"><b>8<\/b><\/span><\/span><\/p>\n<\/td>\n<td bgcolor=\"#eeeeee\" width=\"35%\">\n<p align=\"center\"><span style=\"font-family: Calibri, sans-serif\"><span style=\"font-size: medium\"><b>Total<\/b><\/span><\/span><\/p>\n<\/td>\n<td bgcolor=\"#eeeeee\" width=\"15%\">\n<p align=\"center\"><span style=\"font-family: Calibri, sans-serif\"><span style=\"font-size: medium\"><b>8<\/b><\/span><\/span><\/p>\n<\/td>\n<\/tr>\n<\/tbody>\n<\/table>\n<p>&nbsp;<\/p>\n<p>Para concess\u00e3o e manuten\u00e7\u00e3o das bolsas vinculadas ao Programa de Demanda Social, os PPGs devem observar o disposto na Portaria da CAPES n\u00ba 76, de 14 de abril de 2010 (<a href=\"http:\/\/cad.capes.gov.br\/ato-administrativo-detalhar?idAtoAdmElastic=741#anchor\" target=\"_blank\" rel=\"noopener\"><em>http:\/\/cad.capes.gov.br\/ato-administrativo-detalhar?idAtoAdmElastic=741#anchor<\/em><\/a>), e a <a href=\"https:\/\/www3.unicentro.br\/propesp\/wp-content\/uploads\/sites\/99\/2022\/08\/PortariaConjunta_1_10_CAPES_CNPq_62fa9a3ab5764.pdf\" target=\"_blank\" rel=\"noopener\">Portaria Conjunta CAPES-CNPq n\u00ba 01\/2010<\/a>.<\/p>\n","protected":false},"excerpt":{"rendered":"<p>PROGRAMA DE DEMANDA SOCIAL (DS) O Programa de Demanda Social (DS), da Coordenadoria de Aperfei\u00e7oamento de Pessoal de N\u00edvel Superior (Capes), tem por finalidade apoiar discentes de programas de p\u00f3s-gradua\u00e7\u00e3o stricto sensu oferecidos por Institui\u00e7\u00f5es de Ensino Superior (IES) p\u00fablicas, por meio da concess\u00e3o de bolsas de estudo, nos n\u00edveis de mestrado e doutorado (https:\/\/www.gov.br\/capes\/pt-br\/acesso-a-informacao\/acoes-e-programas\/bolsas\/bolsas-no-pais\/programa-de-demanda-social-ds). [&hellip;]<\/p>\n","protected":false},"author":6,"featured_media":0,"parent":125,"menu_order":0,"comment_status":"closed","ping_status":"closed","template":"","meta":{"_exactmetrics_skip_tracking":false,"_exactmetrics_sitenote_active":false,"_exactmetrics_sitenote_note":"","_exactmetrics_sitenote_category":0,"footnotes":"","_links_to":"","_links_to_target":""},"class_list":["post-1720","page","type-page","status-publish","hentry"],"publishpress_future_action":{"enabled":false,"date":"2026-04-27 21:32:19","action":"change-status","newStatus":"draft","terms":[],"taxonomy":"","extraData":[]},"publishpress_future_workflow_manual_trigger":{"enabledWorkflows":[]},"_links":{"self":[{"href":"https:\/\/www3.unicentro.br\/propesp\/wp-json\/wp\/v2\/pages\/1720","targetHints":{"allow":["GET"]}}],"collection":[{"href":"https:\/\/www3.unicentro.br\/propesp\/wp-json\/wp\/v2\/pages"}],"about":[{"href":"https:\/\/www3.unicentro.br\/propesp\/wp-json\/wp\/v2\/types\/page"}],"author":[{"embeddable":true,"href":"https:\/\/www3.unicentro.br\/propesp\/wp-json\/wp\/v2\/users\/6"}],"replies":[{"embeddable":true,"href":"https:\/\/www3.unicentro.br\/propesp\/wp-json\/wp\/v2\/comments?post=1720"}],"version-history":[{"count":0,"href":"https:\/\/www3.unicentro.br\/propesp\/wp-json\/wp\/v2\/pages\/1720\/revisions"}],"up":[{"embeddable":true,"href":"https:\/\/www3.unicentro.br\/propesp\/wp-json\/wp\/v2\/pages\/125"}],"wp:attachment":[{"href":"https:\/\/www3.unicentro.br\/propesp\/wp-json\/wp\/v2\/media?parent=1720"}],"curies":[{"name":"wp","href":"https:\/\/api.w.org\/{rel}","templated":true}]}}