{"id":1687,"date":"2022-06-09T11:13:00","date_gmt":"2022-06-09T14:13:00","guid":{"rendered":"https:\/\/www3.unicentro.br\/propesp\/?page_id=1687"},"modified":"2022-08-17T11:03:32","modified_gmt":"2022-08-17T14:03:32","slug":"doutorado-sanduiche-no-exterior-capes","status":"publish","type":"page","link":"https:\/\/www3.unicentro.br\/propesp\/pos-graduacao\/stricto-sensu\/doutorado-sanduiche-no-exterior-capes\/","title":{"rendered":"Doutorado-Sandu\u00edche no Exterior (Capes)"},"content":{"rendered":"<p><strong>PROGRAMA DE DOUTORADO-SANDU\u00cdCHE NO EXTERIOR (PDSE)<\/strong><\/p>\n<p>O Programa de Doutorado-Sandu\u00edche no Exterior (PDSE), da Coordenadoria de Aperfei\u00e7oamento de Pessoal de N\u00edvel Superior (Capes) foi institu\u00eddo em 2011, em substitui\u00e7\u00e3o ao Doutorado Sandu\u00edche Balc\u00e3o e ao Programa de Doutorado no Pa\u00eds com Est\u00e1gio no Exterior (PDEE). A altera\u00e7\u00e3o visou dar maior agilidade no processo de implementa\u00e7\u00e3o das bolsas de est\u00e1gio de doutorando no exterior.<\/p>\n<p>O Programa oferece bolsas de est\u00e1gio em pesquisa de doutorado no exterior, alinhadas com o Plano de Internacionaliza\u00e7\u00e3o das Institui\u00e7\u00f5es de Ensino Superior, de forma a complementar os esfor\u00e7os despendidos pelos programas de p\u00f3s-gradua\u00e7\u00e3o stricto sensu brasileiros de excel\u00eancia na forma\u00e7\u00e3o de recursos humanos de alto n\u00edvel para inser\u00e7\u00e3o nos meios acad\u00eamicos, de ensino e de pesquisa no pa\u00eds. Discentes regularmente matriculados em cursos de doutorado no Brasil podem realizar parte do curso em institui\u00e7\u00e3o no exterior, com a obriga\u00e7\u00e3o de retornar ao Brasil ap\u00f3s a finaliza\u00e7\u00e3o da bolsa, para integraliza\u00e7\u00e3o de cr\u00e9ditos e a defesa da tese (<a href=\"https:\/\/www.gov.br\/capes\/pt-br\/acesso-a-informacao\/acoes-e-programas\/bolsas\/bolsas-e-auxilios-internacionais\/encontre-aqui\/paises\/multinacional\/programa-de-doutorado-sanduiche-no-exterior-pdse\" target=\"_blank\" rel=\"noopener\"><em>https:\/\/www.gov.br\/capes\/pt-br\/acesso-a-informacao\/acoes-e-programas\/bolsas\/bolsas-e-auxilios-internacionais\/encontre-aqui\/paises\/multinacional\/programa-de-doutorado-sanduiche-no-exterior-pdse<\/em><\/a>).<\/p>\n<p>Na atual edi\u00e7\u00e3o do Programa, ofertada pelo <a href=\"https:\/\/www.gov.br\/capes\/pt-br\/centrais-de-conteudo\/editais\/16022022_Edital10.22PDSE.pdf\" target=\"_blank\" rel=\"noopener\"><em>Edital n\u00ba 10\/2022-PDSE<\/em><\/a>, a Capes est\u00e1 financiando at\u00e9 1.400 (mil e quatrocentas) bolsas com dura\u00e7\u00e3o de, no m\u00ednimo, seis meses e, no m\u00e1ximo, dez meses.<\/p>\n<p>Ap\u00f3s a realiza\u00e7\u00e3o de <a href=\"https:\/\/www3.unicentro.br\/propesp\/pos-graduacao\/stricto-sensu\/editais\/\"><em>Processo Seletivo Interno<\/em><\/a> para participa\u00e7\u00e3o de discentes da institui\u00e7\u00e3o no PDSE 2022, quatro doutorandos foram aprovados e realizar\u00e3o est\u00e1gio no exterior:<\/p>\n<p>&nbsp;<\/p>\n<table width=\"100%\" cellspacing=\"0\" cellpadding=\"4\">\n<tbody>\n<tr style=\"background-color: #ffcfcf\" valign=\"top\">\n<td width=\"26%\">\n<p align=\"center\"><span style=\"color: #000000;font-family: georgia, palatino, serif;font-size: 10pt\"><b>Discente<\/b><\/span><\/p>\n<\/td>\n<td width=\"24%\">\n<p align=\"center\"><span style=\"color: #000000;font-family: georgia, palatino, serif;font-size: 10pt\"><b>PPG<\/b><\/span><\/p>\n<\/td>\n<td width=\"25%\">\n<p align=\"center\"><span style=\"color: #000000;font-family: georgia, palatino, serif;font-size: 10pt\"><b>IES de Destino<\/b><\/span><\/p>\n<\/td>\n<td width=\"25%\">\n<p align=\"center\"><span style=\"color: #000000;font-family: georgia, palatino, serif;font-size: 10pt\"><b>Per\u00edodo<\/b><\/span><\/p>\n<\/td>\n<\/tr>\n<tr valign=\"top\">\n<td width=\"26%\">\n<p align=\"center\"><span style=\"color: #000000;font-family: georgia, palatino, serif;font-size: 10pt\">Felipe Soares<\/span><\/p>\n<\/td>\n<td width=\"24%\">\n<p align=\"center\"><span style=\"color: #000000;font-family: georgia, palatino, serif;font-size: 10pt\">Letras (PPGL)<\/span><\/p>\n<\/td>\n<td width=\"25%\">\n<p align=\"center\"><span style=\"color: #000000;font-family: georgia, palatino, serif;font-size: 10pt\">Universit\u00e9 de Lorraine (Fran\u00e7a)<\/span><\/p>\n<\/td>\n<td width=\"25%\">\n<p align=\"center\"><span style=\"color: #000000;font-family: georgia, palatino, serif;font-size: 10pt\">Setembro de 2022 a Junho de 2023<\/span><\/p>\n<\/td>\n<\/tr>\n<tr valign=\"top\">\n<td width=\"26%\">\n<p align=\"center\"><span style=\"color: #000000;font-family: georgia, palatino, serif;font-size: 10pt\">Fernanda Priscila Carraro<\/span><\/p>\n<\/td>\n<td width=\"24%\">\n<p align=\"center\"><span style=\"color: #000000;font-family: georgia, palatino, serif;font-size: 10pt\">Letras (PPGL)<\/span><\/p>\n<\/td>\n<td width=\"25%\">\n<p align=\"center\"><span style=\"color: #000000;font-family: georgia, palatino, serif;font-size: 10pt\">Universidad Aut\u00f3noma de Madrid (Espanha)<\/span><\/p>\n<\/td>\n<td width=\"25%\">\n<p align=\"center\"><span style=\"color: #000000;font-family: georgia, palatino, serif;font-size: 10pt\">Setembro de 2022 a Junho de 2023<\/span><\/p>\n<\/td>\n<\/tr>\n<tr valign=\"top\">\n<td width=\"26%\">\n<p align=\"center\"><span style=\"color: #000000;font-family: georgia, palatino, serif;font-size: 10pt\">Luiz Henrique Natalli<\/span><\/p>\n<\/td>\n<td width=\"24%\">\n<p align=\"center\"><span style=\"color: #000000;font-family: georgia, palatino, serif;font-size: 10pt\">Ci\u00eancias Florestais (PPGF)<\/span><\/p>\n<\/td>\n<td width=\"25%\">\n<p align=\"center\"><span style=\"color: #000000;font-family: georgia, palatino, serif;font-size: 10pt\">Universidade de Santiago de Compostela (Espanha)<\/span><\/p>\n<\/td>\n<td width=\"25%\">\n<p align=\"center\"><span style=\"color: #000000;font-family: georgia, palatino, serif;font-size: 10pt\">Outubro de 2022 a Maio de 2023<\/span><\/p>\n<\/td>\n<\/tr>\n<tr valign=\"top\">\n<td width=\"26%\">\n<p align=\"center\"><span style=\"color: #000000;font-family: georgia, palatino, serif;font-size: 10pt\">Solange Francieli Vieira<\/span><\/p>\n<\/td>\n<td width=\"24%\">\n<p align=\"center\"><span style=\"color: #000000;font-family: georgia, palatino, serif;font-size: 10pt\">Geografia (PPGG)<\/span><\/p>\n<\/td>\n<td width=\"25%\">\n<p align=\"center\"><span style=\"color: #000000;font-family: georgia, palatino, serif;font-size: 10pt\">Universidad de Valencia (Espanha)<\/span><\/p>\n<\/td>\n<td width=\"25%\">\n<p align=\"center\"><span style=\"color: #000000;font-family: georgia, palatino, serif;font-size: 10pt\">Setembro de 2022 a Junho de 2023<\/span><\/p>\n<\/td>\n<\/tr>\n<\/tbody>\n<\/table>\n<hr \/>\n<p align=\"justify\">A participa\u00e7\u00e3o dos discentes no PDSE 2022 est\u00e1 alinhada \u00e0 <a href=\"https:\/\/sgu.unicentro.br\/pcatooficiais\/imprimir\/84BE7CB2\"><em>Pol\u00edtica de Internacionaliza\u00e7\u00e3o da Unicentro<\/em><\/a>, e os mesmos estar\u00e3o desenvolvendo estudos relacionados aos seus projetos de Tese, conforme segue:<\/p>\n<table style=\"width: 100%\" width=\"100%\" cellspacing=\"0\" cellpadding=\"4\">\n<tbody>\n<tr style=\"background-color: #ffc9c9\" valign=\"top\">\n<td style=\"width: 26%\" width=\"26%\">\n<p align=\"center\"><span style=\"color: #000000;font-family: georgia, palatino, serif;font-size: 10pt\"><b>Discente<\/b><\/span><\/p>\n<\/td>\n<td style=\"width: 74%\" width=\"74%\">\n<p align=\"center\"><span style=\"color: #000000;font-family: georgia, palatino, serif;font-size: 10pt\"><b>Projeto de Pesquisa<\/b><\/span><\/p>\n<\/td>\n<\/tr>\n<tr valign=\"top\">\n<td style=\"width: 26%\" width=\"26%\">\n<p align=\"center\"><span style=\"color: #000000;font-family: georgia, palatino, serif;font-size: 10pt\">Felipe Soares<\/span><\/p>\n<\/td>\n<td style=\"width: 74%\" width=\"74%\">\n<p align=\"justify\"><span style=\"color: #000000;font-family: georgia, palatino, serif;font-size: 10pt\"><b>T\u00edtulo:<\/b><i> A experi\u00eancia da carne: a fabrica\u00e7\u00e3o arquegeneal\u00f3gica de si no discurso drag<\/i><\/span><\/p>\n<p align=\"justify\"><span style=\"color: #000000;font-family: georgia, palatino, serif;font-size: 10pt\"><b>Resumo: <\/b><i>Frente aos embates discursivos que confiscam verdades, como aquelas ligadas \u00e0 experi\u00eancia da carne (crist\u00e3 e drag), analiso, sob o vi\u00e9s arquegeneal\u00f3gico da An\u00e1lise do Discurso filiada sobremodo ao pensamento de Michel Foucault, a incongru\u00eancia semi\u00f3tica deste signo a partir de discursos que o fabricam problematizando os atravessamentos de sentidos que, consequentemente, objetivam\/subjetivam tais corpos designados \u201cdrag\u201d, conjurados aqui \u2013 na persona da Drag Queen Rita Von Hunty &#8211; como complexa express\u00e3o de arte e tamb\u00e9m posicionamento pol\u00edtico \u00e0 deriva em\/com sua \u201crela\u00e7\u00e3o indissoci\u00e1vel entre a l\u00edngua, o sujeito, a hist\u00f3ria e a cultura\u201d (GREGOLIN, 2011). M\u00e1scara dispersa no contexto socio hist\u00f3rico brasileiro, sendo signo que gravita pr\u00f3ximo \u00e0 LGBTfobia, \u00e9 imperativo \u00e0s ci\u00eancias humanas a verticaliza\u00e7\u00e3o de estudos a respeito dos funcionamentos sociais que envolvem esse fen\u00f4meno, tomando-o em suas estruturas internas e externas da l\u00edngua. Com essa tese, a partir de seu desenvolvimento no Laborat\u00f3rio de pesquisa CREM (Universit\u00e9 de Lorraine, Metz, FR), centrado no imagin\u00e1rio da cultura e teoria queer pelo vi\u00e9s da sociolingu\u00edstica, pretendo desenvolver uma ferramenta te\u00f3rica para (re)interpret\u00e1-lo em sua atualidade fragmentada mirando tanto os imbricamentos que lhe atravessam hierarquizando-o segundo determinadas pr\u00e1ticas, como o fazem os discursos cl\u00ednico, jur\u00eddico, religioso, art\u00edstico, pol\u00edtico; bem como a urg\u00eancia de compreend\u00ea-lo frente sua arriscada e perigosa circula\u00e7\u00e3o no cerne de nossa sociedade. Nesse sentido, pergunto: o que \u00e9 drag, hoje?<\/i> <\/span><\/p>\n<p align=\"justify\"><span style=\"color: #000000;font-family: georgia, palatino, serif;font-size: 10pt\"><b>Orientadora na Unicentro:<\/b> <i>Prof\u00aa Dra. Denise Gabriel Witzel<\/i><\/span><\/p>\n<p align=\"justify\"><span style=\"color: #000000;font-family: georgia, palatino, serif;font-size: 10pt\"><b>Supervisor na Universit\u00e9 de Lorraine (Fran\u00e7a): <\/b><i>Prof. Dr. Luca Greco<\/i><\/span><\/p>\n<\/td>\n<\/tr>\n<tr valign=\"top\">\n<td style=\"width: 26%\" width=\"26%\">\n<p align=\"center\"><span style=\"color: #000000;font-family: georgia, palatino, serif;font-size: 10pt\">Fernanda Priscila Carraro<\/span><\/p>\n<\/td>\n<td style=\"width: 74%\" width=\"74%\">\n<p align=\"justify\"><span style=\"font-family: georgia, palatino, serif;font-size: 10pt\"><span style=\"color: #000000\"><b>T\u00edtulo:<\/b><\/span><span style=\"color: #000000\"><i> C<\/i><\/span><i>ren\u00e7as e atitudes lingu\u00edsticas: um estudo sobre falantes de espanhol como l\u00edngua materna<\/i><i> <\/i><\/span><\/p>\n<p align=\"justify\"><span style=\"font-family: georgia, palatino, serif;font-size: 10pt\"><span style=\"color: #000000\"><b>Orientadora na <span style=\"color: #000000;font-family: georgia, palatino, serif;font-size: 10pt\">Unicentro<\/span>:<\/b><\/span> <span style=\"color: #000000\"><i>Prof\u00aa <\/i><\/span><i>Loremi Loregian Penkal<\/i><i> <\/i><\/span><\/p>\n<p align=\"justify\"><span style=\"font-family: georgia, palatino, serif;font-size: 10pt\"><span style=\"color: #000000\"><b>Supervisor na Universidad Aut\u00f3noma de Madrid (Espanha): <\/b><\/span><span style=\"color: #000000\"><i>Prof\u00aa <\/i><\/span><i>Dra. Beatriz M\u00e9ndez Guerrero <\/i><\/span><\/p>\n<\/td>\n<\/tr>\n<tr valign=\"top\">\n<td style=\"width: 26%\" width=\"26%\">\n<p align=\"center\"><span style=\"color: #000000;font-family: georgia, palatino, serif;font-size: 10pt\">Luiz Henrique Natalli<\/span><\/p>\n<\/td>\n<td style=\"width: 74%\" width=\"74%\">\n<p align=\"justify\"><span style=\"color: #000000;font-family: georgia, palatino, serif;font-size: 10pt\"><b>T\u00edtulo: <\/b><i>Avalia\u00e7\u00e3o da qualidade do substrato com a adi\u00e7\u00e3o de Biochar<\/i><\/span><\/p>\n<p align=\"justify\"><span style=\"color: #000000;font-family: georgia, palatino, serif;font-size: 10pt\"><b>Resumo: <\/b><i>A pesquisa relaciona-se ao reaproveitamento de res\u00edduos florestais, mais especificamente dos res\u00edduos provenientes da colheita florestal do Pinus spp. Uma das formas de reaproveitamento deste material que \u00e9 gerado em grandes quantidades, \u00e9 a convers\u00e3o termoqu\u00edmica, utilizando-se da t\u00e9cnica de Pir\u00f3lise, para obten\u00e7\u00e3o do Biochar. O Biochar \u00e9 um produto poroso, rico em carbono, que apresenta diversas funcionalidades, tais como a reciclagem de res\u00edduos, uma vez que este pode ser produzido com diferentes fontes de biomassa (res\u00edduos), melhorias no solo, mitiga\u00e7\u00e3o das mudan\u00e7as clim\u00e1ticas, remedia\u00e7\u00e3o da polui\u00e7\u00e3o de solos e \u00e1guas. Neste projeto, \u00e9 produzido o Biochar dos res\u00edduos gerados na colheita, sendo eles: madeira (galhos e ponteiros); casca e; ac\u00edculas; com o objetivo de incorporar este material na composi\u00e7\u00e3o de substratos para produ\u00e7\u00e3o de mudas florestais. E para avaliar as caracter\u00edsticas finais deste substrato, \u00e9 necess\u00e1ria uma s\u00e9rie de an\u00e1lises, isto \u00e9, a caracteriza\u00e7\u00e3o deste material. Toda esta caracteriza\u00e7\u00e3o e an\u00e1lises ser\u00e3o realizadas no Programa de Doutorado em Meio Ambiente e Recursos Naturais, da Universidade de Santiago de Compostela, na cidade de Santiago de Compostela, Espanha, utilizando de toda infraestrutura, tecnologia e equipamentos l\u00e1 disponibilizados.<\/i><\/span><\/p>\n<p align=\"justify\"><span style=\"color: #000000;font-family: georgia, palatino, serif;font-size: 10pt\"><b>Orientadora na Unicentro:<\/b> <i>Prof. Dr. Everton Hillig<\/i><\/span><\/p>\n<p align=\"justify\"><span style=\"font-family: georgia, palatino, serif;font-size: 10pt\"><span style=\"color: #000000\"><b>Supervisor na Universidad Aut\u00f3noma de Madrid (Espanha): <\/b><\/span><span style=\"color: #000000\"><i>Prof. Dr. <\/i><\/span><i>Remigio Paradelo N\u00fa\u00f1ez <\/i><\/span><\/p>\n<\/td>\n<\/tr>\n<tr valign=\"top\">\n<td style=\"width: 26%\" width=\"26%\">\n<p align=\"center\"><span style=\"color: #000000;font-family: georgia, palatino, serif;font-size: 10pt\">Solange Francieli Vieira<\/span><\/p>\n<\/td>\n<td style=\"width: 74%\" width=\"74%\">\n<p align=\"justify\"><span style=\"font-family: georgia, palatino, serif;font-size: 10pt\"><span style=\"color: #000000\"><b>T\u00edtulo: <\/b><\/span><i>Uso de jogos de simula\u00e7\u00e3o para ensino de cidade &#8211; an\u00e1lise comparativa entre Brasil e Espanha <\/i><\/span><\/p>\n<p align=\"justify\"><span style=\"color: #000000;font-family: georgia, palatino, serif;font-size: 10pt\"><b>Orientadora na Unicentro:<\/b> <i>Prof\u00aa Dra. Marquiana de Freitas Vilas Boas Gomes<\/i><\/span><\/p>\n<p align=\"justify\"><span style=\"color: #000000;font-family: georgia, palatino, serif;font-size: 10pt\"><b>Supervisor na Universidad Aut\u00f3noma de Madrid (Espanha): <\/b><i>Prof. Dr. Diego Garc\u00eda Monteagudo<\/i><\/span><\/p>\n<\/td>\n<\/tr>\n<\/tbody>\n<\/table>\n<p>&nbsp;<\/p>\n","protected":false},"excerpt":{"rendered":"<p>PROGRAMA DE DOUTORADO-SANDU\u00cdCHE NO EXTERIOR (PDSE) O Programa de Doutorado-Sandu\u00edche no Exterior (PDSE), da Coordenadoria de Aperfei\u00e7oamento de Pessoal de N\u00edvel Superior (Capes) foi institu\u00eddo em 2011, em substitui\u00e7\u00e3o ao Doutorado Sandu\u00edche Balc\u00e3o e ao Programa de Doutorado no Pa\u00eds com Est\u00e1gio no Exterior (PDEE). A altera\u00e7\u00e3o visou dar maior agilidade no processo de implementa\u00e7\u00e3o [&hellip;]<\/p>\n","protected":false},"author":6,"featured_media":0,"parent":125,"menu_order":0,"comment_status":"closed","ping_status":"closed","template":"","meta":{"_exactmetrics_skip_tracking":false,"_exactmetrics_sitenote_active":false,"_exactmetrics_sitenote_note":"","_exactmetrics_sitenote_category":0,"footnotes":"","_links_to":"","_links_to_target":""},"class_list":["post-1687","page","type-page","status-publish","hentry"],"publishpress_future_action":{"enabled":false,"date":"2026-04-27 19:39:20","action":"change-status","newStatus":"draft","terms":[],"taxonomy":"","extraData":[]},"publishpress_future_workflow_manual_trigger":{"enabledWorkflows":[]},"_links":{"self":[{"href":"https:\/\/www3.unicentro.br\/propesp\/wp-json\/wp\/v2\/pages\/1687","targetHints":{"allow":["GET"]}}],"collection":[{"href":"https:\/\/www3.unicentro.br\/propesp\/wp-json\/wp\/v2\/pages"}],"about":[{"href":"https:\/\/www3.unicentro.br\/propesp\/wp-json\/wp\/v2\/types\/page"}],"author":[{"embeddable":true,"href":"https:\/\/www3.unicentro.br\/propesp\/wp-json\/wp\/v2\/users\/6"}],"replies":[{"embeddable":true,"href":"https:\/\/www3.unicentro.br\/propesp\/wp-json\/wp\/v2\/comments?post=1687"}],"version-history":[{"count":0,"href":"https:\/\/www3.unicentro.br\/propesp\/wp-json\/wp\/v2\/pages\/1687\/revisions"}],"up":[{"embeddable":true,"href":"https:\/\/www3.unicentro.br\/propesp\/wp-json\/wp\/v2\/pages\/125"}],"wp:attachment":[{"href":"https:\/\/www3.unicentro.br\/propesp\/wp-json\/wp\/v2\/media?parent=1687"}],"curies":[{"name":"wp","href":"https:\/\/api.w.org\/{rel}","templated":true}]}}