{"id":1685,"date":"2022-06-09T11:12:43","date_gmt":"2022-06-09T14:12:43","guid":{"rendered":"https:\/\/www3.unicentro.br\/propesp\/?page_id=1685"},"modified":"2022-08-18T14:58:20","modified_gmt":"2022-08-18T17:58:20","slug":"formacao-de-doutores-em-areas-estrategicas-cnpq","status":"publish","type":"page","link":"https:\/\/www3.unicentro.br\/propesp\/pos-graduacao\/stricto-sensu\/formacao-de-doutores-em-areas-estrategicas-cnpq\/","title":{"rendered":"Forma\u00e7\u00e3o de Doutores em \u00c1reas Estrat\u00e9gicas (CNPq)"},"content":{"rendered":"<p><strong>APOIO \u00c0 FORMA\u00c7\u00c3O DE DOUTORES EM \u00c1REAS ESTRAT\u00c9GICAS<\/strong><\/p>\n<p>O Programa de Apoio \u00e0 forma\u00e7\u00e3o de doutores em \u00e1reas estrat\u00e9gicas, do Conselho Nacional de Desenvolvimento Cient\u00edfico e Tecnol\u00f3gico (CNPq), visa apoiar propostas institucionais que buscam o fortalecimento da pesquisa cient\u00edfica e tecnol\u00f3gica por meio do interc\u00e2mbio e coopera\u00e7\u00e3o entre Programas de P\u00f3s-Gradua\u00e7\u00e3o Stricto Sensu consolidados e n\u00e3o consolidados, de Institui\u00e7\u00f5es de Ensino Superior (IES) e Institui\u00e7\u00f5es Cient\u00edficas, Tecnol\u00f3gicas e de Inova\u00e7\u00e3o (ICTs) para a forma\u00e7\u00e3o de recursos humanos na pesquisa cient\u00edfica e tecnol\u00f3gica em \u00e1reas estrat\u00e9gicas com a concess\u00e3o de bolsas de doutorado no pa\u00eds.<\/p>\n<p>Orientando-se por este objetivo, a <a href=\"http:\/\/resultado.cnpq.br\/5036804551446511\">Chamada CNPq n\u00ba 01\/2019<\/a> selecionou projetos enquadrados em um ou mais dos temas alinhados \u00e0 <a href=\"http:\/\/www.finep.gov.br\/images\/a-finep\/Politica\/16_03_2018_Estrategia_Nacional_de_Ciencia_Tecnologia_e_Inovacao_2016_2022.pdf\">Estrat\u00e9gia Nacional de Ci\u00eancia, Tecnologia e Inova\u00e7\u00e3o (ENCTI) 2016-2022<\/a> , a saber:<\/p>\n<ul style=\"list-style-type: square\">\n<li>Aeroespacial e Defesa;<\/li>\n<li>\u00c1gua;<\/li>\n<li>Alimentos;<\/li>\n<li>Biomas e Bioeconomia;<\/li>\n<li>Ci\u00eancias e Tecnologias Sociais;<\/li>\n<li>Clima;<\/li>\n<li>Economia e Sociedade Digital;<\/li>\n<li>Energia;<\/li>\n<li>Minerais Estrat\u00e9gicos;<\/li>\n<li>Nuclear;<\/li>\n<li>Sa\u00fade;<\/li>\n<li>Tecnologias Convergentes e Habilitadoras.<\/li>\n<\/ul>\n<p>Com a aprova\u00e7\u00e3o do projeto \u201cApoio \u00e0 forma\u00e7\u00e3o de doutores em \u00e1reas estrat\u00e9gicas para o fortalecimento da pesquisa cient\u00edfica e tecnol\u00f3gica na Unicentro\u201d, na Unicentro est\u00e3o sendo concedidas 10 bolsas de Doutorado, pelo per\u00edodo de 48 meses, para 5 discentes do Programas de P\u00f3s-Gradua\u00e7\u00e3o em Agronomia (PPGA) e 5 discentes do Programa de P\u00f3s-Gradua\u00e7\u00e3o em Ci\u00eancias Farmac\u00eauticas (PPGCF), conforme segue:<\/p>\n<table class=\" aligncenter\" style=\"width: 98.615%\" width=\"98.615%\" cellspacing=\"0\" cellpadding=\"4\">\n<tbody>\n<tr style=\"background-color: #ffc9c9\">\n<td style=\"width: 8.41549%\" width=\"75\">\n<p align=\"center\"><span style=\"color: #333333;font-size: 10pt\"><span style=\"font-family: Calibri, sans-serif\"><b>PPG<\/b><\/span><\/span><\/p>\n<\/td>\n<td style=\"width: 21.9099%\" width=\"138\">\n<p align=\"center\"><span style=\"color: #333333;font-size: 10pt\"><span style=\"font-family: Calibri, sans-serif\"><b>Tema<\/b><\/span><\/span><\/p>\n<\/td>\n<td style=\"width: 22.703%\" width=\"132\">\n<p align=\"center\"><span style=\"color: #333333;font-size: 10pt\"><span style=\"font-family: Calibri, sans-serif\"><b>Coopera\u00e7\u00e3o<\/b><\/span><\/span><\/p>\n<\/td>\n<td style=\"width: 23.767%\" width=\"177\">\n<p align=\"center\"><span style=\"color: #333333;font-size: 10pt\"><span style=\"font-family: Calibri, sans-serif\"><b>Supervis\u00e3o<\/b><\/span><\/span><\/p>\n<\/td>\n<td style=\"width: 45.9177%\" width=\"101\">\n<p align=\"center\"><span style=\"color: #333333;font-size: 10pt\"><span style=\"font-family: Calibri, sans-serif\"><b>Bolsistas<\/b><\/span><\/span><\/p>\n<\/td>\n<\/tr>\n<tr valign=\"center\">\n<td style=\"width: 8.41549%\" rowspan=\"3\" width=\"75\">\n<p style=\"text-align: center\" align=\"center\"><span style=\"color: #333333;font-size: 10pt\"><span style=\"font-family: Calibri, sans-serif\">Agronomia (PPGA)<\/span><\/span><\/p>\n<\/td>\n<td style=\"width: 21.9099%\" width=\"138\">\n<p align=\"center\"><span style=\"color: #333333;font-size: 10pt\"><span style=\"font-family: Calibri, sans-serif\">Caracteriza\u00e7\u00e3o qu\u00edmica dos ferom\u00f4nios e desenvolvimento de armadilhas visando o manejo integrado de percevejos raspadores (Hemiptera: MIridae) em cereais de inverno e pastagens <\/span><\/span><\/p>\n<\/td>\n<td style=\"width: 22.703%\" width=\"132\">\n<p align=\"center\"><span style=\"color: #333333;font-size: 10pt\"><span style=\"font-family: Calibri, sans-serif\">Programa de P\u00f3s-Gradua\u00e7\u00e3o em Entomologia e Acarologia da Escola Superior de Agricultura Luiz de Queiroz, Universidade de S\u00e3o Paulo (ESALQ\/USP)<\/span><\/span><\/p>\n<\/td>\n<td style=\"width: 23.767%\" width=\"177\">\n<p align=\"center\"><span style=\"color: #333333;font-size: 10pt\"><span style=\"font-family: Calibri, sans-serif\">Prof. Dr. Jackson Kawakami (Unicentro); Prof\u00aa Dra. Cristiane Nardi, Prof. Dr. Jos\u00e9 Maur\u00edcio Sim\u00f5es Bento e Prof. Dr. Jos\u00e9 Roberto Postali Parra (ESALQ\/USP) <\/span><\/span><\/p>\n<\/td>\n<td style=\"width: 45.9177%\" width=\"101\">\n<p align=\"center\"><span style=\"color: #333333;font-size: 10pt\"><span style=\"font-family: Calibri, sans-serif\">Anderson Hideo Yokoyama<\/span><\/span><\/p>\n<p align=\"center\"><span style=\"font-family: Calibri, sans-serif;color: #333333;font-size: 10pt\">(01\/04\/2020 a 31\/03\/2024)<\/span><\/p>\n<p align=\"center\"><span style=\"font-family: Calibri, sans-serif;color: #333333;font-size: 10pt\">Luana Karolline Ribeiro<\/span><\/p>\n<p align=\"center\"><span style=\"font-family: Calibri, sans-serif;color: #333333;font-size: 10pt\">(01\/09\/2020 a 31\/08\/2024)<\/span><\/p>\n<\/td>\n<\/tr>\n<tr valign=\"top\">\n<td style=\"width: 21.9099%\" width=\"138\">\n<p align=\"center\"><span style=\"color: #333333;font-size: 10pt\"><span style=\"font-family: Calibri, sans-serif\">Sistemas de manejo de conserva\u00e7\u00e3o de solo e \u00e1gua (com e sem terra\u00e7o e pr\u00e1ticas Unicentro\/FAPA) na produ\u00e7\u00e3o sustent\u00e1vel de alimentos<\/span><\/span><\/p>\n<\/td>\n<td style=\"width: 22.703%\" width=\"132\">\n<p align=\"center\"><span style=\"color: #333333;font-size: 10pt\"><span style=\"font-family: Calibri, sans-serif\">Programa de P\u00f3s-Gradua\u00e7\u00e3o em Agronomia da Universidade Estadual de Maring\u00e1 (UEM)<\/span><\/span><\/p>\n<\/td>\n<td style=\"width: 23.767%\" width=\"177\">\n<p align=\"center\"><span style=\"color: #333333;font-size: 10pt\"><span style=\"font-family: Calibri, sans-serif\">Prof. Dr. Cristiano Andr\u00e9 Pott, Prof. Dr. Leandro Rampim e Prof. Dr. Marcelo Marques Lopes M\u00fcller (Unicentro); Prof. Dr. C\u00e1ssio Ant\u00f4nio Tormena e Prof. Dr. Marcos Rafael Nanni (UEM)<\/span><\/span><\/p>\n<\/td>\n<td style=\"width: 45.9177%\" width=\"101\">\n<p align=\"center\"><span style=\"color: #333333;font-size: 10pt\"><span style=\"font-family: Calibri, sans-serif\">Ernani Garcia Neto<\/span><\/span><\/p>\n<p align=\"center\"><span style=\"color: #333333;font-size: 10pt\"><span style=\"font-family: Calibri, sans-serif\">01\/03\/2020 a 29\/02\/2024)<\/span><\/span><\/p>\n<p align=\"center\"><span style=\"color: #333333;font-size: 10pt\"><span style=\"font-family: Calibri, sans-serif\">Caio Ericles Kolling <\/span><\/span><\/p>\n<p align=\"center\"><span style=\"font-family: Calibri, sans-serif;color: #333333;font-size: 10pt\">(cancelado)<\/span><\/p>\n<\/td>\n<\/tr>\n<tr valign=\"top\">\n<td style=\"width: 21.9099%\" width=\"138\">\n<p align=\"center\"><span style=\"color: #333333;font-size: 10pt\"><span style=\"font-family: Calibri, sans-serif\">Compostos bioativos de extratos de plantas e extratos de fungos no manejo de doen\u00e7as, na indu\u00e7\u00e3o de resist\u00eancia e no desenvolvimento de plantas de tomate <\/span><\/span><\/p>\n<\/td>\n<td style=\"width: 22.703%\" width=\"132\">\n<p align=\"center\"><span style=\"color: #333333;font-size: 10pt\"><span style=\"font-family: Calibri, sans-serif\">Programa de P\u00f3s-Gradua\u00e7\u00e3o em Agronomia da Universidade Estadual de Maring\u00e1 (UEM)<\/span><\/span><\/p>\n<\/td>\n<td style=\"width: 23.767%\" width=\"177\">\n<p align=\"center\"><span style=\"color: #333333;font-size: 10pt\"><span style=\"font-family: Calibri, sans-serif\">Prof\u00aa Dra. Cacilda M\u00e1rcia Duarte Rios Faria (Unicentro); Prof. Dr. Jo\u00e3o Domingos Rodrigues, Prof\u00aa Dra. Elizabeth Orika Ono; Prof\u00aa Dra. Katia Regina Freitas Schwan-Estrada e Prof. Dr. Dauri Jos\u00e9 Tessmann (UEM)<\/span><\/span><\/p>\n<\/td>\n<td style=\"width: 45.9177%\" width=\"101\">\n<p align=\"center\"><span style=\"color: #333333;font-size: 10pt\"><span style=\"font-family: Calibri, sans-serif\">Amanda Felchak de Morais<\/span><\/span><\/p>\n<p align=\"center\"><span style=\"font-family: Calibri, sans-serif;color: #333333;font-size: 10pt\">(01\/04\/2020 a 31\/03\/2024)<\/span><\/p>\n<\/td>\n<\/tr>\n<tr valign=\"center\">\n<td style=\"width: 8.41549%\" rowspan=\"2\" width=\"75\">\n<p style=\"text-align: center\" align=\"center\"><span style=\"color: #333333;font-size: 10pt\"><span style=\"font-family: Calibri, sans-serif\">\u00a0Ci\u00eancias Farmac\u00eauticas (PPGCF)<\/span><\/span><\/p>\n<\/td>\n<td style=\"width: 21.9099%\" rowspan=\"2\" width=\"138\">\n<p align=\"center\"><span style=\"color: #333333;font-size: 10pt\"><span style=\"font-family: Calibri, sans-serif\">Desenvolvimento e avalia\u00e7\u00e3o de sistemas de libera\u00e7\u00e3o controlada de compostos bioativos, em modelos in vitro e <i>in vivo<\/i><\/span><\/span><\/p>\n<\/td>\n<td style=\"width: 22.703%\" width=\"132\">\n<p align=\"center\"><span style=\"font-family: Calibri, sans-serif;color: #333333;font-size: 10pt\">Programa de P\u00f3s-Gradua\u00e7\u00e3o em Bioci\u00eancias e Biotecnologia Aplicadas \u00e0 Farm\u00e1cia da Universidade Estadual Paulista \u201cJ\u00falio de Mesquita Filho\u201d (Unesp, Campus Araraquara)<\/span><\/p>\n<\/td>\n<td style=\"width: 23.767%\" width=\"177\">\n<p align=\"center\"><span style=\"color: #333333;font-size: 10pt\"><span style=\"font-family: Calibri, sans-serif\">Prof. Dr. Najeh Maissar Khalil (Unicentro)<\/span><\/span><\/p>\n<\/td>\n<td style=\"width: 45.9177%\" width=\"101\">\n<p align=\"center\"><span style=\"color: #333333;font-size: 10pt\"><span style=\"font-family: Calibri, sans-serif\">Daniele Fernanda Renzi<\/span><\/span><\/p>\n<p align=\"center\"><span style=\"color: #333333;font-size: 10pt\"><span style=\"font-family: Calibri, sans-serif\">(01\/04\/2020 a 31\/03\/2024)<\/span><\/span><\/p>\n<p align=\"center\"><span style=\"font-family: Calibri, sans-serif;color: #333333;font-size: 10pt\">La\u00eds de Almeida Campos<\/span><\/p>\n<p align=\"center\"><span style=\"font-family: Calibri, sans-serif;color: #333333;font-size: 10pt\">01\/03\/2020 a 29\/02\/2024 <\/span><\/p>\n<\/td>\n<\/tr>\n<tr valign=\"top\">\n<td style=\"width: 22.703%\" width=\"132\">\n<p align=\"center\"><span style=\"font-family: Calibri, sans-serif;color: #333333;font-size: 10pt\">Programa de P\u00f3s-Gradua\u00e7\u00e3o em Ci\u00eancias Farmac\u00eauticas da Universidade Estadual Paulista \u201cJ\u00falio de Mesquita Filho\u201d (UNESP, Campus Araraquara)<\/span><\/p>\n<\/td>\n<td style=\"width: 23.767%\" width=\"177\">\n<p align=\"center\"><span style=\"color: #333333;font-size: 10pt\"><span style=\"font-family: Calibri, sans-serif\">Prof\u00aa Dr. Rubiana Mainardes e Prof. Dr. Paulo Renato de Oliveira (Unicentro)<\/span><\/span><\/p>\n<\/td>\n<td style=\"width: 45.9177%\" width=\"101\">\n<p align=\"center\"><span style=\"color: #333333;font-size: 10pt\"><span style=\"font-family: Calibri, sans-serif\">Jeferson Ziebarth<\/span><\/span><\/p>\n<p align=\"center\"><span style=\"font-family: Calibri, sans-serif;color: #333333;font-size: 10pt\">(01\/08\/2021 a 31\/07\/2024)*<\/span><\/p>\n<p align=\"center\"><span style=\"color: #333333;font-size: 10pt\"><span style=\"font-family: Calibri, sans-serif\">Margani Taise Fin<\/span><\/span><\/p>\n<p align=\"center\"><span style=\"color: #333333;font-size: 10pt\"><span style=\"font-family: Calibri, sans-serif\">(01\/02\/2020 a 31\/01\/2023)<\/span><\/span><\/p>\n<p align=\"center\"><span style=\"color: #333333;font-size: 10pt\"><span style=\"font-family: Calibri, sans-serif\">Sarah J\u00e1uregui Zela<\/span><\/span><\/p>\n<p align=\"center\"><span style=\"color: #333333;font-size: 10pt\"><span style=\"font-family: Calibri, sans-serif\">(01\/04\/2020 a 31\/03\/2024)<\/span><\/span><\/p>\n<\/td>\n<\/tr>\n<\/tbody>\n<\/table>\n<p align=\"justify\"><span style=\"font-family: Calibri, sans-serif;font-size: 10pt\"><span style=\"color: #000000\">*Subsitituiu Christiane Menezes Rom\u00e3o Rampim, que atuou como bolsista no per\u00edodo de 01\/02\/2020 a 31\/01\/2023.<\/span><\/span><\/p>\n","protected":false},"excerpt":{"rendered":"<p>APOIO \u00c0 FORMA\u00c7\u00c3O DE DOUTORES EM \u00c1REAS ESTRAT\u00c9GICAS O Programa de Apoio \u00e0 forma\u00e7\u00e3o de doutores em \u00e1reas estrat\u00e9gicas, do Conselho Nacional de Desenvolvimento Cient\u00edfico e Tecnol\u00f3gico (CNPq), visa apoiar propostas institucionais que buscam o fortalecimento da pesquisa cient\u00edfica e tecnol\u00f3gica por meio do interc\u00e2mbio e coopera\u00e7\u00e3o entre Programas de P\u00f3s-Gradua\u00e7\u00e3o Stricto Sensu consolidados e [&hellip;]<\/p>\n","protected":false},"author":6,"featured_media":0,"parent":125,"menu_order":0,"comment_status":"closed","ping_status":"closed","template":"","meta":{"_exactmetrics_skip_tracking":false,"_exactmetrics_sitenote_active":false,"_exactmetrics_sitenote_note":"","_exactmetrics_sitenote_category":0,"footnotes":"","_links_to":"","_links_to_target":""},"class_list":["post-1685","page","type-page","status-publish","hentry"],"publishpress_future_action":{"enabled":false,"date":"2026-04-27 21:32:19","action":"change-status","newStatus":"draft","terms":[],"taxonomy":"","extraData":[]},"publishpress_future_workflow_manual_trigger":{"enabledWorkflows":[]},"_links":{"self":[{"href":"https:\/\/www3.unicentro.br\/propesp\/wp-json\/wp\/v2\/pages\/1685","targetHints":{"allow":["GET"]}}],"collection":[{"href":"https:\/\/www3.unicentro.br\/propesp\/wp-json\/wp\/v2\/pages"}],"about":[{"href":"https:\/\/www3.unicentro.br\/propesp\/wp-json\/wp\/v2\/types\/page"}],"author":[{"embeddable":true,"href":"https:\/\/www3.unicentro.br\/propesp\/wp-json\/wp\/v2\/users\/6"}],"replies":[{"embeddable":true,"href":"https:\/\/www3.unicentro.br\/propesp\/wp-json\/wp\/v2\/comments?post=1685"}],"version-history":[{"count":0,"href":"https:\/\/www3.unicentro.br\/propesp\/wp-json\/wp\/v2\/pages\/1685\/revisions"}],"up":[{"embeddable":true,"href":"https:\/\/www3.unicentro.br\/propesp\/wp-json\/wp\/v2\/pages\/125"}],"wp:attachment":[{"href":"https:\/\/www3.unicentro.br\/propesp\/wp-json\/wp\/v2\/media?parent=1685"}],"curies":[{"name":"wp","href":"https:\/\/api.w.org\/{rel}","templated":true}]}}