{"id":1683,"date":"2022-06-09T11:12:25","date_gmt":"2022-06-09T14:12:25","guid":{"rendered":"https:\/\/www3.unicentro.br\/propesp\/?page_id=1683"},"modified":"2022-07-13T17:04:38","modified_gmt":"2022-07-13T20:04:38","slug":"mestrado-e-doutorado-academico-para-inovacao","status":"publish","type":"page","link":"https:\/\/www3.unicentro.br\/propesp\/pos-graduacao\/stricto-sensu\/mestrado-e-doutorado-academico-para-inovacao\/","title":{"rendered":"Mestrado e Doutorado Acad\u00eamico para Inova\u00e7\u00e3o &#8211; MAI\/DAI (CNPq)"},"content":{"rendered":"<p>Sob iniciativa do Conselho Nacional de Desenvolvimento Cient\u00edfico e Tecnol\u00f3gico (CNPq), a partir de 2013 o projeto-piloto \u201cDoutorado-Acad\u00eamico Industrial\u201d oferecia aos alunos de doutorado a oportunidade de desenvolver projetos de pesquisa mais aplicados \u00e0 realidade e \u00e0 necessidade do setor industrial brasileiro, como tamb\u00e9m oferecer \u00e0s ind\u00fastrias os benef\u00edcios da pesquisa e do desenvolvimento em alto n\u00edvel (<a href=\"https:\/\/www.gov.br\/cnpq\/pt-br\/acesso-a-informacao\/acoes-e-programas\/programas\/programa-mai-dai\" target=\"_blank\" rel=\"noopener\"><em>https:\/\/www.gov.br\/cnpq\/pt-br\/acesso-a-informacao\/acoes-e-programas\/programas\/programa-mai-dai<\/em><\/a>).<\/p>\n<p>Em 2019, com a inclus\u00e3o das modalidades de Mestrado e Inicia\u00e7\u00e3o Tecnol\u00f3gica e Industrial, o projeto adquire nova roupagem, e em 9 de abril de 2020, por meio da <a href=\"http:\/\/memoria2.cnpq.br\/web\/guest\/view\/-\/journal_content\/56_INSTANCE_0oED\/10157\/8820750\" target=\"_blank\" rel=\"noopener\">Resolu\u00e7\u00e3o CNPq n\u00ba 7<\/a>, \u00e9 criado o Programa de Mestrado e Doutorado Acad\u00eamico para Inova\u00e7\u00e3o (MAI\/DAI) sob a finalidade de fortalecer o desenvolvimento cient\u00edfico e tecnol\u00f3gico, o empreendedorismo e a inova\u00e7\u00e3o no Pa\u00eds, com o envolvimento de alunos de mestrado e doutorado em projetos de interesse de empresas, \u00f3rg\u00e3os de governo e\/ou entidades do terceiro setor.<\/p>\n<p>Em 2020, o CNPq lan\u00e7a a <a href=\"http:\/\/memoria2.cnpq.br\/web\/guest\/chamadas-publicas?p_p_id=resultadosportlet_WAR_resultadoscnpqportlet_INSTANCE_0ZaM&amp;filtro=resultados&amp;detalha=chamadaDivulgada&amp;idDivulgacao=9602\" target=\"_blank\" rel=\"noopener\">Chamada CNPq n\u00ba 12\/2020 \u2013 Programa de Mestrado e Doutorado Acad\u00eamico para Inova\u00e7\u00e3o \u2013 MAI\/DAI<\/a>, com o objetivo de fortalecer a pesquisa, o empreendedorismo e a inova\u00e7\u00e3o nas institui\u00e7\u00f5es cient\u00edficas, tecnol\u00f3gicas e de inova\u00e7\u00e3o (ICT), tendo sido aprovada a concess\u00e3o de 2.102 bolsas no Pa\u00eds, nas modalidades Doutorado, Mestrado e Inicia\u00e7\u00e3o Tecnol\u00f3gica Industrial, com investimento total de R$ 50,91 milh\u00f5es por parte do CNPq.<\/p>\n<p>&nbsp;<\/p>\n<p>Nesta Chamada, a Unicentro obteve a aprova\u00e7\u00e3o de proposta que conta o apoio das seguintes empresas-parceiras:<\/p>\n<table style=\"border-collapse: collapse;width: 100%\">\n<tbody>\n<tr>\n<td style=\"width: 20%\"><img loading=\"lazy\" decoding=\"async\" class=\"size-full wp-image-1764 aligncenter\" src=\"https:\/\/www3.unicentro.br\/propesp\/wp-content\/uploads\/sites\/99\/2022\/07\/ipec.jpg\" alt=\"\" width=\"150\" height=\"166\" \/><\/td>\n<td style=\"width: 20%;text-align: center\"><img loading=\"lazy\" decoding=\"async\" class=\"alignnone size-full wp-image-1762\" src=\"https:\/\/www3.unicentro.br\/propesp\/wp-content\/uploads\/sites\/99\/2022\/07\/Sumitomo.jpg\" alt=\"\" width=\"150\" height=\"166\" \/><\/td>\n<td style=\"width: 20%;text-align: center\"><img loading=\"lazy\" decoding=\"async\" class=\"alignnone size-full wp-image-1767\" src=\"https:\/\/www3.unicentro.br\/propesp\/wp-content\/uploads\/sites\/99\/2022\/07\/Fapa-1.jpg\" alt=\"\" width=\"150\" height=\"166\" \/><\/td>\n<td style=\"width: 20%;text-align: center\"><img loading=\"lazy\" decoding=\"async\" class=\"alignnone size-full wp-image-1765\" src=\"https:\/\/www3.unicentro.br\/propesp\/wp-content\/uploads\/sites\/99\/2022\/07\/pitol-.jpg\" alt=\"\" width=\"150\" height=\"166\" \/><\/td>\n<td style=\"width: 20%;text-align: center\"><img loading=\"lazy\" decoding=\"async\" class=\"alignnone size-full wp-image-1761\" src=\"https:\/\/www3.unicentro.br\/propesp\/wp-content\/uploads\/sites\/99\/2022\/07\/klabin.jpg\" alt=\"\" width=\"150\" height=\"166\" \/><\/td>\n<\/tr>\n<tr>\n<td style=\"width: 20%;text-align: center\"><a href=\"https:\/\/ipec.org.br\/\" target=\"_blank\" rel=\"noopener\"><span style=\"color: #333333\">Instituto para Pesquisa do C\u00e2ncer<\/span><\/a><\/td>\n<td style=\"width: 20%;text-align: center\"><a href=\"https:\/\/www.sumitomochemical.com\/asd\/\" target=\"_blank\" rel=\"noopener\"><span style=\"color: #333333\">Sumitomo Chemical do Brasil<\/span><\/a><\/td>\n<td style=\"width: 20%;text-align: center\"><a href=\"https:\/\/www.agraria.com.br\/agraria\" target=\"_blank\" rel=\"noopener\"><span style=\"color: #333333\">Funda\u00e7\u00e3o Agr\u00e1ria de Pesquisa Agropecu\u00e1ria (Fapa)<\/span><\/a><\/td>\n<td style=\"width: 20%;text-align: center\"><a href=\"https:\/\/www.nozespitol.com.br\/viveiros_pitol\/\" target=\"_blank\" rel=\"noopener\"><span style=\"color: #333333\">Viveiros Pitol<\/span><\/a><\/td>\n<td style=\"width: 20%;text-align: center\"><a href=\"https:\/\/klabin.com.br\/\" target=\"_blank\" rel=\"noopener\"><span style=\"color: #333333\">Klabin S.A.<\/span><\/a><\/td>\n<\/tr>\n<\/tbody>\n<\/table>\n<p>&nbsp;<\/p>\n<p>Por meio desta proposta institucional, que envolve os Programas de P\u00f3s-Gradua\u00e7\u00e3o em Agronomia (PPGA), Ci\u00eancias Farmac\u00eauticas (PPGCF) e Ci\u00eancias Florestais (PPGF), em <a href=\"https:\/\/www3.unicentro.br\/propesp\/pos-graduacao\/stricto-sensu\/editais\/\">Processo Seletivo<\/a> foram selecionados 5 bolsistas de Doutorado pelo per\u00edodo de 48 meses, 1 bolsista de Mestrado pelo per\u00edodo de 24 meses e 3 bolsistas de Inicia\u00e7\u00e3o Tecnol\u00f3gica e Industrial pelo per\u00edodo de 12 meses.<\/p>\n<p>&nbsp;<\/p>\n<p>Estes bolsistas est\u00e3o atuando nos seguintes projetos:<\/p>\n<table width=\"100%\" cellspacing=\"0\" cellpadding=\"4\">\n<tbody>\n<tr valign=\"top\">\n<td rowspan=\"2\" width=\"14%\">\n<p align=\"center\"><span style=\"color: #000000;font-family: arial, helvetica, sans-serif;font-size: 10pt\"><b>PPG<\/b><\/span><\/p>\n<\/td>\n<td rowspan=\"2\" width=\"13%\">\n<p align=\"center\"><span style=\"color: #000000;font-family: arial, helvetica, sans-serif;font-size: 10pt\"><b>Supervisor(a)<\/b><\/span><\/p>\n<\/td>\n<td rowspan=\"2\" width=\"23%\">\n<p align=\"center\"><span style=\"color: #000000;font-family: arial, helvetica, sans-serif;font-size: 10pt\"><b>Projeto de Pesquisa<\/b><\/span><\/p>\n<\/td>\n<td rowspan=\"2\" width=\"17%\">\n<p align=\"center\"><span style=\"color: #000000;font-family: arial, helvetica, sans-serif;font-size: 10pt\"><b>\u00c1rea de Tecnologia Priorit\u00e1ria e respectivo setor<\/b><\/span><\/p>\n<\/td>\n<td rowspan=\"2\" width=\"17%\">\n<p align=\"center\"><span style=\"color: #000000;font-family: arial, helvetica, sans-serif;font-size: 10pt\"><b>Empresa-Parceira<\/b><\/span><\/p>\n<\/td>\n<td colspan=\"3\" width=\"17%\">\n<p align=\"center\"><span style=\"color: #000000;font-family: arial, helvetica, sans-serif;font-size: 10pt\"><b>Bolsistas<\/b><\/span><\/p>\n<\/td>\n<\/tr>\n<tr valign=\"top\">\n<td width=\"6%\">\n<p align=\"center\"><span style=\"color: #000000;font-family: arial, helvetica, sans-serif;font-size: 10pt\"><b>DR<\/b><\/span><\/p>\n<\/td>\n<td width=\"6%\">\n<p align=\"center\"><span style=\"color: #000000;font-family: arial, helvetica, sans-serif;font-size: 10pt\"><b>MS<\/b><\/span><\/p>\n<\/td>\n<td width=\"6%\">\n<p align=\"center\"><span style=\"color: #000000;font-family: arial, helvetica, sans-serif;font-size: 10pt\"><b>ITI<\/b><\/span><\/p>\n<\/td>\n<\/tr>\n<tr valign=\"top\">\n<td width=\"14%\">\n<p align=\"center\"><span style=\"color: #000000;font-family: arial, helvetica, sans-serif;font-size: 10pt\">Agronomia (PPGA)<\/span><\/p>\n<\/td>\n<td width=\"13%\">\n<p align=\"center\"><span style=\"color: #000000;font-family: arial, helvetica, sans-serif;font-size: 10pt\">Cacilda Ma\u0301rcia Duarte Rios Faria<\/span><\/p>\n<\/td>\n<td width=\"23%\">\n<p align=\"center\"><span style=\"color: #000000;font-family: arial, helvetica, sans-serif;font-size: 10pt\">Desenvolvimento de produto \u00e0 base de <i>Trichoderma<\/i> para manejo alternativo de doenc\u0327as de plantas em sistemas agri\u0301colas sustenta\u0301veis <\/span><\/p>\n<\/td>\n<td width=\"17%\">\n<p align=\"center\"><span style=\"color: #000000;font-family: arial, helvetica, sans-serif;font-size: 10pt\">Tecnologia de Produ\u00e7\u00e3o<\/span><\/p>\n<p align=\"center\"><span style=\"color: #000000;font-family: arial, helvetica, sans-serif;font-size: 10pt\">(Setor do Agroneg\u00f3cio)<\/span><\/p>\n<\/td>\n<td width=\"17%\">\n<p align=\"center\"><span style=\"color: #000000;font-family: arial, helvetica, sans-serif;font-size: 10pt\">Sumitomo Chemical do Brasil<\/span><\/p>\n<\/td>\n<td width=\"6%\">\n<p align=\"center\"><span style=\"color: #000000;font-family: arial, helvetica, sans-serif;font-size: 10pt\">1<\/span><\/p>\n<\/td>\n<td width=\"6%\">\n<p align=\"center\"><span style=\"color: #000000;font-family: arial, helvetica, sans-serif;font-size: 10pt\">&#8211;<\/span><\/p>\n<\/td>\n<td width=\"6%\">\n<p align=\"center\"><span style=\"color: #000000;font-family: arial, helvetica, sans-serif;font-size: 10pt\">1<\/span><\/p>\n<\/td>\n<\/tr>\n<tr valign=\"top\">\n<td width=\"14%\">\n<p align=\"center\"><span style=\"color: #000000;font-family: arial, helvetica, sans-serif;font-size: 10pt\">Ci\u00eancias Florestais (PPGF)<\/span><\/p>\n<\/td>\n<td width=\"13%\">\n<p align=\"center\"><span style=\"color: #000000;font-family: arial, helvetica, sans-serif;font-size: 10pt\">Fla\u0301vio Augusto de Oliveira Garcia<\/span><\/p>\n<\/td>\n<td width=\"23%\">\n<p align=\"center\"><span style=\"color: #000000;font-family: arial, helvetica, sans-serif;font-size: 10pt\">Modelos matema\u0301ticos para previsa\u0303o de surtos de <i>Glycaspis brimblecombei <\/i>para aumentar a eficie\u0302ncia do manejo integrado de pragas em <i>Eucalyptus <\/i>spp<\/span><\/p>\n<\/td>\n<td width=\"17%\">\n<p align=\"center\"><span style=\"color: #000000;font-family: arial, helvetica, sans-serif;font-size: 10pt\">Tecnologia de Produ\u00e7\u00e3o<\/span><\/p>\n<p align=\"center\"><span style=\"color: #000000;font-family: arial, helvetica, sans-serif;font-size: 10pt\">(Setor do Agroneg\u00f3cio)<\/span><\/p>\n<\/td>\n<td width=\"17%\">\n<p align=\"center\"><span style=\"color: #000000;font-family: arial, helvetica, sans-serif;font-size: 10pt\">Klabin S.A.<\/span><\/p>\n<\/td>\n<td width=\"6%\">\n<p align=\"center\"><span style=\"color: #000000;font-family: arial, helvetica, sans-serif;font-size: 10pt\">1<\/span><\/p>\n<\/td>\n<td width=\"6%\">\n<p align=\"center\"><span style=\"color: #000000;font-family: arial, helvetica, sans-serif;font-size: 10pt\">&#8211;<\/span><\/p>\n<\/td>\n<td width=\"6%\">\n<p align=\"center\"><span style=\"color: #000000;font-family: arial, helvetica, sans-serif;font-size: 10pt\">&#8211;<\/span><\/p>\n<\/td>\n<\/tr>\n<tr valign=\"top\">\n<td width=\"14%\">\n<p align=\"center\"><span style=\"color: #000000;font-family: arial, helvetica, sans-serif;font-size: 10pt\">Agronomia (PPGA)<\/span><\/p>\n<\/td>\n<td width=\"13%\">\n<p align=\"center\"><span style=\"color: #000000;font-family: arial, helvetica, sans-serif;font-size: 10pt\">Jackson Kawakami<\/span><\/p>\n<\/td>\n<td width=\"23%\">\n<p align=\"center\"><span style=\"color: #000000;font-family: arial, helvetica, sans-serif;font-size: 10pt\">Desenvolvimento e pesquisa em bioinsumos para o manejo de doen\u00e7as da soja.<\/span><\/p>\n<\/td>\n<td width=\"17%\">\n<p align=\"center\"><span style=\"color: #000000;font-family: arial, helvetica, sans-serif;font-size: 10pt\">Tecnologia de Produ\u00e7\u00e3o<\/span><\/p>\n<p align=\"center\"><span style=\"color: #000000;font-family: arial, helvetica, sans-serif;font-size: 10pt\">(Setor do Agroneg\u00f3cio)<\/span><\/p>\n<\/td>\n<td width=\"17%\">\n<p align=\"center\"><span style=\"color: #000000;font-family: arial, helvetica, sans-serif;font-size: 10pt\">Funda\u00e7\u00e3o Agr\u00e1ria de Pesquisa Agropecu\u00e1ria (FAPA)<\/span><\/p>\n<\/td>\n<td width=\"6%\">\n<p align=\"center\"><span style=\"color: #000000;font-family: arial, helvetica, sans-serif;font-size: 10pt\">2<\/span><\/p>\n<\/td>\n<td width=\"6%\">\n<p align=\"center\"><span style=\"color: #000000;font-family: arial, helvetica, sans-serif;font-size: 10pt\">&#8211;<\/span><\/p>\n<\/td>\n<td width=\"6%\">\n<p align=\"center\"><span style=\"color: #000000;font-family: arial, helvetica, sans-serif;font-size: 10pt\">1<\/span><\/p>\n<\/td>\n<\/tr>\n<tr valign=\"top\">\n<td width=\"14%\">\n<p align=\"center\"><span style=\"color: #000000;font-family: arial, helvetica, sans-serif;font-size: 10pt\">Ci\u00eancias Farmac\u00eauticas (PPGCF)<\/span><\/p>\n<\/td>\n<td width=\"13%\">\n<p align=\"center\"><span style=\"color: #000000;font-family: arial, helvetica, sans-serif;font-size: 10pt\">Najeh Maissar Khalil <\/span><\/p>\n<\/td>\n<td width=\"23%\">\n<p align=\"center\"><span style=\"color: #000000;font-family: arial, helvetica, sans-serif;font-size: 10pt\">Desenvolvimento de um sistema nanoestruturado em uma plataforma escalona\u0301vel, com o intuito de diminuir a toxicidade e manutenc\u0327a\u0303o da atividade sobre tumores.<\/span><\/p>\n<\/td>\n<td width=\"17%\">\n<p align=\"center\"><span style=\"color: #000000;font-family: arial, helvetica, sans-serif;font-size: 10pt\">Tecnologias Habilitadoras <\/span><\/p>\n<p align=\"center\"><span style=\"color: #000000;font-family: arial, helvetica, sans-serif;font-size: 10pt\">(Setor de Nanotecnologia)<\/span><\/p>\n<\/td>\n<td width=\"17%\">\n<p align=\"center\"><span style=\"color: #000000;font-family: arial, helvetica, sans-serif;font-size: 10pt\">Instituto para Pesquisa do C\u00e2ncer<\/span><\/p>\n<\/td>\n<td width=\"6%\">\n<p align=\"center\"><span style=\"color: #000000;font-family: arial, helvetica, sans-serif;font-size: 10pt\">1<\/span><\/p>\n<\/td>\n<td width=\"6%\">\n<p align=\"center\"><span style=\"color: #000000;font-family: arial, helvetica, sans-serif;font-size: 10pt\">&#8211;<\/span><\/p>\n<\/td>\n<td width=\"6%\">\n<p align=\"center\"><span style=\"color: #000000;font-family: arial, helvetica, sans-serif;font-size: 10pt\">1<\/span><\/p>\n<\/td>\n<\/tr>\n<tr valign=\"top\">\n<td width=\"14%\">\n<p align=\"center\"><span style=\"color: #000000;font-family: arial, helvetica, sans-serif;font-size: 10pt\">Agronomia (PPGA)<\/span><\/p>\n<\/td>\n<td width=\"13%\">\n<p align=\"center\"><span style=\"color: #000000;font-family: arial, helvetica, sans-serif;font-size: 10pt\">Renato Vasconcelos Botelho<\/span><\/p>\n<\/td>\n<td width=\"23%\">\n<p align=\"center\"><span style=\"color: #000000;font-family: arial, helvetica, sans-serif;font-size: 10pt\">Desenvolvimento de tecnologia de cultivo de nogueira Peca\u0303 em sistema orga\u0302nico visando atender as demandas do mercado nacional e internacional<\/span><\/p>\n<\/td>\n<td width=\"17%\">\n<p align=\"center\"><span style=\"color: #000000;font-family: arial, helvetica, sans-serif;font-size: 10pt\">Tecnologia de Produ\u00e7\u00e3o<\/span><\/p>\n<p align=\"center\"><span style=\"color: #000000;font-family: arial, helvetica, sans-serif;font-size: 10pt\">(Setor do Agroneg\u00f3cio)<\/span><\/p>\n<\/td>\n<td width=\"17%\">\n<p align=\"center\"><span style=\"color: #000000;font-family: arial, helvetica, sans-serif;font-size: 10pt\">Viveiros Pitol<\/span><\/p>\n<\/td>\n<td width=\"6%\">\n<p align=\"center\"><span style=\"color: #000000;font-family: arial, helvetica, sans-serif;font-size: 10pt\">&#8211;<\/span><\/p>\n<\/td>\n<td width=\"6%\">\n<p align=\"center\"><span style=\"color: #000000;font-family: arial, helvetica, sans-serif;font-size: 10pt\">1<\/span><\/p>\n<\/td>\n<td width=\"6%\">\n<p align=\"center\"><span style=\"color: #000000;font-family: arial, helvetica, sans-serif;font-size: 10pt\">&#8211;<\/span><\/p>\n<\/td>\n<\/tr>\n<tr valign=\"top\">\n<td colspan=\"5\" width=\"83%\">\n<p align=\"right\"><span style=\"color: #000000;font-family: arial, helvetica, sans-serif;font-size: 10pt\"><b>TOTAL<\/b><\/span><\/p>\n<\/td>\n<td width=\"6%\">\n<p align=\"center\"><span style=\"color: #000000;font-family: arial, helvetica, sans-serif;font-size: 10pt\"><b>5<\/b><\/span><\/p>\n<\/td>\n<td width=\"6%\">\n<p align=\"center\"><span style=\"color: #000000;font-family: arial, helvetica, sans-serif;font-size: 10pt\"><b>1<\/b><\/span><\/p>\n<\/td>\n<td width=\"6%\">\n<p align=\"center\"><span style=\"color: #000000;font-family: arial, helvetica, sans-serif;font-size: 10pt\"><b>3<\/b><\/span><\/p>\n<\/td>\n<\/tr>\n<\/tbody>\n<\/table>\n<p align=\"justify\"><span style=\"color: #000000\"><span style=\"font-family: Calibri, sans-serif\"><span style=\"font-size: small\"><i>* DR (Doutorado); MS (Mestrado) e ITI (Inicia\u00e7\u00e3o Tecnol\u00f3gica e Industrial).<\/i><\/span><\/span><\/span><\/p>\n<p align=\"justify\">A proposta ainda possui outras 27 bolsas de Inicia\u00e7\u00e3o Tecnol\u00f3gica e Industrial em processo de implanta\u00e7\u00e3o, pelo per\u00edodo de 12 meses de dura\u00e7\u00e3o.<\/p>\n","protected":false},"excerpt":{"rendered":"<p>Sob iniciativa do Conselho Nacional de Desenvolvimento Cient\u00edfico e Tecnol\u00f3gico (CNPq), a partir de 2013 o projeto-piloto \u201cDoutorado-Acad\u00eamico Industrial\u201d oferecia aos alunos de doutorado a oportunidade de desenvolver projetos de pesquisa mais aplicados \u00e0 realidade e \u00e0 necessidade do setor industrial brasileiro, como tamb\u00e9m oferecer \u00e0s ind\u00fastrias os benef\u00edcios da pesquisa e do desenvolvimento em [&hellip;]<\/p>\n","protected":false},"author":6,"featured_media":0,"parent":125,"menu_order":0,"comment_status":"closed","ping_status":"closed","template":"","meta":{"_exactmetrics_skip_tracking":false,"_exactmetrics_sitenote_active":false,"_exactmetrics_sitenote_note":"","_exactmetrics_sitenote_category":0,"footnotes":"","_links_to":"","_links_to_target":""},"class_list":["post-1683","page","type-page","status-publish","hentry"],"publishpress_future_action":{"enabled":false,"date":"2026-04-27 23:31:07","action":"change-status","newStatus":"draft","terms":[],"taxonomy":"","extraData":[]},"publishpress_future_workflow_manual_trigger":{"enabledWorkflows":[]},"_links":{"self":[{"href":"https:\/\/www3.unicentro.br\/propesp\/wp-json\/wp\/v2\/pages\/1683","targetHints":{"allow":["GET"]}}],"collection":[{"href":"https:\/\/www3.unicentro.br\/propesp\/wp-json\/wp\/v2\/pages"}],"about":[{"href":"https:\/\/www3.unicentro.br\/propesp\/wp-json\/wp\/v2\/types\/page"}],"author":[{"embeddable":true,"href":"https:\/\/www3.unicentro.br\/propesp\/wp-json\/wp\/v2\/users\/6"}],"replies":[{"embeddable":true,"href":"https:\/\/www3.unicentro.br\/propesp\/wp-json\/wp\/v2\/comments?post=1683"}],"version-history":[{"count":0,"href":"https:\/\/www3.unicentro.br\/propesp\/wp-json\/wp\/v2\/pages\/1683\/revisions"}],"up":[{"embeddable":true,"href":"https:\/\/www3.unicentro.br\/propesp\/wp-json\/wp\/v2\/pages\/125"}],"wp:attachment":[{"href":"https:\/\/www3.unicentro.br\/propesp\/wp-json\/wp\/v2\/media?parent=1683"}],"curies":[{"name":"wp","href":"https:\/\/api.w.org\/{rel}","templated":true}]}}