{"id":166,"date":"2021-01-21T16:40:32","date_gmt":"2021-01-21T19:40:32","guid":{"rendered":"https:\/\/www3.unicentro.br\/propesp\/?page_id=166"},"modified":"2021-02-01T15:30:58","modified_gmt":"2021-02-01T18:30:58","slug":"anais-de-eventos","status":"publish","type":"page","link":"https:\/\/www3.unicentro.br\/propesp\/destaques\/divulgacao-cientifica\/anais-de-eventos\/","title":{"rendered":"Anais de Eventos"},"content":{"rendered":"<ul>\n<li class=\"p1\"><a href=\"https:\/\/evento.unicentro.br\/site\/siepe\/2019\/1\"><strong>2019:<\/strong> VI Semana de Integra\u00e7\u00e3o Ensino, Pesquisa e Extens\u00e3o \u2013 Siepe<\/a><\/li>\n<li><strong>2018:<\/strong> &#8230;<\/li>\n<li><strong>2017:<\/strong> V Semana de Integra\u00e7\u00e3o Ensino, Pesquisa e Extens\u00e3o \u2013 Siepe<\/li>\n<li><strong>2016:<\/strong> &#8230;<\/li>\n<li><strong>2015:<\/strong> IV Semana de Integra\u00e7\u00e3o Ensino, Pesquisa e Extens\u00e3o \u2013 Siepe<\/li>\n<li><strong>2014:<\/strong> &#8230;<\/li>\n<li><strong>2013:<\/strong> III Semana de Integra\u00e7\u00e3o Ensino, Pesquisa e Extens\u00e3o \u2013 Siepe<\/li>\n<li><a href=\"https:\/\/anais.unicentro.br\/pesquisa\/\"><strong>2012:<\/strong> XVII Semana de Inicia\u00e7\u00e3o Cient\u00edfica<\/a><\/li>\n<li><strong>2011:<\/strong> II Semana de Integra\u00e7\u00e3o Ensino, Pesquisa e Extens\u00e3o \u2013 Siepe<\/li>\n<li><strong>2010:<\/strong> &#8230;<\/li>\n<li><strong>2009:<\/strong> Semana de Integra\u00e7\u00e3o Ensino, Pesquisa e Extens\u00e3o \u2013 Siepe<\/li>\n<li><strong>2008:<\/strong> XIX Semin\u00e1rio de Pesquisa e XIV Semana de Inicia\u00e7\u00e3o Cient\u00edfica<\/li>\n<li><strong>2007:<\/strong> &#8230;<\/li>\n<li><strong>2006:<\/strong> XVIII Semin\u00e1rio de Pesquisa e XIII Semana de Inicia\u00e7\u00e3o Cient\u00edfica<\/li>\n<li><strong>2005:<\/strong> XVII Semin\u00e1rio de Pesquisa e XII Semana de Inicia\u00e7\u00e3o Cient\u00edfica<\/li>\n<li><strong>2004:<\/strong> XVI Semin\u00e1rio de Pesquisa e XI Semana de Inicia\u00e7\u00e3o Cient\u00edfica<\/li>\n<li><strong>2003:<\/strong> XV Semin\u00e1rio de Pesquisa e X Semana de Inicia\u00e7\u00e3o Cient\u00edfica<\/li>\n<\/ul>\n","protected":false},"excerpt":{"rendered":"<p>2019: VI Semana de Integra\u00e7\u00e3o Ensino, Pesquisa e Extens\u00e3o \u2013 Siepe 2018: &#8230; 2017: V Semana de Integra\u00e7\u00e3o Ensino, Pesquisa e Extens\u00e3o \u2013 Siepe 2016: &#8230; 2015: IV Semana de Integra\u00e7\u00e3o Ensino, Pesquisa e Extens\u00e3o \u2013 Siepe 2014: &#8230; 2013: III Semana de Integra\u00e7\u00e3o Ensino, Pesquisa e Extens\u00e3o \u2013 Siepe 2012: XVII Semana de Inicia\u00e7\u00e3o [&hellip;]<\/p>\n","protected":false},"author":3,"featured_media":0,"parent":162,"menu_order":0,"comment_status":"closed","ping_status":"closed","template":"","meta":{"_exactmetrics_skip_tracking":false,"_exactmetrics_sitenote_active":false,"_exactmetrics_sitenote_note":"","_exactmetrics_sitenote_category":0,"footnotes":"","_links_to":"","_links_to_target":""},"class_list":["post-166","page","type-page","status-publish","hentry"],"publishpress_future_action":{"enabled":false,"date":"2026-04-27 21:19:53","action":"change-status","newStatus":"draft","terms":[],"taxonomy":"","extraData":[]},"publishpress_future_workflow_manual_trigger":{"enabledWorkflows":[]},"_links":{"self":[{"href":"https:\/\/www3.unicentro.br\/propesp\/wp-json\/wp\/v2\/pages\/166","targetHints":{"allow":["GET"]}}],"collection":[{"href":"https:\/\/www3.unicentro.br\/propesp\/wp-json\/wp\/v2\/pages"}],"about":[{"href":"https:\/\/www3.unicentro.br\/propesp\/wp-json\/wp\/v2\/types\/page"}],"author":[{"embeddable":true,"href":"https:\/\/www3.unicentro.br\/propesp\/wp-json\/wp\/v2\/users\/3"}],"replies":[{"embeddable":true,"href":"https:\/\/www3.unicentro.br\/propesp\/wp-json\/wp\/v2\/comments?post=166"}],"version-history":[{"count":0,"href":"https:\/\/www3.unicentro.br\/propesp\/wp-json\/wp\/v2\/pages\/166\/revisions"}],"up":[{"embeddable":true,"href":"https:\/\/www3.unicentro.br\/propesp\/wp-json\/wp\/v2\/pages\/162"}],"wp:attachment":[{"href":"https:\/\/www3.unicentro.br\/propesp\/wp-json\/wp\/v2\/media?parent=166"}],"curies":[{"name":"wp","href":"https:\/\/api.w.org\/{rel}","templated":true}]}}