{"id":164,"date":"2021-01-21T16:40:03","date_gmt":"2021-01-21T19:40:03","guid":{"rendered":"https:\/\/www3.unicentro.br\/propesp\/?page_id=164"},"modified":"2021-02-01T15:26:26","modified_gmt":"2021-02-01T18:26:26","slug":"periodicos-institucionais","status":"publish","type":"page","link":"https:\/\/www3.unicentro.br\/propesp\/destaques\/divulgacao-cientifica\/periodicos-institucionais\/","title":{"rendered":"Peri\u00f3dicos Institucionais"},"content":{"rendered":"<p class=\"p1\">Atualmente, s\u00e3o oito os peri\u00f3dicos da Unicentro indexados na Plataforma SEER (Servi\u00e7o Eletr\u00f4nico de Editora\u00e7\u00e3o de Revistas).<\/p>\n<ul>\n<li class=\"p2\"><a href=\"https:\/\/revistas.unicentro.br\/index.php\/ambiencia\" target=\"_blank\" rel=\"noopener noreferrer\"><strong>Ambi\u00eancia:<\/strong> Com periodicidade quadrimestral, tem por objetivo divulgar artigos cient\u00edficos, revis\u00e3o bibliogr\u00e1fica (convite), notas t\u00e9cnicas (convite) e relato de caso(s) (convite) nas \u00e1reas de ci\u00eancias agr\u00e1rias e ambientais<\/a><\/li>\n<li class=\"p2\"><a href=\"https:\/\/revistas.unicentro.br\/index.php\/repaa\" target=\"_blank\" rel=\"noopener noreferrer\"><strong>Brazilian Journal of Applied Technology for Agricultural Science:<\/strong> A Revista Brasileira de Tecnologia Aplicada nas Ci\u00eancias Agr\u00e1rias tem periodicidade quadrimestral e \u00e9 vinculado ao Centro de Tecnologia Agr\u00e1ria (Nata-PR) e do Departamento de Agronomia da Universidade do Centro Oeste do Paran\u00e1 &#8211; Unicentro<\/a><\/li>\n<li><a href=\"https:\/\/revistas.unicentro.br\/index.php\/RECEN\" target=\"_blank\" rel=\"noopener noreferrer\"><strong>Recen &#8211; Revista Ci\u00eancias Exatas e Naturais:<\/strong> Com periodicidade semestral, tem por objetivo divulgar artigos cient\u00edficos, revis\u00e3o bibliogr\u00e1fica, notas t\u00e9cnicas em ci\u00eancias exatas e naturais, assim como no ensino dessas \u00e1reas<\/a><\/li>\n<li><a href=\"https:\/\/revistas.unicentro.br\/index.php\/capitalcientifico\" target=\"_blank\" rel=\"noopener noreferrer\"><strong>Revista Capital Cient\u00edfico &#8211; Eletr\u00f4nica (RCC-e):<\/strong> Com periodicidade <em>trimestral &#8211; Qualis B3<\/em> em Administra\u00e7\u00e3o, Ci\u00eancias Cont\u00e1beis e Turismo &#8211; Avalia\u00e7\u00e3o 2017<\/a><\/li>\n<li><a href=\"https:\/\/revistas.unicentro.br\/index.php\/revista_interfaces\" target=\"_blank\" rel=\"noopener noreferrer\"><strong>Revista Interfaces<\/strong><\/a><\/li>\n<li><a href=\"https:\/\/revistas.unicentro.br\/index.php\/aproximacao\" target=\"_blank\" rel=\"noopener noreferrer\"><strong>Revista Aproxima\u00e7\u00e3o<\/strong><\/a><\/li>\n<li><a href=\"https:\/\/revistas.unicentro.br\/index.php\/guaiaraca\" target=\"_blank\" rel=\"noopener noreferrer\"><strong>Guairac\u00e1 &#8211; Revista de Filosofia:<\/strong> \u00c9 uma revista ligada ao Departamento de Filosofia da Unicentro e tem como objetivo a publica\u00e7\u00e3o de artigos in\u00e9ditos, resenhas e tradu\u00e7\u00f5es da comunidade filos\u00f3fica nacional e internacional<\/a><\/li>\n<li><a href=\"https:\/\/revistas.unicentro.br\/index.php\/analecta\" target=\"_blank\" rel=\"noopener noreferrer\"><strong>Analecta:<\/strong> Publica artigos originais nas \u00e1reas de Filosofia, Hist\u00f3ria, Educa\u00e7\u00e3o, Artes e Letras<\/a><\/li>\n<\/ul>\n","protected":false},"excerpt":{"rendered":"<p>Atualmente, s\u00e3o oito os peri\u00f3dicos da Unicentro indexados na Plataforma SEER (Servi\u00e7o Eletr\u00f4nico de Editora\u00e7\u00e3o de Revistas). Ambi\u00eancia: Com periodicidade quadrimestral, tem por objetivo divulgar artigos cient\u00edficos, revis\u00e3o bibliogr\u00e1fica (convite), notas t\u00e9cnicas (convite) e relato de caso(s) (convite) nas \u00e1reas de ci\u00eancias agr\u00e1rias e ambientais Brazilian Journal of Applied Technology for Agricultural Science: A Revista [&hellip;]<\/p>\n","protected":false},"author":3,"featured_media":0,"parent":162,"menu_order":0,"comment_status":"closed","ping_status":"closed","template":"","meta":{"_exactmetrics_skip_tracking":false,"_exactmetrics_sitenote_active":false,"_exactmetrics_sitenote_note":"","_exactmetrics_sitenote_category":0,"footnotes":"","_links_to":"","_links_to_target":""},"class_list":["post-164","page","type-page","status-publish","hentry"],"publishpress_future_action":{"enabled":false,"date":"2026-04-29 03:36:00","action":"change-status","newStatus":"draft","terms":[],"taxonomy":"","extraData":[]},"publishpress_future_workflow_manual_trigger":{"enabledWorkflows":[]},"_links":{"self":[{"href":"https:\/\/www3.unicentro.br\/propesp\/wp-json\/wp\/v2\/pages\/164","targetHints":{"allow":["GET"]}}],"collection":[{"href":"https:\/\/www3.unicentro.br\/propesp\/wp-json\/wp\/v2\/pages"}],"about":[{"href":"https:\/\/www3.unicentro.br\/propesp\/wp-json\/wp\/v2\/types\/page"}],"author":[{"embeddable":true,"href":"https:\/\/www3.unicentro.br\/propesp\/wp-json\/wp\/v2\/users\/3"}],"replies":[{"embeddable":true,"href":"https:\/\/www3.unicentro.br\/propesp\/wp-json\/wp\/v2\/comments?post=164"}],"version-history":[{"count":0,"href":"https:\/\/www3.unicentro.br\/propesp\/wp-json\/wp\/v2\/pages\/164\/revisions"}],"up":[{"embeddable":true,"href":"https:\/\/www3.unicentro.br\/propesp\/wp-json\/wp\/v2\/pages\/162"}],"wp:attachment":[{"href":"https:\/\/www3.unicentro.br\/propesp\/wp-json\/wp\/v2\/media?parent=164"}],"curies":[{"name":"wp","href":"https:\/\/api.w.org\/{rel}","templated":true}]}}