{"id":162,"date":"2021-01-21T16:38:23","date_gmt":"2021-01-21T19:38:23","guid":{"rendered":"https:\/\/www3.unicentro.br\/propesp\/?page_id=162"},"modified":"2024-10-08T13:54:52","modified_gmt":"2024-10-08T16:54:52","slug":"divulgacao-cientifica","status":"publish","type":"page","link":"https:\/\/www3.unicentro.br\/propesp\/destaques\/divulgacao-cientifica\/","title":{"rendered":"Divulga\u00e7\u00e3o Cient\u00edfica"},"content":{"rendered":"<div class=\"wpb-content-wrapper\"><p>[vc_row][vc_column][vc_column_text]<\/p>\n<p class=\"p1\">A Unicentro estimula a divulga\u00e7\u00e3o cient\u00edfica por meio de oito peri\u00f3dicos pr\u00f3prios indexados na Plataforma Seer (Servi\u00e7o Eletr\u00f4nico de Editora\u00e7\u00e3o de Revistas), anais de eventos promovidos na institui\u00e7\u00e3o e tamb\u00e9m disponibiliza acesso \u00e0s teses e disserta\u00e7\u00f5es elaboradas em seus Programas de P\u00f3s-Gradua\u00e7\u00e3o em uma Biblioteca Digital.<\/p>\n<p>[\/vc_column_text][vc_row_inner][vc_column_inner width=&#8221;1\/3&#8243;][vc_btn title=&#8221;Peri\u00f3dicos Institucionais&#8221; style=&#8221;flat&#8221; shape=&#8221;square&#8221; color=&#8221;danger&#8221; align=&#8221;center&#8221; css_animation=&#8221;fadeIn&#8221; button_block=&#8221;true&#8221; link=&#8221;url:https%3A%2F%2Fwww3.unicentro.br%2Fpropesp%2Fdestaques%2Fdivulgacao-cientifica%2Fperiodicos-institucionais%2F|title:Peri%C3%B3dicos%20Institucionais&#8221;][\/vc_column_inner][vc_column_inner width=&#8221;1\/3&#8243;][vc_btn title=&#8221;Biblioteca Digital&#8221; style=&#8221;flat&#8221; shape=&#8221;square&#8221; color=&#8221;danger&#8221; align=&#8221;center&#8221; css_animation=&#8221;fadeIn&#8221; css=&#8221;&#8221; button_block=&#8221;true&#8221; link=&#8221;url:https%3A%2F%2Ftede.unicentro.br%2Fjspui%2F|title:Biblioteca%20Digital|target:_blank&#8221;][\/vc_column_inner][vc_column_inner width=&#8221;1\/3&#8243;][vc_btn title=&#8221;Anais de Eventos&#8221; style=&#8221;flat&#8221; shape=&#8221;square&#8221; color=&#8221;danger&#8221; align=&#8221;center&#8221; css_animation=&#8221;fadeIn&#8221; button_block=&#8221;true&#8221; link=&#8221;url:https%3A%2F%2Fwww3.unicentro.br%2Fpropesp%2Fdestaques%2Fdivulgacao-cientifica%2Fanais-de-eventos%2F|title:Peri%C3%B3dicos%20Institucionais|target:_blank&#8221;][\/vc_column_inner][\/vc_row_inner][\/vc_column][\/vc_row][vc_row][vc_column][vc_column_text]<\/p>\n<p class=\"p1\">\u00c0 comunidade universit\u00e1ria tamb\u00e9m \u00e9 possibilitado acesso aos peri\u00f3dicos da Capes.<\/p>\n<p>[\/vc_column_text][vc_btn title=&#8221;Peri\u00f3dicos Capes&#8221; style=&#8221;flat&#8221; shape=&#8221;square&#8221; color=&#8221;danger&#8221; align=&#8221;center&#8221; css_animation=&#8221;fadeIn&#8221; link=&#8221;url:http%3A%2F%2Fwww.periodicos.capes.gov.br%2F|title:Peri%C3%B3dicos%20Capes|target:_blank&#8221;][vc_column_text]<\/p>\n<p class=\"p1\" style=\"text-align: center\"><em><a href=\"http:\/\/wiki.unicentro.br\/Cafe#Pessoa_com_mais_de_um_v.C3.ADnculo_com_a_Unicentro\">Informa\u00e7\u00f5es sobre CAFe e acesso remoto ao Portal de Peri\u00f3dicos Capes<\/a><\/em><\/p>\n<p>[\/vc_column_text][\/vc_column][\/vc_row]<\/p>\n<\/div>","protected":false},"excerpt":{"rendered":"<p>[vc_row][vc_column][vc_column_text] A Unicentro estimula a divulga\u00e7\u00e3o cient\u00edfica por meio de oito peri\u00f3dicos pr\u00f3prios indexados na Plataforma Seer (Servi\u00e7o Eletr\u00f4nico de Editora\u00e7\u00e3o de Revistas), anais de eventos promovidos na institui\u00e7\u00e3o e tamb\u00e9m disponibiliza acesso \u00e0s teses e disserta\u00e7\u00f5es elaboradas em seus Programas de P\u00f3s-Gradua\u00e7\u00e3o em uma Biblioteca Digital. [\/vc_column_text][vc_row_inner][vc_column_inner width=&#8221;1\/3&#8243;][vc_btn title=&#8221;Peri\u00f3dicos Institucionais&#8221; style=&#8221;flat&#8221; shape=&#8221;square&#8221; color=&#8221;danger&#8221; align=&#8221;center&#8221; [&hellip;]<\/p>\n","protected":false},"author":3,"featured_media":0,"parent":158,"menu_order":0,"comment_status":"closed","ping_status":"closed","template":"","meta":{"_exactmetrics_skip_tracking":false,"_exactmetrics_sitenote_active":false,"_exactmetrics_sitenote_note":"","_exactmetrics_sitenote_category":0,"footnotes":"","_links_to":"","_links_to_target":""},"class_list":["post-162","page","type-page","status-publish","hentry"],"publishpress_future_action":{"enabled":false,"date":"2026-04-29 06:29:37","action":"change-status","newStatus":"draft","terms":[],"taxonomy":"","extraData":[]},"publishpress_future_workflow_manual_trigger":{"enabledWorkflows":[]},"_links":{"self":[{"href":"https:\/\/www3.unicentro.br\/propesp\/wp-json\/wp\/v2\/pages\/162","targetHints":{"allow":["GET"]}}],"collection":[{"href":"https:\/\/www3.unicentro.br\/propesp\/wp-json\/wp\/v2\/pages"}],"about":[{"href":"https:\/\/www3.unicentro.br\/propesp\/wp-json\/wp\/v2\/types\/page"}],"author":[{"embeddable":true,"href":"https:\/\/www3.unicentro.br\/propesp\/wp-json\/wp\/v2\/users\/3"}],"replies":[{"embeddable":true,"href":"https:\/\/www3.unicentro.br\/propesp\/wp-json\/wp\/v2\/comments?post=162"}],"version-history":[{"count":1,"href":"https:\/\/www3.unicentro.br\/propesp\/wp-json\/wp\/v2\/pages\/162\/revisions"}],"predecessor-version":[{"id":3991,"href":"https:\/\/www3.unicentro.br\/propesp\/wp-json\/wp\/v2\/pages\/162\/revisions\/3991"}],"up":[{"embeddable":true,"href":"https:\/\/www3.unicentro.br\/propesp\/wp-json\/wp\/v2\/pages\/158"}],"wp:attachment":[{"href":"https:\/\/www3.unicentro.br\/propesp\/wp-json\/wp\/v2\/media?parent=162"}],"curies":[{"name":"wp","href":"https:\/\/api.w.org\/{rel}","templated":true}]}}