{"id":147,"date":"2021-01-21T16:31:10","date_gmt":"2021-01-21T19:31:10","guid":{"rendered":"https:\/\/www3.unicentro.br\/propesp\/?page_id=147"},"modified":"2021-03-17T11:03:57","modified_gmt":"2021-03-17T14:03:57","slug":"quantitativo-de-docentes","status":"publish","type":"page","link":"https:\/\/www3.unicentro.br\/propesp\/pos-graduacao\/stricto-sensu\/doutorado\/quantitativo-de-docentes\/","title":{"rendered":"Quantitativo de Docentes"},"content":{"rendered":"<table style=\"border-collapse: collapse;width: 94.9084%;height: 456px\">\n<thead>\n<tr style=\"height: 48px\">\n<td style=\"width: 20%;text-align: center;height: 48px\"><strong>Curso<\/strong><\/td>\n<td style=\"width: 20%;text-align: center;height: 48px\"><strong>Permanente<\/strong><\/td>\n<td style=\"width: 20%;text-align: center;height: 48px\"><strong>Colaborador<\/strong><\/td>\n<td style=\"width: 10%;text-align: center;height: 48px\"><strong>Visitante<\/strong><\/td>\n<td style=\"width: 10%;text-align: center\"><strong>TOTAL<\/strong><\/td>\n<\/tr>\n<\/thead>\n<tbody>\n<tr style=\"height: 24px\">\n<td style=\"width: 20%;height: 24px;text-align: center\"><strong><a href=\"http:\/\/unicentroagronomia.com\/\">Agronomia<\/a><\/strong><\/td>\n<td style=\"width: 20%;height: 24px;text-align: center\">13<\/td>\n<td style=\"width: 20%;height: 24px;text-align: center\">03<\/td>\n<td style=\"width: 10%;height: 24px;text-align: center\">01<\/td>\n<td style=\"width: 10%;text-align: center\">17<\/td>\n<\/tr>\n<tr style=\"height: 24px\">\n<td style=\"width: 20%;height: 24px;text-align: center\"><strong><a href=\"https:\/\/www3.unicentro.br\/ppgcf\/\">Ci\u00eancias Farmac\u00eauticas<\/a><\/strong><\/td>\n<td style=\"width: 20%;height: 24px;text-align: center\">07<\/td>\n<td style=\"width: 20%;height: 24px;text-align: center\">02<\/td>\n<td style=\"width: 10%;height: 24px;text-align: center\">09<\/td>\n<td style=\"width: 10%;text-align: center\">09<\/td>\n<\/tr>\n<tr>\n<td style=\"width: 20%;text-align: center\"><strong><a href=\"https:\/\/www2.unicentro.br\/ppgf\/\">Ci\u00eancias Florestais<\/a><\/strong><\/td>\n<td style=\"width: 20%;text-align: center\">14<\/td>\n<td style=\"width: 20%;text-align: center\">03<\/td>\n<td style=\"width: 10%;text-align: center\">00<\/td>\n<td style=\"width: 10%;text-align: center\">17<\/td>\n<\/tr>\n<tr>\n<td style=\"width: 20%;text-align: center\"><strong><a href=\"https:\/\/www2.unicentro.br\/ppgdc\/\">Desenvolvimento Comunit\u00e1rio<\/a><\/strong><\/td>\n<td style=\"width: 20%;text-align: center\">23<\/td>\n<td style=\"width: 20%;text-align: center\">01<\/td>\n<td style=\"width: 10%;text-align: center\">00<\/td>\n<td style=\"width: 10%;text-align: center\">24<\/td>\n<\/tr>\n<tr style=\"height: 24px\">\n<td style=\"width: 20%;height: 24px;text-align: center\"><strong><a href=\"https:\/\/www2.unicentro.br\/ppge\/\">Educa\u00e7\u00e3o<\/a><\/strong><\/td>\n<td style=\"width: 20%;height: 24px;text-align: center\">16<\/td>\n<td style=\"width: 20%;height: 24px;text-align: center\">0<\/td>\n<td style=\"width: 10%;height: 24px;text-align: center\">0<\/td>\n<td style=\"width: 10%;text-align: center\">16<\/td>\n<\/tr>\n<tr style=\"height: 24px\">\n<td style=\"width: 20%;height: 24px;text-align: center\"><strong><a href=\"https:\/\/www2.unicentro.br\/ppgg\">Geografia<\/a><\/strong><\/td>\n<td style=\"width: 20%;height: 24px;text-align: center\">13<\/td>\n<td style=\"width: 20%;height: 24px;text-align: center\">02<\/td>\n<td style=\"width: 10%;height: 24px;text-align: center\">00<\/td>\n<td style=\"width: 10%;text-align: center\">15<\/td>\n<\/tr>\n<tr style=\"height: 24px\">\n<td style=\"width: 20%;height: 24px;text-align: center\"><strong><a href=\"https:\/\/www3.unicentro.br\/ppgl\/\">Letras<\/a><\/strong><\/td>\n<td style=\"width: 20%;height: 24px;text-align: center\">19<\/td>\n<td style=\"width: 20%;height: 24px;text-align: center\">00<\/td>\n<td style=\"width: 10%;height: 24px;text-align: center\">00<\/td>\n<td style=\"width: 10%;text-align: center\">19<\/td>\n<\/tr>\n<tr style=\"height: 24px\">\n<td style=\"width: 20%;height: 24px;text-align: center\"><strong><a href=\"https:\/\/www2.unicentro.br\/ppgq\/\">Qu\u00edmica<\/a><\/strong><\/td>\n<td style=\"width: 20%;height: 24px;text-align: center\">21<\/td>\n<td style=\"width: 20%;height: 24px;text-align: center\">01<\/td>\n<td style=\"width: 10%;height: 24px;text-align: center\">00<\/td>\n<td style=\"width: 10%;text-align: center\">22<\/td>\n<\/tr>\n<tr>\n<td style=\"width: 20%;text-align: center\"><strong><a href=\"https:\/\/www2.unicentro.br\/ppgq\/\">Qu\u00edmica Aplicada<\/a><\/strong><\/td>\n<td style=\"width: 20%;text-align: center\">21<\/td>\n<td style=\"width: 20%;text-align: center\">01<\/td>\n<td style=\"width: 10%;text-align: center\">00<\/td>\n<td style=\"width: 10%;text-align: center\">22<\/td>\n<\/tr>\n<\/tbody>\n<\/table>\n<p class=\"p1\">\n","protected":false},"excerpt":{"rendered":"<p>Curso Permanente Colaborador Visitante TOTAL Agronomia 13 03 01 17 Ci\u00eancias Farmac\u00eauticas 07 02 09 09 Ci\u00eancias Florestais 14 03 00 17 Desenvolvimento Comunit\u00e1rio 23 01 00 24 Educa\u00e7\u00e3o 16 0 0 16 Geografia 13 02 00 15 Letras 19 00 00 19 Qu\u00edmica 21 01 00 22 Qu\u00edmica Aplicada 21 01 00 22<\/p>\n","protected":false},"author":3,"featured_media":0,"parent":143,"menu_order":0,"comment_status":"closed","ping_status":"closed","template":"","meta":{"_exactmetrics_skip_tracking":false,"_exactmetrics_sitenote_active":false,"_exactmetrics_sitenote_note":"","_exactmetrics_sitenote_category":0,"footnotes":"","_links_to":"","_links_to_target":""},"class_list":["post-147","page","type-page","status-publish","hentry"],"publishpress_future_action":{"enabled":false,"date":"2026-04-12 15:58:42","action":"change-status","newStatus":"draft","terms":[],"taxonomy":"","extraData":[]},"publishpress_future_workflow_manual_trigger":{"enabledWorkflows":[]},"_links":{"self":[{"href":"https:\/\/www3.unicentro.br\/propesp\/wp-json\/wp\/v2\/pages\/147","targetHints":{"allow":["GET"]}}],"collection":[{"href":"https:\/\/www3.unicentro.br\/propesp\/wp-json\/wp\/v2\/pages"}],"about":[{"href":"https:\/\/www3.unicentro.br\/propesp\/wp-json\/wp\/v2\/types\/page"}],"author":[{"embeddable":true,"href":"https:\/\/www3.unicentro.br\/propesp\/wp-json\/wp\/v2\/users\/3"}],"replies":[{"embeddable":true,"href":"https:\/\/www3.unicentro.br\/propesp\/wp-json\/wp\/v2\/comments?post=147"}],"version-history":[{"count":0,"href":"https:\/\/www3.unicentro.br\/propesp\/wp-json\/wp\/v2\/pages\/147\/revisions"}],"up":[{"embeddable":true,"href":"https:\/\/www3.unicentro.br\/propesp\/wp-json\/wp\/v2\/pages\/143"}],"wp:attachment":[{"href":"https:\/\/www3.unicentro.br\/propesp\/wp-json\/wp\/v2\/media?parent=147"}],"curies":[{"name":"wp","href":"https:\/\/api.w.org\/{rel}","templated":true}]}}